{"id":530,"date":"2025-06-18T06:54:33","date_gmt":"2025-06-18T06:54:33","guid":{"rendered":"https:\/\/888starz.tips\/azerbaijan\/?page_id=530"},"modified":"2025-09-03T12:47:30","modified_gmt":"2025-09-03T12:47:30","slug":"express","status":"publish","type":"page","link":"https:\/\/888starz.tips\/azerbaijan\/bonus\/express\/","title":{"rendered":"Ekspres"},"content":{"rendered":"","protected":false},"excerpt":{"rendered":"","protected":false},"author":1,"featured_media":0,"parent":152,"menu_order":0,"comment_status":"closed","ping_status":"closed","template":"","meta":{"footnotes":""},"class_list":["post-530","page","type-page","status-publish","hentry"],"yoast_head":"<!-- This site is optimized with the Yoast SEO plugin v25.7 - https:\/\/yoast.com\/wordpress\/plugins\/seo\/ -->\n<title>G\u00fcn\u00fcn ifad\u0259si | 888Starz il\u0259 udu\u015flara g\u00f6r\u0259 10% bonus!<\/title>\n<meta name=\"description\" content=\"Udu\u015flar\u0131n\u0131z\u0131 art\u0131rmaq ist\u0259yirsiniz? 888Starz-dan G\u00fcn\u00fcn Ekspresi siz\u0259 10% bonus verir! \u00dc\u00e7 hadis\u0259y\u0259 m\u0259rc edin v\u0259 pulunuzu \u0259lav\u0259 \u0259msallarla g\u00f6t\u00fcr\u00fcn.\" \/>\n<meta name=\"robots\" content=\"index, follow, max-snippet:-1, max-image-preview:large, max-video-preview:-1\" \/>\n<meta property=\"og:locale\" content=\"az_AZ\" \/>\n<meta property=\"og:type\" content=\"article\" \/>\n<meta property=\"og:title\" content=\"G\u00fcn\u00fcn ifad\u0259si | 888Starz il\u0259 udu\u015flara g\u00f6r\u0259 10% bonus!\" \/>\n<meta property=\"og:description\" content=\"Udu\u015flar\u0131n\u0131z\u0131 art\u0131rmaq ist\u0259yirsiniz? 888Starz-dan G\u00fcn\u00fcn Ekspresi siz\u0259 10% bonus verir! \u00dc\u00e7 hadis\u0259y\u0259 m\u0259rc edin v\u0259 pulunuzu \u0259lav\u0259 \u0259msallarla g\u00f6t\u00fcr\u00fcn.\" \/>\n<meta property=\"og:url\" content=\"https:\/\/888starz.tips\/azerbaijan\/bonus\/express\/\" \/>\n<meta property=\"og:site_name\" content=\"888Starz Tips AZ\" \/>\n<meta property=\"article:modified_time\" content=\"2025-09-03T12:47:30+00:00\" \/>\n<meta name=\"twitter:card\" content=\"summary_large_image\" \/>\n<script type=\"application\/ld+json\" class=\"yoast-schema-graph\">{\"@context\":\"https:\/\/schema.org\",\"@graph\":[{\"@type\":\"WebPage\",\"@id\":\"https:\/\/888starz.tips\/azerbaijan\/bonus\/express\/\",\"url\":\"https:\/\/888starz.tips\/azerbaijan\/bonus\/express\/\",\"name\":\"G\u00fcn\u00fcn ifad\u0259si | 888Starz il\u0259 udu\u015flara g\u00f6r\u0259 10% bonus!\",\"isPartOf\":{\"@id\":\"https:\/\/888starz.tips\/azerbaijan\/#website\"},\"datePublished\":\"2025-06-18T06:54:33+00:00\",\"dateModified\":\"2025-09-03T12:47:30+00:00\",\"description\":\"Udu\u015flar\u0131n\u0131z\u0131 art\u0131rmaq ist\u0259yirsiniz? 888Starz-dan G\u00fcn\u00fcn Ekspresi siz\u0259 10% bonus verir! \u00dc\u00e7 hadis\u0259y\u0259 m\u0259rc edin v\u0259 pulunuzu \u0259lav\u0259 \u0259msallarla g\u00f6t\u00fcr\u00fcn.\",\"breadcrumb\":{\"@id\":\"https:\/\/888starz.tips\/azerbaijan\/bonus\/express\/#breadcrumb\"},\"inLanguage\":\"az\",\"potentialAction\":[{\"@type\":\"ReadAction\",\"target\":[\"https:\/\/888starz.tips\/azerbaijan\/bonus\/express\/\"]}]},{\"@type\":\"BreadcrumbList\",\"@id\":\"https:\/\/888starz.tips\/azerbaijan\/bonus\/express\/#breadcrumb\",\"itemListElement\":[{\"@type\":\"ListItem\",\"position\":1,\"name\":\"Home\",\"item\":\"https:\/\/888starz.tips\/azerbaijan\/\"},{\"@type\":\"ListItem\",\"position\":2,\"name\":\"Bonus\",\"item\":\"https:\/\/888starz.tips\/azerbaijan\/bonus\/\"},{\"@type\":\"ListItem\",\"position\":3,\"name\":\"Ekspres\"}]},{\"@type\":\"WebSite\",\"@id\":\"https:\/\/888starz.tips\/azerbaijan\/#website\",\"url\":\"https:\/\/888starz.tips\/azerbaijan\/\",\"name\":\"888Starz Tips AZ\",\"description\":\"My WordPress Blog\",\"potentialAction\":[{\"@type\":\"SearchAction\",\"target\":{\"@type\":\"EntryPoint\",\"urlTemplate\":\"https:\/\/888starz.tips\/azerbaijan\/?s={search_term_string}\"},\"query-input\":{\"@type\":\"PropertyValueSpecification\",\"valueRequired\":true,\"valueName\":\"search_term_string\"}}],\"inLanguage\":\"az\"}]}<\/script>\n<!-- \/ Yoast SEO plugin. -->","yoast_head_json":{"title":"G\u00fcn\u00fcn ifad\u0259si | 888Starz il\u0259 udu\u015flara g\u00f6r\u0259 10% bonus!","description":"Udu\u015flar\u0131n\u0131z\u0131 art\u0131rmaq ist\u0259yirsiniz? 888Starz-dan G\u00fcn\u00fcn Ekspresi siz\u0259 10% bonus verir! \u00dc\u00e7 hadis\u0259y\u0259 m\u0259rc edin v\u0259 pulunuzu \u0259lav\u0259 \u0259msallarla g\u00f6t\u00fcr\u00fcn.","robots":{"index":"index","follow":"follow","max-snippet":"max-snippet:-1","max-image-preview":"max-image-preview:large","max-video-preview":"max-video-preview:-1"},"og_locale":"az_AZ","og_type":"article","og_title":"G\u00fcn\u00fcn ifad\u0259si | 888Starz il\u0259 udu\u015flara g\u00f6r\u0259 10% bonus!","og_description":"Udu\u015flar\u0131n\u0131z\u0131 art\u0131rmaq ist\u0259yirsiniz? 888Starz-dan G\u00fcn\u00fcn Ekspresi siz\u0259 10% bonus verir! \u00dc\u00e7 hadis\u0259y\u0259 m\u0259rc edin v\u0259 pulunuzu \u0259lav\u0259 \u0259msallarla g\u00f6t\u00fcr\u00fcn.","og_url":"https:\/\/888starz.tips\/azerbaijan\/bonus\/express\/","og_site_name":"888Starz Tips AZ","article_modified_time":"2025-09-03T12:47:30+00:00","twitter_card":"summary_large_image","schema":{"@context":"https:\/\/schema.org","@graph":[{"@type":"WebPage","@id":"https:\/\/888starz.tips\/azerbaijan\/bonus\/express\/","url":"https:\/\/888starz.tips\/azerbaijan\/bonus\/express\/","name":"G\u00fcn\u00fcn ifad\u0259si | 888Starz il\u0259 udu\u015flara g\u00f6r\u0259 10% bonus!","isPartOf":{"@id":"https:\/\/888starz.tips\/azerbaijan\/#website"},"datePublished":"2025-06-18T06:54:33+00:00","dateModified":"2025-09-03T12:47:30+00:00","description":"Udu\u015flar\u0131n\u0131z\u0131 art\u0131rmaq ist\u0259yirsiniz? 888Starz-dan G\u00fcn\u00fcn Ekspresi siz\u0259 10% bonus verir! \u00dc\u00e7 hadis\u0259y\u0259 m\u0259rc edin v\u0259 pulunuzu \u0259lav\u0259 \u0259msallarla g\u00f6t\u00fcr\u00fcn.","breadcrumb":{"@id":"https:\/\/888starz.tips\/azerbaijan\/bonus\/express\/#breadcrumb"},"inLanguage":"az","potentialAction":[{"@type":"ReadAction","target":["https:\/\/888starz.tips\/azerbaijan\/bonus\/express\/"]}]},{"@type":"BreadcrumbList","@id":"https:\/\/888starz.tips\/azerbaijan\/bonus\/express\/#breadcrumb","itemListElement":[{"@type":"ListItem","position":1,"name":"Home","item":"https:\/\/888starz.tips\/azerbaijan\/"},{"@type":"ListItem","position":2,"name":"Bonus","item":"https:\/\/888starz.tips\/azerbaijan\/bonus\/"},{"@type":"ListItem","position":3,"name":"Ekspres"}]},{"@type":"WebSite","@id":"https:\/\/888starz.tips\/azerbaijan\/#website","url":"https:\/\/888starz.tips\/azerbaijan\/","name":"888Starz Tips AZ","description":"My WordPress Blog","potentialAction":[{"@type":"SearchAction","target":{"@type":"EntryPoint","urlTemplate":"https:\/\/888starz.tips\/azerbaijan\/?s={search_term_string}"},"query-input":{"@type":"PropertyValueSpecification","valueRequired":true,"valueName":"search_term_string"}}],"inLanguage":"az"}]}},"_links":{"self":[{"href":"https:\/\/888starz.tips\/azerbaijan\/wp-json\/wp\/v2\/pages\/530","targetHints":{"allow":["GET"]}}],"collection":[{"href":"https:\/\/888starz.tips\/azerbaijan\/wp-json\/wp\/v2\/pages"}],"about":[{"href":"https:\/\/888starz.tips\/azerbaijan\/wp-json\/wp\/v2\/types\/page"}],"author":[{"embeddable":true,"href":"https:\/\/888starz.tips\/azerbaijan\/wp-json\/wp\/v2\/users\/1"}],"replies":[{"embeddable":true,"href":"https:\/\/888starz.tips\/azerbaijan\/wp-json\/wp\/v2\/comments?post=530"}],"version-history":[{"count":6,"href":"https:\/\/888starz.tips\/azerbaijan\/wp-json\/wp\/v2\/pages\/530\/revisions"}],"predecessor-version":[{"id":637,"href":"https:\/\/888starz.tips\/azerbaijan\/wp-json\/wp\/v2\/pages\/530\/revisions\/637"}],"up":[{"embeddable":true,"href":"https:\/\/888starz.tips\/azerbaijan\/wp-json\/wp\/v2\/pages\/152"}],"wp:attachment":[{"href":"https:\/\/888starz.tips\/azerbaijan\/wp-json\/wp\/v2\/media?parent=530"}],"curies":[{"name":"wp","href":"https:\/\/api.w.org\/{rel}","templated":true}]}}