{"id":152,"date":"2023-05-18T17:39:43","date_gmt":"2023-05-18T17:39:43","guid":{"rendered":"https:\/\/888starz.tips\/ci\/?page_id=152"},"modified":"2025-03-06T10:30:55","modified_gmt":"2025-03-06T10:30:55","slug":"bonus","status":"publish","type":"page","link":"https:\/\/888starz.tips\/ci\/bonus\/","title":{"rendered":"Bonus"},"content":{"rendered":"","protected":false},"excerpt":{"rendered":"","protected":false},"author":1,"featured_media":0,"parent":0,"menu_order":0,"comment_status":"closed","ping_status":"closed","template":"","meta":{"footnotes":""},"class_list":["post-152","page","type-page","status-publish","hentry"],"yoast_head":"<!-- This site is optimized with the Yoast SEO plugin v27.4 - https:\/\/yoast.com\/product\/yoast-seo-wordpress\/ -->\n<title>888Starz Bonus: Offre de bienvenue jusqu&#039;\u00e0 300.000 XOF + Spins gratuits<\/title>\n<meta name=\"description\" content=\"Ne manquez pas la chance de faire appel \u00e0 la g\u00e9n\u00e9rosit\u00e9 de 888Starz C\u00f4te d&#039;Ivoire! Recevez 100% de bonus sur votre premier d\u00e9p\u00f4t et d\u00e9couvrez les extraordinaires promotions 2025. Des paris gratuits exclusifs et des cashbacks chaque semaine vous attendent !\" \/>\n<meta name=\"robots\" content=\"index, follow, max-snippet:-1, max-image-preview:large, max-video-preview:-1\" \/>\n<meta property=\"og:locale\" content=\"fr_FR\" \/>\n<meta property=\"og:type\" content=\"article\" \/>\n<meta property=\"og:title\" content=\"888Starz Bonus: Offre de bienvenue jusqu&#039;\u00e0 300.000 XOF + Spins gratuits\" \/>\n<meta property=\"og:description\" content=\"Ne manquez pas la chance de faire appel \u00e0 la g\u00e9n\u00e9rosit\u00e9 de 888Starz C\u00f4te d&#039;Ivoire! Recevez 100% de bonus sur votre premier d\u00e9p\u00f4t et d\u00e9couvrez les extraordinaires promotions 2025. Des paris gratuits exclusifs et des cashbacks chaque semaine vous attendent !\" \/>\n<meta property=\"og:url\" content=\"https:\/\/888starz.tips\/ci\/bonus\/\" \/>\n<meta property=\"og:site_name\" content=\"888starz Tips ci\" \/>\n<meta property=\"article:modified_time\" content=\"2025-03-06T10:30:55+00:00\" \/>\n<meta name=\"twitter:card\" content=\"summary_large_image\" \/>\n<script type=\"application\/ld+json\" class=\"yoast-schema-graph\">{\"@context\":\"https:\\\/\\\/schema.org\",\"@graph\":[{\"@type\":\"WebPage\",\"@id\":\"https:\\\/\\\/888starz.tips\\\/ci\\\/bonus\\\/\",\"url\":\"https:\\\/\\\/888starz.tips\\\/ci\\\/bonus\\\/\",\"name\":\"888Starz Bonus: Offre de bienvenue jusqu'\u00e0 300.000 XOF + Spins gratuits\",\"isPartOf\":{\"@id\":\"https:\\\/\\\/888starz.tips\\\/ci\\\/#website\"},\"datePublished\":\"2023-05-18T17:39:43+00:00\",\"dateModified\":\"2025-03-06T10:30:55+00:00\",\"description\":\"Ne manquez pas la chance de faire appel \u00e0 la g\u00e9n\u00e9rosit\u00e9 de 888Starz C\u00f4te d'Ivoire! Recevez 100% de bonus sur votre premier d\u00e9p\u00f4t et d\u00e9couvrez les extraordinaires promotions 2025. Des paris gratuits exclusifs et des cashbacks chaque semaine vous attendent !\",\"breadcrumb\":{\"@id\":\"https:\\\/\\\/888starz.tips\\\/ci\\\/bonus\\\/#breadcrumb\"},\"inLanguage\":\"fr-CI\",\"potentialAction\":[{\"@type\":\"ReadAction\",\"target\":[\"https:\\\/\\\/888starz.tips\\\/ci\\\/bonus\\\/\"]}]},{\"@type\":\"BreadcrumbList\",\"@id\":\"https:\\\/\\\/888starz.tips\\\/ci\\\/bonus\\\/#breadcrumb\",\"itemListElement\":[{\"@type\":\"ListItem\",\"position\":1,\"name\":\"Home\",\"item\":\"https:\\\/\\\/888starz.tips\\\/ci\\\/\"},{\"@type\":\"ListItem\",\"position\":2,\"name\":\"Bonus\"}]},{\"@type\":\"WebSite\",\"@id\":\"https:\\\/\\\/888starz.tips\\\/ci\\\/#website\",\"url\":\"https:\\\/\\\/888starz.tips\\\/ci\\\/\",\"name\":\"888starz Tips ci\",\"description\":\"My WordPress Blog\",\"potentialAction\":[{\"@type\":\"SearchAction\",\"target\":{\"@type\":\"EntryPoint\",\"urlTemplate\":\"https:\\\/\\\/888starz.tips\\\/ci\\\/?s={search_term_string}\"},\"query-input\":{\"@type\":\"PropertyValueSpecification\",\"valueRequired\":true,\"valueName\":\"search_term_string\"}}],\"inLanguage\":\"fr-CI\"}]}<\/script>\n<!-- \/ Yoast SEO plugin. -->","yoast_head_json":{"title":"888Starz Bonus: Offre de bienvenue jusqu'\u00e0 300.000 XOF + Spins gratuits","description":"Ne manquez pas la chance de faire appel \u00e0 la g\u00e9n\u00e9rosit\u00e9 de 888Starz C\u00f4te d'Ivoire! Recevez 100% de bonus sur votre premier d\u00e9p\u00f4t et d\u00e9couvrez les extraordinaires promotions 2025. Des paris gratuits exclusifs et des cashbacks chaque semaine vous attendent !","robots":{"index":"index","follow":"follow","max-snippet":"max-snippet:-1","max-image-preview":"max-image-preview:large","max-video-preview":"max-video-preview:-1"},"og_locale":"fr_FR","og_type":"article","og_title":"888Starz Bonus: Offre de bienvenue jusqu'\u00e0 300.000 XOF + Spins gratuits","og_description":"Ne manquez pas la chance de faire appel \u00e0 la g\u00e9n\u00e9rosit\u00e9 de 888Starz C\u00f4te d'Ivoire! Recevez 100% de bonus sur votre premier d\u00e9p\u00f4t et d\u00e9couvrez les extraordinaires promotions 2025. Des paris gratuits exclusifs et des cashbacks chaque semaine vous attendent !","og_url":"https:\/\/888starz.tips\/ci\/bonus\/","og_site_name":"888starz Tips ci","article_modified_time":"2025-03-06T10:30:55+00:00","twitter_card":"summary_large_image","schema":{"@context":"https:\/\/schema.org","@graph":[{"@type":"WebPage","@id":"https:\/\/888starz.tips\/ci\/bonus\/","url":"https:\/\/888starz.tips\/ci\/bonus\/","name":"888Starz Bonus: Offre de bienvenue jusqu'\u00e0 300.000 XOF + Spins gratuits","isPartOf":{"@id":"https:\/\/888starz.tips\/ci\/#website"},"datePublished":"2023-05-18T17:39:43+00:00","dateModified":"2025-03-06T10:30:55+00:00","description":"Ne manquez pas la chance de faire appel \u00e0 la g\u00e9n\u00e9rosit\u00e9 de 888Starz C\u00f4te d'Ivoire! Recevez 100% de bonus sur votre premier d\u00e9p\u00f4t et d\u00e9couvrez les extraordinaires promotions 2025. Des paris gratuits exclusifs et des cashbacks chaque semaine vous attendent !","breadcrumb":{"@id":"https:\/\/888starz.tips\/ci\/bonus\/#breadcrumb"},"inLanguage":"fr-CI","potentialAction":[{"@type":"ReadAction","target":["https:\/\/888starz.tips\/ci\/bonus\/"]}]},{"@type":"BreadcrumbList","@id":"https:\/\/888starz.tips\/ci\/bonus\/#breadcrumb","itemListElement":[{"@type":"ListItem","position":1,"name":"Home","item":"https:\/\/888starz.tips\/ci\/"},{"@type":"ListItem","position":2,"name":"Bonus"}]},{"@type":"WebSite","@id":"https:\/\/888starz.tips\/ci\/#website","url":"https:\/\/888starz.tips\/ci\/","name":"888starz Tips ci","description":"My WordPress Blog","potentialAction":[{"@type":"SearchAction","target":{"@type":"EntryPoint","urlTemplate":"https:\/\/888starz.tips\/ci\/?s={search_term_string}"},"query-input":{"@type":"PropertyValueSpecification","valueRequired":true,"valueName":"search_term_string"}}],"inLanguage":"fr-CI"}]}},"_links":{"self":[{"href":"https:\/\/888starz.tips\/ci\/wp-json\/wp\/v2\/pages\/152","targetHints":{"allow":["GET"]}}],"collection":[{"href":"https:\/\/888starz.tips\/ci\/wp-json\/wp\/v2\/pages"}],"about":[{"href":"https:\/\/888starz.tips\/ci\/wp-json\/wp\/v2\/types\/page"}],"author":[{"embeddable":true,"href":"https:\/\/888starz.tips\/ci\/wp-json\/wp\/v2\/users\/1"}],"replies":[{"embeddable":true,"href":"https:\/\/888starz.tips\/ci\/wp-json\/wp\/v2\/comments?post=152"}],"version-history":[{"count":9,"href":"https:\/\/888starz.tips\/ci\/wp-json\/wp\/v2\/pages\/152\/revisions"}],"predecessor-version":[{"id":512,"href":"https:\/\/888starz.tips\/ci\/wp-json\/wp\/v2\/pages\/152\/revisions\/512"}],"wp:attachment":[{"href":"https:\/\/888starz.tips\/ci\/wp-json\/wp\/v2\/media?parent=152"}],"curies":[{"name":"wp","href":"https:\/\/api.w.org\/{rel}","templated":true}]}}