{"id":451,"date":"2025-01-27T13:46:18","date_gmt":"2025-01-27T13:46:18","guid":{"rendered":"https:\/\/888starz.tips\/ci\/?page_id=451"},"modified":"2025-09-23T12:08:35","modified_gmt":"2025-09-23T12:08:35","slug":"promo-code","status":"publish","type":"page","link":"https:\/\/888starz.tips\/ci\/promo-code\/","title":{"rendered":"Code promo"},"content":{"rendered":"","protected":false},"excerpt":{"rendered":"","protected":false},"author":1,"featured_media":0,"parent":0,"menu_order":0,"comment_status":"closed","ping_status":"closed","template":"","meta":{"footnotes":""},"class_list":["post-451","page","type-page","status-publish","hentry"],"yoast_head":"<!-- This site is optimized with the Yoast SEO plugin v27.4 - https:\/\/yoast.com\/product\/yoast-seo-wordpress\/ -->\n<title>888Starz C\u00f4te d&#039;Ivoire Promo Code R\u00e9clamez votre Bonus de!<\/title>\n<meta name=\"description\" content=\"Vous voulez augmenter vos gains ? \ud83d\udd25D\u00e9bloquez le code promo exclusif 2025 de 888Starz et b\u00e9n\u00e9ficiez d&#039;un bonus massif de 100% d\u00e8s aujourd&#039;hui ! N&#039;attendez pas, votre voyage vers le jackpot commence maintenant !\" \/>\n<meta name=\"robots\" content=\"index, follow, max-snippet:-1, max-image-preview:large, max-video-preview:-1\" \/>\n<meta property=\"og:locale\" content=\"fr_FR\" \/>\n<meta property=\"og:type\" content=\"article\" \/>\n<meta property=\"og:title\" content=\"888Starz C\u00f4te d&#039;Ivoire Promo Code R\u00e9clamez votre Bonus de!\" \/>\n<meta property=\"og:description\" content=\"Vous voulez augmenter vos gains ? \ud83d\udd25D\u00e9bloquez le code promo exclusif 2025 de 888Starz et b\u00e9n\u00e9ficiez d&#039;un bonus massif de 100% d\u00e8s aujourd&#039;hui ! N&#039;attendez pas, votre voyage vers le jackpot commence maintenant !\" \/>\n<meta property=\"og:url\" content=\"https:\/\/888starz.tips\/ci\/promo-code\/\" \/>\n<meta property=\"og:site_name\" content=\"888starz Tips ci\" \/>\n<meta property=\"article:modified_time\" content=\"2025-09-23T12:08:35+00:00\" \/>\n<meta name=\"twitter:card\" content=\"summary_large_image\" \/>\n<script type=\"application\/ld+json\" class=\"yoast-schema-graph\">{\"@context\":\"https:\\\/\\\/schema.org\",\"@graph\":[{\"@type\":\"WebPage\",\"@id\":\"https:\\\/\\\/888starz.tips\\\/ci\\\/promo-code\\\/\",\"url\":\"https:\\\/\\\/888starz.tips\\\/ci\\\/promo-code\\\/\",\"name\":\"888Starz C\u00f4te d'Ivoire Promo Code R\u00e9clamez votre Bonus de!\",\"isPartOf\":{\"@id\":\"https:\\\/\\\/888starz.tips\\\/ci\\\/#website\"},\"datePublished\":\"2025-01-27T13:46:18+00:00\",\"dateModified\":\"2025-09-23T12:08:35+00:00\",\"description\":\"Vous voulez augmenter vos gains ? \ud83d\udd25D\u00e9bloquez le code promo exclusif 2025 de 888Starz et b\u00e9n\u00e9ficiez d'un bonus massif de 100% d\u00e8s aujourd'hui ! N'attendez pas, votre voyage vers le jackpot commence maintenant !\",\"breadcrumb\":{\"@id\":\"https:\\\/\\\/888starz.tips\\\/ci\\\/promo-code\\\/#breadcrumb\"},\"inLanguage\":\"fr-CI\",\"potentialAction\":[{\"@type\":\"ReadAction\",\"target\":[\"https:\\\/\\\/888starz.tips\\\/ci\\\/promo-code\\\/\"]}]},{\"@type\":\"BreadcrumbList\",\"@id\":\"https:\\\/\\\/888starz.tips\\\/ci\\\/promo-code\\\/#breadcrumb\",\"itemListElement\":[{\"@type\":\"ListItem\",\"position\":1,\"name\":\"Home\",\"item\":\"https:\\\/\\\/888starz.tips\\\/ci\\\/\"},{\"@type\":\"ListItem\",\"position\":2,\"name\":\"Code promo\"}]},{\"@type\":\"WebSite\",\"@id\":\"https:\\\/\\\/888starz.tips\\\/ci\\\/#website\",\"url\":\"https:\\\/\\\/888starz.tips\\\/ci\\\/\",\"name\":\"888starz Tips ci\",\"description\":\"My WordPress Blog\",\"potentialAction\":[{\"@type\":\"SearchAction\",\"target\":{\"@type\":\"EntryPoint\",\"urlTemplate\":\"https:\\\/\\\/888starz.tips\\\/ci\\\/?s={search_term_string}\"},\"query-input\":{\"@type\":\"PropertyValueSpecification\",\"valueRequired\":true,\"valueName\":\"search_term_string\"}}],\"inLanguage\":\"fr-CI\"}]}<\/script>\n<!-- \/ Yoast SEO plugin. -->","yoast_head_json":{"title":"888Starz C\u00f4te d'Ivoire Promo Code R\u00e9clamez votre Bonus de!","description":"Vous voulez augmenter vos gains ? \ud83d\udd25D\u00e9bloquez le code promo exclusif 2025 de 888Starz et b\u00e9n\u00e9ficiez d'un bonus massif de 100% d\u00e8s aujourd'hui ! N'attendez pas, votre voyage vers le jackpot commence maintenant !","robots":{"index":"index","follow":"follow","max-snippet":"max-snippet:-1","max-image-preview":"max-image-preview:large","max-video-preview":"max-video-preview:-1"},"og_locale":"fr_FR","og_type":"article","og_title":"888Starz C\u00f4te d'Ivoire Promo Code R\u00e9clamez votre Bonus de!","og_description":"Vous voulez augmenter vos gains ? \ud83d\udd25D\u00e9bloquez le code promo exclusif 2025 de 888Starz et b\u00e9n\u00e9ficiez d'un bonus massif de 100% d\u00e8s aujourd'hui ! N'attendez pas, votre voyage vers le jackpot commence maintenant !","og_url":"https:\/\/888starz.tips\/ci\/promo-code\/","og_site_name":"888starz Tips ci","article_modified_time":"2025-09-23T12:08:35+00:00","twitter_card":"summary_large_image","schema":{"@context":"https:\/\/schema.org","@graph":[{"@type":"WebPage","@id":"https:\/\/888starz.tips\/ci\/promo-code\/","url":"https:\/\/888starz.tips\/ci\/promo-code\/","name":"888Starz C\u00f4te d'Ivoire Promo Code R\u00e9clamez votre Bonus de!","isPartOf":{"@id":"https:\/\/888starz.tips\/ci\/#website"},"datePublished":"2025-01-27T13:46:18+00:00","dateModified":"2025-09-23T12:08:35+00:00","description":"Vous voulez augmenter vos gains ? \ud83d\udd25D\u00e9bloquez le code promo exclusif 2025 de 888Starz et b\u00e9n\u00e9ficiez d'un bonus massif de 100% d\u00e8s aujourd'hui ! N'attendez pas, votre voyage vers le jackpot commence maintenant !","breadcrumb":{"@id":"https:\/\/888starz.tips\/ci\/promo-code\/#breadcrumb"},"inLanguage":"fr-CI","potentialAction":[{"@type":"ReadAction","target":["https:\/\/888starz.tips\/ci\/promo-code\/"]}]},{"@type":"BreadcrumbList","@id":"https:\/\/888starz.tips\/ci\/promo-code\/#breadcrumb","itemListElement":[{"@type":"ListItem","position":1,"name":"Home","item":"https:\/\/888starz.tips\/ci\/"},{"@type":"ListItem","position":2,"name":"Code promo"}]},{"@type":"WebSite","@id":"https:\/\/888starz.tips\/ci\/#website","url":"https:\/\/888starz.tips\/ci\/","name":"888starz Tips ci","description":"My WordPress Blog","potentialAction":[{"@type":"SearchAction","target":{"@type":"EntryPoint","urlTemplate":"https:\/\/888starz.tips\/ci\/?s={search_term_string}"},"query-input":{"@type":"PropertyValueSpecification","valueRequired":true,"valueName":"search_term_string"}}],"inLanguage":"fr-CI"}]}},"_links":{"self":[{"href":"https:\/\/888starz.tips\/ci\/wp-json\/wp\/v2\/pages\/451","targetHints":{"allow":["GET"]}}],"collection":[{"href":"https:\/\/888starz.tips\/ci\/wp-json\/wp\/v2\/pages"}],"about":[{"href":"https:\/\/888starz.tips\/ci\/wp-json\/wp\/v2\/types\/page"}],"author":[{"embeddable":true,"href":"https:\/\/888starz.tips\/ci\/wp-json\/wp\/v2\/users\/1"}],"replies":[{"embeddable":true,"href":"https:\/\/888starz.tips\/ci\/wp-json\/wp\/v2\/comments?post=451"}],"version-history":[{"count":7,"href":"https:\/\/888starz.tips\/ci\/wp-json\/wp\/v2\/pages\/451\/revisions"}],"predecessor-version":[{"id":531,"href":"https:\/\/888starz.tips\/ci\/wp-json\/wp\/v2\/pages\/451\/revisions\/531"}],"wp:attachment":[{"href":"https:\/\/888starz.tips\/ci\/wp-json\/wp\/v2\/media?parent=451"}],"curies":[{"name":"wp","href":"https:\/\/api.w.org\/{rel}","templated":true}]}}