{"id":471,"date":"2025-01-28T05:38:45","date_gmt":"2025-01-28T05:38:45","guid":{"rendered":"https:\/\/888starz.tips\/ci\/?page_id=471"},"modified":"2025-03-20T10:25:47","modified_gmt":"2025-03-20T10:25:47","slug":"affiliate","status":"publish","type":"page","link":"https:\/\/888starz.tips\/ci\/affiliate\/","title":{"rendered":"Affiliation"},"content":{"rendered":"","protected":false},"excerpt":{"rendered":"","protected":false},"author":1,"featured_media":0,"parent":0,"menu_order":0,"comment_status":"closed","ping_status":"closed","template":"","meta":{"footnotes":""},"class_list":["post-471","page","type-page","status-publish","hentry"],"yoast_head":"<!-- This site is optimized with the Yoast SEO plugin v27.4 - https:\/\/yoast.com\/product\/yoast-seo-wordpress\/ -->\n<title>888Starz affili\u00e9: \u2705programme de partenariat iGaming premium<\/title>\n<meta name=\"description\" content=\"Rejoignez le programme d&#039;affiliation de 888Starz C\u00f4te d&#039;Ivoire d\u00e8s aujourd&#039;hui ! \ud83d\ude80 D\u00e9bloquez des opportunit\u00e9s de revenus passionnantes, des avantages incroyables et une assistance de premier ordre. Ne vous contentez pas de regarder le jeu - jouez pour GAGNER avec nous ! \ud83d\udcb0 Optimisez vos gains et commencez \u00e0 gagner de l&#039;argent r\u00e9el d\u00e8s maintenant !\" \/>\n<meta name=\"robots\" content=\"index, follow, max-snippet:-1, max-image-preview:large, max-video-preview:-1\" \/>\n<meta property=\"og:locale\" content=\"fr_FR\" \/>\n<meta property=\"og:type\" content=\"article\" \/>\n<meta property=\"og:title\" content=\"888Starz affili\u00e9: \u2705programme de partenariat iGaming premium\" \/>\n<meta property=\"og:description\" content=\"Rejoignez le programme d&#039;affiliation de 888Starz C\u00f4te d&#039;Ivoire d\u00e8s aujourd&#039;hui ! \ud83d\ude80 D\u00e9bloquez des opportunit\u00e9s de revenus passionnantes, des avantages incroyables et une assistance de premier ordre. Ne vous contentez pas de regarder le jeu - jouez pour GAGNER avec nous ! \ud83d\udcb0 Optimisez vos gains et commencez \u00e0 gagner de l&#039;argent r\u00e9el d\u00e8s maintenant !\" \/>\n<meta property=\"og:url\" content=\"https:\/\/888starz.tips\/ci\/affiliate\/\" \/>\n<meta property=\"og:site_name\" content=\"888starz Tips ci\" \/>\n<meta property=\"article:modified_time\" content=\"2025-03-20T10:25:47+00:00\" \/>\n<meta name=\"twitter:card\" content=\"summary_large_image\" \/>\n<script type=\"application\/ld+json\" class=\"yoast-schema-graph\">{\"@context\":\"https:\\\/\\\/schema.org\",\"@graph\":[{\"@type\":\"WebPage\",\"@id\":\"https:\\\/\\\/888starz.tips\\\/ci\\\/affiliate\\\/\",\"url\":\"https:\\\/\\\/888starz.tips\\\/ci\\\/affiliate\\\/\",\"name\":\"888Starz affili\u00e9: \u2705programme de partenariat iGaming premium\",\"isPartOf\":{\"@id\":\"https:\\\/\\\/888starz.tips\\\/ci\\\/#website\"},\"datePublished\":\"2025-01-28T05:38:45+00:00\",\"dateModified\":\"2025-03-20T10:25:47+00:00\",\"description\":\"Rejoignez le programme d'affiliation de 888Starz C\u00f4te d'Ivoire d\u00e8s aujourd'hui ! \ud83d\ude80 D\u00e9bloquez des opportunit\u00e9s de revenus passionnantes, des avantages incroyables et une assistance de premier ordre. Ne vous contentez pas de regarder le jeu - jouez pour GAGNER avec nous ! \ud83d\udcb0 Optimisez vos gains et commencez \u00e0 gagner de l'argent r\u00e9el d\u00e8s maintenant !\",\"breadcrumb\":{\"@id\":\"https:\\\/\\\/888starz.tips\\\/ci\\\/affiliate\\\/#breadcrumb\"},\"inLanguage\":\"fr-CI\",\"potentialAction\":[{\"@type\":\"ReadAction\",\"target\":[\"https:\\\/\\\/888starz.tips\\\/ci\\\/affiliate\\\/\"]}]},{\"@type\":\"BreadcrumbList\",\"@id\":\"https:\\\/\\\/888starz.tips\\\/ci\\\/affiliate\\\/#breadcrumb\",\"itemListElement\":[{\"@type\":\"ListItem\",\"position\":1,\"name\":\"Home\",\"item\":\"https:\\\/\\\/888starz.tips\\\/ci\\\/\"},{\"@type\":\"ListItem\",\"position\":2,\"name\":\"Affiliation\"}]},{\"@type\":\"WebSite\",\"@id\":\"https:\\\/\\\/888starz.tips\\\/ci\\\/#website\",\"url\":\"https:\\\/\\\/888starz.tips\\\/ci\\\/\",\"name\":\"888starz Tips ci\",\"description\":\"My WordPress Blog\",\"potentialAction\":[{\"@type\":\"SearchAction\",\"target\":{\"@type\":\"EntryPoint\",\"urlTemplate\":\"https:\\\/\\\/888starz.tips\\\/ci\\\/?s={search_term_string}\"},\"query-input\":{\"@type\":\"PropertyValueSpecification\",\"valueRequired\":true,\"valueName\":\"search_term_string\"}}],\"inLanguage\":\"fr-CI\"}]}<\/script>\n<!-- \/ Yoast SEO plugin. -->","yoast_head_json":{"title":"888Starz affili\u00e9: \u2705programme de partenariat iGaming premium","description":"Rejoignez le programme d'affiliation de 888Starz C\u00f4te d'Ivoire d\u00e8s aujourd'hui ! \ud83d\ude80 D\u00e9bloquez des opportunit\u00e9s de revenus passionnantes, des avantages incroyables et une assistance de premier ordre. Ne vous contentez pas de regarder le jeu - jouez pour GAGNER avec nous ! \ud83d\udcb0 Optimisez vos gains et commencez \u00e0 gagner de l'argent r\u00e9el d\u00e8s maintenant !","robots":{"index":"index","follow":"follow","max-snippet":"max-snippet:-1","max-image-preview":"max-image-preview:large","max-video-preview":"max-video-preview:-1"},"og_locale":"fr_FR","og_type":"article","og_title":"888Starz affili\u00e9: \u2705programme de partenariat iGaming premium","og_description":"Rejoignez le programme d'affiliation de 888Starz C\u00f4te d'Ivoire d\u00e8s aujourd'hui ! \ud83d\ude80 D\u00e9bloquez des opportunit\u00e9s de revenus passionnantes, des avantages incroyables et une assistance de premier ordre. Ne vous contentez pas de regarder le jeu - jouez pour GAGNER avec nous ! \ud83d\udcb0 Optimisez vos gains et commencez \u00e0 gagner de l'argent r\u00e9el d\u00e8s maintenant !","og_url":"https:\/\/888starz.tips\/ci\/affiliate\/","og_site_name":"888starz Tips ci","article_modified_time":"2025-03-20T10:25:47+00:00","twitter_card":"summary_large_image","schema":{"@context":"https:\/\/schema.org","@graph":[{"@type":"WebPage","@id":"https:\/\/888starz.tips\/ci\/affiliate\/","url":"https:\/\/888starz.tips\/ci\/affiliate\/","name":"888Starz affili\u00e9: \u2705programme de partenariat iGaming premium","isPartOf":{"@id":"https:\/\/888starz.tips\/ci\/#website"},"datePublished":"2025-01-28T05:38:45+00:00","dateModified":"2025-03-20T10:25:47+00:00","description":"Rejoignez le programme d'affiliation de 888Starz C\u00f4te d'Ivoire d\u00e8s aujourd'hui ! \ud83d\ude80 D\u00e9bloquez des opportunit\u00e9s de revenus passionnantes, des avantages incroyables et une assistance de premier ordre. Ne vous contentez pas de regarder le jeu - jouez pour GAGNER avec nous ! \ud83d\udcb0 Optimisez vos gains et commencez \u00e0 gagner de l'argent r\u00e9el d\u00e8s maintenant !","breadcrumb":{"@id":"https:\/\/888starz.tips\/ci\/affiliate\/#breadcrumb"},"inLanguage":"fr-CI","potentialAction":[{"@type":"ReadAction","target":["https:\/\/888starz.tips\/ci\/affiliate\/"]}]},{"@type":"BreadcrumbList","@id":"https:\/\/888starz.tips\/ci\/affiliate\/#breadcrumb","itemListElement":[{"@type":"ListItem","position":1,"name":"Home","item":"https:\/\/888starz.tips\/ci\/"},{"@type":"ListItem","position":2,"name":"Affiliation"}]},{"@type":"WebSite","@id":"https:\/\/888starz.tips\/ci\/#website","url":"https:\/\/888starz.tips\/ci\/","name":"888starz Tips ci","description":"My WordPress Blog","potentialAction":[{"@type":"SearchAction","target":{"@type":"EntryPoint","urlTemplate":"https:\/\/888starz.tips\/ci\/?s={search_term_string}"},"query-input":{"@type":"PropertyValueSpecification","valueRequired":true,"valueName":"search_term_string"}}],"inLanguage":"fr-CI"}]}},"_links":{"self":[{"href":"https:\/\/888starz.tips\/ci\/wp-json\/wp\/v2\/pages\/471","targetHints":{"allow":["GET"]}}],"collection":[{"href":"https:\/\/888starz.tips\/ci\/wp-json\/wp\/v2\/pages"}],"about":[{"href":"https:\/\/888starz.tips\/ci\/wp-json\/wp\/v2\/types\/page"}],"author":[{"embeddable":true,"href":"https:\/\/888starz.tips\/ci\/wp-json\/wp\/v2\/users\/1"}],"replies":[{"embeddable":true,"href":"https:\/\/888starz.tips\/ci\/wp-json\/wp\/v2\/comments?post=471"}],"version-history":[{"count":6,"href":"https:\/\/888starz.tips\/ci\/wp-json\/wp\/v2\/pages\/471\/revisions"}],"predecessor-version":[{"id":524,"href":"https:\/\/888starz.tips\/ci\/wp-json\/wp\/v2\/pages\/471\/revisions\/524"}],"wp:attachment":[{"href":"https:\/\/888starz.tips\/ci\/wp-json\/wp\/v2\/media?parent=471"}],"curies":[{"name":"wp","href":"https:\/\/api.w.org\/{rel}","templated":true}]}}