{"id":152,"date":"2023-05-18T17:39:43","date_gmt":"2023-05-18T17:39:43","guid":{"rendered":"https:\/\/888starz.tips\/cs\/?page_id=152"},"modified":"2025-06-10T12:33:47","modified_gmt":"2025-06-10T12:33:47","slug":"bonus","status":"publish","type":"page","link":"https:\/\/888starz.tips\/cs\/bonus\/","title":{"rendered":"Bonus"},"content":{"rendered":"","protected":false},"excerpt":{"rendered":"","protected":false},"author":1,"featured_media":0,"parent":0,"menu_order":0,"comment_status":"closed","ping_status":"closed","template":"","meta":{"footnotes":""},"class_list":["post-152","page","type-page","status-publish","hentry"],"yoast_head":"<!-- This site is optimized with the Yoast SEO plugin v27.4 - https:\/\/yoast.com\/product\/yoast-seo-wordpress\/ -->\n<title>888Starz Bonus 2025: a\u017e 10.000 K\u010d + rozto\u010den\u00ed zdarma<\/title>\n<meta name=\"description\" content=\"Nenechte si uj\u00edt p\u0159\u00edle\u017eitost obr\u00e1tit se na \u0161t\u011bdrost 888Starz! Z\u00edskejte 100% bonus na prvn\u00ed vklad a objevte mimo\u0159\u00e1dn\u00e9 akce 2025. \u010cekaj\u00ed na v\u00e1s exkluzivn\u00ed s\u00e1zky zdarma a cashback ka\u017ed\u00fd t\u00fdden!\" \/>\n<meta name=\"robots\" content=\"index, follow, max-snippet:-1, max-image-preview:large, max-video-preview:-1\" \/>\n<meta property=\"og:locale\" content=\"cs_CZ\" \/>\n<meta property=\"og:type\" content=\"article\" \/>\n<meta property=\"og:title\" content=\"888Starz Bonus 2025: a\u017e 10.000 K\u010d + rozto\u010den\u00ed zdarma\" \/>\n<meta property=\"og:description\" content=\"Nenechte si uj\u00edt p\u0159\u00edle\u017eitost obr\u00e1tit se na \u0161t\u011bdrost 888Starz! Z\u00edskejte 100% bonus na prvn\u00ed vklad a objevte mimo\u0159\u00e1dn\u00e9 akce 2025. \u010cekaj\u00ed na v\u00e1s exkluzivn\u00ed s\u00e1zky zdarma a cashback ka\u017ed\u00fd t\u00fdden!\" \/>\n<meta property=\"og:url\" content=\"https:\/\/888starz.tips\/cs\/bonus\/\" \/>\n<meta property=\"og:site_name\" content=\"888starz Tips cs\" \/>\n<meta property=\"article:modified_time\" content=\"2025-06-10T12:33:47+00:00\" \/>\n<meta name=\"twitter:card\" content=\"summary_large_image\" \/>\n<script type=\"application\/ld+json\" class=\"yoast-schema-graph\">{\"@context\":\"https:\\\/\\\/schema.org\",\"@graph\":[{\"@type\":\"WebPage\",\"@id\":\"https:\\\/\\\/888starz.tips\\\/cs\\\/bonus\\\/\",\"url\":\"https:\\\/\\\/888starz.tips\\\/cs\\\/bonus\\\/\",\"name\":\"888Starz Bonus 2025: a\u017e 10.000 K\u010d + rozto\u010den\u00ed zdarma\",\"isPartOf\":{\"@id\":\"https:\\\/\\\/888starz.tips\\\/cs\\\/#website\"},\"datePublished\":\"2023-05-18T17:39:43+00:00\",\"dateModified\":\"2025-06-10T12:33:47+00:00\",\"description\":\"Nenechte si uj\u00edt p\u0159\u00edle\u017eitost obr\u00e1tit se na \u0161t\u011bdrost 888Starz! Z\u00edskejte 100% bonus na prvn\u00ed vklad a objevte mimo\u0159\u00e1dn\u00e9 akce 2025. \u010cekaj\u00ed na v\u00e1s exkluzivn\u00ed s\u00e1zky zdarma a cashback ka\u017ed\u00fd t\u00fdden!\",\"breadcrumb\":{\"@id\":\"https:\\\/\\\/888starz.tips\\\/cs\\\/bonus\\\/#breadcrumb\"},\"inLanguage\":\"cs\",\"potentialAction\":[{\"@type\":\"ReadAction\",\"target\":[\"https:\\\/\\\/888starz.tips\\\/cs\\\/bonus\\\/\"]}]},{\"@type\":\"BreadcrumbList\",\"@id\":\"https:\\\/\\\/888starz.tips\\\/cs\\\/bonus\\\/#breadcrumb\",\"itemListElement\":[{\"@type\":\"ListItem\",\"position\":1,\"name\":\"Home\",\"item\":\"https:\\\/\\\/888starz.tips\\\/cs\\\/\"},{\"@type\":\"ListItem\",\"position\":2,\"name\":\"Bonus\"}]},{\"@type\":\"WebSite\",\"@id\":\"https:\\\/\\\/888starz.tips\\\/cs\\\/#website\",\"url\":\"https:\\\/\\\/888starz.tips\\\/cs\\\/\",\"name\":\"888starz Tips cs\",\"description\":\"My WordPress Blog\",\"potentialAction\":[{\"@type\":\"SearchAction\",\"target\":{\"@type\":\"EntryPoint\",\"urlTemplate\":\"https:\\\/\\\/888starz.tips\\\/cs\\\/?s={search_term_string}\"},\"query-input\":{\"@type\":\"PropertyValueSpecification\",\"valueRequired\":true,\"valueName\":\"search_term_string\"}}],\"inLanguage\":\"cs\"}]}<\/script>\n<!-- \/ Yoast SEO plugin. -->","yoast_head_json":{"title":"888Starz Bonus 2025: a\u017e 10.000 K\u010d + rozto\u010den\u00ed zdarma","description":"Nenechte si uj\u00edt p\u0159\u00edle\u017eitost obr\u00e1tit se na \u0161t\u011bdrost 888Starz! Z\u00edskejte 100% bonus na prvn\u00ed vklad a objevte mimo\u0159\u00e1dn\u00e9 akce 2025. \u010cekaj\u00ed na v\u00e1s exkluzivn\u00ed s\u00e1zky zdarma a cashback ka\u017ed\u00fd t\u00fdden!","robots":{"index":"index","follow":"follow","max-snippet":"max-snippet:-1","max-image-preview":"max-image-preview:large","max-video-preview":"max-video-preview:-1"},"og_locale":"cs_CZ","og_type":"article","og_title":"888Starz Bonus 2025: a\u017e 10.000 K\u010d + rozto\u010den\u00ed zdarma","og_description":"Nenechte si uj\u00edt p\u0159\u00edle\u017eitost obr\u00e1tit se na \u0161t\u011bdrost 888Starz! Z\u00edskejte 100% bonus na prvn\u00ed vklad a objevte mimo\u0159\u00e1dn\u00e9 akce 2025. \u010cekaj\u00ed na v\u00e1s exkluzivn\u00ed s\u00e1zky zdarma a cashback ka\u017ed\u00fd t\u00fdden!","og_url":"https:\/\/888starz.tips\/cs\/bonus\/","og_site_name":"888starz Tips cs","article_modified_time":"2025-06-10T12:33:47+00:00","twitter_card":"summary_large_image","schema":{"@context":"https:\/\/schema.org","@graph":[{"@type":"WebPage","@id":"https:\/\/888starz.tips\/cs\/bonus\/","url":"https:\/\/888starz.tips\/cs\/bonus\/","name":"888Starz Bonus 2025: a\u017e 10.000 K\u010d + rozto\u010den\u00ed zdarma","isPartOf":{"@id":"https:\/\/888starz.tips\/cs\/#website"},"datePublished":"2023-05-18T17:39:43+00:00","dateModified":"2025-06-10T12:33:47+00:00","description":"Nenechte si uj\u00edt p\u0159\u00edle\u017eitost obr\u00e1tit se na \u0161t\u011bdrost 888Starz! Z\u00edskejte 100% bonus na prvn\u00ed vklad a objevte mimo\u0159\u00e1dn\u00e9 akce 2025. \u010cekaj\u00ed na v\u00e1s exkluzivn\u00ed s\u00e1zky zdarma a cashback ka\u017ed\u00fd t\u00fdden!","breadcrumb":{"@id":"https:\/\/888starz.tips\/cs\/bonus\/#breadcrumb"},"inLanguage":"cs","potentialAction":[{"@type":"ReadAction","target":["https:\/\/888starz.tips\/cs\/bonus\/"]}]},{"@type":"BreadcrumbList","@id":"https:\/\/888starz.tips\/cs\/bonus\/#breadcrumb","itemListElement":[{"@type":"ListItem","position":1,"name":"Home","item":"https:\/\/888starz.tips\/cs\/"},{"@type":"ListItem","position":2,"name":"Bonus"}]},{"@type":"WebSite","@id":"https:\/\/888starz.tips\/cs\/#website","url":"https:\/\/888starz.tips\/cs\/","name":"888starz Tips cs","description":"My WordPress Blog","potentialAction":[{"@type":"SearchAction","target":{"@type":"EntryPoint","urlTemplate":"https:\/\/888starz.tips\/cs\/?s={search_term_string}"},"query-input":{"@type":"PropertyValueSpecification","valueRequired":true,"valueName":"search_term_string"}}],"inLanguage":"cs"}]}},"_links":{"self":[{"href":"https:\/\/888starz.tips\/cs\/wp-json\/wp\/v2\/pages\/152","targetHints":{"allow":["GET"]}}],"collection":[{"href":"https:\/\/888starz.tips\/cs\/wp-json\/wp\/v2\/pages"}],"about":[{"href":"https:\/\/888starz.tips\/cs\/wp-json\/wp\/v2\/types\/page"}],"author":[{"embeddable":true,"href":"https:\/\/888starz.tips\/cs\/wp-json\/wp\/v2\/users\/1"}],"replies":[{"embeddable":true,"href":"https:\/\/888starz.tips\/cs\/wp-json\/wp\/v2\/comments?post=152"}],"version-history":[{"count":9,"href":"https:\/\/888starz.tips\/cs\/wp-json\/wp\/v2\/pages\/152\/revisions"}],"predecessor-version":[{"id":521,"href":"https:\/\/888starz.tips\/cs\/wp-json\/wp\/v2\/pages\/152\/revisions\/521"}],"wp:attachment":[{"href":"https:\/\/888starz.tips\/cs\/wp-json\/wp\/v2\/media?parent=152"}],"curies":[{"name":"wp","href":"https:\/\/api.w.org\/{rel}","templated":true}]}}