{"id":223,"date":"2024-05-02T13:35:53","date_gmt":"2024-05-02T13:35:53","guid":{"rendered":"https:\/\/888starz.tips\/cs\/?page_id=223"},"modified":"2025-06-10T12:16:50","modified_gmt":"2025-06-10T12:16:50","slug":"app","status":"publish","type":"page","link":"https:\/\/888starz.tips\/cs\/app\/","title":{"rendered":"Aplikace"},"content":{"rendered":"","protected":false},"excerpt":{"rendered":"","protected":false},"author":1,"featured_media":0,"parent":0,"menu_order":0,"comment_status":"closed","ping_status":"closed","template":"","meta":{"footnotes":""},"class_list":["post-223","page","type-page","status-publish","hentry"],"yoast_head":"<!-- This site is optimized with the Yoast SEO plugin v27.4 - https:\/\/yoast.com\/product\/yoast-seo-wordpress\/ -->\n<title>Aplikace 888Starz ke sta\u017een\u00ed \u2728 Mobiln\u00ed s\u00e1zen\u00ed<\/title>\n<meta name=\"description\" content=\"Jak nainstalovat aplikaci 888Starz pro Android a iOS \ud83d\uddf8 888Starz App je ofici\u00e1ln\u00ed mobiln\u00ed aplikace pro sportovn\u00ed s\u00e1zen\u00ed a online kasino, kterou si m\u016f\u017eete zdarma st\u00e1hnout z na\u0161ich webov\u00fdch str\u00e1nek.\" \/>\n<meta name=\"robots\" content=\"index, follow, max-snippet:-1, max-image-preview:large, max-video-preview:-1\" \/>\n<meta property=\"og:locale\" content=\"cs_CZ\" \/>\n<meta property=\"og:type\" content=\"article\" \/>\n<meta property=\"og:title\" content=\"Aplikace 888Starz ke sta\u017een\u00ed \u2728 Mobiln\u00ed s\u00e1zen\u00ed\" \/>\n<meta property=\"og:description\" content=\"Jak nainstalovat aplikaci 888Starz pro Android a iOS \ud83d\uddf8 888Starz App je ofici\u00e1ln\u00ed mobiln\u00ed aplikace pro sportovn\u00ed s\u00e1zen\u00ed a online kasino, kterou si m\u016f\u017eete zdarma st\u00e1hnout z na\u0161ich webov\u00fdch str\u00e1nek.\" \/>\n<meta property=\"og:url\" content=\"https:\/\/888starz.tips\/cs\/app\/\" \/>\n<meta property=\"og:site_name\" content=\"888starz Tips cs\" \/>\n<meta property=\"article:modified_time\" content=\"2025-06-10T12:16:50+00:00\" \/>\n<meta name=\"twitter:card\" content=\"summary_large_image\" \/>\n<script type=\"application\/ld+json\" class=\"yoast-schema-graph\">{\"@context\":\"https:\\\/\\\/schema.org\",\"@graph\":[{\"@type\":\"WebPage\",\"@id\":\"https:\\\/\\\/888starz.tips\\\/cs\\\/app\\\/\",\"url\":\"https:\\\/\\\/888starz.tips\\\/cs\\\/app\\\/\",\"name\":\"Aplikace 888Starz ke sta\u017een\u00ed \u2728 Mobiln\u00ed s\u00e1zen\u00ed\",\"isPartOf\":{\"@id\":\"https:\\\/\\\/888starz.tips\\\/cs\\\/#website\"},\"datePublished\":\"2024-05-02T13:35:53+00:00\",\"dateModified\":\"2025-06-10T12:16:50+00:00\",\"description\":\"Jak nainstalovat aplikaci 888Starz pro Android a iOS \ud83d\uddf8 888Starz App je ofici\u00e1ln\u00ed mobiln\u00ed aplikace pro sportovn\u00ed s\u00e1zen\u00ed a online kasino, kterou si m\u016f\u017eete zdarma st\u00e1hnout z na\u0161ich webov\u00fdch str\u00e1nek.\",\"breadcrumb\":{\"@id\":\"https:\\\/\\\/888starz.tips\\\/cs\\\/app\\\/#breadcrumb\"},\"inLanguage\":\"cs\",\"potentialAction\":[{\"@type\":\"ReadAction\",\"target\":[\"https:\\\/\\\/888starz.tips\\\/cs\\\/app\\\/\"]}]},{\"@type\":\"BreadcrumbList\",\"@id\":\"https:\\\/\\\/888starz.tips\\\/cs\\\/app\\\/#breadcrumb\",\"itemListElement\":[{\"@type\":\"ListItem\",\"position\":1,\"name\":\"Home\",\"item\":\"https:\\\/\\\/888starz.tips\\\/cs\\\/\"},{\"@type\":\"ListItem\",\"position\":2,\"name\":\"Aplikace\"}]},{\"@type\":\"WebSite\",\"@id\":\"https:\\\/\\\/888starz.tips\\\/cs\\\/#website\",\"url\":\"https:\\\/\\\/888starz.tips\\\/cs\\\/\",\"name\":\"888starz Tips cs\",\"description\":\"My WordPress Blog\",\"potentialAction\":[{\"@type\":\"SearchAction\",\"target\":{\"@type\":\"EntryPoint\",\"urlTemplate\":\"https:\\\/\\\/888starz.tips\\\/cs\\\/?s={search_term_string}\"},\"query-input\":{\"@type\":\"PropertyValueSpecification\",\"valueRequired\":true,\"valueName\":\"search_term_string\"}}],\"inLanguage\":\"cs\"}]}<\/script>\n<!-- \/ Yoast SEO plugin. -->","yoast_head_json":{"title":"Aplikace 888Starz ke sta\u017een\u00ed \u2728 Mobiln\u00ed s\u00e1zen\u00ed","description":"Jak nainstalovat aplikaci 888Starz pro Android a iOS \ud83d\uddf8 888Starz App je ofici\u00e1ln\u00ed mobiln\u00ed aplikace pro sportovn\u00ed s\u00e1zen\u00ed a online kasino, kterou si m\u016f\u017eete zdarma st\u00e1hnout z na\u0161ich webov\u00fdch str\u00e1nek.","robots":{"index":"index","follow":"follow","max-snippet":"max-snippet:-1","max-image-preview":"max-image-preview:large","max-video-preview":"max-video-preview:-1"},"og_locale":"cs_CZ","og_type":"article","og_title":"Aplikace 888Starz ke sta\u017een\u00ed \u2728 Mobiln\u00ed s\u00e1zen\u00ed","og_description":"Jak nainstalovat aplikaci 888Starz pro Android a iOS \ud83d\uddf8 888Starz App je ofici\u00e1ln\u00ed mobiln\u00ed aplikace pro sportovn\u00ed s\u00e1zen\u00ed a online kasino, kterou si m\u016f\u017eete zdarma st\u00e1hnout z na\u0161ich webov\u00fdch str\u00e1nek.","og_url":"https:\/\/888starz.tips\/cs\/app\/","og_site_name":"888starz Tips cs","article_modified_time":"2025-06-10T12:16:50+00:00","twitter_card":"summary_large_image","schema":{"@context":"https:\/\/schema.org","@graph":[{"@type":"WebPage","@id":"https:\/\/888starz.tips\/cs\/app\/","url":"https:\/\/888starz.tips\/cs\/app\/","name":"Aplikace 888Starz ke sta\u017een\u00ed \u2728 Mobiln\u00ed s\u00e1zen\u00ed","isPartOf":{"@id":"https:\/\/888starz.tips\/cs\/#website"},"datePublished":"2024-05-02T13:35:53+00:00","dateModified":"2025-06-10T12:16:50+00:00","description":"Jak nainstalovat aplikaci 888Starz pro Android a iOS \ud83d\uddf8 888Starz App je ofici\u00e1ln\u00ed mobiln\u00ed aplikace pro sportovn\u00ed s\u00e1zen\u00ed a online kasino, kterou si m\u016f\u017eete zdarma st\u00e1hnout z na\u0161ich webov\u00fdch str\u00e1nek.","breadcrumb":{"@id":"https:\/\/888starz.tips\/cs\/app\/#breadcrumb"},"inLanguage":"cs","potentialAction":[{"@type":"ReadAction","target":["https:\/\/888starz.tips\/cs\/app\/"]}]},{"@type":"BreadcrumbList","@id":"https:\/\/888starz.tips\/cs\/app\/#breadcrumb","itemListElement":[{"@type":"ListItem","position":1,"name":"Home","item":"https:\/\/888starz.tips\/cs\/"},{"@type":"ListItem","position":2,"name":"Aplikace"}]},{"@type":"WebSite","@id":"https:\/\/888starz.tips\/cs\/#website","url":"https:\/\/888starz.tips\/cs\/","name":"888starz Tips cs","description":"My WordPress Blog","potentialAction":[{"@type":"SearchAction","target":{"@type":"EntryPoint","urlTemplate":"https:\/\/888starz.tips\/cs\/?s={search_term_string}"},"query-input":{"@type":"PropertyValueSpecification","valueRequired":true,"valueName":"search_term_string"}}],"inLanguage":"cs"}]}},"_links":{"self":[{"href":"https:\/\/888starz.tips\/cs\/wp-json\/wp\/v2\/pages\/223","targetHints":{"allow":["GET"]}}],"collection":[{"href":"https:\/\/888starz.tips\/cs\/wp-json\/wp\/v2\/pages"}],"about":[{"href":"https:\/\/888starz.tips\/cs\/wp-json\/wp\/v2\/types\/page"}],"author":[{"embeddable":true,"href":"https:\/\/888starz.tips\/cs\/wp-json\/wp\/v2\/users\/1"}],"replies":[{"embeddable":true,"href":"https:\/\/888starz.tips\/cs\/wp-json\/wp\/v2\/comments?post=223"}],"version-history":[{"count":35,"href":"https:\/\/888starz.tips\/cs\/wp-json\/wp\/v2\/pages\/223\/revisions"}],"predecessor-version":[{"id":520,"href":"https:\/\/888starz.tips\/cs\/wp-json\/wp\/v2\/pages\/223\/revisions\/520"}],"wp:attachment":[{"href":"https:\/\/888starz.tips\/cs\/wp-json\/wp\/v2\/media?parent=223"}],"curies":[{"name":"wp","href":"https:\/\/api.w.org\/{rel}","templated":true}]}}