{"id":290,"date":"2024-09-05T06:01:53","date_gmt":"2024-09-05T06:01:53","guid":{"rendered":"https:\/\/888starz.tips\/cs\/?page_id=290"},"modified":"2025-06-10T15:20:11","modified_gmt":"2025-06-10T15:20:11","slug":"login","status":"publish","type":"page","link":"https:\/\/888starz.tips\/cs\/login\/","title":{"rendered":"P\u0159ihl\u00e1\u0161en\u00ed"},"content":{"rendered":"","protected":false},"excerpt":{"rendered":"","protected":false},"author":1,"featured_media":0,"parent":0,"menu_order":0,"comment_status":"closed","ping_status":"closed","template":"","meta":{"footnotes":""},"class_list":["post-290","page","type-page","status-publish","hentry"],"yoast_head":"<!-- This site is optimized with the Yoast SEO plugin v27.4 - https:\/\/yoast.com\/product\/yoast-seo-wordpress\/ -->\n<title>888Starz P\u0159ihl\u00e1sit se \u1409 P\u0159ihlaste se ke sv\u00e9mu \u00fa\u010dtu 888Starz<\/title>\n<meta name=\"description\" content=\"Jak se p\u0159ihl\u00e1sit k \u00fa\u010dtu 888Starz \u2713 P\u0159ejd\u011bte na str\u00e1nky nebo aplikaci 888starz a zadejte sv\u00e9 p\u0159ihla\u0161ovac\u00ed \u00fadaje do po\u017eadovan\u00fdch pol\u00ed \u2713 Klikn\u011bte na tla\u010d\u00edtko 888Starz login a za\u010dn\u011bte s\u00e1zet.\" \/>\n<meta name=\"robots\" content=\"index, follow, max-snippet:-1, max-image-preview:large, max-video-preview:-1\" \/>\n<meta property=\"og:locale\" content=\"cs_CZ\" \/>\n<meta property=\"og:type\" content=\"article\" \/>\n<meta property=\"og:title\" content=\"888Starz P\u0159ihl\u00e1sit se \u1409 P\u0159ihlaste se ke sv\u00e9mu \u00fa\u010dtu 888Starz\" \/>\n<meta property=\"og:description\" content=\"Jak se p\u0159ihl\u00e1sit k \u00fa\u010dtu 888Starz \u2713 P\u0159ejd\u011bte na str\u00e1nky nebo aplikaci 888starz a zadejte sv\u00e9 p\u0159ihla\u0161ovac\u00ed \u00fadaje do po\u017eadovan\u00fdch pol\u00ed \u2713 Klikn\u011bte na tla\u010d\u00edtko 888Starz login a za\u010dn\u011bte s\u00e1zet.\" \/>\n<meta property=\"og:url\" content=\"https:\/\/888starz.tips\/cs\/login\/\" \/>\n<meta property=\"og:site_name\" content=\"888starz Tips cs\" \/>\n<meta property=\"article:modified_time\" content=\"2025-06-10T15:20:11+00:00\" \/>\n<meta name=\"twitter:card\" content=\"summary_large_image\" \/>\n<script type=\"application\/ld+json\" class=\"yoast-schema-graph\">{\"@context\":\"https:\\\/\\\/schema.org\",\"@graph\":[{\"@type\":\"WebPage\",\"@id\":\"https:\\\/\\\/888starz.tips\\\/cs\\\/login\\\/\",\"url\":\"https:\\\/\\\/888starz.tips\\\/cs\\\/login\\\/\",\"name\":\"888Starz P\u0159ihl\u00e1sit se \u1409 P\u0159ihlaste se ke sv\u00e9mu \u00fa\u010dtu 888Starz\",\"isPartOf\":{\"@id\":\"https:\\\/\\\/888starz.tips\\\/cs\\\/#website\"},\"datePublished\":\"2024-09-05T06:01:53+00:00\",\"dateModified\":\"2025-06-10T15:20:11+00:00\",\"description\":\"Jak se p\u0159ihl\u00e1sit k \u00fa\u010dtu 888Starz \u2713 P\u0159ejd\u011bte na str\u00e1nky nebo aplikaci 888starz a zadejte sv\u00e9 p\u0159ihla\u0161ovac\u00ed \u00fadaje do po\u017eadovan\u00fdch pol\u00ed \u2713 Klikn\u011bte na tla\u010d\u00edtko 888Starz login a za\u010dn\u011bte s\u00e1zet.\",\"breadcrumb\":{\"@id\":\"https:\\\/\\\/888starz.tips\\\/cs\\\/login\\\/#breadcrumb\"},\"inLanguage\":\"cs\",\"potentialAction\":[{\"@type\":\"ReadAction\",\"target\":[\"https:\\\/\\\/888starz.tips\\\/cs\\\/login\\\/\"]}]},{\"@type\":\"BreadcrumbList\",\"@id\":\"https:\\\/\\\/888starz.tips\\\/cs\\\/login\\\/#breadcrumb\",\"itemListElement\":[{\"@type\":\"ListItem\",\"position\":1,\"name\":\"Home\",\"item\":\"https:\\\/\\\/888starz.tips\\\/cs\\\/\"},{\"@type\":\"ListItem\",\"position\":2,\"name\":\"P\u0159ihl\u00e1\u0161en\u00ed\"}]},{\"@type\":\"WebSite\",\"@id\":\"https:\\\/\\\/888starz.tips\\\/cs\\\/#website\",\"url\":\"https:\\\/\\\/888starz.tips\\\/cs\\\/\",\"name\":\"888starz Tips cs\",\"description\":\"My WordPress Blog\",\"potentialAction\":[{\"@type\":\"SearchAction\",\"target\":{\"@type\":\"EntryPoint\",\"urlTemplate\":\"https:\\\/\\\/888starz.tips\\\/cs\\\/?s={search_term_string}\"},\"query-input\":{\"@type\":\"PropertyValueSpecification\",\"valueRequired\":true,\"valueName\":\"search_term_string\"}}],\"inLanguage\":\"cs\"}]}<\/script>\n<!-- \/ Yoast SEO plugin. -->","yoast_head_json":{"title":"888Starz P\u0159ihl\u00e1sit se \u1409 P\u0159ihlaste se ke sv\u00e9mu \u00fa\u010dtu 888Starz","description":"Jak se p\u0159ihl\u00e1sit k \u00fa\u010dtu 888Starz \u2713 P\u0159ejd\u011bte na str\u00e1nky nebo aplikaci 888starz a zadejte sv\u00e9 p\u0159ihla\u0161ovac\u00ed \u00fadaje do po\u017eadovan\u00fdch pol\u00ed \u2713 Klikn\u011bte na tla\u010d\u00edtko 888Starz login a za\u010dn\u011bte s\u00e1zet.","robots":{"index":"index","follow":"follow","max-snippet":"max-snippet:-1","max-image-preview":"max-image-preview:large","max-video-preview":"max-video-preview:-1"},"og_locale":"cs_CZ","og_type":"article","og_title":"888Starz P\u0159ihl\u00e1sit se \u1409 P\u0159ihlaste se ke sv\u00e9mu \u00fa\u010dtu 888Starz","og_description":"Jak se p\u0159ihl\u00e1sit k \u00fa\u010dtu 888Starz \u2713 P\u0159ejd\u011bte na str\u00e1nky nebo aplikaci 888starz a zadejte sv\u00e9 p\u0159ihla\u0161ovac\u00ed \u00fadaje do po\u017eadovan\u00fdch pol\u00ed \u2713 Klikn\u011bte na tla\u010d\u00edtko 888Starz login a za\u010dn\u011bte s\u00e1zet.","og_url":"https:\/\/888starz.tips\/cs\/login\/","og_site_name":"888starz Tips cs","article_modified_time":"2025-06-10T15:20:11+00:00","twitter_card":"summary_large_image","schema":{"@context":"https:\/\/schema.org","@graph":[{"@type":"WebPage","@id":"https:\/\/888starz.tips\/cs\/login\/","url":"https:\/\/888starz.tips\/cs\/login\/","name":"888Starz P\u0159ihl\u00e1sit se \u1409 P\u0159ihlaste se ke sv\u00e9mu \u00fa\u010dtu 888Starz","isPartOf":{"@id":"https:\/\/888starz.tips\/cs\/#website"},"datePublished":"2024-09-05T06:01:53+00:00","dateModified":"2025-06-10T15:20:11+00:00","description":"Jak se p\u0159ihl\u00e1sit k \u00fa\u010dtu 888Starz \u2713 P\u0159ejd\u011bte na str\u00e1nky nebo aplikaci 888starz a zadejte sv\u00e9 p\u0159ihla\u0161ovac\u00ed \u00fadaje do po\u017eadovan\u00fdch pol\u00ed \u2713 Klikn\u011bte na tla\u010d\u00edtko 888Starz login a za\u010dn\u011bte s\u00e1zet.","breadcrumb":{"@id":"https:\/\/888starz.tips\/cs\/login\/#breadcrumb"},"inLanguage":"cs","potentialAction":[{"@type":"ReadAction","target":["https:\/\/888starz.tips\/cs\/login\/"]}]},{"@type":"BreadcrumbList","@id":"https:\/\/888starz.tips\/cs\/login\/#breadcrumb","itemListElement":[{"@type":"ListItem","position":1,"name":"Home","item":"https:\/\/888starz.tips\/cs\/"},{"@type":"ListItem","position":2,"name":"P\u0159ihl\u00e1\u0161en\u00ed"}]},{"@type":"WebSite","@id":"https:\/\/888starz.tips\/cs\/#website","url":"https:\/\/888starz.tips\/cs\/","name":"888starz Tips cs","description":"My WordPress Blog","potentialAction":[{"@type":"SearchAction","target":{"@type":"EntryPoint","urlTemplate":"https:\/\/888starz.tips\/cs\/?s={search_term_string}"},"query-input":{"@type":"PropertyValueSpecification","valueRequired":true,"valueName":"search_term_string"}}],"inLanguage":"cs"}]}},"_links":{"self":[{"href":"https:\/\/888starz.tips\/cs\/wp-json\/wp\/v2\/pages\/290","targetHints":{"allow":["GET"]}}],"collection":[{"href":"https:\/\/888starz.tips\/cs\/wp-json\/wp\/v2\/pages"}],"about":[{"href":"https:\/\/888starz.tips\/cs\/wp-json\/wp\/v2\/types\/page"}],"author":[{"embeddable":true,"href":"https:\/\/888starz.tips\/cs\/wp-json\/wp\/v2\/users\/1"}],"replies":[{"embeddable":true,"href":"https:\/\/888starz.tips\/cs\/wp-json\/wp\/v2\/comments?post=290"}],"version-history":[{"count":26,"href":"https:\/\/888starz.tips\/cs\/wp-json\/wp\/v2\/pages\/290\/revisions"}],"predecessor-version":[{"id":526,"href":"https:\/\/888starz.tips\/cs\/wp-json\/wp\/v2\/pages\/290\/revisions\/526"}],"wp:attachment":[{"href":"https:\/\/888starz.tips\/cs\/wp-json\/wp\/v2\/media?parent=290"}],"curies":[{"name":"wp","href":"https:\/\/api.w.org\/{rel}","templated":true}]}}