{"id":292,"date":"2024-09-05T06:02:09","date_gmt":"2024-09-05T06:02:09","guid":{"rendered":"https:\/\/888starz.tips\/cs\/?page_id=292"},"modified":"2025-06-10T15:35:36","modified_gmt":"2025-06-10T15:35:36","slug":"registration","status":"publish","type":"page","link":"https:\/\/888starz.tips\/cs\/registration\/","title":{"rendered":"Registrace"},"content":{"rendered":"","protected":false},"excerpt":{"rendered":"","protected":false},"author":1,"featured_media":0,"parent":0,"menu_order":0,"comment_status":"closed","ping_status":"closed","template":"","meta":{"footnotes":""},"class_list":["post-292","page","type-page","status-publish","hentry"],"yoast_head":"<!-- This site is optimized with the Yoast SEO plugin v27.4 - https:\/\/yoast.com\/product\/yoast-seo-wordpress\/ -->\n<title>888Starz Registrace \u1409 888Starz Pr\u016fvodce registrac\u00ed<\/title>\n<meta name=\"description\" content=\"Registrace na ofici\u00e1ln\u00edch str\u00e1nk\u00e1ch 888Starz \u2714\ufe0f Registrace v aplikaci 888Starz \u1409 Jak se p\u0159ipojit k 888starz a vytvo\u0159it si \u00fa\u010det \u2b50\ufe0f Zaregistrujte se a z\u00edskejte 100% bonus za prvn\u00ed vklad.\" \/>\n<meta name=\"robots\" content=\"index, follow, max-snippet:-1, max-image-preview:large, max-video-preview:-1\" \/>\n<meta property=\"og:locale\" content=\"cs_CZ\" \/>\n<meta property=\"og:type\" content=\"article\" \/>\n<meta property=\"og:title\" content=\"888Starz Registrace \u1409 888Starz Pr\u016fvodce registrac\u00ed\" \/>\n<meta property=\"og:description\" content=\"Registrace na ofici\u00e1ln\u00edch str\u00e1nk\u00e1ch 888Starz \u2714\ufe0f Registrace v aplikaci 888Starz \u1409 Jak se p\u0159ipojit k 888starz a vytvo\u0159it si \u00fa\u010det \u2b50\ufe0f Zaregistrujte se a z\u00edskejte 100% bonus za prvn\u00ed vklad.\" \/>\n<meta property=\"og:url\" content=\"https:\/\/888starz.tips\/cs\/registration\/\" \/>\n<meta property=\"og:site_name\" content=\"888starz Tips cs\" \/>\n<meta property=\"article:modified_time\" content=\"2025-06-10T15:35:36+00:00\" \/>\n<meta name=\"twitter:card\" content=\"summary_large_image\" \/>\n<script type=\"application\/ld+json\" class=\"yoast-schema-graph\">{\"@context\":\"https:\\\/\\\/schema.org\",\"@graph\":[{\"@type\":\"WebPage\",\"@id\":\"https:\\\/\\\/888starz.tips\\\/cs\\\/registration\\\/\",\"url\":\"https:\\\/\\\/888starz.tips\\\/cs\\\/registration\\\/\",\"name\":\"888Starz Registrace \u1409 888Starz Pr\u016fvodce registrac\u00ed\",\"isPartOf\":{\"@id\":\"https:\\\/\\\/888starz.tips\\\/cs\\\/#website\"},\"datePublished\":\"2024-09-05T06:02:09+00:00\",\"dateModified\":\"2025-06-10T15:35:36+00:00\",\"description\":\"Registrace na ofici\u00e1ln\u00edch str\u00e1nk\u00e1ch 888Starz \u2714\ufe0f Registrace v aplikaci 888Starz \u1409 Jak se p\u0159ipojit k 888starz a vytvo\u0159it si \u00fa\u010det \u2b50\ufe0f Zaregistrujte se a z\u00edskejte 100% bonus za prvn\u00ed vklad.\",\"breadcrumb\":{\"@id\":\"https:\\\/\\\/888starz.tips\\\/cs\\\/registration\\\/#breadcrumb\"},\"inLanguage\":\"cs\",\"potentialAction\":[{\"@type\":\"ReadAction\",\"target\":[\"https:\\\/\\\/888starz.tips\\\/cs\\\/registration\\\/\"]}]},{\"@type\":\"BreadcrumbList\",\"@id\":\"https:\\\/\\\/888starz.tips\\\/cs\\\/registration\\\/#breadcrumb\",\"itemListElement\":[{\"@type\":\"ListItem\",\"position\":1,\"name\":\"Home\",\"item\":\"https:\\\/\\\/888starz.tips\\\/cs\\\/\"},{\"@type\":\"ListItem\",\"position\":2,\"name\":\"Registrace\"}]},{\"@type\":\"WebSite\",\"@id\":\"https:\\\/\\\/888starz.tips\\\/cs\\\/#website\",\"url\":\"https:\\\/\\\/888starz.tips\\\/cs\\\/\",\"name\":\"888starz Tips cs\",\"description\":\"My WordPress Blog\",\"potentialAction\":[{\"@type\":\"SearchAction\",\"target\":{\"@type\":\"EntryPoint\",\"urlTemplate\":\"https:\\\/\\\/888starz.tips\\\/cs\\\/?s={search_term_string}\"},\"query-input\":{\"@type\":\"PropertyValueSpecification\",\"valueRequired\":true,\"valueName\":\"search_term_string\"}}],\"inLanguage\":\"cs\"}]}<\/script>\n<!-- \/ Yoast SEO plugin. -->","yoast_head_json":{"title":"888Starz Registrace \u1409 888Starz Pr\u016fvodce registrac\u00ed","description":"Registrace na ofici\u00e1ln\u00edch str\u00e1nk\u00e1ch 888Starz \u2714\ufe0f Registrace v aplikaci 888Starz \u1409 Jak se p\u0159ipojit k 888starz a vytvo\u0159it si \u00fa\u010det \u2b50\ufe0f Zaregistrujte se a z\u00edskejte 100% bonus za prvn\u00ed vklad.","robots":{"index":"index","follow":"follow","max-snippet":"max-snippet:-1","max-image-preview":"max-image-preview:large","max-video-preview":"max-video-preview:-1"},"og_locale":"cs_CZ","og_type":"article","og_title":"888Starz Registrace \u1409 888Starz Pr\u016fvodce registrac\u00ed","og_description":"Registrace na ofici\u00e1ln\u00edch str\u00e1nk\u00e1ch 888Starz \u2714\ufe0f Registrace v aplikaci 888Starz \u1409 Jak se p\u0159ipojit k 888starz a vytvo\u0159it si \u00fa\u010det \u2b50\ufe0f Zaregistrujte se a z\u00edskejte 100% bonus za prvn\u00ed vklad.","og_url":"https:\/\/888starz.tips\/cs\/registration\/","og_site_name":"888starz Tips cs","article_modified_time":"2025-06-10T15:35:36+00:00","twitter_card":"summary_large_image","schema":{"@context":"https:\/\/schema.org","@graph":[{"@type":"WebPage","@id":"https:\/\/888starz.tips\/cs\/registration\/","url":"https:\/\/888starz.tips\/cs\/registration\/","name":"888Starz Registrace \u1409 888Starz Pr\u016fvodce registrac\u00ed","isPartOf":{"@id":"https:\/\/888starz.tips\/cs\/#website"},"datePublished":"2024-09-05T06:02:09+00:00","dateModified":"2025-06-10T15:35:36+00:00","description":"Registrace na ofici\u00e1ln\u00edch str\u00e1nk\u00e1ch 888Starz \u2714\ufe0f Registrace v aplikaci 888Starz \u1409 Jak se p\u0159ipojit k 888starz a vytvo\u0159it si \u00fa\u010det \u2b50\ufe0f Zaregistrujte se a z\u00edskejte 100% bonus za prvn\u00ed vklad.","breadcrumb":{"@id":"https:\/\/888starz.tips\/cs\/registration\/#breadcrumb"},"inLanguage":"cs","potentialAction":[{"@type":"ReadAction","target":["https:\/\/888starz.tips\/cs\/registration\/"]}]},{"@type":"BreadcrumbList","@id":"https:\/\/888starz.tips\/cs\/registration\/#breadcrumb","itemListElement":[{"@type":"ListItem","position":1,"name":"Home","item":"https:\/\/888starz.tips\/cs\/"},{"@type":"ListItem","position":2,"name":"Registrace"}]},{"@type":"WebSite","@id":"https:\/\/888starz.tips\/cs\/#website","url":"https:\/\/888starz.tips\/cs\/","name":"888starz Tips cs","description":"My WordPress Blog","potentialAction":[{"@type":"SearchAction","target":{"@type":"EntryPoint","urlTemplate":"https:\/\/888starz.tips\/cs\/?s={search_term_string}"},"query-input":{"@type":"PropertyValueSpecification","valueRequired":true,"valueName":"search_term_string"}}],"inLanguage":"cs"}]}},"_links":{"self":[{"href":"https:\/\/888starz.tips\/cs\/wp-json\/wp\/v2\/pages\/292","targetHints":{"allow":["GET"]}}],"collection":[{"href":"https:\/\/888starz.tips\/cs\/wp-json\/wp\/v2\/pages"}],"about":[{"href":"https:\/\/888starz.tips\/cs\/wp-json\/wp\/v2\/types\/page"}],"author":[{"embeddable":true,"href":"https:\/\/888starz.tips\/cs\/wp-json\/wp\/v2\/users\/1"}],"replies":[{"embeddable":true,"href":"https:\/\/888starz.tips\/cs\/wp-json\/wp\/v2\/comments?post=292"}],"version-history":[{"count":23,"href":"https:\/\/888starz.tips\/cs\/wp-json\/wp\/v2\/pages\/292\/revisions"}],"predecessor-version":[{"id":529,"href":"https:\/\/888starz.tips\/cs\/wp-json\/wp\/v2\/pages\/292\/revisions\/529"}],"wp:attachment":[{"href":"https:\/\/888starz.tips\/cs\/wp-json\/wp\/v2\/media?parent=292"}],"curies":[{"name":"wp","href":"https:\/\/api.w.org\/{rel}","templated":true}]}}