{"id":471,"date":"2025-01-28T05:38:45","date_gmt":"2025-01-28T05:38:45","guid":{"rendered":"https:\/\/888starz.tips\/cs\/?page_id=471"},"modified":"2025-07-05T07:57:24","modified_gmt":"2025-07-05T07:57:24","slug":"affiliate","status":"publish","type":"page","link":"https:\/\/888starz.tips\/cs\/affiliate\/","title":{"rendered":"Partnersk\u00e9 str\u00e1nky"},"content":{"rendered":"","protected":false},"excerpt":{"rendered":"","protected":false},"author":1,"featured_media":0,"parent":0,"menu_order":0,"comment_status":"closed","ping_status":"closed","template":"","meta":{"footnotes":""},"class_list":["post-471","page","type-page","status-publish","hentry"],"yoast_head":"<!-- This site is optimized with the Yoast SEO plugin v27.4 - https:\/\/yoast.com\/product\/yoast-seo-wordpress\/ -->\n<title>888Starz Affiliate: \u2705Pr\u00e9miov\u00fd partnersk\u00fd program iGaming<\/title>\n<meta name=\"description\" content=\"P\u0159ipojte se k partnersk\u00e9mu programu 888Starz je\u0161t\u011b dnes! \ud83d\ude80 Odemkn\u011bte zaj\u00edmav\u00e9 p\u0159\u00edle\u017eitosti k v\u00fdd\u011blku, \u00fa\u017easn\u00e9 v\u00fdhody a pr\u00e9miovou podporu. Ned\u00edvejte se jen na hru - hrajte a VYHR\u00c1VEJTE s n\u00e1mi! \ud83d\udcb0 Optimalizujte sv\u00e9 v\u00fdd\u011blky a za\u010dn\u011bte vyd\u011bl\u00e1vat SKUTE\u010cN\u00c9 pen\u00edze hned te\u010f!\" \/>\n<meta name=\"robots\" content=\"index, follow, max-snippet:-1, max-image-preview:large, max-video-preview:-1\" \/>\n<meta property=\"og:locale\" content=\"cs_CZ\" \/>\n<meta property=\"og:type\" content=\"article\" \/>\n<meta property=\"og:title\" content=\"888Starz Affiliate: \u2705Pr\u00e9miov\u00fd partnersk\u00fd program iGaming\" \/>\n<meta property=\"og:description\" content=\"P\u0159ipojte se k partnersk\u00e9mu programu 888Starz je\u0161t\u011b dnes! \ud83d\ude80 Odemkn\u011bte zaj\u00edmav\u00e9 p\u0159\u00edle\u017eitosti k v\u00fdd\u011blku, \u00fa\u017easn\u00e9 v\u00fdhody a pr\u00e9miovou podporu. Ned\u00edvejte se jen na hru - hrajte a VYHR\u00c1VEJTE s n\u00e1mi! \ud83d\udcb0 Optimalizujte sv\u00e9 v\u00fdd\u011blky a za\u010dn\u011bte vyd\u011bl\u00e1vat SKUTE\u010cN\u00c9 pen\u00edze hned te\u010f!\" \/>\n<meta property=\"og:url\" content=\"https:\/\/888starz.tips\/cs\/affiliate\/\" \/>\n<meta property=\"og:site_name\" content=\"888starz Tips cs\" \/>\n<meta property=\"article:modified_time\" content=\"2025-07-05T07:57:24+00:00\" \/>\n<meta name=\"twitter:card\" content=\"summary_large_image\" \/>\n<script type=\"application\/ld+json\" class=\"yoast-schema-graph\">{\"@context\":\"https:\\\/\\\/schema.org\",\"@graph\":[{\"@type\":\"WebPage\",\"@id\":\"https:\\\/\\\/888starz.tips\\\/cs\\\/affiliate\\\/\",\"url\":\"https:\\\/\\\/888starz.tips\\\/cs\\\/affiliate\\\/\",\"name\":\"888Starz Affiliate: \u2705Pr\u00e9miov\u00fd partnersk\u00fd program iGaming\",\"isPartOf\":{\"@id\":\"https:\\\/\\\/888starz.tips\\\/cs\\\/#website\"},\"datePublished\":\"2025-01-28T05:38:45+00:00\",\"dateModified\":\"2025-07-05T07:57:24+00:00\",\"description\":\"P\u0159ipojte se k partnersk\u00e9mu programu 888Starz je\u0161t\u011b dnes! \ud83d\ude80 Odemkn\u011bte zaj\u00edmav\u00e9 p\u0159\u00edle\u017eitosti k v\u00fdd\u011blku, \u00fa\u017easn\u00e9 v\u00fdhody a pr\u00e9miovou podporu. Ned\u00edvejte se jen na hru - hrajte a VYHR\u00c1VEJTE s n\u00e1mi! \ud83d\udcb0 Optimalizujte sv\u00e9 v\u00fdd\u011blky a za\u010dn\u011bte vyd\u011bl\u00e1vat SKUTE\u010cN\u00c9 pen\u00edze hned te\u010f!\",\"breadcrumb\":{\"@id\":\"https:\\\/\\\/888starz.tips\\\/cs\\\/affiliate\\\/#breadcrumb\"},\"inLanguage\":\"cs\",\"potentialAction\":[{\"@type\":\"ReadAction\",\"target\":[\"https:\\\/\\\/888starz.tips\\\/cs\\\/affiliate\\\/\"]}]},{\"@type\":\"BreadcrumbList\",\"@id\":\"https:\\\/\\\/888starz.tips\\\/cs\\\/affiliate\\\/#breadcrumb\",\"itemListElement\":[{\"@type\":\"ListItem\",\"position\":1,\"name\":\"Home\",\"item\":\"https:\\\/\\\/888starz.tips\\\/cs\\\/\"},{\"@type\":\"ListItem\",\"position\":2,\"name\":\"Partnersk\u00e9 str\u00e1nky\"}]},{\"@type\":\"WebSite\",\"@id\":\"https:\\\/\\\/888starz.tips\\\/cs\\\/#website\",\"url\":\"https:\\\/\\\/888starz.tips\\\/cs\\\/\",\"name\":\"888starz Tips cs\",\"description\":\"My WordPress Blog\",\"potentialAction\":[{\"@type\":\"SearchAction\",\"target\":{\"@type\":\"EntryPoint\",\"urlTemplate\":\"https:\\\/\\\/888starz.tips\\\/cs\\\/?s={search_term_string}\"},\"query-input\":{\"@type\":\"PropertyValueSpecification\",\"valueRequired\":true,\"valueName\":\"search_term_string\"}}],\"inLanguage\":\"cs\"}]}<\/script>\n<!-- \/ Yoast SEO plugin. -->","yoast_head_json":{"title":"888Starz Affiliate: \u2705Pr\u00e9miov\u00fd partnersk\u00fd program iGaming","description":"P\u0159ipojte se k partnersk\u00e9mu programu 888Starz je\u0161t\u011b dnes! \ud83d\ude80 Odemkn\u011bte zaj\u00edmav\u00e9 p\u0159\u00edle\u017eitosti k v\u00fdd\u011blku, \u00fa\u017easn\u00e9 v\u00fdhody a pr\u00e9miovou podporu. Ned\u00edvejte se jen na hru - hrajte a VYHR\u00c1VEJTE s n\u00e1mi! \ud83d\udcb0 Optimalizujte sv\u00e9 v\u00fdd\u011blky a za\u010dn\u011bte vyd\u011bl\u00e1vat SKUTE\u010cN\u00c9 pen\u00edze hned te\u010f!","robots":{"index":"index","follow":"follow","max-snippet":"max-snippet:-1","max-image-preview":"max-image-preview:large","max-video-preview":"max-video-preview:-1"},"og_locale":"cs_CZ","og_type":"article","og_title":"888Starz Affiliate: \u2705Pr\u00e9miov\u00fd partnersk\u00fd program iGaming","og_description":"P\u0159ipojte se k partnersk\u00e9mu programu 888Starz je\u0161t\u011b dnes! \ud83d\ude80 Odemkn\u011bte zaj\u00edmav\u00e9 p\u0159\u00edle\u017eitosti k v\u00fdd\u011blku, \u00fa\u017easn\u00e9 v\u00fdhody a pr\u00e9miovou podporu. Ned\u00edvejte se jen na hru - hrajte a VYHR\u00c1VEJTE s n\u00e1mi! \ud83d\udcb0 Optimalizujte sv\u00e9 v\u00fdd\u011blky a za\u010dn\u011bte vyd\u011bl\u00e1vat SKUTE\u010cN\u00c9 pen\u00edze hned te\u010f!","og_url":"https:\/\/888starz.tips\/cs\/affiliate\/","og_site_name":"888starz Tips cs","article_modified_time":"2025-07-05T07:57:24+00:00","twitter_card":"summary_large_image","schema":{"@context":"https:\/\/schema.org","@graph":[{"@type":"WebPage","@id":"https:\/\/888starz.tips\/cs\/affiliate\/","url":"https:\/\/888starz.tips\/cs\/affiliate\/","name":"888Starz Affiliate: \u2705Pr\u00e9miov\u00fd partnersk\u00fd program iGaming","isPartOf":{"@id":"https:\/\/888starz.tips\/cs\/#website"},"datePublished":"2025-01-28T05:38:45+00:00","dateModified":"2025-07-05T07:57:24+00:00","description":"P\u0159ipojte se k partnersk\u00e9mu programu 888Starz je\u0161t\u011b dnes! \ud83d\ude80 Odemkn\u011bte zaj\u00edmav\u00e9 p\u0159\u00edle\u017eitosti k v\u00fdd\u011blku, \u00fa\u017easn\u00e9 v\u00fdhody a pr\u00e9miovou podporu. Ned\u00edvejte se jen na hru - hrajte a VYHR\u00c1VEJTE s n\u00e1mi! \ud83d\udcb0 Optimalizujte sv\u00e9 v\u00fdd\u011blky a za\u010dn\u011bte vyd\u011bl\u00e1vat SKUTE\u010cN\u00c9 pen\u00edze hned te\u010f!","breadcrumb":{"@id":"https:\/\/888starz.tips\/cs\/affiliate\/#breadcrumb"},"inLanguage":"cs","potentialAction":[{"@type":"ReadAction","target":["https:\/\/888starz.tips\/cs\/affiliate\/"]}]},{"@type":"BreadcrumbList","@id":"https:\/\/888starz.tips\/cs\/affiliate\/#breadcrumb","itemListElement":[{"@type":"ListItem","position":1,"name":"Home","item":"https:\/\/888starz.tips\/cs\/"},{"@type":"ListItem","position":2,"name":"Partnersk\u00e9 str\u00e1nky"}]},{"@type":"WebSite","@id":"https:\/\/888starz.tips\/cs\/#website","url":"https:\/\/888starz.tips\/cs\/","name":"888starz Tips cs","description":"My WordPress Blog","potentialAction":[{"@type":"SearchAction","target":{"@type":"EntryPoint","urlTemplate":"https:\/\/888starz.tips\/cs\/?s={search_term_string}"},"query-input":{"@type":"PropertyValueSpecification","valueRequired":true,"valueName":"search_term_string"}}],"inLanguage":"cs"}]}},"_links":{"self":[{"href":"https:\/\/888starz.tips\/cs\/wp-json\/wp\/v2\/pages\/471","targetHints":{"allow":["GET"]}}],"collection":[{"href":"https:\/\/888starz.tips\/cs\/wp-json\/wp\/v2\/pages"}],"about":[{"href":"https:\/\/888starz.tips\/cs\/wp-json\/wp\/v2\/types\/page"}],"author":[{"embeddable":true,"href":"https:\/\/888starz.tips\/cs\/wp-json\/wp\/v2\/users\/1"}],"replies":[{"embeddable":true,"href":"https:\/\/888starz.tips\/cs\/wp-json\/wp\/v2\/comments?post=471"}],"version-history":[{"count":6,"href":"https:\/\/888starz.tips\/cs\/wp-json\/wp\/v2\/pages\/471\/revisions"}],"predecessor-version":[{"id":518,"href":"https:\/\/888starz.tips\/cs\/wp-json\/wp\/v2\/pages\/471\/revisions\/518"}],"wp:attachment":[{"href":"https:\/\/888starz.tips\/cs\/wp-json\/wp\/v2\/media?parent=471"}],"curies":[{"name":"wp","href":"https:\/\/api.w.org\/{rel}","templated":true}]}}