{"id":451,"date":"2025-01-27T13:46:18","date_gmt":"2025-01-27T13:46:18","guid":{"rendered":"https:\/\/888starz.tips\/es\/?page_id=451"},"modified":"2025-09-23T05:43:25","modified_gmt":"2025-09-23T05:43:25","slug":"promo-code","status":"publish","type":"page","link":"https:\/\/888starz.tips\/es\/promo-code\/","title":{"rendered":"Promo code"},"content":{"rendered":"","protected":false},"excerpt":{"rendered":"","protected":false},"author":1,"featured_media":0,"parent":0,"menu_order":0,"comment_status":"closed","ping_status":"closed","template":"","meta":{"footnotes":""},"class_list":["post-451","page","type-page","status-publish","hentry"],"yoast_head":"<!-- This site is optimized with the Yoast SEO plugin v27.4 - https:\/\/yoast.com\/product\/yoast-seo-wordpress\/ -->\n<title>888Starz C\u00f3digo Promocional 2025 \u2705 \u00a1Reclama tu bono del 100%!<\/title>\n<meta name=\"description\" content=\"\u00bfQuieres aumentar tus ganancias? \ud83d\udd25 \u00a1Desbloquea el exclusivo c\u00f3digo promocional 2025 de 888Starz y ll\u00e9vate un enorme bono del 100% hoy mismo! No esperes m\u00e1s, \u00a1tu viaje al jackpot comienza ahora!\" \/>\n<meta name=\"robots\" content=\"index, follow, max-snippet:-1, max-image-preview:large, max-video-preview:-1\" \/>\n<meta property=\"og:locale\" content=\"es_ES\" \/>\n<meta property=\"og:type\" content=\"article\" \/>\n<meta property=\"og:title\" content=\"888Starz C\u00f3digo Promocional 2025 \u2705 \u00a1Reclama tu bono del 100%!\" \/>\n<meta property=\"og:description\" content=\"\u00bfQuieres aumentar tus ganancias? \ud83d\udd25 \u00a1Desbloquea el exclusivo c\u00f3digo promocional 2025 de 888Starz y ll\u00e9vate un enorme bono del 100% hoy mismo! No esperes m\u00e1s, \u00a1tu viaje al jackpot comienza ahora!\" \/>\n<meta property=\"og:url\" content=\"https:\/\/888starz.tips\/es\/promo-code\/\" \/>\n<meta property=\"og:site_name\" content=\"888Starz Tips es\" \/>\n<meta property=\"article:modified_time\" content=\"2025-09-23T05:43:25+00:00\" \/>\n<meta name=\"twitter:card\" content=\"summary_large_image\" \/>\n<script type=\"application\/ld+json\" class=\"yoast-schema-graph\">{\"@context\":\"https:\\\/\\\/schema.org\",\"@graph\":[{\"@type\":\"WebPage\",\"@id\":\"https:\\\/\\\/888starz.tips\\\/es\\\/promo-code\\\/\",\"url\":\"https:\\\/\\\/888starz.tips\\\/es\\\/promo-code\\\/\",\"name\":\"888Starz C\u00f3digo Promocional 2025 \u2705 \u00a1Reclama tu bono del 100%!\",\"isPartOf\":{\"@id\":\"https:\\\/\\\/888starz.tips\\\/es\\\/#website\"},\"datePublished\":\"2025-01-27T13:46:18+00:00\",\"dateModified\":\"2025-09-23T05:43:25+00:00\",\"description\":\"\u00bfQuieres aumentar tus ganancias? \ud83d\udd25 \u00a1Desbloquea el exclusivo c\u00f3digo promocional 2025 de 888Starz y ll\u00e9vate un enorme bono del 100% hoy mismo! No esperes m\u00e1s, \u00a1tu viaje al jackpot comienza ahora!\",\"breadcrumb\":{\"@id\":\"https:\\\/\\\/888starz.tips\\\/es\\\/promo-code\\\/#breadcrumb\"},\"inLanguage\":\"es\",\"potentialAction\":[{\"@type\":\"ReadAction\",\"target\":[\"https:\\\/\\\/888starz.tips\\\/es\\\/promo-code\\\/\"]}]},{\"@type\":\"BreadcrumbList\",\"@id\":\"https:\\\/\\\/888starz.tips\\\/es\\\/promo-code\\\/#breadcrumb\",\"itemListElement\":[{\"@type\":\"ListItem\",\"position\":1,\"name\":\"Home\",\"item\":\"https:\\\/\\\/888starz.tips\\\/es\\\/\"},{\"@type\":\"ListItem\",\"position\":2,\"name\":\"Promo code\"}]},{\"@type\":\"WebSite\",\"@id\":\"https:\\\/\\\/888starz.tips\\\/es\\\/#website\",\"url\":\"https:\\\/\\\/888starz.tips\\\/es\\\/\",\"name\":\"888Starz Tips es\",\"description\":\"My WordPress Blog\",\"potentialAction\":[{\"@type\":\"SearchAction\",\"target\":{\"@type\":\"EntryPoint\",\"urlTemplate\":\"https:\\\/\\\/888starz.tips\\\/es\\\/?s={search_term_string}\"},\"query-input\":{\"@type\":\"PropertyValueSpecification\",\"valueRequired\":true,\"valueName\":\"search_term_string\"}}],\"inLanguage\":\"es\"}]}<\/script>\n<!-- \/ Yoast SEO plugin. -->","yoast_head_json":{"title":"888Starz C\u00f3digo Promocional 2025 \u2705 \u00a1Reclama tu bono del 100%!","description":"\u00bfQuieres aumentar tus ganancias? \ud83d\udd25 \u00a1Desbloquea el exclusivo c\u00f3digo promocional 2025 de 888Starz y ll\u00e9vate un enorme bono del 100% hoy mismo! No esperes m\u00e1s, \u00a1tu viaje al jackpot comienza ahora!","robots":{"index":"index","follow":"follow","max-snippet":"max-snippet:-1","max-image-preview":"max-image-preview:large","max-video-preview":"max-video-preview:-1"},"og_locale":"es_ES","og_type":"article","og_title":"888Starz C\u00f3digo Promocional 2025 \u2705 \u00a1Reclama tu bono del 100%!","og_description":"\u00bfQuieres aumentar tus ganancias? \ud83d\udd25 \u00a1Desbloquea el exclusivo c\u00f3digo promocional 2025 de 888Starz y ll\u00e9vate un enorme bono del 100% hoy mismo! No esperes m\u00e1s, \u00a1tu viaje al jackpot comienza ahora!","og_url":"https:\/\/888starz.tips\/es\/promo-code\/","og_site_name":"888Starz Tips es","article_modified_time":"2025-09-23T05:43:25+00:00","twitter_card":"summary_large_image","schema":{"@context":"https:\/\/schema.org","@graph":[{"@type":"WebPage","@id":"https:\/\/888starz.tips\/es\/promo-code\/","url":"https:\/\/888starz.tips\/es\/promo-code\/","name":"888Starz C\u00f3digo Promocional 2025 \u2705 \u00a1Reclama tu bono del 100%!","isPartOf":{"@id":"https:\/\/888starz.tips\/es\/#website"},"datePublished":"2025-01-27T13:46:18+00:00","dateModified":"2025-09-23T05:43:25+00:00","description":"\u00bfQuieres aumentar tus ganancias? \ud83d\udd25 \u00a1Desbloquea el exclusivo c\u00f3digo promocional 2025 de 888Starz y ll\u00e9vate un enorme bono del 100% hoy mismo! No esperes m\u00e1s, \u00a1tu viaje al jackpot comienza ahora!","breadcrumb":{"@id":"https:\/\/888starz.tips\/es\/promo-code\/#breadcrumb"},"inLanguage":"es","potentialAction":[{"@type":"ReadAction","target":["https:\/\/888starz.tips\/es\/promo-code\/"]}]},{"@type":"BreadcrumbList","@id":"https:\/\/888starz.tips\/es\/promo-code\/#breadcrumb","itemListElement":[{"@type":"ListItem","position":1,"name":"Home","item":"https:\/\/888starz.tips\/es\/"},{"@type":"ListItem","position":2,"name":"Promo code"}]},{"@type":"WebSite","@id":"https:\/\/888starz.tips\/es\/#website","url":"https:\/\/888starz.tips\/es\/","name":"888Starz Tips es","description":"My WordPress Blog","potentialAction":[{"@type":"SearchAction","target":{"@type":"EntryPoint","urlTemplate":"https:\/\/888starz.tips\/es\/?s={search_term_string}"},"query-input":{"@type":"PropertyValueSpecification","valueRequired":true,"valueName":"search_term_string"}}],"inLanguage":"es"}]}},"_links":{"self":[{"href":"https:\/\/888starz.tips\/es\/wp-json\/wp\/v2\/pages\/451","targetHints":{"allow":["GET"]}}],"collection":[{"href":"https:\/\/888starz.tips\/es\/wp-json\/wp\/v2\/pages"}],"about":[{"href":"https:\/\/888starz.tips\/es\/wp-json\/wp\/v2\/types\/page"}],"author":[{"embeddable":true,"href":"https:\/\/888starz.tips\/es\/wp-json\/wp\/v2\/users\/1"}],"replies":[{"embeddable":true,"href":"https:\/\/888starz.tips\/es\/wp-json\/wp\/v2\/comments?post=451"}],"version-history":[{"count":7,"href":"https:\/\/888starz.tips\/es\/wp-json\/wp\/v2\/pages\/451\/revisions"}],"predecessor-version":[{"id":523,"href":"https:\/\/888starz.tips\/es\/wp-json\/wp\/v2\/pages\/451\/revisions\/523"}],"wp:attachment":[{"href":"https:\/\/888starz.tips\/es\/wp-json\/wp\/v2\/media?parent=451"}],"curies":[{"name":"wp","href":"https:\/\/api.w.org\/{rel}","templated":true}]}}