{"id":2,"date":"2023-05-18T17:18:34","date_gmt":"2023-05-18T17:18:34","guid":{"rendered":"https:\/\/888starz.tips\/et\/?page_id=2"},"modified":"2025-10-17T14:48:44","modified_gmt":"2025-10-17T14:48:44","slug":"sample-page","status":"publish","type":"page","link":"https:\/\/888starz.tips\/et\/","title":{"rendered":"Kodu"},"content":{"rendered":"","protected":false},"excerpt":{"rendered":"","protected":false},"author":1,"featured_media":0,"parent":0,"menu_order":0,"comment_status":"closed","ping_status":"open","template":"","meta":{"footnotes":""},"class_list":["post-2","page","type-page","status-publish","hentry"],"yoast_head":"<!-- This site is optimized with the Yoast SEO plugin v25.7 - https:\/\/yoast.com\/wordpress\/plugins\/seo\/ -->\n<title>888Starz spordikihlvedude ja kasiino veebisait \u2714\ufe0f Registreeru<\/title>\n<meta name=\"description\" content=\"888Starz on juhtiv rahvusvaheline br\u00e4nd, mis pakub tipptasemel blockchain-p\u00f5hiseid spordikihlvedusid ja kasiinom\u00e4nge \ud83d\uddf8 888Starz ametlik kihlvedude veebisait\" \/>\n<meta name=\"robots\" content=\"index, follow, max-snippet:-1, max-image-preview:large, max-video-preview:-1\" \/>\n<meta property=\"og:locale\" content=\"et_EE\" \/>\n<meta property=\"og:type\" content=\"article\" \/>\n<meta property=\"og:title\" content=\"888Starz spordikihlvedude ja kasiino veebisait \u2714\ufe0f Registreeru\" \/>\n<meta property=\"og:description\" content=\"888Starz on juhtiv rahvusvaheline br\u00e4nd, mis pakub tipptasemel blockchain-p\u00f5hiseid spordikihlvedusid ja kasiinom\u00e4nge \ud83d\uddf8 888Starz ametlik kihlvedude veebisait\" \/>\n<meta property=\"og:url\" content=\"https:\/\/888starz.tips\/et\/\" \/>\n<meta property=\"og:site_name\" content=\"888Starz Tips et\" \/>\n<meta property=\"article:modified_time\" content=\"2025-10-17T14:48:44+00:00\" \/>\n<meta name=\"twitter:card\" content=\"summary_large_image\" \/>\n<script type=\"application\/ld+json\" class=\"yoast-schema-graph\">{\"@context\":\"https:\/\/schema.org\",\"@graph\":[{\"@type\":\"WebPage\",\"@id\":\"https:\/\/888starz.tips\/et\/\",\"url\":\"https:\/\/888starz.tips\/et\/\",\"name\":\"888Starz spordikihlvedude ja kasiino veebisait \u2714\ufe0f Registreeru\",\"isPartOf\":{\"@id\":\"https:\/\/888starz.tips\/et\/#website\"},\"datePublished\":\"2023-05-18T17:18:34+00:00\",\"dateModified\":\"2025-10-17T14:48:44+00:00\",\"description\":\"888Starz on juhtiv rahvusvaheline br\u00e4nd, mis pakub tipptasemel blockchain-p\u00f5hiseid spordikihlvedusid ja kasiinom\u00e4nge \ud83d\uddf8 888Starz ametlik kihlvedude veebisait\",\"breadcrumb\":{\"@id\":\"https:\/\/888starz.tips\/et\/#breadcrumb\"},\"inLanguage\":\"et\",\"potentialAction\":[{\"@type\":\"ReadAction\",\"target\":[\"https:\/\/888starz.tips\/et\/\"]}]},{\"@type\":\"BreadcrumbList\",\"@id\":\"https:\/\/888starz.tips\/et\/#breadcrumb\",\"itemListElement\":[{\"@type\":\"ListItem\",\"position\":1,\"name\":\"Home\",\"item\":\"https:\/\/888starz.tips\/et\/\"},{\"@type\":\"ListItem\",\"position\":2,\"name\":\"Kodu\"}]},{\"@type\":\"WebSite\",\"@id\":\"https:\/\/888starz.tips\/et\/#website\",\"url\":\"https:\/\/888starz.tips\/et\/\",\"name\":\"888Starz Tips et\",\"description\":\"My WordPress Blog\",\"potentialAction\":[{\"@type\":\"SearchAction\",\"target\":{\"@type\":\"EntryPoint\",\"urlTemplate\":\"https:\/\/888starz.tips\/et\/?s={search_term_string}\"},\"query-input\":{\"@type\":\"PropertyValueSpecification\",\"valueRequired\":true,\"valueName\":\"search_term_string\"}}],\"inLanguage\":\"et\"}]}<\/script>\n<!-- \/ Yoast SEO plugin. -->","yoast_head_json":{"title":"888Starz spordikihlvedude ja kasiino veebisait \u2714\ufe0f Registreeru","description":"888Starz on juhtiv rahvusvaheline br\u00e4nd, mis pakub tipptasemel blockchain-p\u00f5hiseid spordikihlvedusid ja kasiinom\u00e4nge \ud83d\uddf8 888Starz ametlik kihlvedude veebisait","robots":{"index":"index","follow":"follow","max-snippet":"max-snippet:-1","max-image-preview":"max-image-preview:large","max-video-preview":"max-video-preview:-1"},"og_locale":"et_EE","og_type":"article","og_title":"888Starz spordikihlvedude ja kasiino veebisait \u2714\ufe0f Registreeru","og_description":"888Starz on juhtiv rahvusvaheline br\u00e4nd, mis pakub tipptasemel blockchain-p\u00f5hiseid spordikihlvedusid ja kasiinom\u00e4nge \ud83d\uddf8 888Starz ametlik kihlvedude veebisait","og_url":"https:\/\/888starz.tips\/et\/","og_site_name":"888Starz Tips et","article_modified_time":"2025-10-17T14:48:44+00:00","twitter_card":"summary_large_image","schema":{"@context":"https:\/\/schema.org","@graph":[{"@type":"WebPage","@id":"https:\/\/888starz.tips\/et\/","url":"https:\/\/888starz.tips\/et\/","name":"888Starz spordikihlvedude ja kasiino veebisait \u2714\ufe0f Registreeru","isPartOf":{"@id":"https:\/\/888starz.tips\/et\/#website"},"datePublished":"2023-05-18T17:18:34+00:00","dateModified":"2025-10-17T14:48:44+00:00","description":"888Starz on juhtiv rahvusvaheline br\u00e4nd, mis pakub tipptasemel blockchain-p\u00f5hiseid spordikihlvedusid ja kasiinom\u00e4nge \ud83d\uddf8 888Starz ametlik kihlvedude veebisait","breadcrumb":{"@id":"https:\/\/888starz.tips\/et\/#breadcrumb"},"inLanguage":"et","potentialAction":[{"@type":"ReadAction","target":["https:\/\/888starz.tips\/et\/"]}]},{"@type":"BreadcrumbList","@id":"https:\/\/888starz.tips\/et\/#breadcrumb","itemListElement":[{"@type":"ListItem","position":1,"name":"Home","item":"https:\/\/888starz.tips\/et\/"},{"@type":"ListItem","position":2,"name":"Kodu"}]},{"@type":"WebSite","@id":"https:\/\/888starz.tips\/et\/#website","url":"https:\/\/888starz.tips\/et\/","name":"888Starz Tips et","description":"My WordPress Blog","potentialAction":[{"@type":"SearchAction","target":{"@type":"EntryPoint","urlTemplate":"https:\/\/888starz.tips\/et\/?s={search_term_string}"},"query-input":{"@type":"PropertyValueSpecification","valueRequired":true,"valueName":"search_term_string"}}],"inLanguage":"et"}]}},"_links":{"self":[{"href":"https:\/\/888starz.tips\/et\/wp-json\/wp\/v2\/pages\/2","targetHints":{"allow":["GET"]}}],"collection":[{"href":"https:\/\/888starz.tips\/et\/wp-json\/wp\/v2\/pages"}],"about":[{"href":"https:\/\/888starz.tips\/et\/wp-json\/wp\/v2\/types\/page"}],"author":[{"embeddable":true,"href":"https:\/\/888starz.tips\/et\/wp-json\/wp\/v2\/users\/1"}],"replies":[{"embeddable":true,"href":"https:\/\/888starz.tips\/et\/wp-json\/wp\/v2\/comments?post=2"}],"version-history":[{"count":98,"href":"https:\/\/888starz.tips\/et\/wp-json\/wp\/v2\/pages\/2\/revisions"}],"predecessor-version":[{"id":665,"href":"https:\/\/888starz.tips\/et\/wp-json\/wp\/v2\/pages\/2\/revisions\/665"}],"wp:attachment":[{"href":"https:\/\/888starz.tips\/et\/wp-json\/wp\/v2\/media?parent=2"}],"curies":[{"name":"wp","href":"https:\/\/api.w.org\/{rel}","templated":true}]}}