{"id":290,"date":"2024-09-05T06:01:53","date_gmt":"2024-09-05T06:01:53","guid":{"rendered":"https:\/\/888starz.tips\/et\/?page_id=290"},"modified":"2025-09-24T17:14:16","modified_gmt":"2025-09-24T17:14:16","slug":"login","status":"publish","type":"page","link":"https:\/\/888starz.tips\/et\/login\/","title":{"rendered":"Logi sisse"},"content":{"rendered":"","protected":false},"excerpt":{"rendered":"","protected":false},"author":1,"featured_media":0,"parent":0,"menu_order":0,"comment_status":"closed","ping_status":"closed","template":"","meta":{"footnotes":""},"class_list":["post-290","page","type-page","status-publish","hentry"],"yoast_head":"<!-- This site is optimized with the Yoast SEO plugin v27.4 - https:\/\/yoast.com\/product\/yoast-seo-wordpress\/ -->\n<title>888Starz sisselogimine \u1409 Logi sisse oma 888Starz kontole<\/title>\n<meta name=\"description\" content=\"Kuidas sisse logida 888Starz kontosse \u2713 Mine 888starz veebilehele v\u00f5i rakendusse ja sisesta oma sisselogimise andmed n\u00f5utud v\u00e4ljadesse \u2713 Kl\u00f5psa 888Starz sisselogimise nupule ja alusta panustamist\" \/>\n<meta name=\"robots\" content=\"index, follow, max-snippet:-1, max-image-preview:large, max-video-preview:-1\" \/>\n<meta property=\"og:locale\" content=\"et_EE\" \/>\n<meta property=\"og:type\" content=\"article\" \/>\n<meta property=\"og:title\" content=\"888Starz sisselogimine \u1409 Logi sisse oma 888Starz kontole\" \/>\n<meta property=\"og:description\" content=\"Kuidas sisse logida 888Starz kontosse \u2713 Mine 888starz veebilehele v\u00f5i rakendusse ja sisesta oma sisselogimise andmed n\u00f5utud v\u00e4ljadesse \u2713 Kl\u00f5psa 888Starz sisselogimise nupule ja alusta panustamist\" \/>\n<meta property=\"og:url\" content=\"https:\/\/888starz.tips\/et\/login\/\" \/>\n<meta property=\"og:site_name\" content=\"888Starz Tips et\" \/>\n<meta property=\"article:modified_time\" content=\"2025-09-24T17:14:16+00:00\" \/>\n<meta name=\"twitter:card\" content=\"summary_large_image\" \/>\n<script type=\"application\/ld+json\" class=\"yoast-schema-graph\">{\"@context\":\"https:\\\/\\\/schema.org\",\"@graph\":[{\"@type\":\"WebPage\",\"@id\":\"https:\\\/\\\/888starz.tips\\\/et\\\/login\\\/\",\"url\":\"https:\\\/\\\/888starz.tips\\\/et\\\/login\\\/\",\"name\":\"888Starz sisselogimine \u1409 Logi sisse oma 888Starz kontole\",\"isPartOf\":{\"@id\":\"https:\\\/\\\/888starz.tips\\\/et\\\/#website\"},\"datePublished\":\"2024-09-05T06:01:53+00:00\",\"dateModified\":\"2025-09-24T17:14:16+00:00\",\"description\":\"Kuidas sisse logida 888Starz kontosse \u2713 Mine 888starz veebilehele v\u00f5i rakendusse ja sisesta oma sisselogimise andmed n\u00f5utud v\u00e4ljadesse \u2713 Kl\u00f5psa 888Starz sisselogimise nupule ja alusta panustamist\",\"breadcrumb\":{\"@id\":\"https:\\\/\\\/888starz.tips\\\/et\\\/login\\\/#breadcrumb\"},\"inLanguage\":\"et\",\"potentialAction\":[{\"@type\":\"ReadAction\",\"target\":[\"https:\\\/\\\/888starz.tips\\\/et\\\/login\\\/\"]}]},{\"@type\":\"BreadcrumbList\",\"@id\":\"https:\\\/\\\/888starz.tips\\\/et\\\/login\\\/#breadcrumb\",\"itemListElement\":[{\"@type\":\"ListItem\",\"position\":1,\"name\":\"Home\",\"item\":\"https:\\\/\\\/888starz.tips\\\/et\\\/\"},{\"@type\":\"ListItem\",\"position\":2,\"name\":\"Logi sisse\"}]},{\"@type\":\"WebSite\",\"@id\":\"https:\\\/\\\/888starz.tips\\\/et\\\/#website\",\"url\":\"https:\\\/\\\/888starz.tips\\\/et\\\/\",\"name\":\"888Starz Tips et\",\"description\":\"My WordPress Blog\",\"potentialAction\":[{\"@type\":\"SearchAction\",\"target\":{\"@type\":\"EntryPoint\",\"urlTemplate\":\"https:\\\/\\\/888starz.tips\\\/et\\\/?s={search_term_string}\"},\"query-input\":{\"@type\":\"PropertyValueSpecification\",\"valueRequired\":true,\"valueName\":\"search_term_string\"}}],\"inLanguage\":\"et\"}]}<\/script>\n<!-- \/ Yoast SEO plugin. -->","yoast_head_json":{"title":"888Starz sisselogimine \u1409 Logi sisse oma 888Starz kontole","description":"Kuidas sisse logida 888Starz kontosse \u2713 Mine 888starz veebilehele v\u00f5i rakendusse ja sisesta oma sisselogimise andmed n\u00f5utud v\u00e4ljadesse \u2713 Kl\u00f5psa 888Starz sisselogimise nupule ja alusta panustamist","robots":{"index":"index","follow":"follow","max-snippet":"max-snippet:-1","max-image-preview":"max-image-preview:large","max-video-preview":"max-video-preview:-1"},"og_locale":"et_EE","og_type":"article","og_title":"888Starz sisselogimine \u1409 Logi sisse oma 888Starz kontole","og_description":"Kuidas sisse logida 888Starz kontosse \u2713 Mine 888starz veebilehele v\u00f5i rakendusse ja sisesta oma sisselogimise andmed n\u00f5utud v\u00e4ljadesse \u2713 Kl\u00f5psa 888Starz sisselogimise nupule ja alusta panustamist","og_url":"https:\/\/888starz.tips\/et\/login\/","og_site_name":"888Starz Tips et","article_modified_time":"2025-09-24T17:14:16+00:00","twitter_card":"summary_large_image","schema":{"@context":"https:\/\/schema.org","@graph":[{"@type":"WebPage","@id":"https:\/\/888starz.tips\/et\/login\/","url":"https:\/\/888starz.tips\/et\/login\/","name":"888Starz sisselogimine \u1409 Logi sisse oma 888Starz kontole","isPartOf":{"@id":"https:\/\/888starz.tips\/et\/#website"},"datePublished":"2024-09-05T06:01:53+00:00","dateModified":"2025-09-24T17:14:16+00:00","description":"Kuidas sisse logida 888Starz kontosse \u2713 Mine 888starz veebilehele v\u00f5i rakendusse ja sisesta oma sisselogimise andmed n\u00f5utud v\u00e4ljadesse \u2713 Kl\u00f5psa 888Starz sisselogimise nupule ja alusta panustamist","breadcrumb":{"@id":"https:\/\/888starz.tips\/et\/login\/#breadcrumb"},"inLanguage":"et","potentialAction":[{"@type":"ReadAction","target":["https:\/\/888starz.tips\/et\/login\/"]}]},{"@type":"BreadcrumbList","@id":"https:\/\/888starz.tips\/et\/login\/#breadcrumb","itemListElement":[{"@type":"ListItem","position":1,"name":"Home","item":"https:\/\/888starz.tips\/et\/"},{"@type":"ListItem","position":2,"name":"Logi sisse"}]},{"@type":"WebSite","@id":"https:\/\/888starz.tips\/et\/#website","url":"https:\/\/888starz.tips\/et\/","name":"888Starz Tips et","description":"My WordPress Blog","potentialAction":[{"@type":"SearchAction","target":{"@type":"EntryPoint","urlTemplate":"https:\/\/888starz.tips\/et\/?s={search_term_string}"},"query-input":{"@type":"PropertyValueSpecification","valueRequired":true,"valueName":"search_term_string"}}],"inLanguage":"et"}]}},"_links":{"self":[{"href":"https:\/\/888starz.tips\/et\/wp-json\/wp\/v2\/pages\/290","targetHints":{"allow":["GET"]}}],"collection":[{"href":"https:\/\/888starz.tips\/et\/wp-json\/wp\/v2\/pages"}],"about":[{"href":"https:\/\/888starz.tips\/et\/wp-json\/wp\/v2\/types\/page"}],"author":[{"embeddable":true,"href":"https:\/\/888starz.tips\/et\/wp-json\/wp\/v2\/users\/1"}],"replies":[{"embeddable":true,"href":"https:\/\/888starz.tips\/et\/wp-json\/wp\/v2\/comments?post=290"}],"version-history":[{"count":27,"href":"https:\/\/888starz.tips\/et\/wp-json\/wp\/v2\/pages\/290\/revisions"}],"predecessor-version":[{"id":646,"href":"https:\/\/888starz.tips\/et\/wp-json\/wp\/v2\/pages\/290\/revisions\/646"}],"wp:attachment":[{"href":"https:\/\/888starz.tips\/et\/wp-json\/wp\/v2\/media?parent=290"}],"curies":[{"name":"wp","href":"https:\/\/api.w.org\/{rel}","templated":true}]}}