{"id":471,"date":"2025-01-28T05:38:45","date_gmt":"2025-01-28T05:38:45","guid":{"rendered":"https:\/\/888starz.tips\/et\/?page_id=471"},"modified":"2025-10-04T13:51:38","modified_gmt":"2025-10-04T13:51:38","slug":"affiliate","status":"publish","type":"page","link":"https:\/\/888starz.tips\/et\/affiliate\/","title":{"rendered":"Affiliate"},"content":{"rendered":"","protected":false},"excerpt":{"rendered":"","protected":false},"author":1,"featured_media":0,"parent":0,"menu_order":0,"comment_status":"closed","ping_status":"closed","template":"","meta":{"footnotes":""},"class_list":["post-471","page","type-page","status-publish","hentry"],"yoast_head":"<!-- This site is optimized with the Yoast SEO plugin v27.4 - https:\/\/yoast.com\/product\/yoast-seo-wordpress\/ -->\n<title>888Starz Partner: \u2705 Premium iGaming partnerlusprogramm<\/title>\n<meta name=\"description\" content=\"Liituge 888Starz partnerprogrammiga juba t\u00e4na! \ud83d\ude80 Avastage p\u00f5nevad sissetulekuv\u00f5imalused, suurep\u00e4rased soodustused ja esmaklassiline tugi. \u00c4rge piirduge m\u00e4ngu vaatamisega \u2013 m\u00e4ngige koos meiega, et V\u00d5ITA! \ud83d\udcb0 Optimeerige oma sissetulekuid ja hakake kohe teenima REAALSET raha!\" \/>\n<meta name=\"robots\" content=\"index, follow, max-snippet:-1, max-image-preview:large, max-video-preview:-1\" \/>\n<meta property=\"og:locale\" content=\"et_EE\" \/>\n<meta property=\"og:type\" content=\"article\" \/>\n<meta property=\"og:title\" content=\"888Starz Partner: \u2705 Premium iGaming partnerlusprogramm\" \/>\n<meta property=\"og:description\" content=\"Liituge 888Starz partnerprogrammiga juba t\u00e4na! \ud83d\ude80 Avastage p\u00f5nevad sissetulekuv\u00f5imalused, suurep\u00e4rased soodustused ja esmaklassiline tugi. \u00c4rge piirduge m\u00e4ngu vaatamisega \u2013 m\u00e4ngige koos meiega, et V\u00d5ITA! \ud83d\udcb0 Optimeerige oma sissetulekuid ja hakake kohe teenima REAALSET raha!\" \/>\n<meta property=\"og:url\" content=\"https:\/\/888starz.tips\/et\/affiliate\/\" \/>\n<meta property=\"og:site_name\" content=\"888Starz Tips et\" \/>\n<meta property=\"article:modified_time\" content=\"2025-10-04T13:51:38+00:00\" \/>\n<meta name=\"twitter:card\" content=\"summary_large_image\" \/>\n<script type=\"application\/ld+json\" class=\"yoast-schema-graph\">{\"@context\":\"https:\\\/\\\/schema.org\",\"@graph\":[{\"@type\":\"WebPage\",\"@id\":\"https:\\\/\\\/888starz.tips\\\/et\\\/affiliate\\\/\",\"url\":\"https:\\\/\\\/888starz.tips\\\/et\\\/affiliate\\\/\",\"name\":\"888Starz Partner: \u2705 Premium iGaming partnerlusprogramm\",\"isPartOf\":{\"@id\":\"https:\\\/\\\/888starz.tips\\\/et\\\/#website\"},\"datePublished\":\"2025-01-28T05:38:45+00:00\",\"dateModified\":\"2025-10-04T13:51:38+00:00\",\"description\":\"Liituge 888Starz partnerprogrammiga juba t\u00e4na! \ud83d\ude80 Avastage p\u00f5nevad sissetulekuv\u00f5imalused, suurep\u00e4rased soodustused ja esmaklassiline tugi. \u00c4rge piirduge m\u00e4ngu vaatamisega \u2013 m\u00e4ngige koos meiega, et V\u00d5ITA! \ud83d\udcb0 Optimeerige oma sissetulekuid ja hakake kohe teenima REAALSET raha!\",\"breadcrumb\":{\"@id\":\"https:\\\/\\\/888starz.tips\\\/et\\\/affiliate\\\/#breadcrumb\"},\"inLanguage\":\"et\",\"potentialAction\":[{\"@type\":\"ReadAction\",\"target\":[\"https:\\\/\\\/888starz.tips\\\/et\\\/affiliate\\\/\"]}]},{\"@type\":\"BreadcrumbList\",\"@id\":\"https:\\\/\\\/888starz.tips\\\/et\\\/affiliate\\\/#breadcrumb\",\"itemListElement\":[{\"@type\":\"ListItem\",\"position\":1,\"name\":\"Home\",\"item\":\"https:\\\/\\\/888starz.tips\\\/et\\\/\"},{\"@type\":\"ListItem\",\"position\":2,\"name\":\"Affiliate\"}]},{\"@type\":\"WebSite\",\"@id\":\"https:\\\/\\\/888starz.tips\\\/et\\\/#website\",\"url\":\"https:\\\/\\\/888starz.tips\\\/et\\\/\",\"name\":\"888Starz Tips et\",\"description\":\"My WordPress Blog\",\"potentialAction\":[{\"@type\":\"SearchAction\",\"target\":{\"@type\":\"EntryPoint\",\"urlTemplate\":\"https:\\\/\\\/888starz.tips\\\/et\\\/?s={search_term_string}\"},\"query-input\":{\"@type\":\"PropertyValueSpecification\",\"valueRequired\":true,\"valueName\":\"search_term_string\"}}],\"inLanguage\":\"et\"}]}<\/script>\n<!-- \/ Yoast SEO plugin. -->","yoast_head_json":{"title":"888Starz Partner: \u2705 Premium iGaming partnerlusprogramm","description":"Liituge 888Starz partnerprogrammiga juba t\u00e4na! \ud83d\ude80 Avastage p\u00f5nevad sissetulekuv\u00f5imalused, suurep\u00e4rased soodustused ja esmaklassiline tugi. \u00c4rge piirduge m\u00e4ngu vaatamisega \u2013 m\u00e4ngige koos meiega, et V\u00d5ITA! \ud83d\udcb0 Optimeerige oma sissetulekuid ja hakake kohe teenima REAALSET raha!","robots":{"index":"index","follow":"follow","max-snippet":"max-snippet:-1","max-image-preview":"max-image-preview:large","max-video-preview":"max-video-preview:-1"},"og_locale":"et_EE","og_type":"article","og_title":"888Starz Partner: \u2705 Premium iGaming partnerlusprogramm","og_description":"Liituge 888Starz partnerprogrammiga juba t\u00e4na! \ud83d\ude80 Avastage p\u00f5nevad sissetulekuv\u00f5imalused, suurep\u00e4rased soodustused ja esmaklassiline tugi. \u00c4rge piirduge m\u00e4ngu vaatamisega \u2013 m\u00e4ngige koos meiega, et V\u00d5ITA! \ud83d\udcb0 Optimeerige oma sissetulekuid ja hakake kohe teenima REAALSET raha!","og_url":"https:\/\/888starz.tips\/et\/affiliate\/","og_site_name":"888Starz Tips et","article_modified_time":"2025-10-04T13:51:38+00:00","twitter_card":"summary_large_image","schema":{"@context":"https:\/\/schema.org","@graph":[{"@type":"WebPage","@id":"https:\/\/888starz.tips\/et\/affiliate\/","url":"https:\/\/888starz.tips\/et\/affiliate\/","name":"888Starz Partner: \u2705 Premium iGaming partnerlusprogramm","isPartOf":{"@id":"https:\/\/888starz.tips\/et\/#website"},"datePublished":"2025-01-28T05:38:45+00:00","dateModified":"2025-10-04T13:51:38+00:00","description":"Liituge 888Starz partnerprogrammiga juba t\u00e4na! \ud83d\ude80 Avastage p\u00f5nevad sissetulekuv\u00f5imalused, suurep\u00e4rased soodustused ja esmaklassiline tugi. \u00c4rge piirduge m\u00e4ngu vaatamisega \u2013 m\u00e4ngige koos meiega, et V\u00d5ITA! \ud83d\udcb0 Optimeerige oma sissetulekuid ja hakake kohe teenima REAALSET raha!","breadcrumb":{"@id":"https:\/\/888starz.tips\/et\/affiliate\/#breadcrumb"},"inLanguage":"et","potentialAction":[{"@type":"ReadAction","target":["https:\/\/888starz.tips\/et\/affiliate\/"]}]},{"@type":"BreadcrumbList","@id":"https:\/\/888starz.tips\/et\/affiliate\/#breadcrumb","itemListElement":[{"@type":"ListItem","position":1,"name":"Home","item":"https:\/\/888starz.tips\/et\/"},{"@type":"ListItem","position":2,"name":"Affiliate"}]},{"@type":"WebSite","@id":"https:\/\/888starz.tips\/et\/#website","url":"https:\/\/888starz.tips\/et\/","name":"888Starz Tips et","description":"My WordPress Blog","potentialAction":[{"@type":"SearchAction","target":{"@type":"EntryPoint","urlTemplate":"https:\/\/888starz.tips\/et\/?s={search_term_string}"},"query-input":{"@type":"PropertyValueSpecification","valueRequired":true,"valueName":"search_term_string"}}],"inLanguage":"et"}]}},"_links":{"self":[{"href":"https:\/\/888starz.tips\/et\/wp-json\/wp\/v2\/pages\/471","targetHints":{"allow":["GET"]}}],"collection":[{"href":"https:\/\/888starz.tips\/et\/wp-json\/wp\/v2\/pages"}],"about":[{"href":"https:\/\/888starz.tips\/et\/wp-json\/wp\/v2\/types\/page"}],"author":[{"embeddable":true,"href":"https:\/\/888starz.tips\/et\/wp-json\/wp\/v2\/users\/1"}],"replies":[{"embeddable":true,"href":"https:\/\/888starz.tips\/et\/wp-json\/wp\/v2\/comments?post=471"}],"version-history":[{"count":5,"href":"https:\/\/888starz.tips\/et\/wp-json\/wp\/v2\/pages\/471\/revisions"}],"predecessor-version":[{"id":634,"href":"https:\/\/888starz.tips\/et\/wp-json\/wp\/v2\/pages\/471\/revisions\/634"}],"wp:attachment":[{"href":"https:\/\/888starz.tips\/et\/wp-json\/wp\/v2\/media?parent=471"}],"curies":[{"name":"wp","href":"https:\/\/api.w.org\/{rel}","templated":true}]}}