{"id":517,"date":"2025-06-18T05:58:23","date_gmt":"2025-06-18T05:58:23","guid":{"rendered":"https:\/\/888starz.tips\/et\/?page_id=517"},"modified":"2025-09-24T18:06:23","modified_gmt":"2025-09-24T18:06:23","slug":"first-victory","status":"publish","type":"page","link":"https:\/\/888starz.tips\/et\/bonus\/first-victory\/","title":{"rendered":"Esimene v\u00f5it"},"content":{"rendered":"","protected":false},"excerpt":{"rendered":"","protected":false},"author":1,"featured_media":0,"parent":152,"menu_order":0,"comment_status":"closed","ping_status":"closed","template":"","meta":{"footnotes":""},"class_list":["post-517","page","type-page","status-publish","hentry"],"yoast_head":"<!-- This site is optimized with the Yoast SEO plugin v27.4 - https:\/\/yoast.com\/product\/yoast-seo-wordpress\/ -->\n<title>Panusta klubide maailmameistriv\u00f5istlustele 888Starz | 80 000 euro suurune auhinnafond!<\/title>\n<meta name=\"description\" content=\"Oled valmis t\u00f5eliste v\u00f5itude jaoks? Liitu 888Starziga ja tee panus 2025. aasta klubide maailmameistriv\u00f5istlustele! V\u00f5ida oma osa uskumatust 80 000 euro suurusest auhinnafondist! \u00c4ra j\u00e4ta v\u00f5imalust kasutamata, aktiveeri esimese v\u00f5idu kampaania ja n\u00e4ita, mida sa suudad!\" \/>\n<meta name=\"robots\" content=\"index, follow, max-snippet:-1, max-image-preview:large, max-video-preview:-1\" \/>\n<meta property=\"og:locale\" content=\"et_EE\" \/>\n<meta property=\"og:type\" content=\"article\" \/>\n<meta property=\"og:title\" content=\"Panusta klubide maailmameistriv\u00f5istlustele 888Starz | 80 000 euro suurune auhinnafond!\" \/>\n<meta property=\"og:description\" content=\"Oled valmis t\u00f5eliste v\u00f5itude jaoks? Liitu 888Starziga ja tee panus 2025. aasta klubide maailmameistriv\u00f5istlustele! V\u00f5ida oma osa uskumatust 80 000 euro suurusest auhinnafondist! \u00c4ra j\u00e4ta v\u00f5imalust kasutamata, aktiveeri esimese v\u00f5idu kampaania ja n\u00e4ita, mida sa suudad!\" \/>\n<meta property=\"og:url\" content=\"https:\/\/888starz.tips\/et\/bonus\/first-victory\/\" \/>\n<meta property=\"og:site_name\" content=\"888Starz Tips et\" \/>\n<meta property=\"article:modified_time\" content=\"2025-09-24T18:06:23+00:00\" \/>\n<meta name=\"twitter:card\" content=\"summary_large_image\" \/>\n<script type=\"application\/ld+json\" class=\"yoast-schema-graph\">{\"@context\":\"https:\\\/\\\/schema.org\",\"@graph\":[{\"@type\":\"WebPage\",\"@id\":\"https:\\\/\\\/888starz.tips\\\/et\\\/bonus\\\/first-victory\\\/\",\"url\":\"https:\\\/\\\/888starz.tips\\\/et\\\/bonus\\\/first-victory\\\/\",\"name\":\"Panusta klubide maailmameistriv\u00f5istlustele 888Starz | 80 000 euro suurune auhinnafond!\",\"isPartOf\":{\"@id\":\"https:\\\/\\\/888starz.tips\\\/et\\\/#website\"},\"datePublished\":\"2025-06-18T05:58:23+00:00\",\"dateModified\":\"2025-09-24T18:06:23+00:00\",\"description\":\"Oled valmis t\u00f5eliste v\u00f5itude jaoks? Liitu 888Starziga ja tee panus 2025. aasta klubide maailmameistriv\u00f5istlustele! V\u00f5ida oma osa uskumatust 80 000 euro suurusest auhinnafondist! \u00c4ra j\u00e4ta v\u00f5imalust kasutamata, aktiveeri esimese v\u00f5idu kampaania ja n\u00e4ita, mida sa suudad!\",\"breadcrumb\":{\"@id\":\"https:\\\/\\\/888starz.tips\\\/et\\\/bonus\\\/first-victory\\\/#breadcrumb\"},\"inLanguage\":\"et\",\"potentialAction\":[{\"@type\":\"ReadAction\",\"target\":[\"https:\\\/\\\/888starz.tips\\\/et\\\/bonus\\\/first-victory\\\/\"]}]},{\"@type\":\"BreadcrumbList\",\"@id\":\"https:\\\/\\\/888starz.tips\\\/et\\\/bonus\\\/first-victory\\\/#breadcrumb\",\"itemListElement\":[{\"@type\":\"ListItem\",\"position\":1,\"name\":\"Home\",\"item\":\"https:\\\/\\\/888starz.tips\\\/et\\\/\"},{\"@type\":\"ListItem\",\"position\":2,\"name\":\"Boonus\",\"item\":\"https:\\\/\\\/888starz.tips\\\/et\\\/bonus\\\/\"},{\"@type\":\"ListItem\",\"position\":3,\"name\":\"Esimene v\u00f5it\"}]},{\"@type\":\"WebSite\",\"@id\":\"https:\\\/\\\/888starz.tips\\\/et\\\/#website\",\"url\":\"https:\\\/\\\/888starz.tips\\\/et\\\/\",\"name\":\"888Starz Tips et\",\"description\":\"My WordPress Blog\",\"potentialAction\":[{\"@type\":\"SearchAction\",\"target\":{\"@type\":\"EntryPoint\",\"urlTemplate\":\"https:\\\/\\\/888starz.tips\\\/et\\\/?s={search_term_string}\"},\"query-input\":{\"@type\":\"PropertyValueSpecification\",\"valueRequired\":true,\"valueName\":\"search_term_string\"}}],\"inLanguage\":\"et\"}]}<\/script>\n<!-- \/ Yoast SEO plugin. -->","yoast_head_json":{"title":"Panusta klubide maailmameistriv\u00f5istlustele 888Starz | 80 000 euro suurune auhinnafond!","description":"Oled valmis t\u00f5eliste v\u00f5itude jaoks? Liitu 888Starziga ja tee panus 2025. aasta klubide maailmameistriv\u00f5istlustele! V\u00f5ida oma osa uskumatust 80 000 euro suurusest auhinnafondist! \u00c4ra j\u00e4ta v\u00f5imalust kasutamata, aktiveeri esimese v\u00f5idu kampaania ja n\u00e4ita, mida sa suudad!","robots":{"index":"index","follow":"follow","max-snippet":"max-snippet:-1","max-image-preview":"max-image-preview:large","max-video-preview":"max-video-preview:-1"},"og_locale":"et_EE","og_type":"article","og_title":"Panusta klubide maailmameistriv\u00f5istlustele 888Starz | 80 000 euro suurune auhinnafond!","og_description":"Oled valmis t\u00f5eliste v\u00f5itude jaoks? Liitu 888Starziga ja tee panus 2025. aasta klubide maailmameistriv\u00f5istlustele! V\u00f5ida oma osa uskumatust 80 000 euro suurusest auhinnafondist! \u00c4ra j\u00e4ta v\u00f5imalust kasutamata, aktiveeri esimese v\u00f5idu kampaania ja n\u00e4ita, mida sa suudad!","og_url":"https:\/\/888starz.tips\/et\/bonus\/first-victory\/","og_site_name":"888Starz Tips et","article_modified_time":"2025-09-24T18:06:23+00:00","twitter_card":"summary_large_image","schema":{"@context":"https:\/\/schema.org","@graph":[{"@type":"WebPage","@id":"https:\/\/888starz.tips\/et\/bonus\/first-victory\/","url":"https:\/\/888starz.tips\/et\/bonus\/first-victory\/","name":"Panusta klubide maailmameistriv\u00f5istlustele 888Starz | 80 000 euro suurune auhinnafond!","isPartOf":{"@id":"https:\/\/888starz.tips\/et\/#website"},"datePublished":"2025-06-18T05:58:23+00:00","dateModified":"2025-09-24T18:06:23+00:00","description":"Oled valmis t\u00f5eliste v\u00f5itude jaoks? Liitu 888Starziga ja tee panus 2025. aasta klubide maailmameistriv\u00f5istlustele! V\u00f5ida oma osa uskumatust 80 000 euro suurusest auhinnafondist! \u00c4ra j\u00e4ta v\u00f5imalust kasutamata, aktiveeri esimese v\u00f5idu kampaania ja n\u00e4ita, mida sa suudad!","breadcrumb":{"@id":"https:\/\/888starz.tips\/et\/bonus\/first-victory\/#breadcrumb"},"inLanguage":"et","potentialAction":[{"@type":"ReadAction","target":["https:\/\/888starz.tips\/et\/bonus\/first-victory\/"]}]},{"@type":"BreadcrumbList","@id":"https:\/\/888starz.tips\/et\/bonus\/first-victory\/#breadcrumb","itemListElement":[{"@type":"ListItem","position":1,"name":"Home","item":"https:\/\/888starz.tips\/et\/"},{"@type":"ListItem","position":2,"name":"Boonus","item":"https:\/\/888starz.tips\/et\/bonus\/"},{"@type":"ListItem","position":3,"name":"Esimene v\u00f5it"}]},{"@type":"WebSite","@id":"https:\/\/888starz.tips\/et\/#website","url":"https:\/\/888starz.tips\/et\/","name":"888Starz Tips et","description":"My WordPress Blog","potentialAction":[{"@type":"SearchAction","target":{"@type":"EntryPoint","urlTemplate":"https:\/\/888starz.tips\/et\/?s={search_term_string}"},"query-input":{"@type":"PropertyValueSpecification","valueRequired":true,"valueName":"search_term_string"}}],"inLanguage":"et"}]}},"_links":{"self":[{"href":"https:\/\/888starz.tips\/et\/wp-json\/wp\/v2\/pages\/517","targetHints":{"allow":["GET"]}}],"collection":[{"href":"https:\/\/888starz.tips\/et\/wp-json\/wp\/v2\/pages"}],"about":[{"href":"https:\/\/888starz.tips\/et\/wp-json\/wp\/v2\/types\/page"}],"author":[{"embeddable":true,"href":"https:\/\/888starz.tips\/et\/wp-json\/wp\/v2\/users\/1"}],"replies":[{"embeddable":true,"href":"https:\/\/888starz.tips\/et\/wp-json\/wp\/v2\/comments?post=517"}],"version-history":[{"count":6,"href":"https:\/\/888starz.tips\/et\/wp-json\/wp\/v2\/pages\/517\/revisions"}],"predecessor-version":[{"id":654,"href":"https:\/\/888starz.tips\/et\/wp-json\/wp\/v2\/pages\/517\/revisions\/654"}],"up":[{"embeddable":true,"href":"https:\/\/888starz.tips\/et\/wp-json\/wp\/v2\/pages\/152"}],"wp:attachment":[{"href":"https:\/\/888starz.tips\/et\/wp-json\/wp\/v2\/media?parent=517"}],"curies":[{"name":"wp","href":"https:\/\/api.w.org\/{rel}","templated":true}]}}