{"id":535,"date":"2025-06-18T07:09:49","date_gmt":"2025-06-18T07:09:49","guid":{"rendered":"https:\/\/888starz.tips\/et\/?page_id=535"},"modified":"2025-09-24T17:53:24","modified_gmt":"2025-09-24T17:53:24","slug":"aviator","status":"publish","type":"page","link":"https:\/\/888starz.tips\/et\/bonus\/aviator\/","title":{"rendered":"Aviator"},"content":{"rendered":"","protected":false},"excerpt":{"rendered":"","protected":false},"author":1,"featured_media":0,"parent":152,"menu_order":0,"comment_status":"closed","ping_status":"closed","template":"","meta":{"footnotes":""},"class_list":["post-535","page","type-page","status-publish","hentry"],"yoast_head":"<!-- This site is optimized with the Yoast SEO plugin v27.4 - https:\/\/yoast.com\/product\/yoast-seo-wordpress\/ -->\n<title>Eripakkumine 888Starz boonus | M\u00e4ngi Aviatorit ja saa tasuta stardid!<\/title>\n<meta name=\"description\" content=\"Oled valmis panuseid suurendama? 888Starz pakub sulle Aviatori m\u00e4ngimise eest eriboonust! Tee esmasp\u00e4eval sissemakse ja saa kuni 50 tasuta keerutust! \u00c4ra j\u00e4ta kasutamata v\u00f5imalust v\u00f5ita riskivabalt m\u00e4ngides.\" \/>\n<meta name=\"robots\" content=\"index, follow, max-snippet:-1, max-image-preview:large, max-video-preview:-1\" \/>\n<meta property=\"og:locale\" content=\"et_EE\" \/>\n<meta property=\"og:type\" content=\"article\" \/>\n<meta property=\"og:title\" content=\"Eripakkumine 888Starz boonus | M\u00e4ngi Aviatorit ja saa tasuta stardid!\" \/>\n<meta property=\"og:description\" content=\"Oled valmis panuseid suurendama? 888Starz pakub sulle Aviatori m\u00e4ngimise eest eriboonust! Tee esmasp\u00e4eval sissemakse ja saa kuni 50 tasuta keerutust! \u00c4ra j\u00e4ta kasutamata v\u00f5imalust v\u00f5ita riskivabalt m\u00e4ngides.\" \/>\n<meta property=\"og:url\" content=\"https:\/\/888starz.tips\/et\/bonus\/aviator\/\" \/>\n<meta property=\"og:site_name\" content=\"888Starz Tips et\" \/>\n<meta property=\"article:modified_time\" content=\"2025-09-24T17:53:24+00:00\" \/>\n<meta name=\"twitter:card\" content=\"summary_large_image\" \/>\n<script type=\"application\/ld+json\" class=\"yoast-schema-graph\">{\"@context\":\"https:\\\/\\\/schema.org\",\"@graph\":[{\"@type\":\"WebPage\",\"@id\":\"https:\\\/\\\/888starz.tips\\\/et\\\/bonus\\\/aviator\\\/\",\"url\":\"https:\\\/\\\/888starz.tips\\\/et\\\/bonus\\\/aviator\\\/\",\"name\":\"Eripakkumine 888Starz boonus | M\u00e4ngi Aviatorit ja saa tasuta stardid!\",\"isPartOf\":{\"@id\":\"https:\\\/\\\/888starz.tips\\\/et\\\/#website\"},\"datePublished\":\"2025-06-18T07:09:49+00:00\",\"dateModified\":\"2025-09-24T17:53:24+00:00\",\"description\":\"Oled valmis panuseid suurendama? 888Starz pakub sulle Aviatori m\u00e4ngimise eest eriboonust! Tee esmasp\u00e4eval sissemakse ja saa kuni 50 tasuta keerutust! \u00c4ra j\u00e4ta kasutamata v\u00f5imalust v\u00f5ita riskivabalt m\u00e4ngides.\",\"breadcrumb\":{\"@id\":\"https:\\\/\\\/888starz.tips\\\/et\\\/bonus\\\/aviator\\\/#breadcrumb\"},\"inLanguage\":\"et\",\"potentialAction\":[{\"@type\":\"ReadAction\",\"target\":[\"https:\\\/\\\/888starz.tips\\\/et\\\/bonus\\\/aviator\\\/\"]}]},{\"@type\":\"BreadcrumbList\",\"@id\":\"https:\\\/\\\/888starz.tips\\\/et\\\/bonus\\\/aviator\\\/#breadcrumb\",\"itemListElement\":[{\"@type\":\"ListItem\",\"position\":1,\"name\":\"Home\",\"item\":\"https:\\\/\\\/888starz.tips\\\/et\\\/\"},{\"@type\":\"ListItem\",\"position\":2,\"name\":\"Boonus\",\"item\":\"https:\\\/\\\/888starz.tips\\\/et\\\/bonus\\\/\"},{\"@type\":\"ListItem\",\"position\":3,\"name\":\"Aviator\"}]},{\"@type\":\"WebSite\",\"@id\":\"https:\\\/\\\/888starz.tips\\\/et\\\/#website\",\"url\":\"https:\\\/\\\/888starz.tips\\\/et\\\/\",\"name\":\"888Starz Tips et\",\"description\":\"My WordPress Blog\",\"potentialAction\":[{\"@type\":\"SearchAction\",\"target\":{\"@type\":\"EntryPoint\",\"urlTemplate\":\"https:\\\/\\\/888starz.tips\\\/et\\\/?s={search_term_string}\"},\"query-input\":{\"@type\":\"PropertyValueSpecification\",\"valueRequired\":true,\"valueName\":\"search_term_string\"}}],\"inLanguage\":\"et\"}]}<\/script>\n<!-- \/ Yoast SEO plugin. -->","yoast_head_json":{"title":"Eripakkumine 888Starz boonus | M\u00e4ngi Aviatorit ja saa tasuta stardid!","description":"Oled valmis panuseid suurendama? 888Starz pakub sulle Aviatori m\u00e4ngimise eest eriboonust! Tee esmasp\u00e4eval sissemakse ja saa kuni 50 tasuta keerutust! \u00c4ra j\u00e4ta kasutamata v\u00f5imalust v\u00f5ita riskivabalt m\u00e4ngides.","robots":{"index":"index","follow":"follow","max-snippet":"max-snippet:-1","max-image-preview":"max-image-preview:large","max-video-preview":"max-video-preview:-1"},"og_locale":"et_EE","og_type":"article","og_title":"Eripakkumine 888Starz boonus | M\u00e4ngi Aviatorit ja saa tasuta stardid!","og_description":"Oled valmis panuseid suurendama? 888Starz pakub sulle Aviatori m\u00e4ngimise eest eriboonust! Tee esmasp\u00e4eval sissemakse ja saa kuni 50 tasuta keerutust! \u00c4ra j\u00e4ta kasutamata v\u00f5imalust v\u00f5ita riskivabalt m\u00e4ngides.","og_url":"https:\/\/888starz.tips\/et\/bonus\/aviator\/","og_site_name":"888Starz Tips et","article_modified_time":"2025-09-24T17:53:24+00:00","twitter_card":"summary_large_image","schema":{"@context":"https:\/\/schema.org","@graph":[{"@type":"WebPage","@id":"https:\/\/888starz.tips\/et\/bonus\/aviator\/","url":"https:\/\/888starz.tips\/et\/bonus\/aviator\/","name":"Eripakkumine 888Starz boonus | M\u00e4ngi Aviatorit ja saa tasuta stardid!","isPartOf":{"@id":"https:\/\/888starz.tips\/et\/#website"},"datePublished":"2025-06-18T07:09:49+00:00","dateModified":"2025-09-24T17:53:24+00:00","description":"Oled valmis panuseid suurendama? 888Starz pakub sulle Aviatori m\u00e4ngimise eest eriboonust! Tee esmasp\u00e4eval sissemakse ja saa kuni 50 tasuta keerutust! \u00c4ra j\u00e4ta kasutamata v\u00f5imalust v\u00f5ita riskivabalt m\u00e4ngides.","breadcrumb":{"@id":"https:\/\/888starz.tips\/et\/bonus\/aviator\/#breadcrumb"},"inLanguage":"et","potentialAction":[{"@type":"ReadAction","target":["https:\/\/888starz.tips\/et\/bonus\/aviator\/"]}]},{"@type":"BreadcrumbList","@id":"https:\/\/888starz.tips\/et\/bonus\/aviator\/#breadcrumb","itemListElement":[{"@type":"ListItem","position":1,"name":"Home","item":"https:\/\/888starz.tips\/et\/"},{"@type":"ListItem","position":2,"name":"Boonus","item":"https:\/\/888starz.tips\/et\/bonus\/"},{"@type":"ListItem","position":3,"name":"Aviator"}]},{"@type":"WebSite","@id":"https:\/\/888starz.tips\/et\/#website","url":"https:\/\/888starz.tips\/et\/","name":"888Starz Tips et","description":"My WordPress Blog","potentialAction":[{"@type":"SearchAction","target":{"@type":"EntryPoint","urlTemplate":"https:\/\/888starz.tips\/et\/?s={search_term_string}"},"query-input":{"@type":"PropertyValueSpecification","valueRequired":true,"valueName":"search_term_string"}}],"inLanguage":"et"}]}},"_links":{"self":[{"href":"https:\/\/888starz.tips\/et\/wp-json\/wp\/v2\/pages\/535","targetHints":{"allow":["GET"]}}],"collection":[{"href":"https:\/\/888starz.tips\/et\/wp-json\/wp\/v2\/pages"}],"about":[{"href":"https:\/\/888starz.tips\/et\/wp-json\/wp\/v2\/types\/page"}],"author":[{"embeddable":true,"href":"https:\/\/888starz.tips\/et\/wp-json\/wp\/v2\/users\/1"}],"replies":[{"embeddable":true,"href":"https:\/\/888starz.tips\/et\/wp-json\/wp\/v2\/comments?post=535"}],"version-history":[{"count":3,"href":"https:\/\/888starz.tips\/et\/wp-json\/wp\/v2\/pages\/535\/revisions"}],"predecessor-version":[{"id":652,"href":"https:\/\/888starz.tips\/et\/wp-json\/wp\/v2\/pages\/535\/revisions\/652"}],"up":[{"embeddable":true,"href":"https:\/\/888starz.tips\/et\/wp-json\/wp\/v2\/pages\/152"}],"wp:attachment":[{"href":"https:\/\/888starz.tips\/et\/wp-json\/wp\/v2\/media?parent=535"}],"curies":[{"name":"wp","href":"https:\/\/api.w.org\/{rel}","templated":true}]}}