{"id":471,"date":"2025-01-28T05:38:45","date_gmt":"2025-01-28T05:38:45","guid":{"rendered":"https:\/\/888starz.tips\/fi\/?page_id=471"},"modified":"2025-07-02T09:19:55","modified_gmt":"2025-07-02T09:19:55","slug":"affiliate","status":"publish","type":"page","link":"https:\/\/888starz.tips\/fi\/affiliate\/","title":{"rendered":"Kumppani"},"content":{"rendered":"","protected":false},"excerpt":{"rendered":"","protected":false},"author":1,"featured_media":0,"parent":0,"menu_order":0,"comment_status":"closed","ping_status":"closed","template":"","meta":{"footnotes":""},"class_list":["post-471","page","type-page","status-publish","hentry"],"yoast_head":"<!-- This site is optimized with the Yoast SEO plugin v27.4 - https:\/\/yoast.com\/product\/yoast-seo-wordpress\/ -->\n<title>888Starz Kumppani: \u2705Premium iGaming Kumppanuusohjelma<\/title>\n<meta name=\"description\" content=\"Liity 888Starzin kumppanuusohjelmaan t\u00e4n\u00e4\u00e4n! \ud83d\ude80 Avaa j\u00e4nnitt\u00e4v\u00e4t ansaintamahdollisuudet, uskomattomat edut ja ensiluokkainen tuki. \u00c4l\u00e4 vain katso peli\u00e4 - pelaa voittaaksesi kanssamme! \ud83d\udcb0 Optimoi ansaintasi ja ala ansaita TODELLISTA rahaa nyt!\" \/>\n<meta name=\"robots\" content=\"index, follow, max-snippet:-1, max-image-preview:large, max-video-preview:-1\" \/>\n<meta property=\"og:locale\" content=\"fi_FI\" \/>\n<meta property=\"og:type\" content=\"article\" \/>\n<meta property=\"og:title\" content=\"888Starz Kumppani: \u2705Premium iGaming Kumppanuusohjelma\" \/>\n<meta property=\"og:description\" content=\"Liity 888Starzin kumppanuusohjelmaan t\u00e4n\u00e4\u00e4n! \ud83d\ude80 Avaa j\u00e4nnitt\u00e4v\u00e4t ansaintamahdollisuudet, uskomattomat edut ja ensiluokkainen tuki. \u00c4l\u00e4 vain katso peli\u00e4 - pelaa voittaaksesi kanssamme! \ud83d\udcb0 Optimoi ansaintasi ja ala ansaita TODELLISTA rahaa nyt!\" \/>\n<meta property=\"og:url\" content=\"https:\/\/888starz.tips\/fi\/affiliate\/\" \/>\n<meta property=\"og:site_name\" content=\"888starz Tips fi\" \/>\n<meta property=\"article:modified_time\" content=\"2025-07-02T09:19:55+00:00\" \/>\n<meta name=\"twitter:card\" content=\"summary_large_image\" \/>\n<script type=\"application\/ld+json\" class=\"yoast-schema-graph\">{\"@context\":\"https:\\\/\\\/schema.org\",\"@graph\":[{\"@type\":\"WebPage\",\"@id\":\"https:\\\/\\\/888starz.tips\\\/fi\\\/affiliate\\\/\",\"url\":\"https:\\\/\\\/888starz.tips\\\/fi\\\/affiliate\\\/\",\"name\":\"888Starz Kumppani: \u2705Premium iGaming Kumppanuusohjelma\",\"isPartOf\":{\"@id\":\"https:\\\/\\\/888starz.tips\\\/fi\\\/#website\"},\"datePublished\":\"2025-01-28T05:38:45+00:00\",\"dateModified\":\"2025-07-02T09:19:55+00:00\",\"description\":\"Liity 888Starzin kumppanuusohjelmaan t\u00e4n\u00e4\u00e4n! \ud83d\ude80 Avaa j\u00e4nnitt\u00e4v\u00e4t ansaintamahdollisuudet, uskomattomat edut ja ensiluokkainen tuki. \u00c4l\u00e4 vain katso peli\u00e4 - pelaa voittaaksesi kanssamme! \ud83d\udcb0 Optimoi ansaintasi ja ala ansaita TODELLISTA rahaa nyt!\",\"breadcrumb\":{\"@id\":\"https:\\\/\\\/888starz.tips\\\/fi\\\/affiliate\\\/#breadcrumb\"},\"inLanguage\":\"fi\",\"potentialAction\":[{\"@type\":\"ReadAction\",\"target\":[\"https:\\\/\\\/888starz.tips\\\/fi\\\/affiliate\\\/\"]}]},{\"@type\":\"BreadcrumbList\",\"@id\":\"https:\\\/\\\/888starz.tips\\\/fi\\\/affiliate\\\/#breadcrumb\",\"itemListElement\":[{\"@type\":\"ListItem\",\"position\":1,\"name\":\"Home\",\"item\":\"https:\\\/\\\/888starz.tips\\\/fi\\\/\"},{\"@type\":\"ListItem\",\"position\":2,\"name\":\"Kumppani\"}]},{\"@type\":\"WebSite\",\"@id\":\"https:\\\/\\\/888starz.tips\\\/fi\\\/#website\",\"url\":\"https:\\\/\\\/888starz.tips\\\/fi\\\/\",\"name\":\"888starz Tips fi\",\"description\":\"My WordPress Blog\",\"potentialAction\":[{\"@type\":\"SearchAction\",\"target\":{\"@type\":\"EntryPoint\",\"urlTemplate\":\"https:\\\/\\\/888starz.tips\\\/fi\\\/?s={search_term_string}\"},\"query-input\":{\"@type\":\"PropertyValueSpecification\",\"valueRequired\":true,\"valueName\":\"search_term_string\"}}],\"inLanguage\":\"fi\"}]}<\/script>\n<!-- \/ Yoast SEO plugin. -->","yoast_head_json":{"title":"888Starz Kumppani: \u2705Premium iGaming Kumppanuusohjelma","description":"Liity 888Starzin kumppanuusohjelmaan t\u00e4n\u00e4\u00e4n! \ud83d\ude80 Avaa j\u00e4nnitt\u00e4v\u00e4t ansaintamahdollisuudet, uskomattomat edut ja ensiluokkainen tuki. \u00c4l\u00e4 vain katso peli\u00e4 - pelaa voittaaksesi kanssamme! \ud83d\udcb0 Optimoi ansaintasi ja ala ansaita TODELLISTA rahaa nyt!","robots":{"index":"index","follow":"follow","max-snippet":"max-snippet:-1","max-image-preview":"max-image-preview:large","max-video-preview":"max-video-preview:-1"},"og_locale":"fi_FI","og_type":"article","og_title":"888Starz Kumppani: \u2705Premium iGaming Kumppanuusohjelma","og_description":"Liity 888Starzin kumppanuusohjelmaan t\u00e4n\u00e4\u00e4n! \ud83d\ude80 Avaa j\u00e4nnitt\u00e4v\u00e4t ansaintamahdollisuudet, uskomattomat edut ja ensiluokkainen tuki. \u00c4l\u00e4 vain katso peli\u00e4 - pelaa voittaaksesi kanssamme! \ud83d\udcb0 Optimoi ansaintasi ja ala ansaita TODELLISTA rahaa nyt!","og_url":"https:\/\/888starz.tips\/fi\/affiliate\/","og_site_name":"888starz Tips fi","article_modified_time":"2025-07-02T09:19:55+00:00","twitter_card":"summary_large_image","schema":{"@context":"https:\/\/schema.org","@graph":[{"@type":"WebPage","@id":"https:\/\/888starz.tips\/fi\/affiliate\/","url":"https:\/\/888starz.tips\/fi\/affiliate\/","name":"888Starz Kumppani: \u2705Premium iGaming Kumppanuusohjelma","isPartOf":{"@id":"https:\/\/888starz.tips\/fi\/#website"},"datePublished":"2025-01-28T05:38:45+00:00","dateModified":"2025-07-02T09:19:55+00:00","description":"Liity 888Starzin kumppanuusohjelmaan t\u00e4n\u00e4\u00e4n! \ud83d\ude80 Avaa j\u00e4nnitt\u00e4v\u00e4t ansaintamahdollisuudet, uskomattomat edut ja ensiluokkainen tuki. \u00c4l\u00e4 vain katso peli\u00e4 - pelaa voittaaksesi kanssamme! \ud83d\udcb0 Optimoi ansaintasi ja ala ansaita TODELLISTA rahaa nyt!","breadcrumb":{"@id":"https:\/\/888starz.tips\/fi\/affiliate\/#breadcrumb"},"inLanguage":"fi","potentialAction":[{"@type":"ReadAction","target":["https:\/\/888starz.tips\/fi\/affiliate\/"]}]},{"@type":"BreadcrumbList","@id":"https:\/\/888starz.tips\/fi\/affiliate\/#breadcrumb","itemListElement":[{"@type":"ListItem","position":1,"name":"Home","item":"https:\/\/888starz.tips\/fi\/"},{"@type":"ListItem","position":2,"name":"Kumppani"}]},{"@type":"WebSite","@id":"https:\/\/888starz.tips\/fi\/#website","url":"https:\/\/888starz.tips\/fi\/","name":"888starz Tips fi","description":"My WordPress Blog","potentialAction":[{"@type":"SearchAction","target":{"@type":"EntryPoint","urlTemplate":"https:\/\/888starz.tips\/fi\/?s={search_term_string}"},"query-input":{"@type":"PropertyValueSpecification","valueRequired":true,"valueName":"search_term_string"}}],"inLanguage":"fi"}]}},"_links":{"self":[{"href":"https:\/\/888starz.tips\/fi\/wp-json\/wp\/v2\/pages\/471","targetHints":{"allow":["GET"]}}],"collection":[{"href":"https:\/\/888starz.tips\/fi\/wp-json\/wp\/v2\/pages"}],"about":[{"href":"https:\/\/888starz.tips\/fi\/wp-json\/wp\/v2\/types\/page"}],"author":[{"embeddable":true,"href":"https:\/\/888starz.tips\/fi\/wp-json\/wp\/v2\/users\/1"}],"replies":[{"embeddable":true,"href":"https:\/\/888starz.tips\/fi\/wp-json\/wp\/v2\/comments?post=471"}],"version-history":[{"count":6,"href":"https:\/\/888starz.tips\/fi\/wp-json\/wp\/v2\/pages\/471\/revisions"}],"predecessor-version":[{"id":564,"href":"https:\/\/888starz.tips\/fi\/wp-json\/wp\/v2\/pages\/471\/revisions\/564"}],"wp:attachment":[{"href":"https:\/\/888starz.tips\/fi\/wp-json\/wp\/v2\/media?parent=471"}],"curies":[{"name":"wp","href":"https:\/\/api.w.org\/{rel}","templated":true}]}}