{"id":517,"date":"2025-06-18T05:58:23","date_gmt":"2025-06-18T05:58:23","guid":{"rendered":"https:\/\/888starz.tips\/fi\/?page_id=517"},"modified":"2025-07-10T16:40:38","modified_gmt":"2025-07-10T16:40:38","slug":"first-victory","status":"publish","type":"page","link":"https:\/\/888starz.tips\/fi\/bonus\/first-victory\/","title":{"rendered":"Ensimm\u00e4inen voitto"},"content":{"rendered":"","protected":false},"excerpt":{"rendered":"","protected":false},"author":1,"featured_media":0,"parent":152,"menu_order":0,"comment_status":"closed","ping_status":"closed","template":"","meta":{"footnotes":""},"class_list":["post-517","page","type-page","status-publish","hentry"],"yoast_head":"<!-- This site is optimized with the Yoast SEO plugin v27.4 - https:\/\/yoast.com\/product\/yoast-seo-wordpress\/ -->\n<title>Vedonly\u00f6nti seurajoukkueiden MM-kisoissa 888Starzilla | \u20ac80,000<\/title>\n<meta name=\"description\" content=\"Oletko valmis todellisiin voittoihin? Liity 888Starziin ja ly\u00f6 vetoa 2025 Club World Championshipist\u00e4! Voita osuutesi uskomattomasta 80 000 euron palkintopotista! \u00c4l\u00e4 missaa tilaisuuttasi, aktivoi First Victory -kampanja ja n\u00e4yt\u00e4 mihin pystyt!\" \/>\n<meta name=\"robots\" content=\"index, follow, max-snippet:-1, max-image-preview:large, max-video-preview:-1\" \/>\n<meta property=\"og:locale\" content=\"fi_FI\" \/>\n<meta property=\"og:type\" content=\"article\" \/>\n<meta property=\"og:title\" content=\"Vedonly\u00f6nti seurajoukkueiden MM-kisoissa 888Starzilla | \u20ac80,000\" \/>\n<meta property=\"og:description\" content=\"Oletko valmis todellisiin voittoihin? Liity 888Starziin ja ly\u00f6 vetoa 2025 Club World Championshipist\u00e4! Voita osuutesi uskomattomasta 80 000 euron palkintopotista! \u00c4l\u00e4 missaa tilaisuuttasi, aktivoi First Victory -kampanja ja n\u00e4yt\u00e4 mihin pystyt!\" \/>\n<meta property=\"og:url\" content=\"https:\/\/888starz.tips\/fi\/bonus\/first-victory\/\" \/>\n<meta property=\"og:site_name\" content=\"888starz Tips fi\" \/>\n<meta property=\"article:modified_time\" content=\"2025-07-10T16:40:38+00:00\" \/>\n<meta name=\"twitter:card\" content=\"summary_large_image\" \/>\n<script type=\"application\/ld+json\" class=\"yoast-schema-graph\">{\"@context\":\"https:\\\/\\\/schema.org\",\"@graph\":[{\"@type\":\"WebPage\",\"@id\":\"https:\\\/\\\/888starz.tips\\\/fi\\\/bonus\\\/first-victory\\\/\",\"url\":\"https:\\\/\\\/888starz.tips\\\/fi\\\/bonus\\\/first-victory\\\/\",\"name\":\"Vedonly\u00f6nti seurajoukkueiden MM-kisoissa 888Starzilla | \u20ac80,000\",\"isPartOf\":{\"@id\":\"https:\\\/\\\/888starz.tips\\\/fi\\\/#website\"},\"datePublished\":\"2025-06-18T05:58:23+00:00\",\"dateModified\":\"2025-07-10T16:40:38+00:00\",\"description\":\"Oletko valmis todellisiin voittoihin? Liity 888Starziin ja ly\u00f6 vetoa 2025 Club World Championshipist\u00e4! Voita osuutesi uskomattomasta 80 000 euron palkintopotista! \u00c4l\u00e4 missaa tilaisuuttasi, aktivoi First Victory -kampanja ja n\u00e4yt\u00e4 mihin pystyt!\",\"breadcrumb\":{\"@id\":\"https:\\\/\\\/888starz.tips\\\/fi\\\/bonus\\\/first-victory\\\/#breadcrumb\"},\"inLanguage\":\"fi\",\"potentialAction\":[{\"@type\":\"ReadAction\",\"target\":[\"https:\\\/\\\/888starz.tips\\\/fi\\\/bonus\\\/first-victory\\\/\"]}]},{\"@type\":\"BreadcrumbList\",\"@id\":\"https:\\\/\\\/888starz.tips\\\/fi\\\/bonus\\\/first-victory\\\/#breadcrumb\",\"itemListElement\":[{\"@type\":\"ListItem\",\"position\":1,\"name\":\"Home\",\"item\":\"https:\\\/\\\/888starz.tips\\\/fi\\\/\"},{\"@type\":\"ListItem\",\"position\":2,\"name\":\"Bonus\",\"item\":\"https:\\\/\\\/888starz.tips\\\/fi\\\/bonus\\\/\"},{\"@type\":\"ListItem\",\"position\":3,\"name\":\"Ensimm\u00e4inen voitto\"}]},{\"@type\":\"WebSite\",\"@id\":\"https:\\\/\\\/888starz.tips\\\/fi\\\/#website\",\"url\":\"https:\\\/\\\/888starz.tips\\\/fi\\\/\",\"name\":\"888starz Tips fi\",\"description\":\"My WordPress Blog\",\"potentialAction\":[{\"@type\":\"SearchAction\",\"target\":{\"@type\":\"EntryPoint\",\"urlTemplate\":\"https:\\\/\\\/888starz.tips\\\/fi\\\/?s={search_term_string}\"},\"query-input\":{\"@type\":\"PropertyValueSpecification\",\"valueRequired\":true,\"valueName\":\"search_term_string\"}}],\"inLanguage\":\"fi\"}]}<\/script>\n<!-- \/ Yoast SEO plugin. -->","yoast_head_json":{"title":"Vedonly\u00f6nti seurajoukkueiden MM-kisoissa 888Starzilla | \u20ac80,000","description":"Oletko valmis todellisiin voittoihin? Liity 888Starziin ja ly\u00f6 vetoa 2025 Club World Championshipist\u00e4! Voita osuutesi uskomattomasta 80 000 euron palkintopotista! \u00c4l\u00e4 missaa tilaisuuttasi, aktivoi First Victory -kampanja ja n\u00e4yt\u00e4 mihin pystyt!","robots":{"index":"index","follow":"follow","max-snippet":"max-snippet:-1","max-image-preview":"max-image-preview:large","max-video-preview":"max-video-preview:-1"},"og_locale":"fi_FI","og_type":"article","og_title":"Vedonly\u00f6nti seurajoukkueiden MM-kisoissa 888Starzilla | \u20ac80,000","og_description":"Oletko valmis todellisiin voittoihin? Liity 888Starziin ja ly\u00f6 vetoa 2025 Club World Championshipist\u00e4! Voita osuutesi uskomattomasta 80 000 euron palkintopotista! \u00c4l\u00e4 missaa tilaisuuttasi, aktivoi First Victory -kampanja ja n\u00e4yt\u00e4 mihin pystyt!","og_url":"https:\/\/888starz.tips\/fi\/bonus\/first-victory\/","og_site_name":"888starz Tips fi","article_modified_time":"2025-07-10T16:40:38+00:00","twitter_card":"summary_large_image","schema":{"@context":"https:\/\/schema.org","@graph":[{"@type":"WebPage","@id":"https:\/\/888starz.tips\/fi\/bonus\/first-victory\/","url":"https:\/\/888starz.tips\/fi\/bonus\/first-victory\/","name":"Vedonly\u00f6nti seurajoukkueiden MM-kisoissa 888Starzilla | \u20ac80,000","isPartOf":{"@id":"https:\/\/888starz.tips\/fi\/#website"},"datePublished":"2025-06-18T05:58:23+00:00","dateModified":"2025-07-10T16:40:38+00:00","description":"Oletko valmis todellisiin voittoihin? Liity 888Starziin ja ly\u00f6 vetoa 2025 Club World Championshipist\u00e4! Voita osuutesi uskomattomasta 80 000 euron palkintopotista! \u00c4l\u00e4 missaa tilaisuuttasi, aktivoi First Victory -kampanja ja n\u00e4yt\u00e4 mihin pystyt!","breadcrumb":{"@id":"https:\/\/888starz.tips\/fi\/bonus\/first-victory\/#breadcrumb"},"inLanguage":"fi","potentialAction":[{"@type":"ReadAction","target":["https:\/\/888starz.tips\/fi\/bonus\/first-victory\/"]}]},{"@type":"BreadcrumbList","@id":"https:\/\/888starz.tips\/fi\/bonus\/first-victory\/#breadcrumb","itemListElement":[{"@type":"ListItem","position":1,"name":"Home","item":"https:\/\/888starz.tips\/fi\/"},{"@type":"ListItem","position":2,"name":"Bonus","item":"https:\/\/888starz.tips\/fi\/bonus\/"},{"@type":"ListItem","position":3,"name":"Ensimm\u00e4inen voitto"}]},{"@type":"WebSite","@id":"https:\/\/888starz.tips\/fi\/#website","url":"https:\/\/888starz.tips\/fi\/","name":"888starz Tips fi","description":"My WordPress Blog","potentialAction":[{"@type":"SearchAction","target":{"@type":"EntryPoint","urlTemplate":"https:\/\/888starz.tips\/fi\/?s={search_term_string}"},"query-input":{"@type":"PropertyValueSpecification","valueRequired":true,"valueName":"search_term_string"}}],"inLanguage":"fi"}]}},"_links":{"self":[{"href":"https:\/\/888starz.tips\/fi\/wp-json\/wp\/v2\/pages\/517","targetHints":{"allow":["GET"]}}],"collection":[{"href":"https:\/\/888starz.tips\/fi\/wp-json\/wp\/v2\/pages"}],"about":[{"href":"https:\/\/888starz.tips\/fi\/wp-json\/wp\/v2\/types\/page"}],"author":[{"embeddable":true,"href":"https:\/\/888starz.tips\/fi\/wp-json\/wp\/v2\/users\/1"}],"replies":[{"embeddable":true,"href":"https:\/\/888starz.tips\/fi\/wp-json\/wp\/v2\/comments?post=517"}],"version-history":[{"count":6,"href":"https:\/\/888starz.tips\/fi\/wp-json\/wp\/v2\/pages\/517\/revisions"}],"predecessor-version":[{"id":570,"href":"https:\/\/888starz.tips\/fi\/wp-json\/wp\/v2\/pages\/517\/revisions\/570"}],"up":[{"embeddable":true,"href":"https:\/\/888starz.tips\/fi\/wp-json\/wp\/v2\/pages\/152"}],"wp:attachment":[{"href":"https:\/\/888starz.tips\/fi\/wp-json\/wp\/v2\/media?parent=517"}],"curies":[{"name":"wp","href":"https:\/\/api.w.org\/{rel}","templated":true}]}}