{"id":525,"date":"2025-06-18T06:42:44","date_gmt":"2025-06-18T06:42:44","guid":{"rendered":"https:\/\/888starz.tips\/fi\/?page_id=525"},"modified":"2025-07-02T10:04:10","modified_gmt":"2025-07-02T10:04:10","slug":"losing-bets","status":"publish","type":"page","link":"https:\/\/888starz.tips\/fi\/bonus\/losing-bets\/","title":{"rendered":"H\u00e4vi\u00e4v\u00e4t vedot"},"content":{"rendered":"","protected":false},"excerpt":{"rendered":"","protected":false},"author":1,"featured_media":0,"parent":152,"menu_order":0,"comment_status":"closed","ping_status":"closed","template":"","meta":{"footnotes":""},"class_list":["post-525","page","type-page","status-publish","hentry"],"yoast_head":"<!-- This site is optimized with the Yoast SEO plugin v27.4 - https:\/\/yoast.com\/product\/yoast-seo-wordpress\/ -->\n<title>Saat korvauksen 20 menetetyst\u00e4 vedosta 888Starz-bonuksella!<\/title>\n<meta name=\"description\" content=\"Loukussa tappioputkessa? 888Starz ei j\u00e4t\u00e4 sinua kohtaloosi! Saat jopa 500 euron korvauksen 20 per\u00e4kk\u00e4isest\u00e4 tappiollisesta vedosta!\" \/>\n<meta name=\"robots\" content=\"index, follow, max-snippet:-1, max-image-preview:large, max-video-preview:-1\" \/>\n<meta property=\"og:locale\" content=\"fi_FI\" \/>\n<meta property=\"og:type\" content=\"article\" \/>\n<meta property=\"og:title\" content=\"Saat korvauksen 20 menetetyst\u00e4 vedosta 888Starz-bonuksella!\" \/>\n<meta property=\"og:description\" content=\"Loukussa tappioputkessa? 888Starz ei j\u00e4t\u00e4 sinua kohtaloosi! Saat jopa 500 euron korvauksen 20 per\u00e4kk\u00e4isest\u00e4 tappiollisesta vedosta!\" \/>\n<meta property=\"og:url\" content=\"https:\/\/888starz.tips\/fi\/bonus\/losing-bets\/\" \/>\n<meta property=\"og:site_name\" content=\"888starz Tips fi\" \/>\n<meta property=\"article:modified_time\" content=\"2025-07-02T10:04:10+00:00\" \/>\n<meta name=\"twitter:card\" content=\"summary_large_image\" \/>\n<script type=\"application\/ld+json\" class=\"yoast-schema-graph\">{\"@context\":\"https:\\\/\\\/schema.org\",\"@graph\":[{\"@type\":\"WebPage\",\"@id\":\"https:\\\/\\\/888starz.tips\\\/fi\\\/bonus\\\/losing-bets\\\/\",\"url\":\"https:\\\/\\\/888starz.tips\\\/fi\\\/bonus\\\/losing-bets\\\/\",\"name\":\"Saat korvauksen 20 menetetyst\u00e4 vedosta 888Starz-bonuksella!\",\"isPartOf\":{\"@id\":\"https:\\\/\\\/888starz.tips\\\/fi\\\/#website\"},\"datePublished\":\"2025-06-18T06:42:44+00:00\",\"dateModified\":\"2025-07-02T10:04:10+00:00\",\"description\":\"Loukussa tappioputkessa? 888Starz ei j\u00e4t\u00e4 sinua kohtaloosi! Saat jopa 500 euron korvauksen 20 per\u00e4kk\u00e4isest\u00e4 tappiollisesta vedosta!\",\"breadcrumb\":{\"@id\":\"https:\\\/\\\/888starz.tips\\\/fi\\\/bonus\\\/losing-bets\\\/#breadcrumb\"},\"inLanguage\":\"fi\",\"potentialAction\":[{\"@type\":\"ReadAction\",\"target\":[\"https:\\\/\\\/888starz.tips\\\/fi\\\/bonus\\\/losing-bets\\\/\"]}]},{\"@type\":\"BreadcrumbList\",\"@id\":\"https:\\\/\\\/888starz.tips\\\/fi\\\/bonus\\\/losing-bets\\\/#breadcrumb\",\"itemListElement\":[{\"@type\":\"ListItem\",\"position\":1,\"name\":\"Home\",\"item\":\"https:\\\/\\\/888starz.tips\\\/fi\\\/\"},{\"@type\":\"ListItem\",\"position\":2,\"name\":\"Bonus\",\"item\":\"https:\\\/\\\/888starz.tips\\\/fi\\\/bonus\\\/\"},{\"@type\":\"ListItem\",\"position\":3,\"name\":\"H\u00e4vi\u00e4v\u00e4t vedot\"}]},{\"@type\":\"WebSite\",\"@id\":\"https:\\\/\\\/888starz.tips\\\/fi\\\/#website\",\"url\":\"https:\\\/\\\/888starz.tips\\\/fi\\\/\",\"name\":\"888starz Tips fi\",\"description\":\"My WordPress Blog\",\"potentialAction\":[{\"@type\":\"SearchAction\",\"target\":{\"@type\":\"EntryPoint\",\"urlTemplate\":\"https:\\\/\\\/888starz.tips\\\/fi\\\/?s={search_term_string}\"},\"query-input\":{\"@type\":\"PropertyValueSpecification\",\"valueRequired\":true,\"valueName\":\"search_term_string\"}}],\"inLanguage\":\"fi\"}]}<\/script>\n<!-- \/ Yoast SEO plugin. -->","yoast_head_json":{"title":"Saat korvauksen 20 menetetyst\u00e4 vedosta 888Starz-bonuksella!","description":"Loukussa tappioputkessa? 888Starz ei j\u00e4t\u00e4 sinua kohtaloosi! Saat jopa 500 euron korvauksen 20 per\u00e4kk\u00e4isest\u00e4 tappiollisesta vedosta!","robots":{"index":"index","follow":"follow","max-snippet":"max-snippet:-1","max-image-preview":"max-image-preview:large","max-video-preview":"max-video-preview:-1"},"og_locale":"fi_FI","og_type":"article","og_title":"Saat korvauksen 20 menetetyst\u00e4 vedosta 888Starz-bonuksella!","og_description":"Loukussa tappioputkessa? 888Starz ei j\u00e4t\u00e4 sinua kohtaloosi! Saat jopa 500 euron korvauksen 20 per\u00e4kk\u00e4isest\u00e4 tappiollisesta vedosta!","og_url":"https:\/\/888starz.tips\/fi\/bonus\/losing-bets\/","og_site_name":"888starz Tips fi","article_modified_time":"2025-07-02T10:04:10+00:00","twitter_card":"summary_large_image","schema":{"@context":"https:\/\/schema.org","@graph":[{"@type":"WebPage","@id":"https:\/\/888starz.tips\/fi\/bonus\/losing-bets\/","url":"https:\/\/888starz.tips\/fi\/bonus\/losing-bets\/","name":"Saat korvauksen 20 menetetyst\u00e4 vedosta 888Starz-bonuksella!","isPartOf":{"@id":"https:\/\/888starz.tips\/fi\/#website"},"datePublished":"2025-06-18T06:42:44+00:00","dateModified":"2025-07-02T10:04:10+00:00","description":"Loukussa tappioputkessa? 888Starz ei j\u00e4t\u00e4 sinua kohtaloosi! Saat jopa 500 euron korvauksen 20 per\u00e4kk\u00e4isest\u00e4 tappiollisesta vedosta!","breadcrumb":{"@id":"https:\/\/888starz.tips\/fi\/bonus\/losing-bets\/#breadcrumb"},"inLanguage":"fi","potentialAction":[{"@type":"ReadAction","target":["https:\/\/888starz.tips\/fi\/bonus\/losing-bets\/"]}]},{"@type":"BreadcrumbList","@id":"https:\/\/888starz.tips\/fi\/bonus\/losing-bets\/#breadcrumb","itemListElement":[{"@type":"ListItem","position":1,"name":"Home","item":"https:\/\/888starz.tips\/fi\/"},{"@type":"ListItem","position":2,"name":"Bonus","item":"https:\/\/888starz.tips\/fi\/bonus\/"},{"@type":"ListItem","position":3,"name":"H\u00e4vi\u00e4v\u00e4t vedot"}]},{"@type":"WebSite","@id":"https:\/\/888starz.tips\/fi\/#website","url":"https:\/\/888starz.tips\/fi\/","name":"888starz Tips fi","description":"My WordPress Blog","potentialAction":[{"@type":"SearchAction","target":{"@type":"EntryPoint","urlTemplate":"https:\/\/888starz.tips\/fi\/?s={search_term_string}"},"query-input":{"@type":"PropertyValueSpecification","valueRequired":true,"valueName":"search_term_string"}}],"inLanguage":"fi"}]}},"_links":{"self":[{"href":"https:\/\/888starz.tips\/fi\/wp-json\/wp\/v2\/pages\/525","targetHints":{"allow":["GET"]}}],"collection":[{"href":"https:\/\/888starz.tips\/fi\/wp-json\/wp\/v2\/pages"}],"about":[{"href":"https:\/\/888starz.tips\/fi\/wp-json\/wp\/v2\/types\/page"}],"author":[{"embeddable":true,"href":"https:\/\/888starz.tips\/fi\/wp-json\/wp\/v2\/users\/1"}],"replies":[{"embeddable":true,"href":"https:\/\/888starz.tips\/fi\/wp-json\/wp\/v2\/comments?post=525"}],"version-history":[{"count":5,"href":"https:\/\/888starz.tips\/fi\/wp-json\/wp\/v2\/pages\/525\/revisions"}],"predecessor-version":[{"id":572,"href":"https:\/\/888starz.tips\/fi\/wp-json\/wp\/v2\/pages\/525\/revisions\/572"}],"up":[{"embeddable":true,"href":"https:\/\/888starz.tips\/fi\/wp-json\/wp\/v2\/pages\/152"}],"wp:attachment":[{"href":"https:\/\/888starz.tips\/fi\/wp-json\/wp\/v2\/media?parent=525"}],"curies":[{"name":"wp","href":"https:\/\/api.w.org\/{rel}","templated":true}]}}