{"id":530,"date":"2025-06-18T06:54:33","date_gmt":"2025-06-18T06:54:33","guid":{"rendered":"https:\/\/888starz.tips\/fi\/?page_id=530"},"modified":"2025-07-02T10:00:33","modified_gmt":"2025-07-02T10:00:33","slug":"express","status":"publish","type":"page","link":"https:\/\/888starz.tips\/fi\/bonus\/express\/","title":{"rendered":"Express"},"content":{"rendered":"","protected":false},"excerpt":{"rendered":"","protected":false},"author":1,"featured_media":0,"parent":152,"menu_order":0,"comment_status":"closed","ping_status":"closed","template":"","meta":{"footnotes":""},"class_list":["post-530","page","type-page","status-publish","hentry"],"yoast_head":"<!-- This site is optimized with the Yoast SEO plugin v27.4 - https:\/\/yoast.com\/product\/yoast-seo-wordpress\/ -->\n<title>P\u00e4iv\u00e4n pikapeli | 10% bonus voitoista 888Starzilla!<\/title>\n<meta name=\"description\" content=\"Haluatko kasvattaa voittojasi? P\u00e4iv\u00e4n Express of the Day 888Starzilta antaa sinulle 10 % bonuksen! Ly\u00f6 vetoa kolmesta tapahtumasta ja ota rahasi ylim\u00e4\u00e4r\u00e4isill\u00e4 kertoimilla.\" \/>\n<meta name=\"robots\" content=\"index, follow, max-snippet:-1, max-image-preview:large, max-video-preview:-1\" \/>\n<meta property=\"og:locale\" content=\"fi_FI\" \/>\n<meta property=\"og:type\" content=\"article\" \/>\n<meta property=\"og:title\" content=\"P\u00e4iv\u00e4n pikapeli | 10% bonus voitoista 888Starzilla!\" \/>\n<meta property=\"og:description\" content=\"Haluatko kasvattaa voittojasi? P\u00e4iv\u00e4n Express of the Day 888Starzilta antaa sinulle 10 % bonuksen! Ly\u00f6 vetoa kolmesta tapahtumasta ja ota rahasi ylim\u00e4\u00e4r\u00e4isill\u00e4 kertoimilla.\" \/>\n<meta property=\"og:url\" content=\"https:\/\/888starz.tips\/fi\/bonus\/express\/\" \/>\n<meta property=\"og:site_name\" content=\"888starz Tips fi\" \/>\n<meta property=\"article:modified_time\" content=\"2025-07-02T10:00:33+00:00\" \/>\n<meta name=\"twitter:card\" content=\"summary_large_image\" \/>\n<script type=\"application\/ld+json\" class=\"yoast-schema-graph\">{\"@context\":\"https:\\\/\\\/schema.org\",\"@graph\":[{\"@type\":\"WebPage\",\"@id\":\"https:\\\/\\\/888starz.tips\\\/fi\\\/bonus\\\/express\\\/\",\"url\":\"https:\\\/\\\/888starz.tips\\\/fi\\\/bonus\\\/express\\\/\",\"name\":\"P\u00e4iv\u00e4n pikapeli | 10% bonus voitoista 888Starzilla!\",\"isPartOf\":{\"@id\":\"https:\\\/\\\/888starz.tips\\\/fi\\\/#website\"},\"datePublished\":\"2025-06-18T06:54:33+00:00\",\"dateModified\":\"2025-07-02T10:00:33+00:00\",\"description\":\"Haluatko kasvattaa voittojasi? P\u00e4iv\u00e4n Express of the Day 888Starzilta antaa sinulle 10 % bonuksen! Ly\u00f6 vetoa kolmesta tapahtumasta ja ota rahasi ylim\u00e4\u00e4r\u00e4isill\u00e4 kertoimilla.\",\"breadcrumb\":{\"@id\":\"https:\\\/\\\/888starz.tips\\\/fi\\\/bonus\\\/express\\\/#breadcrumb\"},\"inLanguage\":\"fi\",\"potentialAction\":[{\"@type\":\"ReadAction\",\"target\":[\"https:\\\/\\\/888starz.tips\\\/fi\\\/bonus\\\/express\\\/\"]}]},{\"@type\":\"BreadcrumbList\",\"@id\":\"https:\\\/\\\/888starz.tips\\\/fi\\\/bonus\\\/express\\\/#breadcrumb\",\"itemListElement\":[{\"@type\":\"ListItem\",\"position\":1,\"name\":\"Home\",\"item\":\"https:\\\/\\\/888starz.tips\\\/fi\\\/\"},{\"@type\":\"ListItem\",\"position\":2,\"name\":\"Bonus\",\"item\":\"https:\\\/\\\/888starz.tips\\\/fi\\\/bonus\\\/\"},{\"@type\":\"ListItem\",\"position\":3,\"name\":\"Express\"}]},{\"@type\":\"WebSite\",\"@id\":\"https:\\\/\\\/888starz.tips\\\/fi\\\/#website\",\"url\":\"https:\\\/\\\/888starz.tips\\\/fi\\\/\",\"name\":\"888starz Tips fi\",\"description\":\"My WordPress Blog\",\"potentialAction\":[{\"@type\":\"SearchAction\",\"target\":{\"@type\":\"EntryPoint\",\"urlTemplate\":\"https:\\\/\\\/888starz.tips\\\/fi\\\/?s={search_term_string}\"},\"query-input\":{\"@type\":\"PropertyValueSpecification\",\"valueRequired\":true,\"valueName\":\"search_term_string\"}}],\"inLanguage\":\"fi\"}]}<\/script>\n<!-- \/ Yoast SEO plugin. -->","yoast_head_json":{"title":"P\u00e4iv\u00e4n pikapeli | 10% bonus voitoista 888Starzilla!","description":"Haluatko kasvattaa voittojasi? P\u00e4iv\u00e4n Express of the Day 888Starzilta antaa sinulle 10 % bonuksen! Ly\u00f6 vetoa kolmesta tapahtumasta ja ota rahasi ylim\u00e4\u00e4r\u00e4isill\u00e4 kertoimilla.","robots":{"index":"index","follow":"follow","max-snippet":"max-snippet:-1","max-image-preview":"max-image-preview:large","max-video-preview":"max-video-preview:-1"},"og_locale":"fi_FI","og_type":"article","og_title":"P\u00e4iv\u00e4n pikapeli | 10% bonus voitoista 888Starzilla!","og_description":"Haluatko kasvattaa voittojasi? P\u00e4iv\u00e4n Express of the Day 888Starzilta antaa sinulle 10 % bonuksen! Ly\u00f6 vetoa kolmesta tapahtumasta ja ota rahasi ylim\u00e4\u00e4r\u00e4isill\u00e4 kertoimilla.","og_url":"https:\/\/888starz.tips\/fi\/bonus\/express\/","og_site_name":"888starz Tips fi","article_modified_time":"2025-07-02T10:00:33+00:00","twitter_card":"summary_large_image","schema":{"@context":"https:\/\/schema.org","@graph":[{"@type":"WebPage","@id":"https:\/\/888starz.tips\/fi\/bonus\/express\/","url":"https:\/\/888starz.tips\/fi\/bonus\/express\/","name":"P\u00e4iv\u00e4n pikapeli | 10% bonus voitoista 888Starzilla!","isPartOf":{"@id":"https:\/\/888starz.tips\/fi\/#website"},"datePublished":"2025-06-18T06:54:33+00:00","dateModified":"2025-07-02T10:00:33+00:00","description":"Haluatko kasvattaa voittojasi? P\u00e4iv\u00e4n Express of the Day 888Starzilta antaa sinulle 10 % bonuksen! Ly\u00f6 vetoa kolmesta tapahtumasta ja ota rahasi ylim\u00e4\u00e4r\u00e4isill\u00e4 kertoimilla.","breadcrumb":{"@id":"https:\/\/888starz.tips\/fi\/bonus\/express\/#breadcrumb"},"inLanguage":"fi","potentialAction":[{"@type":"ReadAction","target":["https:\/\/888starz.tips\/fi\/bonus\/express\/"]}]},{"@type":"BreadcrumbList","@id":"https:\/\/888starz.tips\/fi\/bonus\/express\/#breadcrumb","itemListElement":[{"@type":"ListItem","position":1,"name":"Home","item":"https:\/\/888starz.tips\/fi\/"},{"@type":"ListItem","position":2,"name":"Bonus","item":"https:\/\/888starz.tips\/fi\/bonus\/"},{"@type":"ListItem","position":3,"name":"Express"}]},{"@type":"WebSite","@id":"https:\/\/888starz.tips\/fi\/#website","url":"https:\/\/888starz.tips\/fi\/","name":"888starz Tips fi","description":"My WordPress Blog","potentialAction":[{"@type":"SearchAction","target":{"@type":"EntryPoint","urlTemplate":"https:\/\/888starz.tips\/fi\/?s={search_term_string}"},"query-input":{"@type":"PropertyValueSpecification","valueRequired":true,"valueName":"search_term_string"}}],"inLanguage":"fi"}]}},"_links":{"self":[{"href":"https:\/\/888starz.tips\/fi\/wp-json\/wp\/v2\/pages\/530","targetHints":{"allow":["GET"]}}],"collection":[{"href":"https:\/\/888starz.tips\/fi\/wp-json\/wp\/v2\/pages"}],"about":[{"href":"https:\/\/888starz.tips\/fi\/wp-json\/wp\/v2\/types\/page"}],"author":[{"embeddable":true,"href":"https:\/\/888starz.tips\/fi\/wp-json\/wp\/v2\/users\/1"}],"replies":[{"embeddable":true,"href":"https:\/\/888starz.tips\/fi\/wp-json\/wp\/v2\/comments?post=530"}],"version-history":[{"count":5,"href":"https:\/\/888starz.tips\/fi\/wp-json\/wp\/v2\/pages\/530\/revisions"}],"predecessor-version":[{"id":569,"href":"https:\/\/888starz.tips\/fi\/wp-json\/wp\/v2\/pages\/530\/revisions\/569"}],"up":[{"embeddable":true,"href":"https:\/\/888starz.tips\/fi\/wp-json\/wp\/v2\/pages\/152"}],"wp:attachment":[{"href":"https:\/\/888starz.tips\/fi\/wp-json\/wp\/v2\/media?parent=530"}],"curies":[{"name":"wp","href":"https:\/\/api.w.org\/{rel}","templated":true}]}}