{"id":223,"date":"2024-05-02T13:35:53","date_gmt":"2024-05-02T13:35:53","guid":{"rendered":"https:\/\/888starz.tips\/fr\/?page_id=223"},"modified":"2025-03-13T18:58:52","modified_gmt":"2025-03-13T18:58:52","slug":"app","status":"publish","type":"page","link":"https:\/\/888starz.tips\/fr\/app\/","title":{"rendered":"Application"},"content":{"rendered":"","protected":false},"excerpt":{"rendered":"","protected":false},"author":1,"featured_media":0,"parent":0,"menu_order":0,"comment_status":"closed","ping_status":"closed","template":"","meta":{"footnotes":""},"class_list":["post-223","page","type-page","status-publish","hentry"],"yoast_head":"<!-- This site is optimized with the Yoast SEO plugin v27.4 - https:\/\/yoast.com\/product\/yoast-seo-wordpress\/ -->\n<title>888Starz App T\u00e9l\u00e9charger \u2728 Pari mobile<\/title>\n<meta name=\"description\" content=\"Comment installer 888Starz App pour Android et iOS \ud83d\uddf8 888Starz App est l&#039;application mobile officielle de paris sportifs et de casino en ligne qui peut \u00eatre t\u00e9l\u00e9charg\u00e9e gratuitement depuis notre site web.\" \/>\n<meta name=\"robots\" content=\"index, follow, max-snippet:-1, max-image-preview:large, max-video-preview:-1\" \/>\n<meta property=\"og:locale\" content=\"fr_FR\" \/>\n<meta property=\"og:type\" content=\"article\" \/>\n<meta property=\"og:title\" content=\"888Starz App T\u00e9l\u00e9charger \u2728 Pari mobile\" \/>\n<meta property=\"og:description\" content=\"Comment installer 888Starz App pour Android et iOS \ud83d\uddf8 888Starz App est l&#039;application mobile officielle de paris sportifs et de casino en ligne qui peut \u00eatre t\u00e9l\u00e9charg\u00e9e gratuitement depuis notre site web.\" \/>\n<meta property=\"og:url\" content=\"https:\/\/888starz.tips\/fr\/app\/\" \/>\n<meta property=\"og:site_name\" content=\"888Starz Tips fr\" \/>\n<meta property=\"article:modified_time\" content=\"2025-03-13T18:58:52+00:00\" \/>\n<meta name=\"twitter:card\" content=\"summary_large_image\" \/>\n<script type=\"application\/ld+json\" class=\"yoast-schema-graph\">{\"@context\":\"https:\\\/\\\/schema.org\",\"@graph\":[{\"@type\":\"WebPage\",\"@id\":\"https:\\\/\\\/888starz.tips\\\/fr\\\/app\\\/\",\"url\":\"https:\\\/\\\/888starz.tips\\\/fr\\\/app\\\/\",\"name\":\"888Starz App T\u00e9l\u00e9charger \u2728 Pari mobile\",\"isPartOf\":{\"@id\":\"https:\\\/\\\/888starz.tips\\\/fr\\\/#website\"},\"datePublished\":\"2024-05-02T13:35:53+00:00\",\"dateModified\":\"2025-03-13T18:58:52+00:00\",\"description\":\"Comment installer 888Starz App pour Android et iOS \ud83d\uddf8 888Starz App est l'application mobile officielle de paris sportifs et de casino en ligne qui peut \u00eatre t\u00e9l\u00e9charg\u00e9e gratuitement depuis notre site web.\",\"breadcrumb\":{\"@id\":\"https:\\\/\\\/888starz.tips\\\/fr\\\/app\\\/#breadcrumb\"},\"inLanguage\":\"fr-FR\",\"potentialAction\":[{\"@type\":\"ReadAction\",\"target\":[\"https:\\\/\\\/888starz.tips\\\/fr\\\/app\\\/\"]}]},{\"@type\":\"BreadcrumbList\",\"@id\":\"https:\\\/\\\/888starz.tips\\\/fr\\\/app\\\/#breadcrumb\",\"itemListElement\":[{\"@type\":\"ListItem\",\"position\":1,\"name\":\"Home\",\"item\":\"https:\\\/\\\/888starz.tips\\\/fr\\\/\"},{\"@type\":\"ListItem\",\"position\":2,\"name\":\"Application\"}]},{\"@type\":\"WebSite\",\"@id\":\"https:\\\/\\\/888starz.tips\\\/fr\\\/#website\",\"url\":\"https:\\\/\\\/888starz.tips\\\/fr\\\/\",\"name\":\"888Starz Tips fr\",\"description\":\"My WordPress Blog\",\"potentialAction\":[{\"@type\":\"SearchAction\",\"target\":{\"@type\":\"EntryPoint\",\"urlTemplate\":\"https:\\\/\\\/888starz.tips\\\/fr\\\/?s={search_term_string}\"},\"query-input\":{\"@type\":\"PropertyValueSpecification\",\"valueRequired\":true,\"valueName\":\"search_term_string\"}}],\"inLanguage\":\"fr-FR\"}]}<\/script>\n<!-- \/ Yoast SEO plugin. -->","yoast_head_json":{"title":"888Starz App T\u00e9l\u00e9charger \u2728 Pari mobile","description":"Comment installer 888Starz App pour Android et iOS \ud83d\uddf8 888Starz App est l'application mobile officielle de paris sportifs et de casino en ligne qui peut \u00eatre t\u00e9l\u00e9charg\u00e9e gratuitement depuis notre site web.","robots":{"index":"index","follow":"follow","max-snippet":"max-snippet:-1","max-image-preview":"max-image-preview:large","max-video-preview":"max-video-preview:-1"},"og_locale":"fr_FR","og_type":"article","og_title":"888Starz App T\u00e9l\u00e9charger \u2728 Pari mobile","og_description":"Comment installer 888Starz App pour Android et iOS \ud83d\uddf8 888Starz App est l'application mobile officielle de paris sportifs et de casino en ligne qui peut \u00eatre t\u00e9l\u00e9charg\u00e9e gratuitement depuis notre site web.","og_url":"https:\/\/888starz.tips\/fr\/app\/","og_site_name":"888Starz Tips fr","article_modified_time":"2025-03-13T18:58:52+00:00","twitter_card":"summary_large_image","schema":{"@context":"https:\/\/schema.org","@graph":[{"@type":"WebPage","@id":"https:\/\/888starz.tips\/fr\/app\/","url":"https:\/\/888starz.tips\/fr\/app\/","name":"888Starz App T\u00e9l\u00e9charger \u2728 Pari mobile","isPartOf":{"@id":"https:\/\/888starz.tips\/fr\/#website"},"datePublished":"2024-05-02T13:35:53+00:00","dateModified":"2025-03-13T18:58:52+00:00","description":"Comment installer 888Starz App pour Android et iOS \ud83d\uddf8 888Starz App est l'application mobile officielle de paris sportifs et de casino en ligne qui peut \u00eatre t\u00e9l\u00e9charg\u00e9e gratuitement depuis notre site web.","breadcrumb":{"@id":"https:\/\/888starz.tips\/fr\/app\/#breadcrumb"},"inLanguage":"fr-FR","potentialAction":[{"@type":"ReadAction","target":["https:\/\/888starz.tips\/fr\/app\/"]}]},{"@type":"BreadcrumbList","@id":"https:\/\/888starz.tips\/fr\/app\/#breadcrumb","itemListElement":[{"@type":"ListItem","position":1,"name":"Home","item":"https:\/\/888starz.tips\/fr\/"},{"@type":"ListItem","position":2,"name":"Application"}]},{"@type":"WebSite","@id":"https:\/\/888starz.tips\/fr\/#website","url":"https:\/\/888starz.tips\/fr\/","name":"888Starz Tips fr","description":"My WordPress Blog","potentialAction":[{"@type":"SearchAction","target":{"@type":"EntryPoint","urlTemplate":"https:\/\/888starz.tips\/fr\/?s={search_term_string}"},"query-input":{"@type":"PropertyValueSpecification","valueRequired":true,"valueName":"search_term_string"}}],"inLanguage":"fr-FR"}]}},"_links":{"self":[{"href":"https:\/\/888starz.tips\/fr\/wp-json\/wp\/v2\/pages\/223","targetHints":{"allow":["GET"]}}],"collection":[{"href":"https:\/\/888starz.tips\/fr\/wp-json\/wp\/v2\/pages"}],"about":[{"href":"https:\/\/888starz.tips\/fr\/wp-json\/wp\/v2\/types\/page"}],"author":[{"embeddable":true,"href":"https:\/\/888starz.tips\/fr\/wp-json\/wp\/v2\/users\/1"}],"replies":[{"embeddable":true,"href":"https:\/\/888starz.tips\/fr\/wp-json\/wp\/v2\/comments?post=223"}],"version-history":[{"count":35,"href":"https:\/\/888starz.tips\/fr\/wp-json\/wp\/v2\/pages\/223\/revisions"}],"predecessor-version":[{"id":497,"href":"https:\/\/888starz.tips\/fr\/wp-json\/wp\/v2\/pages\/223\/revisions\/497"}],"wp:attachment":[{"href":"https:\/\/888starz.tips\/fr\/wp-json\/wp\/v2\/media?parent=223"}],"curies":[{"name":"wp","href":"https:\/\/api.w.org\/{rel}","templated":true}]}}