{"id":332,"date":"2024-09-09T06:08:46","date_gmt":"2024-09-09T06:08:46","guid":{"rendered":"https:\/\/888starz.tips\/fr\/?page_id=332"},"modified":"2025-02-21T11:52:27","modified_gmt":"2025-02-21T11:52:27","slug":"apk","status":"publish","type":"page","link":"https:\/\/888starz.tips\/fr\/apk\/","title":{"rendered":"Apk"},"content":{"rendered":"","protected":false},"excerpt":{"rendered":"","protected":false},"author":1,"featured_media":0,"parent":0,"menu_order":0,"comment_status":"closed","ping_status":"closed","template":"","meta":{"footnotes":""},"class_list":["post-332","page","type-page","status-publish","hentry"],"yoast_head":"<!-- This site is optimized with the Yoast SEO plugin v27.4 - https:\/\/yoast.com\/product\/yoast-seo-wordpress\/ -->\n<title>888Starz Apk \u21d2 T\u00e9l\u00e9charger 888Starz Apk pour Android<\/title>\n<meta name=\"description\" content=\"T\u00e9l\u00e9charger 888Starz Betting Apk derni\u00e8re version 2025 - Apk 888Starz pour IPhone &amp; Android - Comment t\u00e9l\u00e9charger 888Starz Apk en 2025 \u2713 Paris sportifs et Casino \u2713 Cotes \u00e9lev\u00e9es.\" \/>\n<meta name=\"robots\" content=\"index, follow, max-snippet:-1, max-image-preview:large, max-video-preview:-1\" \/>\n<meta property=\"og:locale\" content=\"fr_FR\" \/>\n<meta property=\"og:type\" content=\"article\" \/>\n<meta property=\"og:title\" content=\"888Starz Apk \u21d2 T\u00e9l\u00e9charger 888Starz Apk pour Android\" \/>\n<meta property=\"og:description\" content=\"T\u00e9l\u00e9charger 888Starz Betting Apk derni\u00e8re version 2025 - Apk 888Starz pour IPhone &amp; Android - Comment t\u00e9l\u00e9charger 888Starz Apk en 2025 \u2713 Paris sportifs et Casino \u2713 Cotes \u00e9lev\u00e9es.\" \/>\n<meta property=\"og:url\" content=\"https:\/\/888starz.tips\/fr\/apk\/\" \/>\n<meta property=\"og:site_name\" content=\"888Starz Tips fr\" \/>\n<meta property=\"article:modified_time\" content=\"2025-02-21T11:52:27+00:00\" \/>\n<meta name=\"twitter:card\" content=\"summary_large_image\" \/>\n<script type=\"application\/ld+json\" class=\"yoast-schema-graph\">{\"@context\":\"https:\\\/\\\/schema.org\",\"@graph\":[{\"@type\":\"WebPage\",\"@id\":\"https:\\\/\\\/888starz.tips\\\/fr\\\/apk\\\/\",\"url\":\"https:\\\/\\\/888starz.tips\\\/fr\\\/apk\\\/\",\"name\":\"888Starz Apk \u21d2 T\u00e9l\u00e9charger 888Starz Apk pour Android\",\"isPartOf\":{\"@id\":\"https:\\\/\\\/888starz.tips\\\/fr\\\/#website\"},\"datePublished\":\"2024-09-09T06:08:46+00:00\",\"dateModified\":\"2025-02-21T11:52:27+00:00\",\"description\":\"T\u00e9l\u00e9charger 888Starz Betting Apk derni\u00e8re version 2025 - Apk 888Starz pour IPhone & Android - Comment t\u00e9l\u00e9charger 888Starz Apk en 2025 \u2713 Paris sportifs et Casino \u2713 Cotes \u00e9lev\u00e9es.\",\"breadcrumb\":{\"@id\":\"https:\\\/\\\/888starz.tips\\\/fr\\\/apk\\\/#breadcrumb\"},\"inLanguage\":\"fr-FR\",\"potentialAction\":[{\"@type\":\"ReadAction\",\"target\":[\"https:\\\/\\\/888starz.tips\\\/fr\\\/apk\\\/\"]}]},{\"@type\":\"BreadcrumbList\",\"@id\":\"https:\\\/\\\/888starz.tips\\\/fr\\\/apk\\\/#breadcrumb\",\"itemListElement\":[{\"@type\":\"ListItem\",\"position\":1,\"name\":\"Home\",\"item\":\"https:\\\/\\\/888starz.tips\\\/fr\\\/\"},{\"@type\":\"ListItem\",\"position\":2,\"name\":\"Apk\"}]},{\"@type\":\"WebSite\",\"@id\":\"https:\\\/\\\/888starz.tips\\\/fr\\\/#website\",\"url\":\"https:\\\/\\\/888starz.tips\\\/fr\\\/\",\"name\":\"888Starz Tips fr\",\"description\":\"My WordPress Blog\",\"potentialAction\":[{\"@type\":\"SearchAction\",\"target\":{\"@type\":\"EntryPoint\",\"urlTemplate\":\"https:\\\/\\\/888starz.tips\\\/fr\\\/?s={search_term_string}\"},\"query-input\":{\"@type\":\"PropertyValueSpecification\",\"valueRequired\":true,\"valueName\":\"search_term_string\"}}],\"inLanguage\":\"fr-FR\"}]}<\/script>\n<!-- \/ Yoast SEO plugin. -->","yoast_head_json":{"title":"888Starz Apk \u21d2 T\u00e9l\u00e9charger 888Starz Apk pour Android","description":"T\u00e9l\u00e9charger 888Starz Betting Apk derni\u00e8re version 2025 - Apk 888Starz pour IPhone & Android - Comment t\u00e9l\u00e9charger 888Starz Apk en 2025 \u2713 Paris sportifs et Casino \u2713 Cotes \u00e9lev\u00e9es.","robots":{"index":"index","follow":"follow","max-snippet":"max-snippet:-1","max-image-preview":"max-image-preview:large","max-video-preview":"max-video-preview:-1"},"og_locale":"fr_FR","og_type":"article","og_title":"888Starz Apk \u21d2 T\u00e9l\u00e9charger 888Starz Apk pour Android","og_description":"T\u00e9l\u00e9charger 888Starz Betting Apk derni\u00e8re version 2025 - Apk 888Starz pour IPhone & Android - Comment t\u00e9l\u00e9charger 888Starz Apk en 2025 \u2713 Paris sportifs et Casino \u2713 Cotes \u00e9lev\u00e9es.","og_url":"https:\/\/888starz.tips\/fr\/apk\/","og_site_name":"888Starz Tips fr","article_modified_time":"2025-02-21T11:52:27+00:00","twitter_card":"summary_large_image","schema":{"@context":"https:\/\/schema.org","@graph":[{"@type":"WebPage","@id":"https:\/\/888starz.tips\/fr\/apk\/","url":"https:\/\/888starz.tips\/fr\/apk\/","name":"888Starz Apk \u21d2 T\u00e9l\u00e9charger 888Starz Apk pour Android","isPartOf":{"@id":"https:\/\/888starz.tips\/fr\/#website"},"datePublished":"2024-09-09T06:08:46+00:00","dateModified":"2025-02-21T11:52:27+00:00","description":"T\u00e9l\u00e9charger 888Starz Betting Apk derni\u00e8re version 2025 - Apk 888Starz pour IPhone & Android - Comment t\u00e9l\u00e9charger 888Starz Apk en 2025 \u2713 Paris sportifs et Casino \u2713 Cotes \u00e9lev\u00e9es.","breadcrumb":{"@id":"https:\/\/888starz.tips\/fr\/apk\/#breadcrumb"},"inLanguage":"fr-FR","potentialAction":[{"@type":"ReadAction","target":["https:\/\/888starz.tips\/fr\/apk\/"]}]},{"@type":"BreadcrumbList","@id":"https:\/\/888starz.tips\/fr\/apk\/#breadcrumb","itemListElement":[{"@type":"ListItem","position":1,"name":"Home","item":"https:\/\/888starz.tips\/fr\/"},{"@type":"ListItem","position":2,"name":"Apk"}]},{"@type":"WebSite","@id":"https:\/\/888starz.tips\/fr\/#website","url":"https:\/\/888starz.tips\/fr\/","name":"888Starz Tips fr","description":"My WordPress Blog","potentialAction":[{"@type":"SearchAction","target":{"@type":"EntryPoint","urlTemplate":"https:\/\/888starz.tips\/fr\/?s={search_term_string}"},"query-input":{"@type":"PropertyValueSpecification","valueRequired":true,"valueName":"search_term_string"}}],"inLanguage":"fr-FR"}]}},"_links":{"self":[{"href":"https:\/\/888starz.tips\/fr\/wp-json\/wp\/v2\/pages\/332","targetHints":{"allow":["GET"]}}],"collection":[{"href":"https:\/\/888starz.tips\/fr\/wp-json\/wp\/v2\/pages"}],"about":[{"href":"https:\/\/888starz.tips\/fr\/wp-json\/wp\/v2\/types\/page"}],"author":[{"embeddable":true,"href":"https:\/\/888starz.tips\/fr\/wp-json\/wp\/v2\/users\/1"}],"replies":[{"embeddable":true,"href":"https:\/\/888starz.tips\/fr\/wp-json\/wp\/v2\/comments?post=332"}],"version-history":[{"count":25,"href":"https:\/\/888starz.tips\/fr\/wp-json\/wp\/v2\/pages\/332\/revisions"}],"predecessor-version":[{"id":496,"href":"https:\/\/888starz.tips\/fr\/wp-json\/wp\/v2\/pages\/332\/revisions\/496"}],"wp:attachment":[{"href":"https:\/\/888starz.tips\/fr\/wp-json\/wp\/v2\/media?parent=332"}],"curies":[{"name":"wp","href":"https:\/\/api.w.org\/{rel}","templated":true}]}}