{"id":223,"date":"2024-05-02T13:35:53","date_gmt":"2024-05-02T13:35:53","guid":{"rendered":"https:\/\/888starz.tips\/hu\/?page_id=223"},"modified":"2025-06-13T11:59:26","modified_gmt":"2025-06-13T11:59:26","slug":"app","status":"publish","type":"page","link":"https:\/\/888starz.tips\/hu\/app\/","title":{"rendered":"App"},"content":{"rendered":"","protected":false},"excerpt":{"rendered":"","protected":false},"author":1,"featured_media":0,"parent":0,"menu_order":0,"comment_status":"closed","ping_status":"closed","template":"","meta":{"footnotes":""},"class_list":["post-223","page","type-page","status-publish","hentry"],"yoast_head":"<!-- This site is optimized with the Yoast SEO plugin v27.4 - https:\/\/yoast.com\/product\/yoast-seo-wordpress\/ -->\n<title>888Starz App let\u00f6lt\u00e9se \u2728 Mobilfogad\u00e1s<\/title>\n<meta name=\"description\" content=\"A 888Starz App telep\u00edt\u00e9se Androidra \u00e9s iOS-re \ud83d\uddf8 A 888Starz App a hivatalos sportfogad\u00e1si \u00e9s online kaszin\u00f3 mobilalkalmaz\u00e1s, amely ingyenesen let\u00f6lthet\u0151 a weboldalunkr\u00f3l.\" \/>\n<meta name=\"robots\" content=\"index, follow, max-snippet:-1, max-image-preview:large, max-video-preview:-1\" \/>\n<meta property=\"og:locale\" content=\"hu_HU\" \/>\n<meta property=\"og:type\" content=\"article\" \/>\n<meta property=\"og:title\" content=\"888Starz App let\u00f6lt\u00e9se \u2728 Mobilfogad\u00e1s\" \/>\n<meta property=\"og:description\" content=\"A 888Starz App telep\u00edt\u00e9se Androidra \u00e9s iOS-re \ud83d\uddf8 A 888Starz App a hivatalos sportfogad\u00e1si \u00e9s online kaszin\u00f3 mobilalkalmaz\u00e1s, amely ingyenesen let\u00f6lthet\u0151 a weboldalunkr\u00f3l.\" \/>\n<meta property=\"og:url\" content=\"https:\/\/888starz.tips\/hu\/app\/\" \/>\n<meta property=\"og:site_name\" content=\"888Starz Tips hu\" \/>\n<meta property=\"article:modified_time\" content=\"2025-06-13T11:59:26+00:00\" \/>\n<meta name=\"twitter:card\" content=\"summary_large_image\" \/>\n<script type=\"application\/ld+json\" class=\"yoast-schema-graph\">{\"@context\":\"https:\\\/\\\/schema.org\",\"@graph\":[{\"@type\":\"WebPage\",\"@id\":\"https:\\\/\\\/888starz.tips\\\/hu\\\/app\\\/\",\"url\":\"https:\\\/\\\/888starz.tips\\\/hu\\\/app\\\/\",\"name\":\"888Starz App let\u00f6lt\u00e9se \u2728 Mobilfogad\u00e1s\",\"isPartOf\":{\"@id\":\"https:\\\/\\\/888starz.tips\\\/hu\\\/#website\"},\"datePublished\":\"2024-05-02T13:35:53+00:00\",\"dateModified\":\"2025-06-13T11:59:26+00:00\",\"description\":\"A 888Starz App telep\u00edt\u00e9se Androidra \u00e9s iOS-re \ud83d\uddf8 A 888Starz App a hivatalos sportfogad\u00e1si \u00e9s online kaszin\u00f3 mobilalkalmaz\u00e1s, amely ingyenesen let\u00f6lthet\u0151 a weboldalunkr\u00f3l.\",\"breadcrumb\":{\"@id\":\"https:\\\/\\\/888starz.tips\\\/hu\\\/app\\\/#breadcrumb\"},\"inLanguage\":\"hu\",\"potentialAction\":[{\"@type\":\"ReadAction\",\"target\":[\"https:\\\/\\\/888starz.tips\\\/hu\\\/app\\\/\"]}]},{\"@type\":\"BreadcrumbList\",\"@id\":\"https:\\\/\\\/888starz.tips\\\/hu\\\/app\\\/#breadcrumb\",\"itemListElement\":[{\"@type\":\"ListItem\",\"position\":1,\"name\":\"Home\",\"item\":\"https:\\\/\\\/888starz.tips\\\/hu\\\/\"},{\"@type\":\"ListItem\",\"position\":2,\"name\":\"App\"}]},{\"@type\":\"WebSite\",\"@id\":\"https:\\\/\\\/888starz.tips\\\/hu\\\/#website\",\"url\":\"https:\\\/\\\/888starz.tips\\\/hu\\\/\",\"name\":\"888Starz Tips hu\",\"description\":\"My WordPress Blog\",\"potentialAction\":[{\"@type\":\"SearchAction\",\"target\":{\"@type\":\"EntryPoint\",\"urlTemplate\":\"https:\\\/\\\/888starz.tips\\\/hu\\\/?s={search_term_string}\"},\"query-input\":{\"@type\":\"PropertyValueSpecification\",\"valueRequired\":true,\"valueName\":\"search_term_string\"}}],\"inLanguage\":\"hu\"}]}<\/script>\n<!-- \/ Yoast SEO plugin. -->","yoast_head_json":{"title":"888Starz App let\u00f6lt\u00e9se \u2728 Mobilfogad\u00e1s","description":"A 888Starz App telep\u00edt\u00e9se Androidra \u00e9s iOS-re \ud83d\uddf8 A 888Starz App a hivatalos sportfogad\u00e1si \u00e9s online kaszin\u00f3 mobilalkalmaz\u00e1s, amely ingyenesen let\u00f6lthet\u0151 a weboldalunkr\u00f3l.","robots":{"index":"index","follow":"follow","max-snippet":"max-snippet:-1","max-image-preview":"max-image-preview:large","max-video-preview":"max-video-preview:-1"},"og_locale":"hu_HU","og_type":"article","og_title":"888Starz App let\u00f6lt\u00e9se \u2728 Mobilfogad\u00e1s","og_description":"A 888Starz App telep\u00edt\u00e9se Androidra \u00e9s iOS-re \ud83d\uddf8 A 888Starz App a hivatalos sportfogad\u00e1si \u00e9s online kaszin\u00f3 mobilalkalmaz\u00e1s, amely ingyenesen let\u00f6lthet\u0151 a weboldalunkr\u00f3l.","og_url":"https:\/\/888starz.tips\/hu\/app\/","og_site_name":"888Starz Tips hu","article_modified_time":"2025-06-13T11:59:26+00:00","twitter_card":"summary_large_image","schema":{"@context":"https:\/\/schema.org","@graph":[{"@type":"WebPage","@id":"https:\/\/888starz.tips\/hu\/app\/","url":"https:\/\/888starz.tips\/hu\/app\/","name":"888Starz App let\u00f6lt\u00e9se \u2728 Mobilfogad\u00e1s","isPartOf":{"@id":"https:\/\/888starz.tips\/hu\/#website"},"datePublished":"2024-05-02T13:35:53+00:00","dateModified":"2025-06-13T11:59:26+00:00","description":"A 888Starz App telep\u00edt\u00e9se Androidra \u00e9s iOS-re \ud83d\uddf8 A 888Starz App a hivatalos sportfogad\u00e1si \u00e9s online kaszin\u00f3 mobilalkalmaz\u00e1s, amely ingyenesen let\u00f6lthet\u0151 a weboldalunkr\u00f3l.","breadcrumb":{"@id":"https:\/\/888starz.tips\/hu\/app\/#breadcrumb"},"inLanguage":"hu","potentialAction":[{"@type":"ReadAction","target":["https:\/\/888starz.tips\/hu\/app\/"]}]},{"@type":"BreadcrumbList","@id":"https:\/\/888starz.tips\/hu\/app\/#breadcrumb","itemListElement":[{"@type":"ListItem","position":1,"name":"Home","item":"https:\/\/888starz.tips\/hu\/"},{"@type":"ListItem","position":2,"name":"App"}]},{"@type":"WebSite","@id":"https:\/\/888starz.tips\/hu\/#website","url":"https:\/\/888starz.tips\/hu\/","name":"888Starz Tips hu","description":"My WordPress Blog","potentialAction":[{"@type":"SearchAction","target":{"@type":"EntryPoint","urlTemplate":"https:\/\/888starz.tips\/hu\/?s={search_term_string}"},"query-input":{"@type":"PropertyValueSpecification","valueRequired":true,"valueName":"search_term_string"}}],"inLanguage":"hu"}]}},"_links":{"self":[{"href":"https:\/\/888starz.tips\/hu\/wp-json\/wp\/v2\/pages\/223","targetHints":{"allow":["GET"]}}],"collection":[{"href":"https:\/\/888starz.tips\/hu\/wp-json\/wp\/v2\/pages"}],"about":[{"href":"https:\/\/888starz.tips\/hu\/wp-json\/wp\/v2\/types\/page"}],"author":[{"embeddable":true,"href":"https:\/\/888starz.tips\/hu\/wp-json\/wp\/v2\/users\/1"}],"replies":[{"embeddable":true,"href":"https:\/\/888starz.tips\/hu\/wp-json\/wp\/v2\/comments?post=223"}],"version-history":[{"count":35,"href":"https:\/\/888starz.tips\/hu\/wp-json\/wp\/v2\/pages\/223\/revisions"}],"predecessor-version":[{"id":520,"href":"https:\/\/888starz.tips\/hu\/wp-json\/wp\/v2\/pages\/223\/revisions\/520"}],"wp:attachment":[{"href":"https:\/\/888starz.tips\/hu\/wp-json\/wp\/v2\/media?parent=223"}],"curies":[{"name":"wp","href":"https:\/\/api.w.org\/{rel}","templated":true}]}}