{"id":290,"date":"2024-09-05T06:01:53","date_gmt":"2024-09-05T06:01:53","guid":{"rendered":"https:\/\/888starz.tips\/hu\/?page_id=290"},"modified":"2025-06-13T15:24:19","modified_gmt":"2025-06-13T15:24:19","slug":"login","status":"publish","type":"page","link":"https:\/\/888starz.tips\/hu\/login\/","title":{"rendered":"Bejelentkez\u00e9s"},"content":{"rendered":"","protected":false},"excerpt":{"rendered":"","protected":false},"author":1,"featured_media":0,"parent":0,"menu_order":0,"comment_status":"closed","ping_status":"closed","template":"","meta":{"footnotes":""},"class_list":["post-290","page","type-page","status-publish","hentry"],"yoast_head":"<!-- This site is optimized with the Yoast SEO plugin v27.4 - https:\/\/yoast.com\/product\/yoast-seo-wordpress\/ -->\n<title>888Starz bejelentkez\u00e9s \u1409 Bejelentkez\u00e9s 888Starz sz\u00e1ml\u00e1dra<\/title>\n<meta name=\"description\" content=\"Hogyan jelentkezzen be a 888Starz sz\u00e1ml\u00e1ra \u2713 Menjen a 888Starz oldalra vagy alkalmaz\u00e1sba, \u00e9s adja meg bejelentkez\u00e9si adatait a sz\u00fcks\u00e9ges mez\u0151kben \u2713 Kattintson a 888Starz bejelentkez\u00e9s gombra, \u00e9s kezdjen el fogadni.\" \/>\n<meta name=\"robots\" content=\"index, follow, max-snippet:-1, max-image-preview:large, max-video-preview:-1\" \/>\n<meta property=\"og:locale\" content=\"hu_HU\" \/>\n<meta property=\"og:type\" content=\"article\" \/>\n<meta property=\"og:title\" content=\"888Starz bejelentkez\u00e9s \u1409 Bejelentkez\u00e9s 888Starz sz\u00e1ml\u00e1dra\" \/>\n<meta property=\"og:description\" content=\"Hogyan jelentkezzen be a 888Starz sz\u00e1ml\u00e1ra \u2713 Menjen a 888Starz oldalra vagy alkalmaz\u00e1sba, \u00e9s adja meg bejelentkez\u00e9si adatait a sz\u00fcks\u00e9ges mez\u0151kben \u2713 Kattintson a 888Starz bejelentkez\u00e9s gombra, \u00e9s kezdjen el fogadni.\" \/>\n<meta property=\"og:url\" content=\"https:\/\/888starz.tips\/hu\/login\/\" \/>\n<meta property=\"og:site_name\" content=\"888Starz Tips hu\" \/>\n<meta property=\"article:modified_time\" content=\"2025-06-13T15:24:19+00:00\" \/>\n<meta name=\"twitter:card\" content=\"summary_large_image\" \/>\n<script type=\"application\/ld+json\" class=\"yoast-schema-graph\">{\"@context\":\"https:\\\/\\\/schema.org\",\"@graph\":[{\"@type\":\"WebPage\",\"@id\":\"https:\\\/\\\/888starz.tips\\\/hu\\\/login\\\/\",\"url\":\"https:\\\/\\\/888starz.tips\\\/hu\\\/login\\\/\",\"name\":\"888Starz bejelentkez\u00e9s \u1409 Bejelentkez\u00e9s 888Starz sz\u00e1ml\u00e1dra\",\"isPartOf\":{\"@id\":\"https:\\\/\\\/888starz.tips\\\/hu\\\/#website\"},\"datePublished\":\"2024-09-05T06:01:53+00:00\",\"dateModified\":\"2025-06-13T15:24:19+00:00\",\"description\":\"Hogyan jelentkezzen be a 888Starz sz\u00e1ml\u00e1ra \u2713 Menjen a 888Starz oldalra vagy alkalmaz\u00e1sba, \u00e9s adja meg bejelentkez\u00e9si adatait a sz\u00fcks\u00e9ges mez\u0151kben \u2713 Kattintson a 888Starz bejelentkez\u00e9s gombra, \u00e9s kezdjen el fogadni.\",\"breadcrumb\":{\"@id\":\"https:\\\/\\\/888starz.tips\\\/hu\\\/login\\\/#breadcrumb\"},\"inLanguage\":\"hu\",\"potentialAction\":[{\"@type\":\"ReadAction\",\"target\":[\"https:\\\/\\\/888starz.tips\\\/hu\\\/login\\\/\"]}]},{\"@type\":\"BreadcrumbList\",\"@id\":\"https:\\\/\\\/888starz.tips\\\/hu\\\/login\\\/#breadcrumb\",\"itemListElement\":[{\"@type\":\"ListItem\",\"position\":1,\"name\":\"Home\",\"item\":\"https:\\\/\\\/888starz.tips\\\/hu\\\/\"},{\"@type\":\"ListItem\",\"position\":2,\"name\":\"Bejelentkez\u00e9s\"}]},{\"@type\":\"WebSite\",\"@id\":\"https:\\\/\\\/888starz.tips\\\/hu\\\/#website\",\"url\":\"https:\\\/\\\/888starz.tips\\\/hu\\\/\",\"name\":\"888Starz Tips hu\",\"description\":\"My WordPress Blog\",\"potentialAction\":[{\"@type\":\"SearchAction\",\"target\":{\"@type\":\"EntryPoint\",\"urlTemplate\":\"https:\\\/\\\/888starz.tips\\\/hu\\\/?s={search_term_string}\"},\"query-input\":{\"@type\":\"PropertyValueSpecification\",\"valueRequired\":true,\"valueName\":\"search_term_string\"}}],\"inLanguage\":\"hu\"}]}<\/script>\n<!-- \/ Yoast SEO plugin. -->","yoast_head_json":{"title":"888Starz bejelentkez\u00e9s \u1409 Bejelentkez\u00e9s 888Starz sz\u00e1ml\u00e1dra","description":"Hogyan jelentkezzen be a 888Starz sz\u00e1ml\u00e1ra \u2713 Menjen a 888Starz oldalra vagy alkalmaz\u00e1sba, \u00e9s adja meg bejelentkez\u00e9si adatait a sz\u00fcks\u00e9ges mez\u0151kben \u2713 Kattintson a 888Starz bejelentkez\u00e9s gombra, \u00e9s kezdjen el fogadni.","robots":{"index":"index","follow":"follow","max-snippet":"max-snippet:-1","max-image-preview":"max-image-preview:large","max-video-preview":"max-video-preview:-1"},"og_locale":"hu_HU","og_type":"article","og_title":"888Starz bejelentkez\u00e9s \u1409 Bejelentkez\u00e9s 888Starz sz\u00e1ml\u00e1dra","og_description":"Hogyan jelentkezzen be a 888Starz sz\u00e1ml\u00e1ra \u2713 Menjen a 888Starz oldalra vagy alkalmaz\u00e1sba, \u00e9s adja meg bejelentkez\u00e9si adatait a sz\u00fcks\u00e9ges mez\u0151kben \u2713 Kattintson a 888Starz bejelentkez\u00e9s gombra, \u00e9s kezdjen el fogadni.","og_url":"https:\/\/888starz.tips\/hu\/login\/","og_site_name":"888Starz Tips hu","article_modified_time":"2025-06-13T15:24:19+00:00","twitter_card":"summary_large_image","schema":{"@context":"https:\/\/schema.org","@graph":[{"@type":"WebPage","@id":"https:\/\/888starz.tips\/hu\/login\/","url":"https:\/\/888starz.tips\/hu\/login\/","name":"888Starz bejelentkez\u00e9s \u1409 Bejelentkez\u00e9s 888Starz sz\u00e1ml\u00e1dra","isPartOf":{"@id":"https:\/\/888starz.tips\/hu\/#website"},"datePublished":"2024-09-05T06:01:53+00:00","dateModified":"2025-06-13T15:24:19+00:00","description":"Hogyan jelentkezzen be a 888Starz sz\u00e1ml\u00e1ra \u2713 Menjen a 888Starz oldalra vagy alkalmaz\u00e1sba, \u00e9s adja meg bejelentkez\u00e9si adatait a sz\u00fcks\u00e9ges mez\u0151kben \u2713 Kattintson a 888Starz bejelentkez\u00e9s gombra, \u00e9s kezdjen el fogadni.","breadcrumb":{"@id":"https:\/\/888starz.tips\/hu\/login\/#breadcrumb"},"inLanguage":"hu","potentialAction":[{"@type":"ReadAction","target":["https:\/\/888starz.tips\/hu\/login\/"]}]},{"@type":"BreadcrumbList","@id":"https:\/\/888starz.tips\/hu\/login\/#breadcrumb","itemListElement":[{"@type":"ListItem","position":1,"name":"Home","item":"https:\/\/888starz.tips\/hu\/"},{"@type":"ListItem","position":2,"name":"Bejelentkez\u00e9s"}]},{"@type":"WebSite","@id":"https:\/\/888starz.tips\/hu\/#website","url":"https:\/\/888starz.tips\/hu\/","name":"888Starz Tips hu","description":"My WordPress Blog","potentialAction":[{"@type":"SearchAction","target":{"@type":"EntryPoint","urlTemplate":"https:\/\/888starz.tips\/hu\/?s={search_term_string}"},"query-input":{"@type":"PropertyValueSpecification","valueRequired":true,"valueName":"search_term_string"}}],"inLanguage":"hu"}]}},"_links":{"self":[{"href":"https:\/\/888starz.tips\/hu\/wp-json\/wp\/v2\/pages\/290","targetHints":{"allow":["GET"]}}],"collection":[{"href":"https:\/\/888starz.tips\/hu\/wp-json\/wp\/v2\/pages"}],"about":[{"href":"https:\/\/888starz.tips\/hu\/wp-json\/wp\/v2\/types\/page"}],"author":[{"embeddable":true,"href":"https:\/\/888starz.tips\/hu\/wp-json\/wp\/v2\/users\/1"}],"replies":[{"embeddable":true,"href":"https:\/\/888starz.tips\/hu\/wp-json\/wp\/v2\/comments?post=290"}],"version-history":[{"count":26,"href":"https:\/\/888starz.tips\/hu\/wp-json\/wp\/v2\/pages\/290\/revisions"}],"predecessor-version":[{"id":528,"href":"https:\/\/888starz.tips\/hu\/wp-json\/wp\/v2\/pages\/290\/revisions\/528"}],"wp:attachment":[{"href":"https:\/\/888starz.tips\/hu\/wp-json\/wp\/v2\/media?parent=290"}],"curies":[{"name":"wp","href":"https:\/\/api.w.org\/{rel}","templated":true}]}}