{"id":292,"date":"2024-09-05T06:02:09","date_gmt":"2024-09-05T06:02:09","guid":{"rendered":"https:\/\/888starz.tips\/hu\/?page_id=292"},"modified":"2025-06-13T15:51:06","modified_gmt":"2025-06-13T15:51:06","slug":"registration","status":"publish","type":"page","link":"https:\/\/888starz.tips\/hu\/registration\/","title":{"rendered":"Regisztr\u00e1ci\u00f3"},"content":{"rendered":"","protected":false},"excerpt":{"rendered":"","protected":false},"author":1,"featured_media":0,"parent":0,"menu_order":0,"comment_status":"closed","ping_status":"closed","template":"","meta":{"footnotes":""},"class_list":["post-292","page","type-page","status-publish","hentry"],"yoast_head":"<!-- This site is optimized with the Yoast SEO plugin v27.4 - https:\/\/yoast.com\/product\/yoast-seo-wordpress\/ -->\n<title>888Starz regisztr\u00e1ci\u00f3 \u1409 888Starz regisztr\u00e1ci\u00f3s \u00fatmutat\u00f3<\/title>\n<meta name=\"description\" content=\"Regisztr\u00e1ci\u00f3 a 888Starz hivatalos weboldal\u00e1n \u2714\ufe0f Regisztr\u00e1ci\u00f3 a 888Starz App-ban \u1409 Hogyan csatlakozzon a 888starz-hoz \u00e9s hozzon l\u00e9tre egy fi\u00f3kot \u2b50\ufe0f Regisztr\u00e1ljon \u00e9s szerezzen 100%-os els\u0151 befizet\u00e9si b\u00f3nuszt!\" \/>\n<meta name=\"robots\" content=\"index, follow, max-snippet:-1, max-image-preview:large, max-video-preview:-1\" \/>\n<meta property=\"og:locale\" content=\"hu_HU\" \/>\n<meta property=\"og:type\" content=\"article\" \/>\n<meta property=\"og:title\" content=\"888Starz regisztr\u00e1ci\u00f3 \u1409 888Starz regisztr\u00e1ci\u00f3s \u00fatmutat\u00f3\" \/>\n<meta property=\"og:description\" content=\"Regisztr\u00e1ci\u00f3 a 888Starz hivatalos weboldal\u00e1n \u2714\ufe0f Regisztr\u00e1ci\u00f3 a 888Starz App-ban \u1409 Hogyan csatlakozzon a 888starz-hoz \u00e9s hozzon l\u00e9tre egy fi\u00f3kot \u2b50\ufe0f Regisztr\u00e1ljon \u00e9s szerezzen 100%-os els\u0151 befizet\u00e9si b\u00f3nuszt!\" \/>\n<meta property=\"og:url\" content=\"https:\/\/888starz.tips\/hu\/registration\/\" \/>\n<meta property=\"og:site_name\" content=\"888Starz Tips hu\" \/>\n<meta property=\"article:modified_time\" content=\"2025-06-13T15:51:06+00:00\" \/>\n<meta name=\"twitter:card\" content=\"summary_large_image\" \/>\n<script type=\"application\/ld+json\" class=\"yoast-schema-graph\">{\"@context\":\"https:\\\/\\\/schema.org\",\"@graph\":[{\"@type\":\"WebPage\",\"@id\":\"https:\\\/\\\/888starz.tips\\\/hu\\\/registration\\\/\",\"url\":\"https:\\\/\\\/888starz.tips\\\/hu\\\/registration\\\/\",\"name\":\"888Starz regisztr\u00e1ci\u00f3 \u1409 888Starz regisztr\u00e1ci\u00f3s \u00fatmutat\u00f3\",\"isPartOf\":{\"@id\":\"https:\\\/\\\/888starz.tips\\\/hu\\\/#website\"},\"datePublished\":\"2024-09-05T06:02:09+00:00\",\"dateModified\":\"2025-06-13T15:51:06+00:00\",\"description\":\"Regisztr\u00e1ci\u00f3 a 888Starz hivatalos weboldal\u00e1n \u2714\ufe0f Regisztr\u00e1ci\u00f3 a 888Starz App-ban \u1409 Hogyan csatlakozzon a 888starz-hoz \u00e9s hozzon l\u00e9tre egy fi\u00f3kot \u2b50\ufe0f Regisztr\u00e1ljon \u00e9s szerezzen 100%-os els\u0151 befizet\u00e9si b\u00f3nuszt!\",\"breadcrumb\":{\"@id\":\"https:\\\/\\\/888starz.tips\\\/hu\\\/registration\\\/#breadcrumb\"},\"inLanguage\":\"hu\",\"potentialAction\":[{\"@type\":\"ReadAction\",\"target\":[\"https:\\\/\\\/888starz.tips\\\/hu\\\/registration\\\/\"]}]},{\"@type\":\"BreadcrumbList\",\"@id\":\"https:\\\/\\\/888starz.tips\\\/hu\\\/registration\\\/#breadcrumb\",\"itemListElement\":[{\"@type\":\"ListItem\",\"position\":1,\"name\":\"Home\",\"item\":\"https:\\\/\\\/888starz.tips\\\/hu\\\/\"},{\"@type\":\"ListItem\",\"position\":2,\"name\":\"Regisztr\u00e1ci\u00f3\"}]},{\"@type\":\"WebSite\",\"@id\":\"https:\\\/\\\/888starz.tips\\\/hu\\\/#website\",\"url\":\"https:\\\/\\\/888starz.tips\\\/hu\\\/\",\"name\":\"888Starz Tips hu\",\"description\":\"My WordPress Blog\",\"potentialAction\":[{\"@type\":\"SearchAction\",\"target\":{\"@type\":\"EntryPoint\",\"urlTemplate\":\"https:\\\/\\\/888starz.tips\\\/hu\\\/?s={search_term_string}\"},\"query-input\":{\"@type\":\"PropertyValueSpecification\",\"valueRequired\":true,\"valueName\":\"search_term_string\"}}],\"inLanguage\":\"hu\"}]}<\/script>\n<!-- \/ Yoast SEO plugin. -->","yoast_head_json":{"title":"888Starz regisztr\u00e1ci\u00f3 \u1409 888Starz regisztr\u00e1ci\u00f3s \u00fatmutat\u00f3","description":"Regisztr\u00e1ci\u00f3 a 888Starz hivatalos weboldal\u00e1n \u2714\ufe0f Regisztr\u00e1ci\u00f3 a 888Starz App-ban \u1409 Hogyan csatlakozzon a 888starz-hoz \u00e9s hozzon l\u00e9tre egy fi\u00f3kot \u2b50\ufe0f Regisztr\u00e1ljon \u00e9s szerezzen 100%-os els\u0151 befizet\u00e9si b\u00f3nuszt!","robots":{"index":"index","follow":"follow","max-snippet":"max-snippet:-1","max-image-preview":"max-image-preview:large","max-video-preview":"max-video-preview:-1"},"og_locale":"hu_HU","og_type":"article","og_title":"888Starz regisztr\u00e1ci\u00f3 \u1409 888Starz regisztr\u00e1ci\u00f3s \u00fatmutat\u00f3","og_description":"Regisztr\u00e1ci\u00f3 a 888Starz hivatalos weboldal\u00e1n \u2714\ufe0f Regisztr\u00e1ci\u00f3 a 888Starz App-ban \u1409 Hogyan csatlakozzon a 888starz-hoz \u00e9s hozzon l\u00e9tre egy fi\u00f3kot \u2b50\ufe0f Regisztr\u00e1ljon \u00e9s szerezzen 100%-os els\u0151 befizet\u00e9si b\u00f3nuszt!","og_url":"https:\/\/888starz.tips\/hu\/registration\/","og_site_name":"888Starz Tips hu","article_modified_time":"2025-06-13T15:51:06+00:00","twitter_card":"summary_large_image","schema":{"@context":"https:\/\/schema.org","@graph":[{"@type":"WebPage","@id":"https:\/\/888starz.tips\/hu\/registration\/","url":"https:\/\/888starz.tips\/hu\/registration\/","name":"888Starz regisztr\u00e1ci\u00f3 \u1409 888Starz regisztr\u00e1ci\u00f3s \u00fatmutat\u00f3","isPartOf":{"@id":"https:\/\/888starz.tips\/hu\/#website"},"datePublished":"2024-09-05T06:02:09+00:00","dateModified":"2025-06-13T15:51:06+00:00","description":"Regisztr\u00e1ci\u00f3 a 888Starz hivatalos weboldal\u00e1n \u2714\ufe0f Regisztr\u00e1ci\u00f3 a 888Starz App-ban \u1409 Hogyan csatlakozzon a 888starz-hoz \u00e9s hozzon l\u00e9tre egy fi\u00f3kot \u2b50\ufe0f Regisztr\u00e1ljon \u00e9s szerezzen 100%-os els\u0151 befizet\u00e9si b\u00f3nuszt!","breadcrumb":{"@id":"https:\/\/888starz.tips\/hu\/registration\/#breadcrumb"},"inLanguage":"hu","potentialAction":[{"@type":"ReadAction","target":["https:\/\/888starz.tips\/hu\/registration\/"]}]},{"@type":"BreadcrumbList","@id":"https:\/\/888starz.tips\/hu\/registration\/#breadcrumb","itemListElement":[{"@type":"ListItem","position":1,"name":"Home","item":"https:\/\/888starz.tips\/hu\/"},{"@type":"ListItem","position":2,"name":"Regisztr\u00e1ci\u00f3"}]},{"@type":"WebSite","@id":"https:\/\/888starz.tips\/hu\/#website","url":"https:\/\/888starz.tips\/hu\/","name":"888Starz Tips hu","description":"My WordPress Blog","potentialAction":[{"@type":"SearchAction","target":{"@type":"EntryPoint","urlTemplate":"https:\/\/888starz.tips\/hu\/?s={search_term_string}"},"query-input":{"@type":"PropertyValueSpecification","valueRequired":true,"valueName":"search_term_string"}}],"inLanguage":"hu"}]}},"_links":{"self":[{"href":"https:\/\/888starz.tips\/hu\/wp-json\/wp\/v2\/pages\/292","targetHints":{"allow":["GET"]}}],"collection":[{"href":"https:\/\/888starz.tips\/hu\/wp-json\/wp\/v2\/pages"}],"about":[{"href":"https:\/\/888starz.tips\/hu\/wp-json\/wp\/v2\/types\/page"}],"author":[{"embeddable":true,"href":"https:\/\/888starz.tips\/hu\/wp-json\/wp\/v2\/users\/1"}],"replies":[{"embeddable":true,"href":"https:\/\/888starz.tips\/hu\/wp-json\/wp\/v2\/comments?post=292"}],"version-history":[{"count":23,"href":"https:\/\/888starz.tips\/hu\/wp-json\/wp\/v2\/pages\/292\/revisions"}],"predecessor-version":[{"id":534,"href":"https:\/\/888starz.tips\/hu\/wp-json\/wp\/v2\/pages\/292\/revisions\/534"}],"wp:attachment":[{"href":"https:\/\/888starz.tips\/hu\/wp-json\/wp\/v2\/media?parent=292"}],"curies":[{"name":"wp","href":"https:\/\/api.w.org\/{rel}","templated":true}]}}