{"id":451,"date":"2025-01-27T13:46:18","date_gmt":"2025-01-27T13:46:18","guid":{"rendered":"https:\/\/888starz.tips\/hu\/?page_id=451"},"modified":"2025-09-07T17:18:33","modified_gmt":"2025-09-07T17:18:33","slug":"promo-code","status":"publish","type":"page","link":"https:\/\/888starz.tips\/hu\/promo-code\/","title":{"rendered":"Promo k\u00f3d"},"content":{"rendered":"","protected":false},"excerpt":{"rendered":"","protected":false},"author":1,"featured_media":0,"parent":0,"menu_order":0,"comment_status":"closed","ping_status":"closed","template":"","meta":{"footnotes":""},"class_list":["post-451","page","type-page","status-publish","hentry"],"yoast_head":"<!-- This site is optimized with the Yoast SEO plugin v27.4 - https:\/\/yoast.com\/product\/yoast-seo-wordpress\/ -->\n<title>888Starz Promo k\u00f3d 2025 \u2705 Ig\u00e9nyelje 100%-os b\u00f3nusz\u00e1t!<\/title>\n<meta name=\"description\" content=\"Szeretn\u00e9 n\u00f6velni a nyerem\u00e9ny\u00e9t? \ud83d\udd25Nyisd fel az exkluz\u00edv 888Starz prom\u00f3ci\u00f3s k\u00f3dot 2025 \u00e9s szerezz egy hatalmas 100%-os b\u00f3nuszt m\u00e9g ma! Ne v\u00e1rj - a jackpot utaz\u00e1sod most kezd\u0151dik!\" \/>\n<meta name=\"robots\" content=\"index, follow, max-snippet:-1, max-image-preview:large, max-video-preview:-1\" \/>\n<meta property=\"og:locale\" content=\"hu_HU\" \/>\n<meta property=\"og:type\" content=\"article\" \/>\n<meta property=\"og:title\" content=\"888Starz Promo k\u00f3d 2025 \u2705 Ig\u00e9nyelje 100%-os b\u00f3nusz\u00e1t!\" \/>\n<meta property=\"og:description\" content=\"Szeretn\u00e9 n\u00f6velni a nyerem\u00e9ny\u00e9t? \ud83d\udd25Nyisd fel az exkluz\u00edv 888Starz prom\u00f3ci\u00f3s k\u00f3dot 2025 \u00e9s szerezz egy hatalmas 100%-os b\u00f3nuszt m\u00e9g ma! Ne v\u00e1rj - a jackpot utaz\u00e1sod most kezd\u0151dik!\" \/>\n<meta property=\"og:url\" content=\"https:\/\/888starz.tips\/hu\/promo-code\/\" \/>\n<meta property=\"og:site_name\" content=\"888Starz Tips hu\" \/>\n<meta property=\"article:modified_time\" content=\"2025-09-07T17:18:33+00:00\" \/>\n<meta name=\"twitter:card\" content=\"summary_large_image\" \/>\n<script type=\"application\/ld+json\" class=\"yoast-schema-graph\">{\"@context\":\"https:\\\/\\\/schema.org\",\"@graph\":[{\"@type\":\"WebPage\",\"@id\":\"https:\\\/\\\/888starz.tips\\\/hu\\\/promo-code\\\/\",\"url\":\"https:\\\/\\\/888starz.tips\\\/hu\\\/promo-code\\\/\",\"name\":\"888Starz Promo k\u00f3d 2025 \u2705 Ig\u00e9nyelje 100%-os b\u00f3nusz\u00e1t!\",\"isPartOf\":{\"@id\":\"https:\\\/\\\/888starz.tips\\\/hu\\\/#website\"},\"datePublished\":\"2025-01-27T13:46:18+00:00\",\"dateModified\":\"2025-09-07T17:18:33+00:00\",\"description\":\"Szeretn\u00e9 n\u00f6velni a nyerem\u00e9ny\u00e9t? \ud83d\udd25Nyisd fel az exkluz\u00edv 888Starz prom\u00f3ci\u00f3s k\u00f3dot 2025 \u00e9s szerezz egy hatalmas 100%-os b\u00f3nuszt m\u00e9g ma! Ne v\u00e1rj - a jackpot utaz\u00e1sod most kezd\u0151dik!\",\"breadcrumb\":{\"@id\":\"https:\\\/\\\/888starz.tips\\\/hu\\\/promo-code\\\/#breadcrumb\"},\"inLanguage\":\"hu\",\"potentialAction\":[{\"@type\":\"ReadAction\",\"target\":[\"https:\\\/\\\/888starz.tips\\\/hu\\\/promo-code\\\/\"]}]},{\"@type\":\"BreadcrumbList\",\"@id\":\"https:\\\/\\\/888starz.tips\\\/hu\\\/promo-code\\\/#breadcrumb\",\"itemListElement\":[{\"@type\":\"ListItem\",\"position\":1,\"name\":\"Home\",\"item\":\"https:\\\/\\\/888starz.tips\\\/hu\\\/\"},{\"@type\":\"ListItem\",\"position\":2,\"name\":\"Promo k\u00f3d\"}]},{\"@type\":\"WebSite\",\"@id\":\"https:\\\/\\\/888starz.tips\\\/hu\\\/#website\",\"url\":\"https:\\\/\\\/888starz.tips\\\/hu\\\/\",\"name\":\"888Starz Tips hu\",\"description\":\"My WordPress Blog\",\"potentialAction\":[{\"@type\":\"SearchAction\",\"target\":{\"@type\":\"EntryPoint\",\"urlTemplate\":\"https:\\\/\\\/888starz.tips\\\/hu\\\/?s={search_term_string}\"},\"query-input\":{\"@type\":\"PropertyValueSpecification\",\"valueRequired\":true,\"valueName\":\"search_term_string\"}}],\"inLanguage\":\"hu\"}]}<\/script>\n<!-- \/ Yoast SEO plugin. -->","yoast_head_json":{"title":"888Starz Promo k\u00f3d 2025 \u2705 Ig\u00e9nyelje 100%-os b\u00f3nusz\u00e1t!","description":"Szeretn\u00e9 n\u00f6velni a nyerem\u00e9ny\u00e9t? \ud83d\udd25Nyisd fel az exkluz\u00edv 888Starz prom\u00f3ci\u00f3s k\u00f3dot 2025 \u00e9s szerezz egy hatalmas 100%-os b\u00f3nuszt m\u00e9g ma! Ne v\u00e1rj - a jackpot utaz\u00e1sod most kezd\u0151dik!","robots":{"index":"index","follow":"follow","max-snippet":"max-snippet:-1","max-image-preview":"max-image-preview:large","max-video-preview":"max-video-preview:-1"},"og_locale":"hu_HU","og_type":"article","og_title":"888Starz Promo k\u00f3d 2025 \u2705 Ig\u00e9nyelje 100%-os b\u00f3nusz\u00e1t!","og_description":"Szeretn\u00e9 n\u00f6velni a nyerem\u00e9ny\u00e9t? \ud83d\udd25Nyisd fel az exkluz\u00edv 888Starz prom\u00f3ci\u00f3s k\u00f3dot 2025 \u00e9s szerezz egy hatalmas 100%-os b\u00f3nuszt m\u00e9g ma! Ne v\u00e1rj - a jackpot utaz\u00e1sod most kezd\u0151dik!","og_url":"https:\/\/888starz.tips\/hu\/promo-code\/","og_site_name":"888Starz Tips hu","article_modified_time":"2025-09-07T17:18:33+00:00","twitter_card":"summary_large_image","schema":{"@context":"https:\/\/schema.org","@graph":[{"@type":"WebPage","@id":"https:\/\/888starz.tips\/hu\/promo-code\/","url":"https:\/\/888starz.tips\/hu\/promo-code\/","name":"888Starz Promo k\u00f3d 2025 \u2705 Ig\u00e9nyelje 100%-os b\u00f3nusz\u00e1t!","isPartOf":{"@id":"https:\/\/888starz.tips\/hu\/#website"},"datePublished":"2025-01-27T13:46:18+00:00","dateModified":"2025-09-07T17:18:33+00:00","description":"Szeretn\u00e9 n\u00f6velni a nyerem\u00e9ny\u00e9t? \ud83d\udd25Nyisd fel az exkluz\u00edv 888Starz prom\u00f3ci\u00f3s k\u00f3dot 2025 \u00e9s szerezz egy hatalmas 100%-os b\u00f3nuszt m\u00e9g ma! Ne v\u00e1rj - a jackpot utaz\u00e1sod most kezd\u0151dik!","breadcrumb":{"@id":"https:\/\/888starz.tips\/hu\/promo-code\/#breadcrumb"},"inLanguage":"hu","potentialAction":[{"@type":"ReadAction","target":["https:\/\/888starz.tips\/hu\/promo-code\/"]}]},{"@type":"BreadcrumbList","@id":"https:\/\/888starz.tips\/hu\/promo-code\/#breadcrumb","itemListElement":[{"@type":"ListItem","position":1,"name":"Home","item":"https:\/\/888starz.tips\/hu\/"},{"@type":"ListItem","position":2,"name":"Promo k\u00f3d"}]},{"@type":"WebSite","@id":"https:\/\/888starz.tips\/hu\/#website","url":"https:\/\/888starz.tips\/hu\/","name":"888Starz Tips hu","description":"My WordPress Blog","potentialAction":[{"@type":"SearchAction","target":{"@type":"EntryPoint","urlTemplate":"https:\/\/888starz.tips\/hu\/?s={search_term_string}"},"query-input":{"@type":"PropertyValueSpecification","valueRequired":true,"valueName":"search_term_string"}}],"inLanguage":"hu"}]}},"_links":{"self":[{"href":"https:\/\/888starz.tips\/hu\/wp-json\/wp\/v2\/pages\/451","targetHints":{"allow":["GET"]}}],"collection":[{"href":"https:\/\/888starz.tips\/hu\/wp-json\/wp\/v2\/pages"}],"about":[{"href":"https:\/\/888starz.tips\/hu\/wp-json\/wp\/v2\/types\/page"}],"author":[{"embeddable":true,"href":"https:\/\/888starz.tips\/hu\/wp-json\/wp\/v2\/users\/1"}],"replies":[{"embeddable":true,"href":"https:\/\/888starz.tips\/hu\/wp-json\/wp\/v2\/comments?post=451"}],"version-history":[{"count":7,"href":"https:\/\/888starz.tips\/hu\/wp-json\/wp\/v2\/pages\/451\/revisions"}],"predecessor-version":[{"id":541,"href":"https:\/\/888starz.tips\/hu\/wp-json\/wp\/v2\/pages\/451\/revisions\/541"}],"wp:attachment":[{"href":"https:\/\/888starz.tips\/hu\/wp-json\/wp\/v2\/media?parent=451"}],"curies":[{"name":"wp","href":"https:\/\/api.w.org\/{rel}","templated":true}]}}