{"id":471,"date":"2025-01-28T05:38:45","date_gmt":"2025-01-28T05:38:45","guid":{"rendered":"https:\/\/888starz.tips\/hu\/?page_id=471"},"modified":"2025-06-13T11:40:58","modified_gmt":"2025-06-13T11:40:58","slug":"affiliate","status":"publish","type":"page","link":"https:\/\/888starz.tips\/hu\/affiliate\/","title":{"rendered":"Affiliate"},"content":{"rendered":"","protected":false},"excerpt":{"rendered":"","protected":false},"author":1,"featured_media":0,"parent":0,"menu_order":0,"comment_status":"closed","ping_status":"closed","template":"","meta":{"footnotes":""},"class_list":["post-471","page","type-page","status-publish","hentry"],"yoast_head":"<!-- This site is optimized with the Yoast SEO plugin v27.4 - https:\/\/yoast.com\/product\/yoast-seo-wordpress\/ -->\n<title>888Starz Affiliate: \u2705Premium iGaming Partners\u00e9gi Program<\/title>\n<meta name=\"description\" content=\"Csatlakozz a 888Starz Affiliate Programhoz m\u00e9g ma! \ud83d\ude80 Nyisson ki izgalmas bev\u00e9teli lehet\u0151s\u00e9geket, elk\u00e9peszt\u0151 juttat\u00e1sokat \u00e9s pr\u00e9mium t\u00e1mogat\u00e1st. Ne csak n\u00e9zd a j\u00e1t\u00e9kot - j\u00e1tssz, hogy NYERJ vel\u00fcnk! \ud83d\udcb0 Optimaliz\u00e1ld a bev\u00e9teleidet \u00e9s kezdj el VAL\u00d3DI p\u00e9nzt keresni most!\" \/>\n<meta name=\"robots\" content=\"index, follow, max-snippet:-1, max-image-preview:large, max-video-preview:-1\" \/>\n<meta property=\"og:locale\" content=\"hu_HU\" \/>\n<meta property=\"og:type\" content=\"article\" \/>\n<meta property=\"og:title\" content=\"888Starz Affiliate: \u2705Premium iGaming Partners\u00e9gi Program\" \/>\n<meta property=\"og:description\" content=\"Csatlakozz a 888Starz Affiliate Programhoz m\u00e9g ma! \ud83d\ude80 Nyisson ki izgalmas bev\u00e9teli lehet\u0151s\u00e9geket, elk\u00e9peszt\u0151 juttat\u00e1sokat \u00e9s pr\u00e9mium t\u00e1mogat\u00e1st. Ne csak n\u00e9zd a j\u00e1t\u00e9kot - j\u00e1tssz, hogy NYERJ vel\u00fcnk! \ud83d\udcb0 Optimaliz\u00e1ld a bev\u00e9teleidet \u00e9s kezdj el VAL\u00d3DI p\u00e9nzt keresni most!\" \/>\n<meta property=\"og:url\" content=\"https:\/\/888starz.tips\/hu\/affiliate\/\" \/>\n<meta property=\"og:site_name\" content=\"888Starz Tips hu\" \/>\n<meta property=\"article:modified_time\" content=\"2025-06-13T11:40:58+00:00\" \/>\n<meta name=\"twitter:card\" content=\"summary_large_image\" \/>\n<script type=\"application\/ld+json\" class=\"yoast-schema-graph\">{\"@context\":\"https:\\\/\\\/schema.org\",\"@graph\":[{\"@type\":\"WebPage\",\"@id\":\"https:\\\/\\\/888starz.tips\\\/hu\\\/affiliate\\\/\",\"url\":\"https:\\\/\\\/888starz.tips\\\/hu\\\/affiliate\\\/\",\"name\":\"888Starz Affiliate: \u2705Premium iGaming Partners\u00e9gi Program\",\"isPartOf\":{\"@id\":\"https:\\\/\\\/888starz.tips\\\/hu\\\/#website\"},\"datePublished\":\"2025-01-28T05:38:45+00:00\",\"dateModified\":\"2025-06-13T11:40:58+00:00\",\"description\":\"Csatlakozz a 888Starz Affiliate Programhoz m\u00e9g ma! \ud83d\ude80 Nyisson ki izgalmas bev\u00e9teli lehet\u0151s\u00e9geket, elk\u00e9peszt\u0151 juttat\u00e1sokat \u00e9s pr\u00e9mium t\u00e1mogat\u00e1st. Ne csak n\u00e9zd a j\u00e1t\u00e9kot - j\u00e1tssz, hogy NYERJ vel\u00fcnk! \ud83d\udcb0 Optimaliz\u00e1ld a bev\u00e9teleidet \u00e9s kezdj el VAL\u00d3DI p\u00e9nzt keresni most!\",\"breadcrumb\":{\"@id\":\"https:\\\/\\\/888starz.tips\\\/hu\\\/affiliate\\\/#breadcrumb\"},\"inLanguage\":\"hu\",\"potentialAction\":[{\"@type\":\"ReadAction\",\"target\":[\"https:\\\/\\\/888starz.tips\\\/hu\\\/affiliate\\\/\"]}]},{\"@type\":\"BreadcrumbList\",\"@id\":\"https:\\\/\\\/888starz.tips\\\/hu\\\/affiliate\\\/#breadcrumb\",\"itemListElement\":[{\"@type\":\"ListItem\",\"position\":1,\"name\":\"Home\",\"item\":\"https:\\\/\\\/888starz.tips\\\/hu\\\/\"},{\"@type\":\"ListItem\",\"position\":2,\"name\":\"Affiliate\"}]},{\"@type\":\"WebSite\",\"@id\":\"https:\\\/\\\/888starz.tips\\\/hu\\\/#website\",\"url\":\"https:\\\/\\\/888starz.tips\\\/hu\\\/\",\"name\":\"888Starz Tips hu\",\"description\":\"My WordPress Blog\",\"potentialAction\":[{\"@type\":\"SearchAction\",\"target\":{\"@type\":\"EntryPoint\",\"urlTemplate\":\"https:\\\/\\\/888starz.tips\\\/hu\\\/?s={search_term_string}\"},\"query-input\":{\"@type\":\"PropertyValueSpecification\",\"valueRequired\":true,\"valueName\":\"search_term_string\"}}],\"inLanguage\":\"hu\"}]}<\/script>\n<!-- \/ Yoast SEO plugin. -->","yoast_head_json":{"title":"888Starz Affiliate: \u2705Premium iGaming Partners\u00e9gi Program","description":"Csatlakozz a 888Starz Affiliate Programhoz m\u00e9g ma! \ud83d\ude80 Nyisson ki izgalmas bev\u00e9teli lehet\u0151s\u00e9geket, elk\u00e9peszt\u0151 juttat\u00e1sokat \u00e9s pr\u00e9mium t\u00e1mogat\u00e1st. Ne csak n\u00e9zd a j\u00e1t\u00e9kot - j\u00e1tssz, hogy NYERJ vel\u00fcnk! \ud83d\udcb0 Optimaliz\u00e1ld a bev\u00e9teleidet \u00e9s kezdj el VAL\u00d3DI p\u00e9nzt keresni most!","robots":{"index":"index","follow":"follow","max-snippet":"max-snippet:-1","max-image-preview":"max-image-preview:large","max-video-preview":"max-video-preview:-1"},"og_locale":"hu_HU","og_type":"article","og_title":"888Starz Affiliate: \u2705Premium iGaming Partners\u00e9gi Program","og_description":"Csatlakozz a 888Starz Affiliate Programhoz m\u00e9g ma! \ud83d\ude80 Nyisson ki izgalmas bev\u00e9teli lehet\u0151s\u00e9geket, elk\u00e9peszt\u0151 juttat\u00e1sokat \u00e9s pr\u00e9mium t\u00e1mogat\u00e1st. Ne csak n\u00e9zd a j\u00e1t\u00e9kot - j\u00e1tssz, hogy NYERJ vel\u00fcnk! \ud83d\udcb0 Optimaliz\u00e1ld a bev\u00e9teleidet \u00e9s kezdj el VAL\u00d3DI p\u00e9nzt keresni most!","og_url":"https:\/\/888starz.tips\/hu\/affiliate\/","og_site_name":"888Starz Tips hu","article_modified_time":"2025-06-13T11:40:58+00:00","twitter_card":"summary_large_image","schema":{"@context":"https:\/\/schema.org","@graph":[{"@type":"WebPage","@id":"https:\/\/888starz.tips\/hu\/affiliate\/","url":"https:\/\/888starz.tips\/hu\/affiliate\/","name":"888Starz Affiliate: \u2705Premium iGaming Partners\u00e9gi Program","isPartOf":{"@id":"https:\/\/888starz.tips\/hu\/#website"},"datePublished":"2025-01-28T05:38:45+00:00","dateModified":"2025-06-13T11:40:58+00:00","description":"Csatlakozz a 888Starz Affiliate Programhoz m\u00e9g ma! \ud83d\ude80 Nyisson ki izgalmas bev\u00e9teli lehet\u0151s\u00e9geket, elk\u00e9peszt\u0151 juttat\u00e1sokat \u00e9s pr\u00e9mium t\u00e1mogat\u00e1st. Ne csak n\u00e9zd a j\u00e1t\u00e9kot - j\u00e1tssz, hogy NYERJ vel\u00fcnk! \ud83d\udcb0 Optimaliz\u00e1ld a bev\u00e9teleidet \u00e9s kezdj el VAL\u00d3DI p\u00e9nzt keresni most!","breadcrumb":{"@id":"https:\/\/888starz.tips\/hu\/affiliate\/#breadcrumb"},"inLanguage":"hu","potentialAction":[{"@type":"ReadAction","target":["https:\/\/888starz.tips\/hu\/affiliate\/"]}]},{"@type":"BreadcrumbList","@id":"https:\/\/888starz.tips\/hu\/affiliate\/#breadcrumb","itemListElement":[{"@type":"ListItem","position":1,"name":"Home","item":"https:\/\/888starz.tips\/hu\/"},{"@type":"ListItem","position":2,"name":"Affiliate"}]},{"@type":"WebSite","@id":"https:\/\/888starz.tips\/hu\/#website","url":"https:\/\/888starz.tips\/hu\/","name":"888Starz Tips hu","description":"My WordPress Blog","potentialAction":[{"@type":"SearchAction","target":{"@type":"EntryPoint","urlTemplate":"https:\/\/888starz.tips\/hu\/?s={search_term_string}"},"query-input":{"@type":"PropertyValueSpecification","valueRequired":true,"valueName":"search_term_string"}}],"inLanguage":"hu"}]}},"_links":{"self":[{"href":"https:\/\/888starz.tips\/hu\/wp-json\/wp\/v2\/pages\/471","targetHints":{"allow":["GET"]}}],"collection":[{"href":"https:\/\/888starz.tips\/hu\/wp-json\/wp\/v2\/pages"}],"about":[{"href":"https:\/\/888starz.tips\/hu\/wp-json\/wp\/v2\/types\/page"}],"author":[{"embeddable":true,"href":"https:\/\/888starz.tips\/hu\/wp-json\/wp\/v2\/users\/1"}],"replies":[{"embeddable":true,"href":"https:\/\/888starz.tips\/hu\/wp-json\/wp\/v2\/comments?post=471"}],"version-history":[{"count":6,"href":"https:\/\/888starz.tips\/hu\/wp-json\/wp\/v2\/pages\/471\/revisions"}],"predecessor-version":[{"id":518,"href":"https:\/\/888starz.tips\/hu\/wp-json\/wp\/v2\/pages\/471\/revisions\/518"}],"wp:attachment":[{"href":"https:\/\/888starz.tips\/hu\/wp-json\/wp\/v2\/media?parent=471"}],"curies":[{"name":"wp","href":"https:\/\/api.w.org\/{rel}","templated":true}]}}