{"id":223,"date":"2024-05-02T13:35:53","date_gmt":"2024-05-02T13:35:53","guid":{"rendered":"https:\/\/888starz.tips\/ie\/?page_id=223"},"modified":"2025-06-16T06:22:59","modified_gmt":"2025-06-16T06:22:59","slug":"app","status":"publish","type":"page","link":"https:\/\/888starz.tips\/ie\/app\/","title":{"rendered":"Aip"},"content":{"rendered":"","protected":false},"excerpt":{"rendered":"","protected":false},"author":1,"featured_media":0,"parent":0,"menu_order":0,"comment_status":"closed","ping_status":"closed","template":"","meta":{"footnotes":""},"class_list":["post-223","page","type-page","status-publish","hentry"],"yoast_head":"<!-- This site is optimized with the Yoast SEO plugin v27.4 - https:\/\/yoast.com\/product\/yoast-seo-wordpress\/ -->\n<title>888Starz \u00cdosl\u00f3d\u00e1il Aipe \u2728 Geallt\u00f3ireacht Shoghluaiste<\/title>\n<meta name=\"description\" content=\"Conas Aip 888Starz a shuite\u00e1il le haghaidh Android agus iOS \ud83d\uddf8 Is \u00ed Aip 888Starz an aip shoghluaiste oifigi\u00fail le haghaidh geallt\u00f3ireachta sp\u00f3irt agus ceasa\u00edneo ar l\u00edne is f\u00e9idir a \u00edosl\u00f3d\u00e1il saor in aisce \u00f3n\u00e1r su\u00edomh Gr\u00e9as\u00e1in\" \/>\n<meta name=\"robots\" content=\"index, follow, max-snippet:-1, max-image-preview:large, max-video-preview:-1\" \/>\n<meta property=\"og:locale\" content=\"en_US\" \/>\n<meta property=\"og:type\" content=\"article\" \/>\n<meta property=\"og:title\" content=\"888Starz \u00cdosl\u00f3d\u00e1il Aipe \u2728 Geallt\u00f3ireacht Shoghluaiste\" \/>\n<meta property=\"og:description\" content=\"Conas Aip 888Starz a shuite\u00e1il le haghaidh Android agus iOS \ud83d\uddf8 Is \u00ed Aip 888Starz an aip shoghluaiste oifigi\u00fail le haghaidh geallt\u00f3ireachta sp\u00f3irt agus ceasa\u00edneo ar l\u00edne is f\u00e9idir a \u00edosl\u00f3d\u00e1il saor in aisce \u00f3n\u00e1r su\u00edomh Gr\u00e9as\u00e1in\" \/>\n<meta property=\"og:url\" content=\"https:\/\/888starz.tips\/ie\/app\/\" \/>\n<meta property=\"og:site_name\" content=\"888starz Tips ie\" \/>\n<meta property=\"article:modified_time\" content=\"2025-06-16T06:22:59+00:00\" \/>\n<meta name=\"twitter:card\" content=\"summary_large_image\" \/>\n<script type=\"application\/ld+json\" class=\"yoast-schema-graph\">{\"@context\":\"https:\\\/\\\/schema.org\",\"@graph\":[{\"@type\":\"WebPage\",\"@id\":\"https:\\\/\\\/888starz.tips\\\/ie\\\/app\\\/\",\"url\":\"https:\\\/\\\/888starz.tips\\\/ie\\\/app\\\/\",\"name\":\"888Starz \u00cdosl\u00f3d\u00e1il Aipe \u2728 Geallt\u00f3ireacht Shoghluaiste\",\"isPartOf\":{\"@id\":\"https:\\\/\\\/888starz.tips\\\/ie\\\/#website\"},\"datePublished\":\"2024-05-02T13:35:53+00:00\",\"dateModified\":\"2025-06-16T06:22:59+00:00\",\"description\":\"Conas Aip 888Starz a shuite\u00e1il le haghaidh Android agus iOS \ud83d\uddf8 Is \u00ed Aip 888Starz an aip shoghluaiste oifigi\u00fail le haghaidh geallt\u00f3ireachta sp\u00f3irt agus ceasa\u00edneo ar l\u00edne is f\u00e9idir a \u00edosl\u00f3d\u00e1il saor in aisce \u00f3n\u00e1r su\u00edomh Gr\u00e9as\u00e1in\",\"breadcrumb\":{\"@id\":\"https:\\\/\\\/888starz.tips\\\/ie\\\/app\\\/#breadcrumb\"},\"inLanguage\":\"en-IE\",\"potentialAction\":[{\"@type\":\"ReadAction\",\"target\":[\"https:\\\/\\\/888starz.tips\\\/ie\\\/app\\\/\"]}]},{\"@type\":\"BreadcrumbList\",\"@id\":\"https:\\\/\\\/888starz.tips\\\/ie\\\/app\\\/#breadcrumb\",\"itemListElement\":[{\"@type\":\"ListItem\",\"position\":1,\"name\":\"Home\",\"item\":\"https:\\\/\\\/888starz.tips\\\/ie\\\/\"},{\"@type\":\"ListItem\",\"position\":2,\"name\":\"Aip\"}]},{\"@type\":\"WebSite\",\"@id\":\"https:\\\/\\\/888starz.tips\\\/ie\\\/#website\",\"url\":\"https:\\\/\\\/888starz.tips\\\/ie\\\/\",\"name\":\"888starz Tips ie\",\"description\":\"My WordPress Blog\",\"potentialAction\":[{\"@type\":\"SearchAction\",\"target\":{\"@type\":\"EntryPoint\",\"urlTemplate\":\"https:\\\/\\\/888starz.tips\\\/ie\\\/?s={search_term_string}\"},\"query-input\":{\"@type\":\"PropertyValueSpecification\",\"valueRequired\":true,\"valueName\":\"search_term_string\"}}],\"inLanguage\":\"en-IE\"}]}<\/script>\n<!-- \/ Yoast SEO plugin. -->","yoast_head_json":{"title":"888Starz \u00cdosl\u00f3d\u00e1il Aipe \u2728 Geallt\u00f3ireacht Shoghluaiste","description":"Conas Aip 888Starz a shuite\u00e1il le haghaidh Android agus iOS \ud83d\uddf8 Is \u00ed Aip 888Starz an aip shoghluaiste oifigi\u00fail le haghaidh geallt\u00f3ireachta sp\u00f3irt agus ceasa\u00edneo ar l\u00edne is f\u00e9idir a \u00edosl\u00f3d\u00e1il saor in aisce \u00f3n\u00e1r su\u00edomh Gr\u00e9as\u00e1in","robots":{"index":"index","follow":"follow","max-snippet":"max-snippet:-1","max-image-preview":"max-image-preview:large","max-video-preview":"max-video-preview:-1"},"og_locale":"en_US","og_type":"article","og_title":"888Starz \u00cdosl\u00f3d\u00e1il Aipe \u2728 Geallt\u00f3ireacht Shoghluaiste","og_description":"Conas Aip 888Starz a shuite\u00e1il le haghaidh Android agus iOS \ud83d\uddf8 Is \u00ed Aip 888Starz an aip shoghluaiste oifigi\u00fail le haghaidh geallt\u00f3ireachta sp\u00f3irt agus ceasa\u00edneo ar l\u00edne is f\u00e9idir a \u00edosl\u00f3d\u00e1il saor in aisce \u00f3n\u00e1r su\u00edomh Gr\u00e9as\u00e1in","og_url":"https:\/\/888starz.tips\/ie\/app\/","og_site_name":"888starz Tips ie","article_modified_time":"2025-06-16T06:22:59+00:00","twitter_card":"summary_large_image","schema":{"@context":"https:\/\/schema.org","@graph":[{"@type":"WebPage","@id":"https:\/\/888starz.tips\/ie\/app\/","url":"https:\/\/888starz.tips\/ie\/app\/","name":"888Starz \u00cdosl\u00f3d\u00e1il Aipe \u2728 Geallt\u00f3ireacht Shoghluaiste","isPartOf":{"@id":"https:\/\/888starz.tips\/ie\/#website"},"datePublished":"2024-05-02T13:35:53+00:00","dateModified":"2025-06-16T06:22:59+00:00","description":"Conas Aip 888Starz a shuite\u00e1il le haghaidh Android agus iOS \ud83d\uddf8 Is \u00ed Aip 888Starz an aip shoghluaiste oifigi\u00fail le haghaidh geallt\u00f3ireachta sp\u00f3irt agus ceasa\u00edneo ar l\u00edne is f\u00e9idir a \u00edosl\u00f3d\u00e1il saor in aisce \u00f3n\u00e1r su\u00edomh Gr\u00e9as\u00e1in","breadcrumb":{"@id":"https:\/\/888starz.tips\/ie\/app\/#breadcrumb"},"inLanguage":"en-IE","potentialAction":[{"@type":"ReadAction","target":["https:\/\/888starz.tips\/ie\/app\/"]}]},{"@type":"BreadcrumbList","@id":"https:\/\/888starz.tips\/ie\/app\/#breadcrumb","itemListElement":[{"@type":"ListItem","position":1,"name":"Home","item":"https:\/\/888starz.tips\/ie\/"},{"@type":"ListItem","position":2,"name":"Aip"}]},{"@type":"WebSite","@id":"https:\/\/888starz.tips\/ie\/#website","url":"https:\/\/888starz.tips\/ie\/","name":"888starz Tips ie","description":"My WordPress Blog","potentialAction":[{"@type":"SearchAction","target":{"@type":"EntryPoint","urlTemplate":"https:\/\/888starz.tips\/ie\/?s={search_term_string}"},"query-input":{"@type":"PropertyValueSpecification","valueRequired":true,"valueName":"search_term_string"}}],"inLanguage":"en-IE"}]}},"_links":{"self":[{"href":"https:\/\/888starz.tips\/ie\/wp-json\/wp\/v2\/pages\/223","targetHints":{"allow":["GET"]}}],"collection":[{"href":"https:\/\/888starz.tips\/ie\/wp-json\/wp\/v2\/pages"}],"about":[{"href":"https:\/\/888starz.tips\/ie\/wp-json\/wp\/v2\/types\/page"}],"author":[{"embeddable":true,"href":"https:\/\/888starz.tips\/ie\/wp-json\/wp\/v2\/users\/1"}],"replies":[{"embeddable":true,"href":"https:\/\/888starz.tips\/ie\/wp-json\/wp\/v2\/comments?post=223"}],"version-history":[{"count":36,"href":"https:\/\/888starz.tips\/ie\/wp-json\/wp\/v2\/pages\/223\/revisions"}],"predecessor-version":[{"id":523,"href":"https:\/\/888starz.tips\/ie\/wp-json\/wp\/v2\/pages\/223\/revisions\/523"}],"wp:attachment":[{"href":"https:\/\/888starz.tips\/ie\/wp-json\/wp\/v2\/media?parent=223"}],"curies":[{"name":"wp","href":"https:\/\/api.w.org\/{rel}","templated":true}]}}