{"id":290,"date":"2024-09-05T06:01:53","date_gmt":"2024-09-05T06:01:53","guid":{"rendered":"https:\/\/888starz.tips\/ie\/?page_id=290"},"modified":"2025-06-16T09:07:16","modified_gmt":"2025-06-16T09:07:16","slug":"login","status":"publish","type":"page","link":"https:\/\/888starz.tips\/ie\/login\/","title":{"rendered":"Log\u00e1il Isteach"},"content":{"rendered":"","protected":false},"excerpt":{"rendered":"","protected":false},"author":1,"featured_media":0,"parent":0,"menu_order":0,"comment_status":"closed","ping_status":"closed","template":"","meta":{"footnotes":""},"class_list":["post-290","page","type-page","status-publish","hentry"],"yoast_head":"<!-- This site is optimized with the Yoast SEO plugin v27.4 - https:\/\/yoast.com\/product\/yoast-seo-wordpress\/ -->\n<title>888Starz Log\u00e1il Isteach \u1409 S\u00ednigh isteach i do chuntas 888Starz<\/title>\n<meta name=\"description\" content=\"Conas Log\u00e1il Isteach i gCuntas 888Starz \u2713 T\u00e9igh chuig Su\u00edomh Gr\u00e9as\u00e1in n\u00f3 Aip 888starz agus cuir isteach do shonra\u00ed log\u00e1la isteach sna r\u00e9ims\u00ed riachtanacha \u2713 Clice\u00e1il ar an gcnaipe log\u00e1la isteach 888Starz agus tosaigh ag geallt\u00f3ireacht\" \/>\n<meta name=\"robots\" content=\"index, follow, max-snippet:-1, max-image-preview:large, max-video-preview:-1\" \/>\n<meta property=\"og:locale\" content=\"en_US\" \/>\n<meta property=\"og:type\" content=\"article\" \/>\n<meta property=\"og:title\" content=\"888Starz Log\u00e1il Isteach \u1409 S\u00ednigh isteach i do chuntas 888Starz\" \/>\n<meta property=\"og:description\" content=\"Conas Log\u00e1il Isteach i gCuntas 888Starz \u2713 T\u00e9igh chuig Su\u00edomh Gr\u00e9as\u00e1in n\u00f3 Aip 888starz agus cuir isteach do shonra\u00ed log\u00e1la isteach sna r\u00e9ims\u00ed riachtanacha \u2713 Clice\u00e1il ar an gcnaipe log\u00e1la isteach 888Starz agus tosaigh ag geallt\u00f3ireacht\" \/>\n<meta property=\"og:url\" content=\"https:\/\/888starz.tips\/ie\/login\/\" \/>\n<meta property=\"og:site_name\" content=\"888starz Tips ie\" \/>\n<meta property=\"article:modified_time\" content=\"2025-06-16T09:07:16+00:00\" \/>\n<meta name=\"twitter:card\" content=\"summary_large_image\" \/>\n<script type=\"application\/ld+json\" class=\"yoast-schema-graph\">{\"@context\":\"https:\\\/\\\/schema.org\",\"@graph\":[{\"@type\":\"WebPage\",\"@id\":\"https:\\\/\\\/888starz.tips\\\/ie\\\/login\\\/\",\"url\":\"https:\\\/\\\/888starz.tips\\\/ie\\\/login\\\/\",\"name\":\"888Starz Log\u00e1il Isteach \u1409 S\u00ednigh isteach i do chuntas 888Starz\",\"isPartOf\":{\"@id\":\"https:\\\/\\\/888starz.tips\\\/ie\\\/#website\"},\"datePublished\":\"2024-09-05T06:01:53+00:00\",\"dateModified\":\"2025-06-16T09:07:16+00:00\",\"description\":\"Conas Log\u00e1il Isteach i gCuntas 888Starz \u2713 T\u00e9igh chuig Su\u00edomh Gr\u00e9as\u00e1in n\u00f3 Aip 888starz agus cuir isteach do shonra\u00ed log\u00e1la isteach sna r\u00e9ims\u00ed riachtanacha \u2713 Clice\u00e1il ar an gcnaipe log\u00e1la isteach 888Starz agus tosaigh ag geallt\u00f3ireacht\",\"breadcrumb\":{\"@id\":\"https:\\\/\\\/888starz.tips\\\/ie\\\/login\\\/#breadcrumb\"},\"inLanguage\":\"en-IE\",\"potentialAction\":[{\"@type\":\"ReadAction\",\"target\":[\"https:\\\/\\\/888starz.tips\\\/ie\\\/login\\\/\"]}]},{\"@type\":\"BreadcrumbList\",\"@id\":\"https:\\\/\\\/888starz.tips\\\/ie\\\/login\\\/#breadcrumb\",\"itemListElement\":[{\"@type\":\"ListItem\",\"position\":1,\"name\":\"Home\",\"item\":\"https:\\\/\\\/888starz.tips\\\/ie\\\/\"},{\"@type\":\"ListItem\",\"position\":2,\"name\":\"Log\u00e1il Isteach\"}]},{\"@type\":\"WebSite\",\"@id\":\"https:\\\/\\\/888starz.tips\\\/ie\\\/#website\",\"url\":\"https:\\\/\\\/888starz.tips\\\/ie\\\/\",\"name\":\"888starz Tips ie\",\"description\":\"My WordPress Blog\",\"potentialAction\":[{\"@type\":\"SearchAction\",\"target\":{\"@type\":\"EntryPoint\",\"urlTemplate\":\"https:\\\/\\\/888starz.tips\\\/ie\\\/?s={search_term_string}\"},\"query-input\":{\"@type\":\"PropertyValueSpecification\",\"valueRequired\":true,\"valueName\":\"search_term_string\"}}],\"inLanguage\":\"en-IE\"}]}<\/script>\n<!-- \/ Yoast SEO plugin. -->","yoast_head_json":{"title":"888Starz Log\u00e1il Isteach \u1409 S\u00ednigh isteach i do chuntas 888Starz","description":"Conas Log\u00e1il Isteach i gCuntas 888Starz \u2713 T\u00e9igh chuig Su\u00edomh Gr\u00e9as\u00e1in n\u00f3 Aip 888starz agus cuir isteach do shonra\u00ed log\u00e1la isteach sna r\u00e9ims\u00ed riachtanacha \u2713 Clice\u00e1il ar an gcnaipe log\u00e1la isteach 888Starz agus tosaigh ag geallt\u00f3ireacht","robots":{"index":"index","follow":"follow","max-snippet":"max-snippet:-1","max-image-preview":"max-image-preview:large","max-video-preview":"max-video-preview:-1"},"og_locale":"en_US","og_type":"article","og_title":"888Starz Log\u00e1il Isteach \u1409 S\u00ednigh isteach i do chuntas 888Starz","og_description":"Conas Log\u00e1il Isteach i gCuntas 888Starz \u2713 T\u00e9igh chuig Su\u00edomh Gr\u00e9as\u00e1in n\u00f3 Aip 888starz agus cuir isteach do shonra\u00ed log\u00e1la isteach sna r\u00e9ims\u00ed riachtanacha \u2713 Clice\u00e1il ar an gcnaipe log\u00e1la isteach 888Starz agus tosaigh ag geallt\u00f3ireacht","og_url":"https:\/\/888starz.tips\/ie\/login\/","og_site_name":"888starz Tips ie","article_modified_time":"2025-06-16T09:07:16+00:00","twitter_card":"summary_large_image","schema":{"@context":"https:\/\/schema.org","@graph":[{"@type":"WebPage","@id":"https:\/\/888starz.tips\/ie\/login\/","url":"https:\/\/888starz.tips\/ie\/login\/","name":"888Starz Log\u00e1il Isteach \u1409 S\u00ednigh isteach i do chuntas 888Starz","isPartOf":{"@id":"https:\/\/888starz.tips\/ie\/#website"},"datePublished":"2024-09-05T06:01:53+00:00","dateModified":"2025-06-16T09:07:16+00:00","description":"Conas Log\u00e1il Isteach i gCuntas 888Starz \u2713 T\u00e9igh chuig Su\u00edomh Gr\u00e9as\u00e1in n\u00f3 Aip 888starz agus cuir isteach do shonra\u00ed log\u00e1la isteach sna r\u00e9ims\u00ed riachtanacha \u2713 Clice\u00e1il ar an gcnaipe log\u00e1la isteach 888Starz agus tosaigh ag geallt\u00f3ireacht","breadcrumb":{"@id":"https:\/\/888starz.tips\/ie\/login\/#breadcrumb"},"inLanguage":"en-IE","potentialAction":[{"@type":"ReadAction","target":["https:\/\/888starz.tips\/ie\/login\/"]}]},{"@type":"BreadcrumbList","@id":"https:\/\/888starz.tips\/ie\/login\/#breadcrumb","itemListElement":[{"@type":"ListItem","position":1,"name":"Home","item":"https:\/\/888starz.tips\/ie\/"},{"@type":"ListItem","position":2,"name":"Log\u00e1il Isteach"}]},{"@type":"WebSite","@id":"https:\/\/888starz.tips\/ie\/#website","url":"https:\/\/888starz.tips\/ie\/","name":"888starz Tips ie","description":"My WordPress Blog","potentialAction":[{"@type":"SearchAction","target":{"@type":"EntryPoint","urlTemplate":"https:\/\/888starz.tips\/ie\/?s={search_term_string}"},"query-input":{"@type":"PropertyValueSpecification","valueRequired":true,"valueName":"search_term_string"}}],"inLanguage":"en-IE"}]}},"_links":{"self":[{"href":"https:\/\/888starz.tips\/ie\/wp-json\/wp\/v2\/pages\/290","targetHints":{"allow":["GET"]}}],"collection":[{"href":"https:\/\/888starz.tips\/ie\/wp-json\/wp\/v2\/pages"}],"about":[{"href":"https:\/\/888starz.tips\/ie\/wp-json\/wp\/v2\/types\/page"}],"author":[{"embeddable":true,"href":"https:\/\/888starz.tips\/ie\/wp-json\/wp\/v2\/users\/1"}],"replies":[{"embeddable":true,"href":"https:\/\/888starz.tips\/ie\/wp-json\/wp\/v2\/comments?post=290"}],"version-history":[{"count":26,"href":"https:\/\/888starz.tips\/ie\/wp-json\/wp\/v2\/pages\/290\/revisions"}],"predecessor-version":[{"id":531,"href":"https:\/\/888starz.tips\/ie\/wp-json\/wp\/v2\/pages\/290\/revisions\/531"}],"wp:attachment":[{"href":"https:\/\/888starz.tips\/ie\/wp-json\/wp\/v2\/media?parent=290"}],"curies":[{"name":"wp","href":"https:\/\/api.w.org\/{rel}","templated":true}]}}