{"id":332,"date":"2024-09-09T06:08:46","date_gmt":"2024-09-09T06:08:46","guid":{"rendered":"https:\/\/888starz.tips\/ie\/?page_id=332"},"modified":"2025-06-16T06:13:56","modified_gmt":"2025-06-16T06:13:56","slug":"apk","status":"publish","type":"page","link":"https:\/\/888starz.tips\/ie\/apk\/","title":{"rendered":"Apk"},"content":{"rendered":"","protected":false},"excerpt":{"rendered":"","protected":false},"author":1,"featured_media":0,"parent":0,"menu_order":0,"comment_status":"closed","ping_status":"closed","template":"","meta":{"footnotes":""},"class_list":["post-332","page","type-page","status-publish","hentry"],"yoast_head":"<!-- This site is optimized with the Yoast SEO plugin v27.4 - https:\/\/yoast.com\/product\/yoast-seo-wordpress\/ -->\n<title>888Starz Apk \u21d2 \u00cdosl\u00f3d\u00e1il 888Starz APK le haghaidh Android<\/title>\n<meta name=\"description\" content=\"\u00cdosl\u00f3d\u00e1il an leagan is d\u00e9ana\u00ed de 888Starz Betting Apk 2025 \u00b7 Apk 888Starz le haghaidh iPhone &amp; Android \u00b7 Conas 888Starz Apk a \u00cdosl\u00f3d\u00e1il in 2025 \u2713 Geallt\u00f3ireacht Sp\u00f3irt agus Casino \u2713 Ard-Odds\" \/>\n<meta name=\"robots\" content=\"index, follow, max-snippet:-1, max-image-preview:large, max-video-preview:-1\" \/>\n<meta property=\"og:locale\" content=\"en_US\" \/>\n<meta property=\"og:type\" content=\"article\" \/>\n<meta property=\"og:title\" content=\"888Starz Apk \u21d2 \u00cdosl\u00f3d\u00e1il 888Starz APK le haghaidh Android\" \/>\n<meta property=\"og:description\" content=\"\u00cdosl\u00f3d\u00e1il an leagan is d\u00e9ana\u00ed de 888Starz Betting Apk 2025 \u00b7 Apk 888Starz le haghaidh iPhone &amp; Android \u00b7 Conas 888Starz Apk a \u00cdosl\u00f3d\u00e1il in 2025 \u2713 Geallt\u00f3ireacht Sp\u00f3irt agus Casino \u2713 Ard-Odds\" \/>\n<meta property=\"og:url\" content=\"https:\/\/888starz.tips\/ie\/apk\/\" \/>\n<meta property=\"og:site_name\" content=\"888starz Tips ie\" \/>\n<meta property=\"article:modified_time\" content=\"2025-06-16T06:13:56+00:00\" \/>\n<meta name=\"twitter:card\" content=\"summary_large_image\" \/>\n<script type=\"application\/ld+json\" class=\"yoast-schema-graph\">{\"@context\":\"https:\\\/\\\/schema.org\",\"@graph\":[{\"@type\":\"WebPage\",\"@id\":\"https:\\\/\\\/888starz.tips\\\/ie\\\/apk\\\/\",\"url\":\"https:\\\/\\\/888starz.tips\\\/ie\\\/apk\\\/\",\"name\":\"888Starz Apk \u21d2 \u00cdosl\u00f3d\u00e1il 888Starz APK le haghaidh Android\",\"isPartOf\":{\"@id\":\"https:\\\/\\\/888starz.tips\\\/ie\\\/#website\"},\"datePublished\":\"2024-09-09T06:08:46+00:00\",\"dateModified\":\"2025-06-16T06:13:56+00:00\",\"description\":\"\u00cdosl\u00f3d\u00e1il an leagan is d\u00e9ana\u00ed de 888Starz Betting Apk 2025 \u00b7 Apk 888Starz le haghaidh iPhone & Android \u00b7 Conas 888Starz Apk a \u00cdosl\u00f3d\u00e1il in 2025 \u2713 Geallt\u00f3ireacht Sp\u00f3irt agus Casino \u2713 Ard-Odds\",\"breadcrumb\":{\"@id\":\"https:\\\/\\\/888starz.tips\\\/ie\\\/apk\\\/#breadcrumb\"},\"inLanguage\":\"en-IE\",\"potentialAction\":[{\"@type\":\"ReadAction\",\"target\":[\"https:\\\/\\\/888starz.tips\\\/ie\\\/apk\\\/\"]}]},{\"@type\":\"BreadcrumbList\",\"@id\":\"https:\\\/\\\/888starz.tips\\\/ie\\\/apk\\\/#breadcrumb\",\"itemListElement\":[{\"@type\":\"ListItem\",\"position\":1,\"name\":\"Home\",\"item\":\"https:\\\/\\\/888starz.tips\\\/ie\\\/\"},{\"@type\":\"ListItem\",\"position\":2,\"name\":\"Apk\"}]},{\"@type\":\"WebSite\",\"@id\":\"https:\\\/\\\/888starz.tips\\\/ie\\\/#website\",\"url\":\"https:\\\/\\\/888starz.tips\\\/ie\\\/\",\"name\":\"888starz Tips ie\",\"description\":\"My WordPress Blog\",\"potentialAction\":[{\"@type\":\"SearchAction\",\"target\":{\"@type\":\"EntryPoint\",\"urlTemplate\":\"https:\\\/\\\/888starz.tips\\\/ie\\\/?s={search_term_string}\"},\"query-input\":{\"@type\":\"PropertyValueSpecification\",\"valueRequired\":true,\"valueName\":\"search_term_string\"}}],\"inLanguage\":\"en-IE\"}]}<\/script>\n<!-- \/ Yoast SEO plugin. -->","yoast_head_json":{"title":"888Starz Apk \u21d2 \u00cdosl\u00f3d\u00e1il 888Starz APK le haghaidh Android","description":"\u00cdosl\u00f3d\u00e1il an leagan is d\u00e9ana\u00ed de 888Starz Betting Apk 2025 \u00b7 Apk 888Starz le haghaidh iPhone & Android \u00b7 Conas 888Starz Apk a \u00cdosl\u00f3d\u00e1il in 2025 \u2713 Geallt\u00f3ireacht Sp\u00f3irt agus Casino \u2713 Ard-Odds","robots":{"index":"index","follow":"follow","max-snippet":"max-snippet:-1","max-image-preview":"max-image-preview:large","max-video-preview":"max-video-preview:-1"},"og_locale":"en_US","og_type":"article","og_title":"888Starz Apk \u21d2 \u00cdosl\u00f3d\u00e1il 888Starz APK le haghaidh Android","og_description":"\u00cdosl\u00f3d\u00e1il an leagan is d\u00e9ana\u00ed de 888Starz Betting Apk 2025 \u00b7 Apk 888Starz le haghaidh iPhone & Android \u00b7 Conas 888Starz Apk a \u00cdosl\u00f3d\u00e1il in 2025 \u2713 Geallt\u00f3ireacht Sp\u00f3irt agus Casino \u2713 Ard-Odds","og_url":"https:\/\/888starz.tips\/ie\/apk\/","og_site_name":"888starz Tips ie","article_modified_time":"2025-06-16T06:13:56+00:00","twitter_card":"summary_large_image","schema":{"@context":"https:\/\/schema.org","@graph":[{"@type":"WebPage","@id":"https:\/\/888starz.tips\/ie\/apk\/","url":"https:\/\/888starz.tips\/ie\/apk\/","name":"888Starz Apk \u21d2 \u00cdosl\u00f3d\u00e1il 888Starz APK le haghaidh Android","isPartOf":{"@id":"https:\/\/888starz.tips\/ie\/#website"},"datePublished":"2024-09-09T06:08:46+00:00","dateModified":"2025-06-16T06:13:56+00:00","description":"\u00cdosl\u00f3d\u00e1il an leagan is d\u00e9ana\u00ed de 888Starz Betting Apk 2025 \u00b7 Apk 888Starz le haghaidh iPhone & Android \u00b7 Conas 888Starz Apk a \u00cdosl\u00f3d\u00e1il in 2025 \u2713 Geallt\u00f3ireacht Sp\u00f3irt agus Casino \u2713 Ard-Odds","breadcrumb":{"@id":"https:\/\/888starz.tips\/ie\/apk\/#breadcrumb"},"inLanguage":"en-IE","potentialAction":[{"@type":"ReadAction","target":["https:\/\/888starz.tips\/ie\/apk\/"]}]},{"@type":"BreadcrumbList","@id":"https:\/\/888starz.tips\/ie\/apk\/#breadcrumb","itemListElement":[{"@type":"ListItem","position":1,"name":"Home","item":"https:\/\/888starz.tips\/ie\/"},{"@type":"ListItem","position":2,"name":"Apk"}]},{"@type":"WebSite","@id":"https:\/\/888starz.tips\/ie\/#website","url":"https:\/\/888starz.tips\/ie\/","name":"888starz Tips ie","description":"My WordPress Blog","potentialAction":[{"@type":"SearchAction","target":{"@type":"EntryPoint","urlTemplate":"https:\/\/888starz.tips\/ie\/?s={search_term_string}"},"query-input":{"@type":"PropertyValueSpecification","valueRequired":true,"valueName":"search_term_string"}}],"inLanguage":"en-IE"}]}},"_links":{"self":[{"href":"https:\/\/888starz.tips\/ie\/wp-json\/wp\/v2\/pages\/332","targetHints":{"allow":["GET"]}}],"collection":[{"href":"https:\/\/888starz.tips\/ie\/wp-json\/wp\/v2\/pages"}],"about":[{"href":"https:\/\/888starz.tips\/ie\/wp-json\/wp\/v2\/types\/page"}],"author":[{"embeddable":true,"href":"https:\/\/888starz.tips\/ie\/wp-json\/wp\/v2\/users\/1"}],"replies":[{"embeddable":true,"href":"https:\/\/888starz.tips\/ie\/wp-json\/wp\/v2\/comments?post=332"}],"version-history":[{"count":26,"href":"https:\/\/888starz.tips\/ie\/wp-json\/wp\/v2\/pages\/332\/revisions"}],"predecessor-version":[{"id":521,"href":"https:\/\/888starz.tips\/ie\/wp-json\/wp\/v2\/pages\/332\/revisions\/521"}],"wp:attachment":[{"href":"https:\/\/888starz.tips\/ie\/wp-json\/wp\/v2\/media?parent=332"}],"curies":[{"name":"wp","href":"https:\/\/api.w.org\/{rel}","templated":true}]}}