{"id":471,"date":"2025-01-28T05:38:45","date_gmt":"2025-01-28T05:38:45","guid":{"rendered":"https:\/\/888starz.tips\/ie\/?page_id=471"},"modified":"2025-06-25T04:54:56","modified_gmt":"2025-06-25T04:54:56","slug":"affiliate","status":"publish","type":"page","link":"https:\/\/888starz.tips\/ie\/affiliate\/","title":{"rendered":"Cleamhnaithe"},"content":{"rendered":"","protected":false},"excerpt":{"rendered":"","protected":false},"author":1,"featured_media":0,"parent":0,"menu_order":0,"comment_status":"closed","ping_status":"closed","template":"","meta":{"footnotes":""},"class_list":["post-471","page","type-page","status-publish","hentry"],"yoast_head":"<!-- This site is optimized with the Yoast SEO plugin v27.4 - https:\/\/yoast.com\/product\/yoast-seo-wordpress\/ -->\n<title>888Starz Cleamhnaithe \u2705Cl\u00e1r Comhph\u00e1irt\u00edochta iGaming<\/title>\n<meta name=\"description\" content=\"B\u00ed linn inniu i gCl\u00e1r Cleamhnaithe 888Starz! \ud83d\ude80 Faigh deiseanna ioncaim spreag\u00fala, bunt\u00e1ist\u00ed iontacha, agus taca\u00edocht pr\u00e9imhe. N\u00e1 f\u00e9ach ar an gcluiche amh\u00e1in - imir linn chun BUACHAN! \ud83d\udcb0 D\u00e9an do thuilleamh a bharrfheabhs\u00fa agus tosaigh ag tuilleamh F\u00cdOR-airgid anois!\" \/>\n<meta name=\"robots\" content=\"index, follow, max-snippet:-1, max-image-preview:large, max-video-preview:-1\" \/>\n<meta property=\"og:locale\" content=\"en_US\" \/>\n<meta property=\"og:type\" content=\"article\" \/>\n<meta property=\"og:title\" content=\"888Starz Cleamhnaithe \u2705Cl\u00e1r Comhph\u00e1irt\u00edochta iGaming\" \/>\n<meta property=\"og:description\" content=\"B\u00ed linn inniu i gCl\u00e1r Cleamhnaithe 888Starz! \ud83d\ude80 Faigh deiseanna ioncaim spreag\u00fala, bunt\u00e1ist\u00ed iontacha, agus taca\u00edocht pr\u00e9imhe. N\u00e1 f\u00e9ach ar an gcluiche amh\u00e1in - imir linn chun BUACHAN! \ud83d\udcb0 D\u00e9an do thuilleamh a bharrfheabhs\u00fa agus tosaigh ag tuilleamh F\u00cdOR-airgid anois!\" \/>\n<meta property=\"og:url\" content=\"https:\/\/888starz.tips\/ie\/affiliate\/\" \/>\n<meta property=\"og:site_name\" content=\"888starz Tips ie\" \/>\n<meta property=\"article:modified_time\" content=\"2025-06-25T04:54:56+00:00\" \/>\n<meta name=\"twitter:card\" content=\"summary_large_image\" \/>\n<script type=\"application\/ld+json\" class=\"yoast-schema-graph\">{\"@context\":\"https:\\\/\\\/schema.org\",\"@graph\":[{\"@type\":\"WebPage\",\"@id\":\"https:\\\/\\\/888starz.tips\\\/ie\\\/affiliate\\\/\",\"url\":\"https:\\\/\\\/888starz.tips\\\/ie\\\/affiliate\\\/\",\"name\":\"888Starz Cleamhnaithe \u2705Cl\u00e1r Comhph\u00e1irt\u00edochta iGaming\",\"isPartOf\":{\"@id\":\"https:\\\/\\\/888starz.tips\\\/ie\\\/#website\"},\"datePublished\":\"2025-01-28T05:38:45+00:00\",\"dateModified\":\"2025-06-25T04:54:56+00:00\",\"description\":\"B\u00ed linn inniu i gCl\u00e1r Cleamhnaithe 888Starz! \ud83d\ude80 Faigh deiseanna ioncaim spreag\u00fala, bunt\u00e1ist\u00ed iontacha, agus taca\u00edocht pr\u00e9imhe. N\u00e1 f\u00e9ach ar an gcluiche amh\u00e1in - imir linn chun BUACHAN! \ud83d\udcb0 D\u00e9an do thuilleamh a bharrfheabhs\u00fa agus tosaigh ag tuilleamh F\u00cdOR-airgid anois!\",\"breadcrumb\":{\"@id\":\"https:\\\/\\\/888starz.tips\\\/ie\\\/affiliate\\\/#breadcrumb\"},\"inLanguage\":\"en-IE\",\"potentialAction\":[{\"@type\":\"ReadAction\",\"target\":[\"https:\\\/\\\/888starz.tips\\\/ie\\\/affiliate\\\/\"]}]},{\"@type\":\"BreadcrumbList\",\"@id\":\"https:\\\/\\\/888starz.tips\\\/ie\\\/affiliate\\\/#breadcrumb\",\"itemListElement\":[{\"@type\":\"ListItem\",\"position\":1,\"name\":\"Home\",\"item\":\"https:\\\/\\\/888starz.tips\\\/ie\\\/\"},{\"@type\":\"ListItem\",\"position\":2,\"name\":\"Cleamhnaithe\"}]},{\"@type\":\"WebSite\",\"@id\":\"https:\\\/\\\/888starz.tips\\\/ie\\\/#website\",\"url\":\"https:\\\/\\\/888starz.tips\\\/ie\\\/\",\"name\":\"888starz Tips ie\",\"description\":\"My WordPress Blog\",\"potentialAction\":[{\"@type\":\"SearchAction\",\"target\":{\"@type\":\"EntryPoint\",\"urlTemplate\":\"https:\\\/\\\/888starz.tips\\\/ie\\\/?s={search_term_string}\"},\"query-input\":{\"@type\":\"PropertyValueSpecification\",\"valueRequired\":true,\"valueName\":\"search_term_string\"}}],\"inLanguage\":\"en-IE\"}]}<\/script>\n<!-- \/ Yoast SEO plugin. -->","yoast_head_json":{"title":"888Starz Cleamhnaithe \u2705Cl\u00e1r Comhph\u00e1irt\u00edochta iGaming","description":"B\u00ed linn inniu i gCl\u00e1r Cleamhnaithe 888Starz! \ud83d\ude80 Faigh deiseanna ioncaim spreag\u00fala, bunt\u00e1ist\u00ed iontacha, agus taca\u00edocht pr\u00e9imhe. N\u00e1 f\u00e9ach ar an gcluiche amh\u00e1in - imir linn chun BUACHAN! \ud83d\udcb0 D\u00e9an do thuilleamh a bharrfheabhs\u00fa agus tosaigh ag tuilleamh F\u00cdOR-airgid anois!","robots":{"index":"index","follow":"follow","max-snippet":"max-snippet:-1","max-image-preview":"max-image-preview:large","max-video-preview":"max-video-preview:-1"},"og_locale":"en_US","og_type":"article","og_title":"888Starz Cleamhnaithe \u2705Cl\u00e1r Comhph\u00e1irt\u00edochta iGaming","og_description":"B\u00ed linn inniu i gCl\u00e1r Cleamhnaithe 888Starz! \ud83d\ude80 Faigh deiseanna ioncaim spreag\u00fala, bunt\u00e1ist\u00ed iontacha, agus taca\u00edocht pr\u00e9imhe. N\u00e1 f\u00e9ach ar an gcluiche amh\u00e1in - imir linn chun BUACHAN! \ud83d\udcb0 D\u00e9an do thuilleamh a bharrfheabhs\u00fa agus tosaigh ag tuilleamh F\u00cdOR-airgid anois!","og_url":"https:\/\/888starz.tips\/ie\/affiliate\/","og_site_name":"888starz Tips ie","article_modified_time":"2025-06-25T04:54:56+00:00","twitter_card":"summary_large_image","schema":{"@context":"https:\/\/schema.org","@graph":[{"@type":"WebPage","@id":"https:\/\/888starz.tips\/ie\/affiliate\/","url":"https:\/\/888starz.tips\/ie\/affiliate\/","name":"888Starz Cleamhnaithe \u2705Cl\u00e1r Comhph\u00e1irt\u00edochta iGaming","isPartOf":{"@id":"https:\/\/888starz.tips\/ie\/#website"},"datePublished":"2025-01-28T05:38:45+00:00","dateModified":"2025-06-25T04:54:56+00:00","description":"B\u00ed linn inniu i gCl\u00e1r Cleamhnaithe 888Starz! \ud83d\ude80 Faigh deiseanna ioncaim spreag\u00fala, bunt\u00e1ist\u00ed iontacha, agus taca\u00edocht pr\u00e9imhe. N\u00e1 f\u00e9ach ar an gcluiche amh\u00e1in - imir linn chun BUACHAN! \ud83d\udcb0 D\u00e9an do thuilleamh a bharrfheabhs\u00fa agus tosaigh ag tuilleamh F\u00cdOR-airgid anois!","breadcrumb":{"@id":"https:\/\/888starz.tips\/ie\/affiliate\/#breadcrumb"},"inLanguage":"en-IE","potentialAction":[{"@type":"ReadAction","target":["https:\/\/888starz.tips\/ie\/affiliate\/"]}]},{"@type":"BreadcrumbList","@id":"https:\/\/888starz.tips\/ie\/affiliate\/#breadcrumb","itemListElement":[{"@type":"ListItem","position":1,"name":"Home","item":"https:\/\/888starz.tips\/ie\/"},{"@type":"ListItem","position":2,"name":"Cleamhnaithe"}]},{"@type":"WebSite","@id":"https:\/\/888starz.tips\/ie\/#website","url":"https:\/\/888starz.tips\/ie\/","name":"888starz Tips ie","description":"My WordPress Blog","potentialAction":[{"@type":"SearchAction","target":{"@type":"EntryPoint","urlTemplate":"https:\/\/888starz.tips\/ie\/?s={search_term_string}"},"query-input":{"@type":"PropertyValueSpecification","valueRequired":true,"valueName":"search_term_string"}}],"inLanguage":"en-IE"}]}},"_links":{"self":[{"href":"https:\/\/888starz.tips\/ie\/wp-json\/wp\/v2\/pages\/471","targetHints":{"allow":["GET"]}}],"collection":[{"href":"https:\/\/888starz.tips\/ie\/wp-json\/wp\/v2\/pages"}],"about":[{"href":"https:\/\/888starz.tips\/ie\/wp-json\/wp\/v2\/types\/page"}],"author":[{"embeddable":true,"href":"https:\/\/888starz.tips\/ie\/wp-json\/wp\/v2\/users\/1"}],"replies":[{"embeddable":true,"href":"https:\/\/888starz.tips\/ie\/wp-json\/wp\/v2\/comments?post=471"}],"version-history":[{"count":7,"href":"https:\/\/888starz.tips\/ie\/wp-json\/wp\/v2\/pages\/471\/revisions"}],"predecessor-version":[{"id":519,"href":"https:\/\/888starz.tips\/ie\/wp-json\/wp\/v2\/pages\/471\/revisions\/519"}],"wp:attachment":[{"href":"https:\/\/888starz.tips\/ie\/wp-json\/wp\/v2\/media?parent=471"}],"curies":[{"name":"wp","href":"https:\/\/api.w.org\/{rel}","templated":true}]}}