{"id":535,"date":"2025-06-18T07:09:49","date_gmt":"2025-06-18T07:09:49","guid":{"rendered":"https:\/\/888starz.tips\/?page_id=535"},"modified":"2025-09-22T17:31:47","modified_gmt":"2025-09-22T17:31:47","slug":"aviator","status":"publish","type":"page","link":"https:\/\/888starz.tips\/ie\/bonus\/aviator\/","title":{"rendered":"Eitlitheoir"},"content":{"rendered":"","protected":false},"excerpt":{"rendered":"","protected":false},"author":1,"featured_media":0,"parent":152,"menu_order":0,"comment_status":"closed","ping_status":"closed","template":"","meta":{"footnotes":""},"class_list":["post-535","page","type-page","status-publish","hentry"],"yoast_head":"<!-- This site is optimized with the Yoast SEO plugin v27.4 - https:\/\/yoast.com\/product\/yoast-seo-wordpress\/ -->\n<title>B\u00f3nas speisialta 888Starz | Imir Aviator agus faigh lainse\u00e1lacha saor in aisce!<\/title>\n<meta name=\"description\" content=\"R\u00e9idh le dul i ngleic leis an d\u00fashl\u00e1n? T\u00e1 b\u00f3nas speisialta \u00f3 888Starz ag fanacht leat as Aviator a imirt! D\u00e9an \u00e9arlais ar an Luan agus faigh suas le 50 spins saor in aisce! N\u00e1 caill an deis buachan tr\u00ed imirt gan riosca.\" \/>\n<meta name=\"robots\" content=\"index, follow, max-snippet:-1, max-image-preview:large, max-video-preview:-1\" \/>\n<meta property=\"og:locale\" content=\"en_US\" \/>\n<meta property=\"og:type\" content=\"article\" \/>\n<meta property=\"og:title\" content=\"B\u00f3nas speisialta 888Starz | Imir Aviator agus faigh lainse\u00e1lacha saor in aisce!\" \/>\n<meta property=\"og:description\" content=\"R\u00e9idh le dul i ngleic leis an d\u00fashl\u00e1n? T\u00e1 b\u00f3nas speisialta \u00f3 888Starz ag fanacht leat as Aviator a imirt! D\u00e9an \u00e9arlais ar an Luan agus faigh suas le 50 spins saor in aisce! N\u00e1 caill an deis buachan tr\u00ed imirt gan riosca.\" \/>\n<meta property=\"og:url\" content=\"https:\/\/888starz.tips\/ie\/bonus\/aviator\/\" \/>\n<meta property=\"og:site_name\" content=\"888starz Tips ie\" \/>\n<meta property=\"article:modified_time\" content=\"2025-09-22T17:31:47+00:00\" \/>\n<meta name=\"twitter:card\" content=\"summary_large_image\" \/>\n<script type=\"application\/ld+json\" class=\"yoast-schema-graph\">{\"@context\":\"https:\\\/\\\/schema.org\",\"@graph\":[{\"@type\":\"WebPage\",\"@id\":\"https:\\\/\\\/888starz.tips\\\/ie\\\/bonus\\\/aviator\\\/\",\"url\":\"https:\\\/\\\/888starz.tips\\\/ie\\\/bonus\\\/aviator\\\/\",\"name\":\"B\u00f3nas speisialta 888Starz | Imir Aviator agus faigh lainse\u00e1lacha saor in aisce!\",\"isPartOf\":{\"@id\":\"https:\\\/\\\/888starz.tips\\\/ie\\\/#website\"},\"datePublished\":\"2025-06-18T07:09:49+00:00\",\"dateModified\":\"2025-09-22T17:31:47+00:00\",\"description\":\"R\u00e9idh le dul i ngleic leis an d\u00fashl\u00e1n? T\u00e1 b\u00f3nas speisialta \u00f3 888Starz ag fanacht leat as Aviator a imirt! D\u00e9an \u00e9arlais ar an Luan agus faigh suas le 50 spins saor in aisce! N\u00e1 caill an deis buachan tr\u00ed imirt gan riosca.\",\"breadcrumb\":{\"@id\":\"https:\\\/\\\/888starz.tips\\\/ie\\\/bonus\\\/aviator\\\/#breadcrumb\"},\"inLanguage\":\"en-IE\",\"potentialAction\":[{\"@type\":\"ReadAction\",\"target\":[\"https:\\\/\\\/888starz.tips\\\/ie\\\/bonus\\\/aviator\\\/\"]}]},{\"@type\":\"BreadcrumbList\",\"@id\":\"https:\\\/\\\/888starz.tips\\\/ie\\\/bonus\\\/aviator\\\/#breadcrumb\",\"itemListElement\":[{\"@type\":\"ListItem\",\"position\":1,\"name\":\"Home\",\"item\":\"https:\\\/\\\/888starz.tips\\\/ie\\\/\"},{\"@type\":\"ListItem\",\"position\":2,\"name\":\"B\u00f3nas\",\"item\":\"https:\\\/\\\/888starz.tips\\\/ie\\\/bonus\\\/\"},{\"@type\":\"ListItem\",\"position\":3,\"name\":\"Eitlitheoir\"}]},{\"@type\":\"WebSite\",\"@id\":\"https:\\\/\\\/888starz.tips\\\/ie\\\/#website\",\"url\":\"https:\\\/\\\/888starz.tips\\\/ie\\\/\",\"name\":\"888starz Tips ie\",\"description\":\"My WordPress Blog\",\"potentialAction\":[{\"@type\":\"SearchAction\",\"target\":{\"@type\":\"EntryPoint\",\"urlTemplate\":\"https:\\\/\\\/888starz.tips\\\/ie\\\/?s={search_term_string}\"},\"query-input\":{\"@type\":\"PropertyValueSpecification\",\"valueRequired\":true,\"valueName\":\"search_term_string\"}}],\"inLanguage\":\"en-IE\"}]}<\/script>\n<!-- \/ Yoast SEO plugin. -->","yoast_head_json":{"title":"B\u00f3nas speisialta 888Starz | Imir Aviator agus faigh lainse\u00e1lacha saor in aisce!","description":"R\u00e9idh le dul i ngleic leis an d\u00fashl\u00e1n? T\u00e1 b\u00f3nas speisialta \u00f3 888Starz ag fanacht leat as Aviator a imirt! D\u00e9an \u00e9arlais ar an Luan agus faigh suas le 50 spins saor in aisce! N\u00e1 caill an deis buachan tr\u00ed imirt gan riosca.","robots":{"index":"index","follow":"follow","max-snippet":"max-snippet:-1","max-image-preview":"max-image-preview:large","max-video-preview":"max-video-preview:-1"},"og_locale":"en_US","og_type":"article","og_title":"B\u00f3nas speisialta 888Starz | Imir Aviator agus faigh lainse\u00e1lacha saor in aisce!","og_description":"R\u00e9idh le dul i ngleic leis an d\u00fashl\u00e1n? T\u00e1 b\u00f3nas speisialta \u00f3 888Starz ag fanacht leat as Aviator a imirt! D\u00e9an \u00e9arlais ar an Luan agus faigh suas le 50 spins saor in aisce! N\u00e1 caill an deis buachan tr\u00ed imirt gan riosca.","og_url":"https:\/\/888starz.tips\/ie\/bonus\/aviator\/","og_site_name":"888starz Tips ie","article_modified_time":"2025-09-22T17:31:47+00:00","twitter_card":"summary_large_image","schema":{"@context":"https:\/\/schema.org","@graph":[{"@type":"WebPage","@id":"https:\/\/888starz.tips\/ie\/bonus\/aviator\/","url":"https:\/\/888starz.tips\/ie\/bonus\/aviator\/","name":"B\u00f3nas speisialta 888Starz | Imir Aviator agus faigh lainse\u00e1lacha saor in aisce!","isPartOf":{"@id":"https:\/\/888starz.tips\/ie\/#website"},"datePublished":"2025-06-18T07:09:49+00:00","dateModified":"2025-09-22T17:31:47+00:00","description":"R\u00e9idh le dul i ngleic leis an d\u00fashl\u00e1n? T\u00e1 b\u00f3nas speisialta \u00f3 888Starz ag fanacht leat as Aviator a imirt! D\u00e9an \u00e9arlais ar an Luan agus faigh suas le 50 spins saor in aisce! N\u00e1 caill an deis buachan tr\u00ed imirt gan riosca.","breadcrumb":{"@id":"https:\/\/888starz.tips\/ie\/bonus\/aviator\/#breadcrumb"},"inLanguage":"en-IE","potentialAction":[{"@type":"ReadAction","target":["https:\/\/888starz.tips\/ie\/bonus\/aviator\/"]}]},{"@type":"BreadcrumbList","@id":"https:\/\/888starz.tips\/ie\/bonus\/aviator\/#breadcrumb","itemListElement":[{"@type":"ListItem","position":1,"name":"Home","item":"https:\/\/888starz.tips\/ie\/"},{"@type":"ListItem","position":2,"name":"B\u00f3nas","item":"https:\/\/888starz.tips\/ie\/bonus\/"},{"@type":"ListItem","position":3,"name":"Eitlitheoir"}]},{"@type":"WebSite","@id":"https:\/\/888starz.tips\/ie\/#website","url":"https:\/\/888starz.tips\/ie\/","name":"888starz Tips ie","description":"My WordPress Blog","potentialAction":[{"@type":"SearchAction","target":{"@type":"EntryPoint","urlTemplate":"https:\/\/888starz.tips\/ie\/?s={search_term_string}"},"query-input":{"@type":"PropertyValueSpecification","valueRequired":true,"valueName":"search_term_string"}}],"inLanguage":"en-IE"}]}},"_links":{"self":[{"href":"https:\/\/888starz.tips\/ie\/wp-json\/wp\/v2\/pages\/535","targetHints":{"allow":["GET"]}}],"collection":[{"href":"https:\/\/888starz.tips\/ie\/wp-json\/wp\/v2\/pages"}],"about":[{"href":"https:\/\/888starz.tips\/ie\/wp-json\/wp\/v2\/types\/page"}],"author":[{"embeddable":true,"href":"https:\/\/888starz.tips\/ie\/wp-json\/wp\/v2\/users\/1"}],"replies":[{"embeddable":true,"href":"https:\/\/888starz.tips\/ie\/wp-json\/wp\/v2\/comments?post=535"}],"version-history":[{"count":2,"href":"https:\/\/888starz.tips\/ie\/wp-json\/wp\/v2\/pages\/535\/revisions"}],"predecessor-version":[{"id":551,"href":"https:\/\/888starz.tips\/ie\/wp-json\/wp\/v2\/pages\/535\/revisions\/551"}],"up":[{"embeddable":true,"href":"https:\/\/888starz.tips\/ie\/wp-json\/wp\/v2\/pages\/152"}],"wp:attachment":[{"href":"https:\/\/888starz.tips\/ie\/wp-json\/wp\/v2\/media?parent=535"}],"curies":[{"name":"wp","href":"https:\/\/api.w.org\/{rel}","templated":true}]}}