{"id":546,"date":"2025-06-18T06:54:33","date_gmt":"2025-06-18T06:54:33","guid":{"rendered":"https:\/\/888starz.tips\/?page_id=530"},"modified":"2025-09-22T17:35:23","modified_gmt":"2025-09-22T17:35:23","slug":"express","status":"publish","type":"page","link":"https:\/\/888starz.tips\/ie\/bonus\/express\/","title":{"rendered":"Express"},"content":{"rendered":"","protected":false},"excerpt":{"rendered":"","protected":false},"author":1,"featured_media":0,"parent":152,"menu_order":0,"comment_status":"closed","ping_status":"closed","template":"","meta":{"footnotes":""},"class_list":["post-546","page","type-page","status-publish","hentry"],"yoast_head":"<!-- This site is optimized with the Yoast SEO plugin v27.4 - https:\/\/yoast.com\/product\/yoast-seo-wordpress\/ -->\n<title>Meall an lae | B\u00f3nas 10% ar bhuaigh le 888Starz!<\/title>\n<meta name=\"description\" content=\"Ar mhaith leat do bhuanna a mh\u00e9ad\u00fa? Tugann Express of the Day \u00f3 888Starz b\u00f3nas 10% duit! Cuir geall ar thr\u00ed imeacht agus t\u00f3g do chuid airgid le corrlaigh bhreise.\" \/>\n<meta name=\"robots\" content=\"index, follow, max-snippet:-1, max-image-preview:large, max-video-preview:-1\" \/>\n<meta property=\"og:locale\" content=\"en_US\" \/>\n<meta property=\"og:type\" content=\"article\" \/>\n<meta property=\"og:title\" content=\"Meall an lae | B\u00f3nas 10% ar bhuaigh le 888Starz!\" \/>\n<meta property=\"og:description\" content=\"Ar mhaith leat do bhuanna a mh\u00e9ad\u00fa? Tugann Express of the Day \u00f3 888Starz b\u00f3nas 10% duit! Cuir geall ar thr\u00ed imeacht agus t\u00f3g do chuid airgid le corrlaigh bhreise.\" \/>\n<meta property=\"og:url\" content=\"https:\/\/888starz.tips\/ie\/bonus\/express\/\" \/>\n<meta property=\"og:site_name\" content=\"888starz Tips ie\" \/>\n<meta property=\"article:modified_time\" content=\"2025-09-22T17:35:23+00:00\" \/>\n<meta name=\"twitter:card\" content=\"summary_large_image\" \/>\n<script type=\"application\/ld+json\" class=\"yoast-schema-graph\">{\"@context\":\"https:\\\/\\\/schema.org\",\"@graph\":[{\"@type\":\"WebPage\",\"@id\":\"https:\\\/\\\/888starz.tips\\\/ie\\\/bonus\\\/express\\\/\",\"url\":\"https:\\\/\\\/888starz.tips\\\/ie\\\/bonus\\\/express\\\/\",\"name\":\"Meall an lae | B\u00f3nas 10% ar bhuaigh le 888Starz!\",\"isPartOf\":{\"@id\":\"https:\\\/\\\/888starz.tips\\\/ie\\\/#website\"},\"datePublished\":\"2025-06-18T06:54:33+00:00\",\"dateModified\":\"2025-09-22T17:35:23+00:00\",\"description\":\"Ar mhaith leat do bhuanna a mh\u00e9ad\u00fa? Tugann Express of the Day \u00f3 888Starz b\u00f3nas 10% duit! Cuir geall ar thr\u00ed imeacht agus t\u00f3g do chuid airgid le corrlaigh bhreise.\",\"breadcrumb\":{\"@id\":\"https:\\\/\\\/888starz.tips\\\/ie\\\/bonus\\\/express\\\/#breadcrumb\"},\"inLanguage\":\"en-IE\",\"potentialAction\":[{\"@type\":\"ReadAction\",\"target\":[\"https:\\\/\\\/888starz.tips\\\/ie\\\/bonus\\\/express\\\/\"]}]},{\"@type\":\"BreadcrumbList\",\"@id\":\"https:\\\/\\\/888starz.tips\\\/ie\\\/bonus\\\/express\\\/#breadcrumb\",\"itemListElement\":[{\"@type\":\"ListItem\",\"position\":1,\"name\":\"Home\",\"item\":\"https:\\\/\\\/888starz.tips\\\/ie\\\/\"},{\"@type\":\"ListItem\",\"position\":2,\"name\":\"B\u00f3nas\",\"item\":\"https:\\\/\\\/888starz.tips\\\/ie\\\/bonus\\\/\"},{\"@type\":\"ListItem\",\"position\":3,\"name\":\"Express\"}]},{\"@type\":\"WebSite\",\"@id\":\"https:\\\/\\\/888starz.tips\\\/ie\\\/#website\",\"url\":\"https:\\\/\\\/888starz.tips\\\/ie\\\/\",\"name\":\"888starz Tips ie\",\"description\":\"My WordPress Blog\",\"potentialAction\":[{\"@type\":\"SearchAction\",\"target\":{\"@type\":\"EntryPoint\",\"urlTemplate\":\"https:\\\/\\\/888starz.tips\\\/ie\\\/?s={search_term_string}\"},\"query-input\":{\"@type\":\"PropertyValueSpecification\",\"valueRequired\":true,\"valueName\":\"search_term_string\"}}],\"inLanguage\":\"en-IE\"}]}<\/script>\n<!-- \/ Yoast SEO plugin. -->","yoast_head_json":{"title":"Meall an lae | B\u00f3nas 10% ar bhuaigh le 888Starz!","description":"Ar mhaith leat do bhuanna a mh\u00e9ad\u00fa? Tugann Express of the Day \u00f3 888Starz b\u00f3nas 10% duit! Cuir geall ar thr\u00ed imeacht agus t\u00f3g do chuid airgid le corrlaigh bhreise.","robots":{"index":"index","follow":"follow","max-snippet":"max-snippet:-1","max-image-preview":"max-image-preview:large","max-video-preview":"max-video-preview:-1"},"og_locale":"en_US","og_type":"article","og_title":"Meall an lae | B\u00f3nas 10% ar bhuaigh le 888Starz!","og_description":"Ar mhaith leat do bhuanna a mh\u00e9ad\u00fa? Tugann Express of the Day \u00f3 888Starz b\u00f3nas 10% duit! Cuir geall ar thr\u00ed imeacht agus t\u00f3g do chuid airgid le corrlaigh bhreise.","og_url":"https:\/\/888starz.tips\/ie\/bonus\/express\/","og_site_name":"888starz Tips ie","article_modified_time":"2025-09-22T17:35:23+00:00","twitter_card":"summary_large_image","schema":{"@context":"https:\/\/schema.org","@graph":[{"@type":"WebPage","@id":"https:\/\/888starz.tips\/ie\/bonus\/express\/","url":"https:\/\/888starz.tips\/ie\/bonus\/express\/","name":"Meall an lae | B\u00f3nas 10% ar bhuaigh le 888Starz!","isPartOf":{"@id":"https:\/\/888starz.tips\/ie\/#website"},"datePublished":"2025-06-18T06:54:33+00:00","dateModified":"2025-09-22T17:35:23+00:00","description":"Ar mhaith leat do bhuanna a mh\u00e9ad\u00fa? Tugann Express of the Day \u00f3 888Starz b\u00f3nas 10% duit! Cuir geall ar thr\u00ed imeacht agus t\u00f3g do chuid airgid le corrlaigh bhreise.","breadcrumb":{"@id":"https:\/\/888starz.tips\/ie\/bonus\/express\/#breadcrumb"},"inLanguage":"en-IE","potentialAction":[{"@type":"ReadAction","target":["https:\/\/888starz.tips\/ie\/bonus\/express\/"]}]},{"@type":"BreadcrumbList","@id":"https:\/\/888starz.tips\/ie\/bonus\/express\/#breadcrumb","itemListElement":[{"@type":"ListItem","position":1,"name":"Home","item":"https:\/\/888starz.tips\/ie\/"},{"@type":"ListItem","position":2,"name":"B\u00f3nas","item":"https:\/\/888starz.tips\/ie\/bonus\/"},{"@type":"ListItem","position":3,"name":"Express"}]},{"@type":"WebSite","@id":"https:\/\/888starz.tips\/ie\/#website","url":"https:\/\/888starz.tips\/ie\/","name":"888starz Tips ie","description":"My WordPress Blog","potentialAction":[{"@type":"SearchAction","target":{"@type":"EntryPoint","urlTemplate":"https:\/\/888starz.tips\/ie\/?s={search_term_string}"},"query-input":{"@type":"PropertyValueSpecification","valueRequired":true,"valueName":"search_term_string"}}],"inLanguage":"en-IE"}]}},"_links":{"self":[{"href":"https:\/\/888starz.tips\/ie\/wp-json\/wp\/v2\/pages\/546","targetHints":{"allow":["GET"]}}],"collection":[{"href":"https:\/\/888starz.tips\/ie\/wp-json\/wp\/v2\/pages"}],"about":[{"href":"https:\/\/888starz.tips\/ie\/wp-json\/wp\/v2\/types\/page"}],"author":[{"embeddable":true,"href":"https:\/\/888starz.tips\/ie\/wp-json\/wp\/v2\/users\/1"}],"replies":[{"embeddable":true,"href":"https:\/\/888starz.tips\/ie\/wp-json\/wp\/v2\/comments?post=546"}],"version-history":[{"count":1,"href":"https:\/\/888starz.tips\/ie\/wp-json\/wp\/v2\/pages\/546\/revisions"}],"predecessor-version":[{"id":552,"href":"https:\/\/888starz.tips\/ie\/wp-json\/wp\/v2\/pages\/546\/revisions\/552"}],"up":[{"embeddable":true,"href":"https:\/\/888starz.tips\/ie\/wp-json\/wp\/v2\/pages\/152"}],"wp:attachment":[{"href":"https:\/\/888starz.tips\/ie\/wp-json\/wp\/v2\/media?parent=546"}],"curies":[{"name":"wp","href":"https:\/\/api.w.org\/{rel}","templated":true}]}}