{"id":223,"date":"2024-05-02T13:35:53","date_gmt":"2024-05-02T13:35:53","guid":{"rendered":"https:\/\/888starz.tips\/lt\/?page_id=223"},"modified":"2025-06-19T05:18:37","modified_gmt":"2025-06-19T05:18:37","slug":"app","status":"publish","type":"page","link":"https:\/\/888starz.tips\/lt\/app\/","title":{"rendered":"Program\u0117l\u0117"},"content":{"rendered":"","protected":false},"excerpt":{"rendered":"","protected":false},"author":1,"featured_media":0,"parent":0,"menu_order":0,"comment_status":"closed","ping_status":"closed","template":"","meta":{"footnotes":""},"class_list":["post-223","page","type-page","status-publish","hentry"],"yoast_head":"<!-- This site is optimized with the Yoast SEO plugin v27.4 - https:\/\/yoast.com\/product\/yoast-seo-wordpress\/ -->\n<title>888Starz program\u0117l\u0117s atsisiuntimas \u2728 Mobiliosios la\u017eybos<\/title>\n<meta name=\"description\" content=\"Kaip \u012fdiegti 888Starz program\u0117l\u0119 &quot;Android&quot; ir &quot;iOS&quot; operacin\u0117ms sistemoms \ud83d\uddf8 888Starz program\u0117l\u0117 yra oficiali sporto la\u017eyb\u0173 ir internetinio kazino mobilioji program\u0117l\u0117, kuri\u0105 galima nemokamai atsisi\u0173sti i\u0161 m\u016bs\u0173 svetain\u0117s.\" \/>\n<meta name=\"robots\" content=\"index, follow, max-snippet:-1, max-image-preview:large, max-video-preview:-1\" \/>\n<meta property=\"og:locale\" content=\"lt_LT\" \/>\n<meta property=\"og:type\" content=\"article\" \/>\n<meta property=\"og:title\" content=\"888Starz program\u0117l\u0117s atsisiuntimas \u2728 Mobiliosios la\u017eybos\" \/>\n<meta property=\"og:description\" content=\"Kaip \u012fdiegti 888Starz program\u0117l\u0119 &quot;Android&quot; ir &quot;iOS&quot; operacin\u0117ms sistemoms \ud83d\uddf8 888Starz program\u0117l\u0117 yra oficiali sporto la\u017eyb\u0173 ir internetinio kazino mobilioji program\u0117l\u0117, kuri\u0105 galima nemokamai atsisi\u0173sti i\u0161 m\u016bs\u0173 svetain\u0117s.\" \/>\n<meta property=\"og:url\" content=\"https:\/\/888starz.tips\/lt\/app\/\" \/>\n<meta property=\"og:site_name\" content=\"888starz Tips lt\" \/>\n<meta property=\"article:modified_time\" content=\"2025-06-19T05:18:37+00:00\" \/>\n<meta name=\"twitter:card\" content=\"summary_large_image\" \/>\n<script type=\"application\/ld+json\" class=\"yoast-schema-graph\">{\"@context\":\"https:\\\/\\\/schema.org\",\"@graph\":[{\"@type\":\"WebPage\",\"@id\":\"https:\\\/\\\/888starz.tips\\\/lt\\\/app\\\/\",\"url\":\"https:\\\/\\\/888starz.tips\\\/lt\\\/app\\\/\",\"name\":\"888Starz program\u0117l\u0117s atsisiuntimas \u2728 Mobiliosios la\u017eybos\",\"isPartOf\":{\"@id\":\"https:\\\/\\\/888starz.tips\\\/lt\\\/#website\"},\"datePublished\":\"2024-05-02T13:35:53+00:00\",\"dateModified\":\"2025-06-19T05:18:37+00:00\",\"description\":\"Kaip \u012fdiegti 888Starz program\u0117l\u0119 \\\"Android\\\" ir \\\"iOS\\\" operacin\u0117ms sistemoms \ud83d\uddf8 888Starz program\u0117l\u0117 yra oficiali sporto la\u017eyb\u0173 ir internetinio kazino mobilioji program\u0117l\u0117, kuri\u0105 galima nemokamai atsisi\u0173sti i\u0161 m\u016bs\u0173 svetain\u0117s.\",\"breadcrumb\":{\"@id\":\"https:\\\/\\\/888starz.tips\\\/lt\\\/app\\\/#breadcrumb\"},\"inLanguage\":\"lt-LT\",\"potentialAction\":[{\"@type\":\"ReadAction\",\"target\":[\"https:\\\/\\\/888starz.tips\\\/lt\\\/app\\\/\"]}]},{\"@type\":\"BreadcrumbList\",\"@id\":\"https:\\\/\\\/888starz.tips\\\/lt\\\/app\\\/#breadcrumb\",\"itemListElement\":[{\"@type\":\"ListItem\",\"position\":1,\"name\":\"Home\",\"item\":\"https:\\\/\\\/888starz.tips\\\/lt\\\/\"},{\"@type\":\"ListItem\",\"position\":2,\"name\":\"Program\u0117l\u0117\"}]},{\"@type\":\"WebSite\",\"@id\":\"https:\\\/\\\/888starz.tips\\\/lt\\\/#website\",\"url\":\"https:\\\/\\\/888starz.tips\\\/lt\\\/\",\"name\":\"888starz Tips lt\",\"description\":\"My WordPress Blog\",\"potentialAction\":[{\"@type\":\"SearchAction\",\"target\":{\"@type\":\"EntryPoint\",\"urlTemplate\":\"https:\\\/\\\/888starz.tips\\\/lt\\\/?s={search_term_string}\"},\"query-input\":{\"@type\":\"PropertyValueSpecification\",\"valueRequired\":true,\"valueName\":\"search_term_string\"}}],\"inLanguage\":\"lt-LT\"}]}<\/script>\n<!-- \/ Yoast SEO plugin. -->","yoast_head_json":{"title":"888Starz program\u0117l\u0117s atsisiuntimas \u2728 Mobiliosios la\u017eybos","description":"Kaip \u012fdiegti 888Starz program\u0117l\u0119 \"Android\" ir \"iOS\" operacin\u0117ms sistemoms \ud83d\uddf8 888Starz program\u0117l\u0117 yra oficiali sporto la\u017eyb\u0173 ir internetinio kazino mobilioji program\u0117l\u0117, kuri\u0105 galima nemokamai atsisi\u0173sti i\u0161 m\u016bs\u0173 svetain\u0117s.","robots":{"index":"index","follow":"follow","max-snippet":"max-snippet:-1","max-image-preview":"max-image-preview:large","max-video-preview":"max-video-preview:-1"},"og_locale":"lt_LT","og_type":"article","og_title":"888Starz program\u0117l\u0117s atsisiuntimas \u2728 Mobiliosios la\u017eybos","og_description":"Kaip \u012fdiegti 888Starz program\u0117l\u0119 \"Android\" ir \"iOS\" operacin\u0117ms sistemoms \ud83d\uddf8 888Starz program\u0117l\u0117 yra oficiali sporto la\u017eyb\u0173 ir internetinio kazino mobilioji program\u0117l\u0117, kuri\u0105 galima nemokamai atsisi\u0173sti i\u0161 m\u016bs\u0173 svetain\u0117s.","og_url":"https:\/\/888starz.tips\/lt\/app\/","og_site_name":"888starz Tips lt","article_modified_time":"2025-06-19T05:18:37+00:00","twitter_card":"summary_large_image","schema":{"@context":"https:\/\/schema.org","@graph":[{"@type":"WebPage","@id":"https:\/\/888starz.tips\/lt\/app\/","url":"https:\/\/888starz.tips\/lt\/app\/","name":"888Starz program\u0117l\u0117s atsisiuntimas \u2728 Mobiliosios la\u017eybos","isPartOf":{"@id":"https:\/\/888starz.tips\/lt\/#website"},"datePublished":"2024-05-02T13:35:53+00:00","dateModified":"2025-06-19T05:18:37+00:00","description":"Kaip \u012fdiegti 888Starz program\u0117l\u0119 \"Android\" ir \"iOS\" operacin\u0117ms sistemoms \ud83d\uddf8 888Starz program\u0117l\u0117 yra oficiali sporto la\u017eyb\u0173 ir internetinio kazino mobilioji program\u0117l\u0117, kuri\u0105 galima nemokamai atsisi\u0173sti i\u0161 m\u016bs\u0173 svetain\u0117s.","breadcrumb":{"@id":"https:\/\/888starz.tips\/lt\/app\/#breadcrumb"},"inLanguage":"lt-LT","potentialAction":[{"@type":"ReadAction","target":["https:\/\/888starz.tips\/lt\/app\/"]}]},{"@type":"BreadcrumbList","@id":"https:\/\/888starz.tips\/lt\/app\/#breadcrumb","itemListElement":[{"@type":"ListItem","position":1,"name":"Home","item":"https:\/\/888starz.tips\/lt\/"},{"@type":"ListItem","position":2,"name":"Program\u0117l\u0117"}]},{"@type":"WebSite","@id":"https:\/\/888starz.tips\/lt\/#website","url":"https:\/\/888starz.tips\/lt\/","name":"888starz Tips lt","description":"My WordPress Blog","potentialAction":[{"@type":"SearchAction","target":{"@type":"EntryPoint","urlTemplate":"https:\/\/888starz.tips\/lt\/?s={search_term_string}"},"query-input":{"@type":"PropertyValueSpecification","valueRequired":true,"valueName":"search_term_string"}}],"inLanguage":"lt-LT"}]}},"_links":{"self":[{"href":"https:\/\/888starz.tips\/lt\/wp-json\/wp\/v2\/pages\/223","targetHints":{"allow":["GET"]}}],"collection":[{"href":"https:\/\/888starz.tips\/lt\/wp-json\/wp\/v2\/pages"}],"about":[{"href":"https:\/\/888starz.tips\/lt\/wp-json\/wp\/v2\/types\/page"}],"author":[{"embeddable":true,"href":"https:\/\/888starz.tips\/lt\/wp-json\/wp\/v2\/users\/1"}],"replies":[{"embeddable":true,"href":"https:\/\/888starz.tips\/lt\/wp-json\/wp\/v2\/comments?post=223"}],"version-history":[{"count":35,"href":"https:\/\/888starz.tips\/lt\/wp-json\/wp\/v2\/pages\/223\/revisions"}],"predecessor-version":[{"id":563,"href":"https:\/\/888starz.tips\/lt\/wp-json\/wp\/v2\/pages\/223\/revisions\/563"}],"wp:attachment":[{"href":"https:\/\/888starz.tips\/lt\/wp-json\/wp\/v2\/media?parent=223"}],"curies":[{"name":"wp","href":"https:\/\/api.w.org\/{rel}","templated":true}]}}