{"id":332,"date":"2024-09-09T06:08:46","date_gmt":"2024-09-09T06:08:46","guid":{"rendered":"https:\/\/888starz.tips\/lt\/?page_id=332"},"modified":"2025-06-19T05:10:33","modified_gmt":"2025-06-19T05:10:33","slug":"apk","status":"publish","type":"page","link":"https:\/\/888starz.tips\/lt\/apk\/","title":{"rendered":"Apk"},"content":{"rendered":"","protected":false},"excerpt":{"rendered":"","protected":false},"author":1,"featured_media":0,"parent":0,"menu_order":0,"comment_status":"closed","ping_status":"closed","template":"","meta":{"footnotes":""},"class_list":["post-332","page","type-page","status-publish","hentry"],"yoast_head":"<!-- This site is optimized with the Yoast SEO plugin v27.4 - https:\/\/yoast.com\/product\/yoast-seo-wordpress\/ -->\n<title>888Starz Apk \u21d2 Parsisi\u0173sti 888Starz Apk for Android<\/title>\n<meta name=\"description\" content=\"Parsisi\u0173sti 888Starz la\u017eyb\u0173 Apk naujausi\u0105 versij\u0105 2025 - Apk 888Starz for IPhone &amp; Android - Kaip parsisi\u0173sti 888Starz Apk 2025 \u2713 Sporto la\u017eybos ir kazino \u2713 Auk\u0161ti koeficientai\" \/>\n<meta name=\"robots\" content=\"index, follow, max-snippet:-1, max-image-preview:large, max-video-preview:-1\" \/>\n<meta property=\"og:locale\" content=\"lt_LT\" \/>\n<meta property=\"og:type\" content=\"article\" \/>\n<meta property=\"og:title\" content=\"888Starz Apk \u21d2 Parsisi\u0173sti 888Starz Apk for Android\" \/>\n<meta property=\"og:description\" content=\"Parsisi\u0173sti 888Starz la\u017eyb\u0173 Apk naujausi\u0105 versij\u0105 2025 - Apk 888Starz for IPhone &amp; Android - Kaip parsisi\u0173sti 888Starz Apk 2025 \u2713 Sporto la\u017eybos ir kazino \u2713 Auk\u0161ti koeficientai\" \/>\n<meta property=\"og:url\" content=\"https:\/\/888starz.tips\/lt\/apk\/\" \/>\n<meta property=\"og:site_name\" content=\"888starz Tips lt\" \/>\n<meta property=\"article:modified_time\" content=\"2025-06-19T05:10:33+00:00\" \/>\n<meta name=\"twitter:card\" content=\"summary_large_image\" \/>\n<script type=\"application\/ld+json\" class=\"yoast-schema-graph\">{\"@context\":\"https:\\\/\\\/schema.org\",\"@graph\":[{\"@type\":\"WebPage\",\"@id\":\"https:\\\/\\\/888starz.tips\\\/lt\\\/apk\\\/\",\"url\":\"https:\\\/\\\/888starz.tips\\\/lt\\\/apk\\\/\",\"name\":\"888Starz Apk \u21d2 Parsisi\u0173sti 888Starz Apk for Android\",\"isPartOf\":{\"@id\":\"https:\\\/\\\/888starz.tips\\\/lt\\\/#website\"},\"datePublished\":\"2024-09-09T06:08:46+00:00\",\"dateModified\":\"2025-06-19T05:10:33+00:00\",\"description\":\"Parsisi\u0173sti 888Starz la\u017eyb\u0173 Apk naujausi\u0105 versij\u0105 2025 - Apk 888Starz for IPhone & Android - Kaip parsisi\u0173sti 888Starz Apk 2025 \u2713 Sporto la\u017eybos ir kazino \u2713 Auk\u0161ti koeficientai\",\"breadcrumb\":{\"@id\":\"https:\\\/\\\/888starz.tips\\\/lt\\\/apk\\\/#breadcrumb\"},\"inLanguage\":\"lt-LT\",\"potentialAction\":[{\"@type\":\"ReadAction\",\"target\":[\"https:\\\/\\\/888starz.tips\\\/lt\\\/apk\\\/\"]}]},{\"@type\":\"BreadcrumbList\",\"@id\":\"https:\\\/\\\/888starz.tips\\\/lt\\\/apk\\\/#breadcrumb\",\"itemListElement\":[{\"@type\":\"ListItem\",\"position\":1,\"name\":\"Home\",\"item\":\"https:\\\/\\\/888starz.tips\\\/lt\\\/\"},{\"@type\":\"ListItem\",\"position\":2,\"name\":\"Apk\"}]},{\"@type\":\"WebSite\",\"@id\":\"https:\\\/\\\/888starz.tips\\\/lt\\\/#website\",\"url\":\"https:\\\/\\\/888starz.tips\\\/lt\\\/\",\"name\":\"888starz Tips lt\",\"description\":\"My WordPress Blog\",\"potentialAction\":[{\"@type\":\"SearchAction\",\"target\":{\"@type\":\"EntryPoint\",\"urlTemplate\":\"https:\\\/\\\/888starz.tips\\\/lt\\\/?s={search_term_string}\"},\"query-input\":{\"@type\":\"PropertyValueSpecification\",\"valueRequired\":true,\"valueName\":\"search_term_string\"}}],\"inLanguage\":\"lt-LT\"}]}<\/script>\n<!-- \/ Yoast SEO plugin. -->","yoast_head_json":{"title":"888Starz Apk \u21d2 Parsisi\u0173sti 888Starz Apk for Android","description":"Parsisi\u0173sti 888Starz la\u017eyb\u0173 Apk naujausi\u0105 versij\u0105 2025 - Apk 888Starz for IPhone & Android - Kaip parsisi\u0173sti 888Starz Apk 2025 \u2713 Sporto la\u017eybos ir kazino \u2713 Auk\u0161ti koeficientai","robots":{"index":"index","follow":"follow","max-snippet":"max-snippet:-1","max-image-preview":"max-image-preview:large","max-video-preview":"max-video-preview:-1"},"og_locale":"lt_LT","og_type":"article","og_title":"888Starz Apk \u21d2 Parsisi\u0173sti 888Starz Apk for Android","og_description":"Parsisi\u0173sti 888Starz la\u017eyb\u0173 Apk naujausi\u0105 versij\u0105 2025 - Apk 888Starz for IPhone & Android - Kaip parsisi\u0173sti 888Starz Apk 2025 \u2713 Sporto la\u017eybos ir kazino \u2713 Auk\u0161ti koeficientai","og_url":"https:\/\/888starz.tips\/lt\/apk\/","og_site_name":"888starz Tips lt","article_modified_time":"2025-06-19T05:10:33+00:00","twitter_card":"summary_large_image","schema":{"@context":"https:\/\/schema.org","@graph":[{"@type":"WebPage","@id":"https:\/\/888starz.tips\/lt\/apk\/","url":"https:\/\/888starz.tips\/lt\/apk\/","name":"888Starz Apk \u21d2 Parsisi\u0173sti 888Starz Apk for Android","isPartOf":{"@id":"https:\/\/888starz.tips\/lt\/#website"},"datePublished":"2024-09-09T06:08:46+00:00","dateModified":"2025-06-19T05:10:33+00:00","description":"Parsisi\u0173sti 888Starz la\u017eyb\u0173 Apk naujausi\u0105 versij\u0105 2025 - Apk 888Starz for IPhone & Android - Kaip parsisi\u0173sti 888Starz Apk 2025 \u2713 Sporto la\u017eybos ir kazino \u2713 Auk\u0161ti koeficientai","breadcrumb":{"@id":"https:\/\/888starz.tips\/lt\/apk\/#breadcrumb"},"inLanguage":"lt-LT","potentialAction":[{"@type":"ReadAction","target":["https:\/\/888starz.tips\/lt\/apk\/"]}]},{"@type":"BreadcrumbList","@id":"https:\/\/888starz.tips\/lt\/apk\/#breadcrumb","itemListElement":[{"@type":"ListItem","position":1,"name":"Home","item":"https:\/\/888starz.tips\/lt\/"},{"@type":"ListItem","position":2,"name":"Apk"}]},{"@type":"WebSite","@id":"https:\/\/888starz.tips\/lt\/#website","url":"https:\/\/888starz.tips\/lt\/","name":"888starz Tips lt","description":"My WordPress Blog","potentialAction":[{"@type":"SearchAction","target":{"@type":"EntryPoint","urlTemplate":"https:\/\/888starz.tips\/lt\/?s={search_term_string}"},"query-input":{"@type":"PropertyValueSpecification","valueRequired":true,"valueName":"search_term_string"}}],"inLanguage":"lt-LT"}]}},"_links":{"self":[{"href":"https:\/\/888starz.tips\/lt\/wp-json\/wp\/v2\/pages\/332","targetHints":{"allow":["GET"]}}],"collection":[{"href":"https:\/\/888starz.tips\/lt\/wp-json\/wp\/v2\/pages"}],"about":[{"href":"https:\/\/888starz.tips\/lt\/wp-json\/wp\/v2\/types\/page"}],"author":[{"embeddable":true,"href":"https:\/\/888starz.tips\/lt\/wp-json\/wp\/v2\/users\/1"}],"replies":[{"embeddable":true,"href":"https:\/\/888starz.tips\/lt\/wp-json\/wp\/v2\/comments?post=332"}],"version-history":[{"count":24,"href":"https:\/\/888starz.tips\/lt\/wp-json\/wp\/v2\/pages\/332\/revisions"}],"predecessor-version":[{"id":562,"href":"https:\/\/888starz.tips\/lt\/wp-json\/wp\/v2\/pages\/332\/revisions\/562"}],"wp:attachment":[{"href":"https:\/\/888starz.tips\/lt\/wp-json\/wp\/v2\/media?parent=332"}],"curies":[{"name":"wp","href":"https:\/\/api.w.org\/{rel}","templated":true}]}}