{"id":451,"date":"2025-01-27T13:46:18","date_gmt":"2025-01-27T13:46:18","guid":{"rendered":"https:\/\/888starz.tips\/lt\/?page_id=451"},"modified":"2025-06-19T06:56:46","modified_gmt":"2025-06-19T06:56:46","slug":"promo-code","status":"publish","type":"page","link":"https:\/\/888starz.tips\/lt\/promo-code\/","title":{"rendered":"Reklamos kodas"},"content":{"rendered":"","protected":false},"excerpt":{"rendered":"","protected":false},"author":1,"featured_media":0,"parent":0,"menu_order":0,"comment_status":"closed","ping_status":"closed","template":"","meta":{"footnotes":""},"class_list":["post-451","page","type-page","status-publish","hentry"],"yoast_head":"<!-- This site is optimized with the Yoast SEO plugin v27.4 - https:\/\/yoast.com\/product\/yoast-seo-wordpress\/ -->\n<title>888Starz Promo kodas 2025 \u2705 Pretenduokite \u012f 100% premij\u0105!<\/title>\n<meta name=\"description\" content=\"Norite padidinti savo laim\u0117jimus? \ud83d\udd25U\u017eblokuokite i\u0161skirtin\u012f 888Starz reklamin\u012f kod\u0105 2025 ir gaukite did\u017eiul\u0119 100 % premij\u0105 jau \u0161iandien! Nelaukite - j\u016bs\u0173 kelion\u0117 su aukso puodais prasideda jau dabar!\" \/>\n<meta name=\"robots\" content=\"index, follow, max-snippet:-1, max-image-preview:large, max-video-preview:-1\" \/>\n<meta property=\"og:locale\" content=\"lt_LT\" \/>\n<meta property=\"og:type\" content=\"article\" \/>\n<meta property=\"og:title\" content=\"888Starz Promo kodas 2025 \u2705 Pretenduokite \u012f 100% premij\u0105!\" \/>\n<meta property=\"og:description\" content=\"Norite padidinti savo laim\u0117jimus? \ud83d\udd25U\u017eblokuokite i\u0161skirtin\u012f 888Starz reklamin\u012f kod\u0105 2025 ir gaukite did\u017eiul\u0119 100 % premij\u0105 jau \u0161iandien! Nelaukite - j\u016bs\u0173 kelion\u0117 su aukso puodais prasideda jau dabar!\" \/>\n<meta property=\"og:url\" content=\"https:\/\/888starz.tips\/lt\/promo-code\/\" \/>\n<meta property=\"og:site_name\" content=\"888starz Tips lt\" \/>\n<meta property=\"article:modified_time\" content=\"2025-06-19T06:56:46+00:00\" \/>\n<meta name=\"twitter:card\" content=\"summary_large_image\" \/>\n<script type=\"application\/ld+json\" class=\"yoast-schema-graph\">{\"@context\":\"https:\\\/\\\/schema.org\",\"@graph\":[{\"@type\":\"WebPage\",\"@id\":\"https:\\\/\\\/888starz.tips\\\/lt\\\/promo-code\\\/\",\"url\":\"https:\\\/\\\/888starz.tips\\\/lt\\\/promo-code\\\/\",\"name\":\"888Starz Promo kodas 2025 \u2705 Pretenduokite \u012f 100% premij\u0105!\",\"isPartOf\":{\"@id\":\"https:\\\/\\\/888starz.tips\\\/lt\\\/#website\"},\"datePublished\":\"2025-01-27T13:46:18+00:00\",\"dateModified\":\"2025-06-19T06:56:46+00:00\",\"description\":\"Norite padidinti savo laim\u0117jimus? \ud83d\udd25U\u017eblokuokite i\u0161skirtin\u012f 888Starz reklamin\u012f kod\u0105 2025 ir gaukite did\u017eiul\u0119 100 % premij\u0105 jau \u0161iandien! Nelaukite - j\u016bs\u0173 kelion\u0117 su aukso puodais prasideda jau dabar!\",\"breadcrumb\":{\"@id\":\"https:\\\/\\\/888starz.tips\\\/lt\\\/promo-code\\\/#breadcrumb\"},\"inLanguage\":\"lt-LT\",\"potentialAction\":[{\"@type\":\"ReadAction\",\"target\":[\"https:\\\/\\\/888starz.tips\\\/lt\\\/promo-code\\\/\"]}]},{\"@type\":\"BreadcrumbList\",\"@id\":\"https:\\\/\\\/888starz.tips\\\/lt\\\/promo-code\\\/#breadcrumb\",\"itemListElement\":[{\"@type\":\"ListItem\",\"position\":1,\"name\":\"Home\",\"item\":\"https:\\\/\\\/888starz.tips\\\/lt\\\/\"},{\"@type\":\"ListItem\",\"position\":2,\"name\":\"Reklamos kodas\"}]},{\"@type\":\"WebSite\",\"@id\":\"https:\\\/\\\/888starz.tips\\\/lt\\\/#website\",\"url\":\"https:\\\/\\\/888starz.tips\\\/lt\\\/\",\"name\":\"888starz Tips lt\",\"description\":\"My WordPress Blog\",\"potentialAction\":[{\"@type\":\"SearchAction\",\"target\":{\"@type\":\"EntryPoint\",\"urlTemplate\":\"https:\\\/\\\/888starz.tips\\\/lt\\\/?s={search_term_string}\"},\"query-input\":{\"@type\":\"PropertyValueSpecification\",\"valueRequired\":true,\"valueName\":\"search_term_string\"}}],\"inLanguage\":\"lt-LT\"}]}<\/script>\n<!-- \/ Yoast SEO plugin. -->","yoast_head_json":{"title":"888Starz Promo kodas 2025 \u2705 Pretenduokite \u012f 100% premij\u0105!","description":"Norite padidinti savo laim\u0117jimus? \ud83d\udd25U\u017eblokuokite i\u0161skirtin\u012f 888Starz reklamin\u012f kod\u0105 2025 ir gaukite did\u017eiul\u0119 100 % premij\u0105 jau \u0161iandien! Nelaukite - j\u016bs\u0173 kelion\u0117 su aukso puodais prasideda jau dabar!","robots":{"index":"index","follow":"follow","max-snippet":"max-snippet:-1","max-image-preview":"max-image-preview:large","max-video-preview":"max-video-preview:-1"},"og_locale":"lt_LT","og_type":"article","og_title":"888Starz Promo kodas 2025 \u2705 Pretenduokite \u012f 100% premij\u0105!","og_description":"Norite padidinti savo laim\u0117jimus? \ud83d\udd25U\u017eblokuokite i\u0161skirtin\u012f 888Starz reklamin\u012f kod\u0105 2025 ir gaukite did\u017eiul\u0119 100 % premij\u0105 jau \u0161iandien! Nelaukite - j\u016bs\u0173 kelion\u0117 su aukso puodais prasideda jau dabar!","og_url":"https:\/\/888starz.tips\/lt\/promo-code\/","og_site_name":"888starz Tips lt","article_modified_time":"2025-06-19T06:56:46+00:00","twitter_card":"summary_large_image","schema":{"@context":"https:\/\/schema.org","@graph":[{"@type":"WebPage","@id":"https:\/\/888starz.tips\/lt\/promo-code\/","url":"https:\/\/888starz.tips\/lt\/promo-code\/","name":"888Starz Promo kodas 2025 \u2705 Pretenduokite \u012f 100% premij\u0105!","isPartOf":{"@id":"https:\/\/888starz.tips\/lt\/#website"},"datePublished":"2025-01-27T13:46:18+00:00","dateModified":"2025-06-19T06:56:46+00:00","description":"Norite padidinti savo laim\u0117jimus? \ud83d\udd25U\u017eblokuokite i\u0161skirtin\u012f 888Starz reklamin\u012f kod\u0105 2025 ir gaukite did\u017eiul\u0119 100 % premij\u0105 jau \u0161iandien! Nelaukite - j\u016bs\u0173 kelion\u0117 su aukso puodais prasideda jau dabar!","breadcrumb":{"@id":"https:\/\/888starz.tips\/lt\/promo-code\/#breadcrumb"},"inLanguage":"lt-LT","potentialAction":[{"@type":"ReadAction","target":["https:\/\/888starz.tips\/lt\/promo-code\/"]}]},{"@type":"BreadcrumbList","@id":"https:\/\/888starz.tips\/lt\/promo-code\/#breadcrumb","itemListElement":[{"@type":"ListItem","position":1,"name":"Home","item":"https:\/\/888starz.tips\/lt\/"},{"@type":"ListItem","position":2,"name":"Reklamos kodas"}]},{"@type":"WebSite","@id":"https:\/\/888starz.tips\/lt\/#website","url":"https:\/\/888starz.tips\/lt\/","name":"888starz Tips lt","description":"My WordPress Blog","potentialAction":[{"@type":"SearchAction","target":{"@type":"EntryPoint","urlTemplate":"https:\/\/888starz.tips\/lt\/?s={search_term_string}"},"query-input":{"@type":"PropertyValueSpecification","valueRequired":true,"valueName":"search_term_string"}}],"inLanguage":"lt-LT"}]}},"_links":{"self":[{"href":"https:\/\/888starz.tips\/lt\/wp-json\/wp\/v2\/pages\/451","targetHints":{"allow":["GET"]}}],"collection":[{"href":"https:\/\/888starz.tips\/lt\/wp-json\/wp\/v2\/pages"}],"about":[{"href":"https:\/\/888starz.tips\/lt\/wp-json\/wp\/v2\/types\/page"}],"author":[{"embeddable":true,"href":"https:\/\/888starz.tips\/lt\/wp-json\/wp\/v2\/users\/1"}],"replies":[{"embeddable":true,"href":"https:\/\/888starz.tips\/lt\/wp-json\/wp\/v2\/comments?post=451"}],"version-history":[{"count":7,"href":"https:\/\/888starz.tips\/lt\/wp-json\/wp\/v2\/pages\/451\/revisions"}],"predecessor-version":[{"id":580,"href":"https:\/\/888starz.tips\/lt\/wp-json\/wp\/v2\/pages\/451\/revisions\/580"}],"wp:attachment":[{"href":"https:\/\/888starz.tips\/lt\/wp-json\/wp\/v2\/media?parent=451"}],"curies":[{"name":"wp","href":"https:\/\/api.w.org\/{rel}","templated":true}]}}