{"id":517,"date":"2025-06-18T05:58:23","date_gmt":"2025-06-18T05:58:23","guid":{"rendered":"https:\/\/888starz.tips\/lt\/?page_id=517"},"modified":"2025-06-19T06:48:58","modified_gmt":"2025-06-19T06:48:58","slug":"first-victory","status":"publish","type":"page","link":"https:\/\/888starz.tips\/lt\/bonus\/first-victory\/","title":{"rendered":"Pirmoji pergal\u0117"},"content":{"rendered":"","protected":false},"excerpt":{"rendered":"","protected":false},"author":1,"featured_media":0,"parent":152,"menu_order":0,"comment_status":"closed","ping_status":"closed","template":"","meta":{"footnotes":""},"class_list":["post-517","page","type-page","status-publish","hentry"],"yoast_head":"<!-- This site is optimized with the Yoast SEO plugin v27.4 - https:\/\/yoast.com\/product\/yoast-seo-wordpress\/ -->\n<title>Statykite u\u017e Pasaulio klub\u0173 \u010dempionat\u0105 su 888Starz | 80 000 \u20ac prizinis fondas!<\/title>\n<meta name=\"description\" content=\"Ar esate pasiruo\u0161\u0119 tikroms pergal\u0117ms? Prisijunkite prie 888Starz ir statykite u\u017e 2025 m. pasaulio klub\u0173 \u010dempionat\u0105! Laim\u0117kite ne\u012ftik\u0117tin\u0105 80 000 eur\u0173 prizin\u012f fond\u0105! Nepraleiskite savo \u0161anso, aktyvuokite akcij\u0105 &quot;Pirmoji pergal\u0117&quot; ir parodykite, k\u0105 sugebate!\" \/>\n<meta name=\"robots\" content=\"index, follow, max-snippet:-1, max-image-preview:large, max-video-preview:-1\" \/>\n<meta property=\"og:locale\" content=\"lt_LT\" \/>\n<meta property=\"og:type\" content=\"article\" \/>\n<meta property=\"og:title\" content=\"Statykite u\u017e Pasaulio klub\u0173 \u010dempionat\u0105 su 888Starz | 80 000 \u20ac prizinis fondas!\" \/>\n<meta property=\"og:description\" content=\"Ar esate pasiruo\u0161\u0119 tikroms pergal\u0117ms? Prisijunkite prie 888Starz ir statykite u\u017e 2025 m. pasaulio klub\u0173 \u010dempionat\u0105! Laim\u0117kite ne\u012ftik\u0117tin\u0105 80 000 eur\u0173 prizin\u012f fond\u0105! Nepraleiskite savo \u0161anso, aktyvuokite akcij\u0105 &quot;Pirmoji pergal\u0117&quot; ir parodykite, k\u0105 sugebate!\" \/>\n<meta property=\"og:url\" content=\"https:\/\/888starz.tips\/lt\/bonus\/first-victory\/\" \/>\n<meta property=\"og:site_name\" content=\"888starz Tips lt\" \/>\n<meta property=\"article:modified_time\" content=\"2025-06-19T06:48:58+00:00\" \/>\n<meta name=\"twitter:card\" content=\"summary_large_image\" \/>\n<script type=\"application\/ld+json\" class=\"yoast-schema-graph\">{\"@context\":\"https:\\\/\\\/schema.org\",\"@graph\":[{\"@type\":\"WebPage\",\"@id\":\"https:\\\/\\\/888starz.tips\\\/lt\\\/bonus\\\/first-victory\\\/\",\"url\":\"https:\\\/\\\/888starz.tips\\\/lt\\\/bonus\\\/first-victory\\\/\",\"name\":\"Statykite u\u017e Pasaulio klub\u0173 \u010dempionat\u0105 su 888Starz | 80 000 \u20ac prizinis fondas!\",\"isPartOf\":{\"@id\":\"https:\\\/\\\/888starz.tips\\\/lt\\\/#website\"},\"datePublished\":\"2025-06-18T05:58:23+00:00\",\"dateModified\":\"2025-06-19T06:48:58+00:00\",\"description\":\"Ar esate pasiruo\u0161\u0119 tikroms pergal\u0117ms? Prisijunkite prie 888Starz ir statykite u\u017e 2025 m. pasaulio klub\u0173 \u010dempionat\u0105! Laim\u0117kite ne\u012ftik\u0117tin\u0105 80 000 eur\u0173 prizin\u012f fond\u0105! Nepraleiskite savo \u0161anso, aktyvuokite akcij\u0105 \\\"Pirmoji pergal\u0117\\\" ir parodykite, k\u0105 sugebate!\",\"breadcrumb\":{\"@id\":\"https:\\\/\\\/888starz.tips\\\/lt\\\/bonus\\\/first-victory\\\/#breadcrumb\"},\"inLanguage\":\"lt-LT\",\"potentialAction\":[{\"@type\":\"ReadAction\",\"target\":[\"https:\\\/\\\/888starz.tips\\\/lt\\\/bonus\\\/first-victory\\\/\"]}]},{\"@type\":\"BreadcrumbList\",\"@id\":\"https:\\\/\\\/888starz.tips\\\/lt\\\/bonus\\\/first-victory\\\/#breadcrumb\",\"itemListElement\":[{\"@type\":\"ListItem\",\"position\":1,\"name\":\"Home\",\"item\":\"https:\\\/\\\/888starz.tips\\\/lt\\\/\"},{\"@type\":\"ListItem\",\"position\":2,\"name\":\"Premija\",\"item\":\"https:\\\/\\\/888starz.tips\\\/lt\\\/bonus\\\/\"},{\"@type\":\"ListItem\",\"position\":3,\"name\":\"Pirmoji pergal\u0117\"}]},{\"@type\":\"WebSite\",\"@id\":\"https:\\\/\\\/888starz.tips\\\/lt\\\/#website\",\"url\":\"https:\\\/\\\/888starz.tips\\\/lt\\\/\",\"name\":\"888starz Tips lt\",\"description\":\"My WordPress Blog\",\"potentialAction\":[{\"@type\":\"SearchAction\",\"target\":{\"@type\":\"EntryPoint\",\"urlTemplate\":\"https:\\\/\\\/888starz.tips\\\/lt\\\/?s={search_term_string}\"},\"query-input\":{\"@type\":\"PropertyValueSpecification\",\"valueRequired\":true,\"valueName\":\"search_term_string\"}}],\"inLanguage\":\"lt-LT\"}]}<\/script>\n<!-- \/ Yoast SEO plugin. -->","yoast_head_json":{"title":"Statykite u\u017e Pasaulio klub\u0173 \u010dempionat\u0105 su 888Starz | 80 000 \u20ac prizinis fondas!","description":"Ar esate pasiruo\u0161\u0119 tikroms pergal\u0117ms? Prisijunkite prie 888Starz ir statykite u\u017e 2025 m. pasaulio klub\u0173 \u010dempionat\u0105! Laim\u0117kite ne\u012ftik\u0117tin\u0105 80 000 eur\u0173 prizin\u012f fond\u0105! Nepraleiskite savo \u0161anso, aktyvuokite akcij\u0105 \"Pirmoji pergal\u0117\" ir parodykite, k\u0105 sugebate!","robots":{"index":"index","follow":"follow","max-snippet":"max-snippet:-1","max-image-preview":"max-image-preview:large","max-video-preview":"max-video-preview:-1"},"og_locale":"lt_LT","og_type":"article","og_title":"Statykite u\u017e Pasaulio klub\u0173 \u010dempionat\u0105 su 888Starz | 80 000 \u20ac prizinis fondas!","og_description":"Ar esate pasiruo\u0161\u0119 tikroms pergal\u0117ms? Prisijunkite prie 888Starz ir statykite u\u017e 2025 m. pasaulio klub\u0173 \u010dempionat\u0105! Laim\u0117kite ne\u012ftik\u0117tin\u0105 80 000 eur\u0173 prizin\u012f fond\u0105! Nepraleiskite savo \u0161anso, aktyvuokite akcij\u0105 \"Pirmoji pergal\u0117\" ir parodykite, k\u0105 sugebate!","og_url":"https:\/\/888starz.tips\/lt\/bonus\/first-victory\/","og_site_name":"888starz Tips lt","article_modified_time":"2025-06-19T06:48:58+00:00","twitter_card":"summary_large_image","schema":{"@context":"https:\/\/schema.org","@graph":[{"@type":"WebPage","@id":"https:\/\/888starz.tips\/lt\/bonus\/first-victory\/","url":"https:\/\/888starz.tips\/lt\/bonus\/first-victory\/","name":"Statykite u\u017e Pasaulio klub\u0173 \u010dempionat\u0105 su 888Starz | 80 000 \u20ac prizinis fondas!","isPartOf":{"@id":"https:\/\/888starz.tips\/lt\/#website"},"datePublished":"2025-06-18T05:58:23+00:00","dateModified":"2025-06-19T06:48:58+00:00","description":"Ar esate pasiruo\u0161\u0119 tikroms pergal\u0117ms? Prisijunkite prie 888Starz ir statykite u\u017e 2025 m. pasaulio klub\u0173 \u010dempionat\u0105! Laim\u0117kite ne\u012ftik\u0117tin\u0105 80 000 eur\u0173 prizin\u012f fond\u0105! Nepraleiskite savo \u0161anso, aktyvuokite akcij\u0105 \"Pirmoji pergal\u0117\" ir parodykite, k\u0105 sugebate!","breadcrumb":{"@id":"https:\/\/888starz.tips\/lt\/bonus\/first-victory\/#breadcrumb"},"inLanguage":"lt-LT","potentialAction":[{"@type":"ReadAction","target":["https:\/\/888starz.tips\/lt\/bonus\/first-victory\/"]}]},{"@type":"BreadcrumbList","@id":"https:\/\/888starz.tips\/lt\/bonus\/first-victory\/#breadcrumb","itemListElement":[{"@type":"ListItem","position":1,"name":"Home","item":"https:\/\/888starz.tips\/lt\/"},{"@type":"ListItem","position":2,"name":"Premija","item":"https:\/\/888starz.tips\/lt\/bonus\/"},{"@type":"ListItem","position":3,"name":"Pirmoji pergal\u0117"}]},{"@type":"WebSite","@id":"https:\/\/888starz.tips\/lt\/#website","url":"https:\/\/888starz.tips\/lt\/","name":"888starz Tips lt","description":"My WordPress Blog","potentialAction":[{"@type":"SearchAction","target":{"@type":"EntryPoint","urlTemplate":"https:\/\/888starz.tips\/lt\/?s={search_term_string}"},"query-input":{"@type":"PropertyValueSpecification","valueRequired":true,"valueName":"search_term_string"}}],"inLanguage":"lt-LT"}]}},"_links":{"self":[{"href":"https:\/\/888starz.tips\/lt\/wp-json\/wp\/v2\/pages\/517","targetHints":{"allow":["GET"]}}],"collection":[{"href":"https:\/\/888starz.tips\/lt\/wp-json\/wp\/v2\/pages"}],"about":[{"href":"https:\/\/888starz.tips\/lt\/wp-json\/wp\/v2\/types\/page"}],"author":[{"embeddable":true,"href":"https:\/\/888starz.tips\/lt\/wp-json\/wp\/v2\/users\/1"}],"replies":[{"embeddable":true,"href":"https:\/\/888starz.tips\/lt\/wp-json\/wp\/v2\/comments?post=517"}],"version-history":[{"count":6,"href":"https:\/\/888starz.tips\/lt\/wp-json\/wp\/v2\/pages\/517\/revisions"}],"predecessor-version":[{"id":577,"href":"https:\/\/888starz.tips\/lt\/wp-json\/wp\/v2\/pages\/517\/revisions\/577"}],"up":[{"embeddable":true,"href":"https:\/\/888starz.tips\/lt\/wp-json\/wp\/v2\/pages\/152"}],"wp:attachment":[{"href":"https:\/\/888starz.tips\/lt\/wp-json\/wp\/v2\/media?parent=517"}],"curies":[{"name":"wp","href":"https:\/\/api.w.org\/{rel}","templated":true}]}}