{"id":525,"date":"2025-06-18T06:42:44","date_gmt":"2025-06-18T06:42:44","guid":{"rendered":"https:\/\/888starz.tips\/lt\/?page_id=525"},"modified":"2025-06-19T06:50:46","modified_gmt":"2025-06-19T06:50:46","slug":"losing-bets","status":"publish","type":"page","link":"https:\/\/888starz.tips\/lt\/bonus\/losing-bets\/","title":{"rendered":"Pralaim\u0117ti statymai"},"content":{"rendered":"","protected":false},"excerpt":{"rendered":"","protected":false},"author":1,"featured_media":0,"parent":152,"menu_order":0,"comment_status":"closed","ping_status":"closed","template":"","meta":{"footnotes":""},"class_list":["post-525","page","type-page","status-publish","hentry"],"yoast_head":"<!-- This site is optimized with the Yoast SEO plugin v27.4 - https:\/\/yoast.com\/product\/yoast-seo-wordpress\/ -->\n<title>Gaukite kompensacij\u0105 u\u017e 20 pralaim\u0117t\u0173 statym\u0173 su 888Starz premija!<\/title>\n<meta name=\"description\" content=\"Patekote \u012f pralaim\u0117jim\u0173 sp\u0105stus? 888Starz nepaliks j\u016bs\u0173 likimo valiai! Gaukite iki 500 \u20ac kompensacij\u0105 u\u017e 20 i\u0161 eil\u0117s pralaim\u0117t\u0173 statym\u0173!\" \/>\n<meta name=\"robots\" content=\"index, follow, max-snippet:-1, max-image-preview:large, max-video-preview:-1\" \/>\n<meta property=\"og:locale\" content=\"lt_LT\" \/>\n<meta property=\"og:type\" content=\"article\" \/>\n<meta property=\"og:title\" content=\"Gaukite kompensacij\u0105 u\u017e 20 pralaim\u0117t\u0173 statym\u0173 su 888Starz premija!\" \/>\n<meta property=\"og:description\" content=\"Patekote \u012f pralaim\u0117jim\u0173 sp\u0105stus? 888Starz nepaliks j\u016bs\u0173 likimo valiai! Gaukite iki 500 \u20ac kompensacij\u0105 u\u017e 20 i\u0161 eil\u0117s pralaim\u0117t\u0173 statym\u0173!\" \/>\n<meta property=\"og:url\" content=\"https:\/\/888starz.tips\/lt\/bonus\/losing-bets\/\" \/>\n<meta property=\"og:site_name\" content=\"888starz Tips lt\" \/>\n<meta property=\"article:modified_time\" content=\"2025-06-19T06:50:46+00:00\" \/>\n<meta name=\"twitter:card\" content=\"summary_large_image\" \/>\n<script type=\"application\/ld+json\" class=\"yoast-schema-graph\">{\"@context\":\"https:\\\/\\\/schema.org\",\"@graph\":[{\"@type\":\"WebPage\",\"@id\":\"https:\\\/\\\/888starz.tips\\\/lt\\\/bonus\\\/losing-bets\\\/\",\"url\":\"https:\\\/\\\/888starz.tips\\\/lt\\\/bonus\\\/losing-bets\\\/\",\"name\":\"Gaukite kompensacij\u0105 u\u017e 20 pralaim\u0117t\u0173 statym\u0173 su 888Starz premija!\",\"isPartOf\":{\"@id\":\"https:\\\/\\\/888starz.tips\\\/lt\\\/#website\"},\"datePublished\":\"2025-06-18T06:42:44+00:00\",\"dateModified\":\"2025-06-19T06:50:46+00:00\",\"description\":\"Patekote \u012f pralaim\u0117jim\u0173 sp\u0105stus? 888Starz nepaliks j\u016bs\u0173 likimo valiai! Gaukite iki 500 \u20ac kompensacij\u0105 u\u017e 20 i\u0161 eil\u0117s pralaim\u0117t\u0173 statym\u0173!\",\"breadcrumb\":{\"@id\":\"https:\\\/\\\/888starz.tips\\\/lt\\\/bonus\\\/losing-bets\\\/#breadcrumb\"},\"inLanguage\":\"lt-LT\",\"potentialAction\":[{\"@type\":\"ReadAction\",\"target\":[\"https:\\\/\\\/888starz.tips\\\/lt\\\/bonus\\\/losing-bets\\\/\"]}]},{\"@type\":\"BreadcrumbList\",\"@id\":\"https:\\\/\\\/888starz.tips\\\/lt\\\/bonus\\\/losing-bets\\\/#breadcrumb\",\"itemListElement\":[{\"@type\":\"ListItem\",\"position\":1,\"name\":\"Home\",\"item\":\"https:\\\/\\\/888starz.tips\\\/lt\\\/\"},{\"@type\":\"ListItem\",\"position\":2,\"name\":\"Premija\",\"item\":\"https:\\\/\\\/888starz.tips\\\/lt\\\/bonus\\\/\"},{\"@type\":\"ListItem\",\"position\":3,\"name\":\"Pralaim\u0117ti statymai\"}]},{\"@type\":\"WebSite\",\"@id\":\"https:\\\/\\\/888starz.tips\\\/lt\\\/#website\",\"url\":\"https:\\\/\\\/888starz.tips\\\/lt\\\/\",\"name\":\"888starz Tips lt\",\"description\":\"My WordPress Blog\",\"potentialAction\":[{\"@type\":\"SearchAction\",\"target\":{\"@type\":\"EntryPoint\",\"urlTemplate\":\"https:\\\/\\\/888starz.tips\\\/lt\\\/?s={search_term_string}\"},\"query-input\":{\"@type\":\"PropertyValueSpecification\",\"valueRequired\":true,\"valueName\":\"search_term_string\"}}],\"inLanguage\":\"lt-LT\"}]}<\/script>\n<!-- \/ Yoast SEO plugin. -->","yoast_head_json":{"title":"Gaukite kompensacij\u0105 u\u017e 20 pralaim\u0117t\u0173 statym\u0173 su 888Starz premija!","description":"Patekote \u012f pralaim\u0117jim\u0173 sp\u0105stus? 888Starz nepaliks j\u016bs\u0173 likimo valiai! Gaukite iki 500 \u20ac kompensacij\u0105 u\u017e 20 i\u0161 eil\u0117s pralaim\u0117t\u0173 statym\u0173!","robots":{"index":"index","follow":"follow","max-snippet":"max-snippet:-1","max-image-preview":"max-image-preview:large","max-video-preview":"max-video-preview:-1"},"og_locale":"lt_LT","og_type":"article","og_title":"Gaukite kompensacij\u0105 u\u017e 20 pralaim\u0117t\u0173 statym\u0173 su 888Starz premija!","og_description":"Patekote \u012f pralaim\u0117jim\u0173 sp\u0105stus? 888Starz nepaliks j\u016bs\u0173 likimo valiai! Gaukite iki 500 \u20ac kompensacij\u0105 u\u017e 20 i\u0161 eil\u0117s pralaim\u0117t\u0173 statym\u0173!","og_url":"https:\/\/888starz.tips\/lt\/bonus\/losing-bets\/","og_site_name":"888starz Tips lt","article_modified_time":"2025-06-19T06:50:46+00:00","twitter_card":"summary_large_image","schema":{"@context":"https:\/\/schema.org","@graph":[{"@type":"WebPage","@id":"https:\/\/888starz.tips\/lt\/bonus\/losing-bets\/","url":"https:\/\/888starz.tips\/lt\/bonus\/losing-bets\/","name":"Gaukite kompensacij\u0105 u\u017e 20 pralaim\u0117t\u0173 statym\u0173 su 888Starz premija!","isPartOf":{"@id":"https:\/\/888starz.tips\/lt\/#website"},"datePublished":"2025-06-18T06:42:44+00:00","dateModified":"2025-06-19T06:50:46+00:00","description":"Patekote \u012f pralaim\u0117jim\u0173 sp\u0105stus? 888Starz nepaliks j\u016bs\u0173 likimo valiai! Gaukite iki 500 \u20ac kompensacij\u0105 u\u017e 20 i\u0161 eil\u0117s pralaim\u0117t\u0173 statym\u0173!","breadcrumb":{"@id":"https:\/\/888starz.tips\/lt\/bonus\/losing-bets\/#breadcrumb"},"inLanguage":"lt-LT","potentialAction":[{"@type":"ReadAction","target":["https:\/\/888starz.tips\/lt\/bonus\/losing-bets\/"]}]},{"@type":"BreadcrumbList","@id":"https:\/\/888starz.tips\/lt\/bonus\/losing-bets\/#breadcrumb","itemListElement":[{"@type":"ListItem","position":1,"name":"Home","item":"https:\/\/888starz.tips\/lt\/"},{"@type":"ListItem","position":2,"name":"Premija","item":"https:\/\/888starz.tips\/lt\/bonus\/"},{"@type":"ListItem","position":3,"name":"Pralaim\u0117ti statymai"}]},{"@type":"WebSite","@id":"https:\/\/888starz.tips\/lt\/#website","url":"https:\/\/888starz.tips\/lt\/","name":"888starz Tips lt","description":"My WordPress Blog","potentialAction":[{"@type":"SearchAction","target":{"@type":"EntryPoint","urlTemplate":"https:\/\/888starz.tips\/lt\/?s={search_term_string}"},"query-input":{"@type":"PropertyValueSpecification","valueRequired":true,"valueName":"search_term_string"}}],"inLanguage":"lt-LT"}]}},"_links":{"self":[{"href":"https:\/\/888starz.tips\/lt\/wp-json\/wp\/v2\/pages\/525","targetHints":{"allow":["GET"]}}],"collection":[{"href":"https:\/\/888starz.tips\/lt\/wp-json\/wp\/v2\/pages"}],"about":[{"href":"https:\/\/888starz.tips\/lt\/wp-json\/wp\/v2\/types\/page"}],"author":[{"embeddable":true,"href":"https:\/\/888starz.tips\/lt\/wp-json\/wp\/v2\/users\/1"}],"replies":[{"embeddable":true,"href":"https:\/\/888starz.tips\/lt\/wp-json\/wp\/v2\/comments?post=525"}],"version-history":[{"count":5,"href":"https:\/\/888starz.tips\/lt\/wp-json\/wp\/v2\/pages\/525\/revisions"}],"predecessor-version":[{"id":579,"href":"https:\/\/888starz.tips\/lt\/wp-json\/wp\/v2\/pages\/525\/revisions\/579"}],"up":[{"embeddable":true,"href":"https:\/\/888starz.tips\/lt\/wp-json\/wp\/v2\/pages\/152"}],"wp:attachment":[{"href":"https:\/\/888starz.tips\/lt\/wp-json\/wp\/v2\/media?parent=525"}],"curies":[{"name":"wp","href":"https:\/\/api.w.org\/{rel}","templated":true}]}}