{"id":530,"date":"2025-06-18T06:54:33","date_gmt":"2025-06-18T06:54:33","guid":{"rendered":"https:\/\/888starz.tips\/lt\/?page_id=530"},"modified":"2025-06-19T06:47:04","modified_gmt":"2025-06-19T06:47:04","slug":"express","status":"publish","type":"page","link":"https:\/\/888starz.tips\/lt\/bonus\/express\/","title":{"rendered":"Express"},"content":{"rendered":"","protected":false},"excerpt":{"rendered":"","protected":false},"author":1,"featured_media":0,"parent":152,"menu_order":0,"comment_status":"closed","ping_status":"closed","template":"","meta":{"footnotes":""},"class_list":["post-530","page","type-page","status-publish","hentry"],"yoast_head":"<!-- This site is optimized with the Yoast SEO plugin v27.4 - https:\/\/yoast.com\/product\/yoast-seo-wordpress\/ -->\n<title>Dienos ekspresas | 10% premija nuo laim\u0117jim\u0173 su 888Starz!<\/title>\n<meta name=\"description\" content=\"Norite padidinti savo laim\u0117jimus? &quot;Express of the Day&quot; i\u0161 888Starz suteikia 10 % premij\u0105! Statykite u\u017e tris \u012fvykius ir pasiimkite pinigus su papildomais koeficientais.\" \/>\n<meta name=\"robots\" content=\"index, follow, max-snippet:-1, max-image-preview:large, max-video-preview:-1\" \/>\n<meta property=\"og:locale\" content=\"lt_LT\" \/>\n<meta property=\"og:type\" content=\"article\" \/>\n<meta property=\"og:title\" content=\"Dienos ekspresas | 10% premija nuo laim\u0117jim\u0173 su 888Starz!\" \/>\n<meta property=\"og:description\" content=\"Norite padidinti savo laim\u0117jimus? &quot;Express of the Day&quot; i\u0161 888Starz suteikia 10 % premij\u0105! Statykite u\u017e tris \u012fvykius ir pasiimkite pinigus su papildomais koeficientais.\" \/>\n<meta property=\"og:url\" content=\"https:\/\/888starz.tips\/lt\/bonus\/express\/\" \/>\n<meta property=\"og:site_name\" content=\"888starz Tips lt\" \/>\n<meta property=\"article:modified_time\" content=\"2025-06-19T06:47:04+00:00\" \/>\n<meta name=\"twitter:card\" content=\"summary_large_image\" \/>\n<script type=\"application\/ld+json\" class=\"yoast-schema-graph\">{\"@context\":\"https:\\\/\\\/schema.org\",\"@graph\":[{\"@type\":\"WebPage\",\"@id\":\"https:\\\/\\\/888starz.tips\\\/lt\\\/bonus\\\/express\\\/\",\"url\":\"https:\\\/\\\/888starz.tips\\\/lt\\\/bonus\\\/express\\\/\",\"name\":\"Dienos ekspresas | 10% premija nuo laim\u0117jim\u0173 su 888Starz!\",\"isPartOf\":{\"@id\":\"https:\\\/\\\/888starz.tips\\\/lt\\\/#website\"},\"datePublished\":\"2025-06-18T06:54:33+00:00\",\"dateModified\":\"2025-06-19T06:47:04+00:00\",\"description\":\"Norite padidinti savo laim\u0117jimus? \\\"Express of the Day\\\" i\u0161 888Starz suteikia 10 % premij\u0105! Statykite u\u017e tris \u012fvykius ir pasiimkite pinigus su papildomais koeficientais.\",\"breadcrumb\":{\"@id\":\"https:\\\/\\\/888starz.tips\\\/lt\\\/bonus\\\/express\\\/#breadcrumb\"},\"inLanguage\":\"lt-LT\",\"potentialAction\":[{\"@type\":\"ReadAction\",\"target\":[\"https:\\\/\\\/888starz.tips\\\/lt\\\/bonus\\\/express\\\/\"]}]},{\"@type\":\"BreadcrumbList\",\"@id\":\"https:\\\/\\\/888starz.tips\\\/lt\\\/bonus\\\/express\\\/#breadcrumb\",\"itemListElement\":[{\"@type\":\"ListItem\",\"position\":1,\"name\":\"Home\",\"item\":\"https:\\\/\\\/888starz.tips\\\/lt\\\/\"},{\"@type\":\"ListItem\",\"position\":2,\"name\":\"Premija\",\"item\":\"https:\\\/\\\/888starz.tips\\\/lt\\\/bonus\\\/\"},{\"@type\":\"ListItem\",\"position\":3,\"name\":\"Express\"}]},{\"@type\":\"WebSite\",\"@id\":\"https:\\\/\\\/888starz.tips\\\/lt\\\/#website\",\"url\":\"https:\\\/\\\/888starz.tips\\\/lt\\\/\",\"name\":\"888starz Tips lt\",\"description\":\"My WordPress Blog\",\"potentialAction\":[{\"@type\":\"SearchAction\",\"target\":{\"@type\":\"EntryPoint\",\"urlTemplate\":\"https:\\\/\\\/888starz.tips\\\/lt\\\/?s={search_term_string}\"},\"query-input\":{\"@type\":\"PropertyValueSpecification\",\"valueRequired\":true,\"valueName\":\"search_term_string\"}}],\"inLanguage\":\"lt-LT\"}]}<\/script>\n<!-- \/ Yoast SEO plugin. -->","yoast_head_json":{"title":"Dienos ekspresas | 10% premija nuo laim\u0117jim\u0173 su 888Starz!","description":"Norite padidinti savo laim\u0117jimus? \"Express of the Day\" i\u0161 888Starz suteikia 10 % premij\u0105! Statykite u\u017e tris \u012fvykius ir pasiimkite pinigus su papildomais koeficientais.","robots":{"index":"index","follow":"follow","max-snippet":"max-snippet:-1","max-image-preview":"max-image-preview:large","max-video-preview":"max-video-preview:-1"},"og_locale":"lt_LT","og_type":"article","og_title":"Dienos ekspresas | 10% premija nuo laim\u0117jim\u0173 su 888Starz!","og_description":"Norite padidinti savo laim\u0117jimus? \"Express of the Day\" i\u0161 888Starz suteikia 10 % premij\u0105! Statykite u\u017e tris \u012fvykius ir pasiimkite pinigus su papildomais koeficientais.","og_url":"https:\/\/888starz.tips\/lt\/bonus\/express\/","og_site_name":"888starz Tips lt","article_modified_time":"2025-06-19T06:47:04+00:00","twitter_card":"summary_large_image","schema":{"@context":"https:\/\/schema.org","@graph":[{"@type":"WebPage","@id":"https:\/\/888starz.tips\/lt\/bonus\/express\/","url":"https:\/\/888starz.tips\/lt\/bonus\/express\/","name":"Dienos ekspresas | 10% premija nuo laim\u0117jim\u0173 su 888Starz!","isPartOf":{"@id":"https:\/\/888starz.tips\/lt\/#website"},"datePublished":"2025-06-18T06:54:33+00:00","dateModified":"2025-06-19T06:47:04+00:00","description":"Norite padidinti savo laim\u0117jimus? \"Express of the Day\" i\u0161 888Starz suteikia 10 % premij\u0105! Statykite u\u017e tris \u012fvykius ir pasiimkite pinigus su papildomais koeficientais.","breadcrumb":{"@id":"https:\/\/888starz.tips\/lt\/bonus\/express\/#breadcrumb"},"inLanguage":"lt-LT","potentialAction":[{"@type":"ReadAction","target":["https:\/\/888starz.tips\/lt\/bonus\/express\/"]}]},{"@type":"BreadcrumbList","@id":"https:\/\/888starz.tips\/lt\/bonus\/express\/#breadcrumb","itemListElement":[{"@type":"ListItem","position":1,"name":"Home","item":"https:\/\/888starz.tips\/lt\/"},{"@type":"ListItem","position":2,"name":"Premija","item":"https:\/\/888starz.tips\/lt\/bonus\/"},{"@type":"ListItem","position":3,"name":"Express"}]},{"@type":"WebSite","@id":"https:\/\/888starz.tips\/lt\/#website","url":"https:\/\/888starz.tips\/lt\/","name":"888starz Tips lt","description":"My WordPress Blog","potentialAction":[{"@type":"SearchAction","target":{"@type":"EntryPoint","urlTemplate":"https:\/\/888starz.tips\/lt\/?s={search_term_string}"},"query-input":{"@type":"PropertyValueSpecification","valueRequired":true,"valueName":"search_term_string"}}],"inLanguage":"lt-LT"}]}},"_links":{"self":[{"href":"https:\/\/888starz.tips\/lt\/wp-json\/wp\/v2\/pages\/530","targetHints":{"allow":["GET"]}}],"collection":[{"href":"https:\/\/888starz.tips\/lt\/wp-json\/wp\/v2\/pages"}],"about":[{"href":"https:\/\/888starz.tips\/lt\/wp-json\/wp\/v2\/types\/page"}],"author":[{"embeddable":true,"href":"https:\/\/888starz.tips\/lt\/wp-json\/wp\/v2\/users\/1"}],"replies":[{"embeddable":true,"href":"https:\/\/888starz.tips\/lt\/wp-json\/wp\/v2\/comments?post=530"}],"version-history":[{"count":5,"href":"https:\/\/888starz.tips\/lt\/wp-json\/wp\/v2\/pages\/530\/revisions"}],"predecessor-version":[{"id":576,"href":"https:\/\/888starz.tips\/lt\/wp-json\/wp\/v2\/pages\/530\/revisions\/576"}],"up":[{"embeddable":true,"href":"https:\/\/888starz.tips\/lt\/wp-json\/wp\/v2\/pages\/152"}],"wp:attachment":[{"href":"https:\/\/888starz.tips\/lt\/wp-json\/wp\/v2\/media?parent=530"}],"curies":[{"name":"wp","href":"https:\/\/api.w.org\/{rel}","templated":true}]}}