{"id":535,"date":"2025-06-18T07:09:49","date_gmt":"2025-06-18T07:09:49","guid":{"rendered":"https:\/\/888starz.tips\/lt\/?page_id=535"},"modified":"2025-06-19T06:45:44","modified_gmt":"2025-06-19T06:45:44","slug":"aviator","status":"publish","type":"page","link":"https:\/\/888starz.tips\/lt\/bonus\/aviator\/","title":{"rendered":"Aviatorius"},"content":{"rendered":"","protected":false},"excerpt":{"rendered":"","protected":false},"author":1,"featured_media":0,"parent":152,"menu_order":0,"comment_status":"closed","ping_status":"closed","template":"","meta":{"footnotes":""},"class_list":["post-535","page","type-page","status-publish","hentry"],"yoast_head":"<!-- This site is optimized with the Yoast SEO plugin v27.4 - https:\/\/yoast.com\/product\/yoast-seo-wordpress\/ -->\n<title>Speciali 888Starz premija | \u017daisti Aviator ir gauti nemokam\u0105 paleid\u017eia!<\/title>\n<meta name=\"description\" content=\"Ar esate pasireng\u0119 kelti kartel\u0119? J\u016bs\u0173 laukia speciali 888Starz premija u\u017e \u017eaidim\u0105 Aviator! Padarykite ind\u0117l\u012f pirmadieniais ir gaukite iki 50 nemokam\u0173 sukim\u0173! Nepraleiskite progos laim\u0117ti \u017eaisdami be rizikos.\" \/>\n<meta name=\"robots\" content=\"index, follow, max-snippet:-1, max-image-preview:large, max-video-preview:-1\" \/>\n<meta property=\"og:locale\" content=\"lt_LT\" \/>\n<meta property=\"og:type\" content=\"article\" \/>\n<meta property=\"og:title\" content=\"Speciali 888Starz premija | \u017daisti Aviator ir gauti nemokam\u0105 paleid\u017eia!\" \/>\n<meta property=\"og:description\" content=\"Ar esate pasireng\u0119 kelti kartel\u0119? J\u016bs\u0173 laukia speciali 888Starz premija u\u017e \u017eaidim\u0105 Aviator! Padarykite ind\u0117l\u012f pirmadieniais ir gaukite iki 50 nemokam\u0173 sukim\u0173! Nepraleiskite progos laim\u0117ti \u017eaisdami be rizikos.\" \/>\n<meta property=\"og:url\" content=\"https:\/\/888starz.tips\/lt\/bonus\/aviator\/\" \/>\n<meta property=\"og:site_name\" content=\"888starz Tips lt\" \/>\n<meta property=\"article:modified_time\" content=\"2025-06-19T06:45:44+00:00\" \/>\n<meta name=\"twitter:card\" content=\"summary_large_image\" \/>\n<script type=\"application\/ld+json\" class=\"yoast-schema-graph\">{\"@context\":\"https:\\\/\\\/schema.org\",\"@graph\":[{\"@type\":\"WebPage\",\"@id\":\"https:\\\/\\\/888starz.tips\\\/lt\\\/bonus\\\/aviator\\\/\",\"url\":\"https:\\\/\\\/888starz.tips\\\/lt\\\/bonus\\\/aviator\\\/\",\"name\":\"Speciali 888Starz premija | \u017daisti Aviator ir gauti nemokam\u0105 paleid\u017eia!\",\"isPartOf\":{\"@id\":\"https:\\\/\\\/888starz.tips\\\/lt\\\/#website\"},\"datePublished\":\"2025-06-18T07:09:49+00:00\",\"dateModified\":\"2025-06-19T06:45:44+00:00\",\"description\":\"Ar esate pasireng\u0119 kelti kartel\u0119? J\u016bs\u0173 laukia speciali 888Starz premija u\u017e \u017eaidim\u0105 Aviator! Padarykite ind\u0117l\u012f pirmadieniais ir gaukite iki 50 nemokam\u0173 sukim\u0173! Nepraleiskite progos laim\u0117ti \u017eaisdami be rizikos.\",\"breadcrumb\":{\"@id\":\"https:\\\/\\\/888starz.tips\\\/lt\\\/bonus\\\/aviator\\\/#breadcrumb\"},\"inLanguage\":\"lt-LT\",\"potentialAction\":[{\"@type\":\"ReadAction\",\"target\":[\"https:\\\/\\\/888starz.tips\\\/lt\\\/bonus\\\/aviator\\\/\"]}]},{\"@type\":\"BreadcrumbList\",\"@id\":\"https:\\\/\\\/888starz.tips\\\/lt\\\/bonus\\\/aviator\\\/#breadcrumb\",\"itemListElement\":[{\"@type\":\"ListItem\",\"position\":1,\"name\":\"Home\",\"item\":\"https:\\\/\\\/888starz.tips\\\/lt\\\/\"},{\"@type\":\"ListItem\",\"position\":2,\"name\":\"Premija\",\"item\":\"https:\\\/\\\/888starz.tips\\\/lt\\\/bonus\\\/\"},{\"@type\":\"ListItem\",\"position\":3,\"name\":\"Aviatorius\"}]},{\"@type\":\"WebSite\",\"@id\":\"https:\\\/\\\/888starz.tips\\\/lt\\\/#website\",\"url\":\"https:\\\/\\\/888starz.tips\\\/lt\\\/\",\"name\":\"888starz Tips lt\",\"description\":\"My WordPress Blog\",\"potentialAction\":[{\"@type\":\"SearchAction\",\"target\":{\"@type\":\"EntryPoint\",\"urlTemplate\":\"https:\\\/\\\/888starz.tips\\\/lt\\\/?s={search_term_string}\"},\"query-input\":{\"@type\":\"PropertyValueSpecification\",\"valueRequired\":true,\"valueName\":\"search_term_string\"}}],\"inLanguage\":\"lt-LT\"}]}<\/script>\n<!-- \/ Yoast SEO plugin. -->","yoast_head_json":{"title":"Speciali 888Starz premija | \u017daisti Aviator ir gauti nemokam\u0105 paleid\u017eia!","description":"Ar esate pasireng\u0119 kelti kartel\u0119? J\u016bs\u0173 laukia speciali 888Starz premija u\u017e \u017eaidim\u0105 Aviator! Padarykite ind\u0117l\u012f pirmadieniais ir gaukite iki 50 nemokam\u0173 sukim\u0173! Nepraleiskite progos laim\u0117ti \u017eaisdami be rizikos.","robots":{"index":"index","follow":"follow","max-snippet":"max-snippet:-1","max-image-preview":"max-image-preview:large","max-video-preview":"max-video-preview:-1"},"og_locale":"lt_LT","og_type":"article","og_title":"Speciali 888Starz premija | \u017daisti Aviator ir gauti nemokam\u0105 paleid\u017eia!","og_description":"Ar esate pasireng\u0119 kelti kartel\u0119? J\u016bs\u0173 laukia speciali 888Starz premija u\u017e \u017eaidim\u0105 Aviator! Padarykite ind\u0117l\u012f pirmadieniais ir gaukite iki 50 nemokam\u0173 sukim\u0173! Nepraleiskite progos laim\u0117ti \u017eaisdami be rizikos.","og_url":"https:\/\/888starz.tips\/lt\/bonus\/aviator\/","og_site_name":"888starz Tips lt","article_modified_time":"2025-06-19T06:45:44+00:00","twitter_card":"summary_large_image","schema":{"@context":"https:\/\/schema.org","@graph":[{"@type":"WebPage","@id":"https:\/\/888starz.tips\/lt\/bonus\/aviator\/","url":"https:\/\/888starz.tips\/lt\/bonus\/aviator\/","name":"Speciali 888Starz premija | \u017daisti Aviator ir gauti nemokam\u0105 paleid\u017eia!","isPartOf":{"@id":"https:\/\/888starz.tips\/lt\/#website"},"datePublished":"2025-06-18T07:09:49+00:00","dateModified":"2025-06-19T06:45:44+00:00","description":"Ar esate pasireng\u0119 kelti kartel\u0119? J\u016bs\u0173 laukia speciali 888Starz premija u\u017e \u017eaidim\u0105 Aviator! Padarykite ind\u0117l\u012f pirmadieniais ir gaukite iki 50 nemokam\u0173 sukim\u0173! Nepraleiskite progos laim\u0117ti \u017eaisdami be rizikos.","breadcrumb":{"@id":"https:\/\/888starz.tips\/lt\/bonus\/aviator\/#breadcrumb"},"inLanguage":"lt-LT","potentialAction":[{"@type":"ReadAction","target":["https:\/\/888starz.tips\/lt\/bonus\/aviator\/"]}]},{"@type":"BreadcrumbList","@id":"https:\/\/888starz.tips\/lt\/bonus\/aviator\/#breadcrumb","itemListElement":[{"@type":"ListItem","position":1,"name":"Home","item":"https:\/\/888starz.tips\/lt\/"},{"@type":"ListItem","position":2,"name":"Premija","item":"https:\/\/888starz.tips\/lt\/bonus\/"},{"@type":"ListItem","position":3,"name":"Aviatorius"}]},{"@type":"WebSite","@id":"https:\/\/888starz.tips\/lt\/#website","url":"https:\/\/888starz.tips\/lt\/","name":"888starz Tips lt","description":"My WordPress Blog","potentialAction":[{"@type":"SearchAction","target":{"@type":"EntryPoint","urlTemplate":"https:\/\/888starz.tips\/lt\/?s={search_term_string}"},"query-input":{"@type":"PropertyValueSpecification","valueRequired":true,"valueName":"search_term_string"}}],"inLanguage":"lt-LT"}]}},"_links":{"self":[{"href":"https:\/\/888starz.tips\/lt\/wp-json\/wp\/v2\/pages\/535","targetHints":{"allow":["GET"]}}],"collection":[{"href":"https:\/\/888starz.tips\/lt\/wp-json\/wp\/v2\/pages"}],"about":[{"href":"https:\/\/888starz.tips\/lt\/wp-json\/wp\/v2\/types\/page"}],"author":[{"embeddable":true,"href":"https:\/\/888starz.tips\/lt\/wp-json\/wp\/v2\/users\/1"}],"replies":[{"embeddable":true,"href":"https:\/\/888starz.tips\/lt\/wp-json\/wp\/v2\/comments?post=535"}],"version-history":[{"count":4,"href":"https:\/\/888starz.tips\/lt\/wp-json\/wp\/v2\/pages\/535\/revisions"}],"predecessor-version":[{"id":575,"href":"https:\/\/888starz.tips\/lt\/wp-json\/wp\/v2\/pages\/535\/revisions\/575"}],"up":[{"embeddable":true,"href":"https:\/\/888starz.tips\/lt\/wp-json\/wp\/v2\/pages\/152"}],"wp:attachment":[{"href":"https:\/\/888starz.tips\/lt\/wp-json\/wp\/v2\/media?parent=535"}],"curies":[{"name":"wp","href":"https:\/\/api.w.org\/{rel}","templated":true}]}}