{"id":290,"date":"2024-09-05T06:01:53","date_gmt":"2024-09-05T06:01:53","guid":{"rendered":"https:\/\/888starz.tips\/luxembourg\/?page_id=290"},"modified":"2025-10-25T15:10:22","modified_gmt":"2025-10-25T15:10:22","slug":"login","status":"publish","type":"page","link":"https:\/\/888starz.tips\/luxembourg\/login\/","title":{"rendered":"Login"},"content":{"rendered":"","protected":false},"excerpt":{"rendered":"","protected":false},"author":1,"featured_media":0,"parent":0,"menu_order":0,"comment_status":"closed","ping_status":"closed","template":"","meta":{"footnotes":""},"class_list":["post-290","page","type-page","status-publish","hentry"],"yoast_head":"<!-- This site is optimized with the Yoast SEO plugin v27.4 - https:\/\/yoast.com\/product\/yoast-seo-wordpress\/ -->\n<title>888Starz Login \u1409 Mellt Iech op \u00c4rem 888Starz Kont un<\/title>\n<meta name=\"description\" content=\"W\u00e9i een sech an engem 888Starz Kont umellt \u2713 Gitt op d&#039;888starz Webs\u00e4it oder App a gitt \u00c4r Login-Detailer an d\u00e9i n\u00e9ideg Felder an \u2713 Klickt op de 888Starz Login Kn\u00e4ppchen a f\u00e4nkt un ze wetten\" \/>\n<meta name=\"robots\" content=\"index, follow, max-snippet:-1, max-image-preview:large, max-video-preview:-1\" \/>\n<meta property=\"og:locale\" content=\"en_US\" \/>\n<meta property=\"og:type\" content=\"article\" \/>\n<meta property=\"og:title\" content=\"888Starz Login \u1409 Mellt Iech op \u00c4rem 888Starz Kont un\" \/>\n<meta property=\"og:description\" content=\"W\u00e9i een sech an engem 888Starz Kont umellt \u2713 Gitt op d&#039;888starz Webs\u00e4it oder App a gitt \u00c4r Login-Detailer an d\u00e9i n\u00e9ideg Felder an \u2713 Klickt op de 888Starz Login Kn\u00e4ppchen a f\u00e4nkt un ze wetten\" \/>\n<meta property=\"og:url\" content=\"https:\/\/888starz.tips\/luxembourg\/login\/\" \/>\n<meta property=\"og:site_name\" content=\"888Starz Tips lu\" \/>\n<meta property=\"article:modified_time\" content=\"2025-10-25T15:10:22+00:00\" \/>\n<meta name=\"twitter:card\" content=\"summary_large_image\" \/>\n<script type=\"application\/ld+json\" class=\"yoast-schema-graph\">{\"@context\":\"https:\\\/\\\/schema.org\",\"@graph\":[{\"@type\":\"WebPage\",\"@id\":\"https:\\\/\\\/888starz.tips\\\/luxembourg\\\/login\\\/\",\"url\":\"https:\\\/\\\/888starz.tips\\\/luxembourg\\\/login\\\/\",\"name\":\"888Starz Login \u1409 Mellt Iech op \u00c4rem 888Starz Kont un\",\"isPartOf\":{\"@id\":\"https:\\\/\\\/888starz.tips\\\/luxembourg\\\/#website\"},\"datePublished\":\"2024-09-05T06:01:53+00:00\",\"dateModified\":\"2025-10-25T15:10:22+00:00\",\"description\":\"W\u00e9i een sech an engem 888Starz Kont umellt \u2713 Gitt op d'888starz Webs\u00e4it oder App a gitt \u00c4r Login-Detailer an d\u00e9i n\u00e9ideg Felder an \u2713 Klickt op de 888Starz Login Kn\u00e4ppchen a f\u00e4nkt un ze wetten\",\"breadcrumb\":{\"@id\":\"https:\\\/\\\/888starz.tips\\\/luxembourg\\\/login\\\/#breadcrumb\"},\"inLanguage\":\"lb-LU\",\"potentialAction\":[{\"@type\":\"ReadAction\",\"target\":[\"https:\\\/\\\/888starz.tips\\\/luxembourg\\\/login\\\/\"]}]},{\"@type\":\"BreadcrumbList\",\"@id\":\"https:\\\/\\\/888starz.tips\\\/luxembourg\\\/login\\\/#breadcrumb\",\"itemListElement\":[{\"@type\":\"ListItem\",\"position\":1,\"name\":\"Home\",\"item\":\"https:\\\/\\\/888starz.tips\\\/luxembourg\\\/\"},{\"@type\":\"ListItem\",\"position\":2,\"name\":\"Login\"}]},{\"@type\":\"WebSite\",\"@id\":\"https:\\\/\\\/888starz.tips\\\/luxembourg\\\/#website\",\"url\":\"https:\\\/\\\/888starz.tips\\\/luxembourg\\\/\",\"name\":\"888Starz Tips lu\",\"description\":\"My WordPress Blog\",\"potentialAction\":[{\"@type\":\"SearchAction\",\"target\":{\"@type\":\"EntryPoint\",\"urlTemplate\":\"https:\\\/\\\/888starz.tips\\\/luxembourg\\\/?s={search_term_string}\"},\"query-input\":{\"@type\":\"PropertyValueSpecification\",\"valueRequired\":true,\"valueName\":\"search_term_string\"}}],\"inLanguage\":\"lb-LU\"}]}<\/script>\n<!-- \/ Yoast SEO plugin. -->","yoast_head_json":{"title":"888Starz Login \u1409 Mellt Iech op \u00c4rem 888Starz Kont un","description":"W\u00e9i een sech an engem 888Starz Kont umellt \u2713 Gitt op d'888starz Webs\u00e4it oder App a gitt \u00c4r Login-Detailer an d\u00e9i n\u00e9ideg Felder an \u2713 Klickt op de 888Starz Login Kn\u00e4ppchen a f\u00e4nkt un ze wetten","robots":{"index":"index","follow":"follow","max-snippet":"max-snippet:-1","max-image-preview":"max-image-preview:large","max-video-preview":"max-video-preview:-1"},"og_locale":"en_US","og_type":"article","og_title":"888Starz Login \u1409 Mellt Iech op \u00c4rem 888Starz Kont un","og_description":"W\u00e9i een sech an engem 888Starz Kont umellt \u2713 Gitt op d'888starz Webs\u00e4it oder App a gitt \u00c4r Login-Detailer an d\u00e9i n\u00e9ideg Felder an \u2713 Klickt op de 888Starz Login Kn\u00e4ppchen a f\u00e4nkt un ze wetten","og_url":"https:\/\/888starz.tips\/luxembourg\/login\/","og_site_name":"888Starz Tips lu","article_modified_time":"2025-10-25T15:10:22+00:00","twitter_card":"summary_large_image","schema":{"@context":"https:\/\/schema.org","@graph":[{"@type":"WebPage","@id":"https:\/\/888starz.tips\/luxembourg\/login\/","url":"https:\/\/888starz.tips\/luxembourg\/login\/","name":"888Starz Login \u1409 Mellt Iech op \u00c4rem 888Starz Kont un","isPartOf":{"@id":"https:\/\/888starz.tips\/luxembourg\/#website"},"datePublished":"2024-09-05T06:01:53+00:00","dateModified":"2025-10-25T15:10:22+00:00","description":"W\u00e9i een sech an engem 888Starz Kont umellt \u2713 Gitt op d'888starz Webs\u00e4it oder App a gitt \u00c4r Login-Detailer an d\u00e9i n\u00e9ideg Felder an \u2713 Klickt op de 888Starz Login Kn\u00e4ppchen a f\u00e4nkt un ze wetten","breadcrumb":{"@id":"https:\/\/888starz.tips\/luxembourg\/login\/#breadcrumb"},"inLanguage":"lb-LU","potentialAction":[{"@type":"ReadAction","target":["https:\/\/888starz.tips\/luxembourg\/login\/"]}]},{"@type":"BreadcrumbList","@id":"https:\/\/888starz.tips\/luxembourg\/login\/#breadcrumb","itemListElement":[{"@type":"ListItem","position":1,"name":"Home","item":"https:\/\/888starz.tips\/luxembourg\/"},{"@type":"ListItem","position":2,"name":"Login"}]},{"@type":"WebSite","@id":"https:\/\/888starz.tips\/luxembourg\/#website","url":"https:\/\/888starz.tips\/luxembourg\/","name":"888Starz Tips lu","description":"My WordPress Blog","potentialAction":[{"@type":"SearchAction","target":{"@type":"EntryPoint","urlTemplate":"https:\/\/888starz.tips\/luxembourg\/?s={search_term_string}"},"query-input":{"@type":"PropertyValueSpecification","valueRequired":true,"valueName":"search_term_string"}}],"inLanguage":"lb-LU"}]}},"_links":{"self":[{"href":"https:\/\/888starz.tips\/luxembourg\/wp-json\/wp\/v2\/pages\/290","targetHints":{"allow":["GET"]}}],"collection":[{"href":"https:\/\/888starz.tips\/luxembourg\/wp-json\/wp\/v2\/pages"}],"about":[{"href":"https:\/\/888starz.tips\/luxembourg\/wp-json\/wp\/v2\/types\/page"}],"author":[{"embeddable":true,"href":"https:\/\/888starz.tips\/luxembourg\/wp-json\/wp\/v2\/users\/1"}],"replies":[{"embeddable":true,"href":"https:\/\/888starz.tips\/luxembourg\/wp-json\/wp\/v2\/comments?post=290"}],"version-history":[{"count":25,"href":"https:\/\/888starz.tips\/luxembourg\/wp-json\/wp\/v2\/pages\/290\/revisions"}],"predecessor-version":[{"id":647,"href":"https:\/\/888starz.tips\/luxembourg\/wp-json\/wp\/v2\/pages\/290\/revisions\/647"}],"wp:attachment":[{"href":"https:\/\/888starz.tips\/luxembourg\/wp-json\/wp\/v2\/media?parent=290"}],"curies":[{"name":"wp","href":"https:\/\/api.w.org\/{rel}","templated":true}]}}