{"id":223,"date":"2024-05-02T13:35:53","date_gmt":"2024-05-02T13:35:53","guid":{"rendered":"https:\/\/888starz.tips\/lv\/?page_id=223"},"modified":"2025-06-17T06:14:04","modified_gmt":"2025-06-17T06:14:04","slug":"app","status":"publish","type":"page","link":"https:\/\/888starz.tips\/lv\/app\/","title":{"rendered":"Lietotne"},"content":{"rendered":"","protected":false},"excerpt":{"rendered":"","protected":false},"author":1,"featured_media":0,"parent":0,"menu_order":0,"comment_status":"closed","ping_status":"closed","template":"","meta":{"footnotes":""},"class_list":["post-223","page","type-page","status-publish","hentry"],"yoast_head":"<!-- This site is optimized with the Yoast SEO plugin v27.4 - https:\/\/yoast.com\/product\/yoast-seo-wordpress\/ -->\n<title>888Starz Lietotne Lejupiel\u0101d\u0113t \u2728 Mobil\u0101s der\u012bbas<\/title>\n<meta name=\"description\" content=\"K\u0101 instal\u0113t 888Starz lietotni Android un iOS oper\u0113t\u0101jsist\u0113m\u0101m \ud83d\uddf8 888Starz lietotne ir ofici\u0101l\u0101 sporta der\u012bbu un tie\u0161saistes kazino mobil\u0101 lietotne, ko var lejupiel\u0101d\u0113t bez maksas no m\u016bsu vietnes.\" \/>\n<meta name=\"robots\" content=\"index, follow, max-snippet:-1, max-image-preview:large, max-video-preview:-1\" \/>\n<meta property=\"og:locale\" content=\"lv_LV\" \/>\n<meta property=\"og:type\" content=\"article\" \/>\n<meta property=\"og:title\" content=\"888Starz Lietotne Lejupiel\u0101d\u0113t \u2728 Mobil\u0101s der\u012bbas\" \/>\n<meta property=\"og:description\" content=\"K\u0101 instal\u0113t 888Starz lietotni Android un iOS oper\u0113t\u0101jsist\u0113m\u0101m \ud83d\uddf8 888Starz lietotne ir ofici\u0101l\u0101 sporta der\u012bbu un tie\u0161saistes kazino mobil\u0101 lietotne, ko var lejupiel\u0101d\u0113t bez maksas no m\u016bsu vietnes.\" \/>\n<meta property=\"og:url\" content=\"https:\/\/888starz.tips\/lv\/app\/\" \/>\n<meta property=\"og:site_name\" content=\"888Starz Tips lv\" \/>\n<meta property=\"article:modified_time\" content=\"2025-06-17T06:14:04+00:00\" \/>\n<meta name=\"twitter:card\" content=\"summary_large_image\" \/>\n<script type=\"application\/ld+json\" class=\"yoast-schema-graph\">{\"@context\":\"https:\\\/\\\/schema.org\",\"@graph\":[{\"@type\":\"WebPage\",\"@id\":\"https:\\\/\\\/888starz.tips\\\/lv\\\/app\\\/\",\"url\":\"https:\\\/\\\/888starz.tips\\\/lv\\\/app\\\/\",\"name\":\"888Starz Lietotne Lejupiel\u0101d\u0113t \u2728 Mobil\u0101s der\u012bbas\",\"isPartOf\":{\"@id\":\"https:\\\/\\\/888starz.tips\\\/lv\\\/#website\"},\"datePublished\":\"2024-05-02T13:35:53+00:00\",\"dateModified\":\"2025-06-17T06:14:04+00:00\",\"description\":\"K\u0101 instal\u0113t 888Starz lietotni Android un iOS oper\u0113t\u0101jsist\u0113m\u0101m \ud83d\uddf8 888Starz lietotne ir ofici\u0101l\u0101 sporta der\u012bbu un tie\u0161saistes kazino mobil\u0101 lietotne, ko var lejupiel\u0101d\u0113t bez maksas no m\u016bsu vietnes.\",\"breadcrumb\":{\"@id\":\"https:\\\/\\\/888starz.tips\\\/lv\\\/app\\\/#breadcrumb\"},\"inLanguage\":\"lv-LV\",\"potentialAction\":[{\"@type\":\"ReadAction\",\"target\":[\"https:\\\/\\\/888starz.tips\\\/lv\\\/app\\\/\"]}]},{\"@type\":\"BreadcrumbList\",\"@id\":\"https:\\\/\\\/888starz.tips\\\/lv\\\/app\\\/#breadcrumb\",\"itemListElement\":[{\"@type\":\"ListItem\",\"position\":1,\"name\":\"Home\",\"item\":\"https:\\\/\\\/888starz.tips\\\/lv\\\/\"},{\"@type\":\"ListItem\",\"position\":2,\"name\":\"Lietotne\"}]},{\"@type\":\"WebSite\",\"@id\":\"https:\\\/\\\/888starz.tips\\\/lv\\\/#website\",\"url\":\"https:\\\/\\\/888starz.tips\\\/lv\\\/\",\"name\":\"888Starz Tips lv\",\"description\":\"My WordPress Blog\",\"potentialAction\":[{\"@type\":\"SearchAction\",\"target\":{\"@type\":\"EntryPoint\",\"urlTemplate\":\"https:\\\/\\\/888starz.tips\\\/lv\\\/?s={search_term_string}\"},\"query-input\":{\"@type\":\"PropertyValueSpecification\",\"valueRequired\":true,\"valueName\":\"search_term_string\"}}],\"inLanguage\":\"lv-LV\"}]}<\/script>\n<!-- \/ Yoast SEO plugin. -->","yoast_head_json":{"title":"888Starz Lietotne Lejupiel\u0101d\u0113t \u2728 Mobil\u0101s der\u012bbas","description":"K\u0101 instal\u0113t 888Starz lietotni Android un iOS oper\u0113t\u0101jsist\u0113m\u0101m \ud83d\uddf8 888Starz lietotne ir ofici\u0101l\u0101 sporta der\u012bbu un tie\u0161saistes kazino mobil\u0101 lietotne, ko var lejupiel\u0101d\u0113t bez maksas no m\u016bsu vietnes.","robots":{"index":"index","follow":"follow","max-snippet":"max-snippet:-1","max-image-preview":"max-image-preview:large","max-video-preview":"max-video-preview:-1"},"og_locale":"lv_LV","og_type":"article","og_title":"888Starz Lietotne Lejupiel\u0101d\u0113t \u2728 Mobil\u0101s der\u012bbas","og_description":"K\u0101 instal\u0113t 888Starz lietotni Android un iOS oper\u0113t\u0101jsist\u0113m\u0101m \ud83d\uddf8 888Starz lietotne ir ofici\u0101l\u0101 sporta der\u012bbu un tie\u0161saistes kazino mobil\u0101 lietotne, ko var lejupiel\u0101d\u0113t bez maksas no m\u016bsu vietnes.","og_url":"https:\/\/888starz.tips\/lv\/app\/","og_site_name":"888Starz Tips lv","article_modified_time":"2025-06-17T06:14:04+00:00","twitter_card":"summary_large_image","schema":{"@context":"https:\/\/schema.org","@graph":[{"@type":"WebPage","@id":"https:\/\/888starz.tips\/lv\/app\/","url":"https:\/\/888starz.tips\/lv\/app\/","name":"888Starz Lietotne Lejupiel\u0101d\u0113t \u2728 Mobil\u0101s der\u012bbas","isPartOf":{"@id":"https:\/\/888starz.tips\/lv\/#website"},"datePublished":"2024-05-02T13:35:53+00:00","dateModified":"2025-06-17T06:14:04+00:00","description":"K\u0101 instal\u0113t 888Starz lietotni Android un iOS oper\u0113t\u0101jsist\u0113m\u0101m \ud83d\uddf8 888Starz lietotne ir ofici\u0101l\u0101 sporta der\u012bbu un tie\u0161saistes kazino mobil\u0101 lietotne, ko var lejupiel\u0101d\u0113t bez maksas no m\u016bsu vietnes.","breadcrumb":{"@id":"https:\/\/888starz.tips\/lv\/app\/#breadcrumb"},"inLanguage":"lv-LV","potentialAction":[{"@type":"ReadAction","target":["https:\/\/888starz.tips\/lv\/app\/"]}]},{"@type":"BreadcrumbList","@id":"https:\/\/888starz.tips\/lv\/app\/#breadcrumb","itemListElement":[{"@type":"ListItem","position":1,"name":"Home","item":"https:\/\/888starz.tips\/lv\/"},{"@type":"ListItem","position":2,"name":"Lietotne"}]},{"@type":"WebSite","@id":"https:\/\/888starz.tips\/lv\/#website","url":"https:\/\/888starz.tips\/lv\/","name":"888Starz Tips lv","description":"My WordPress Blog","potentialAction":[{"@type":"SearchAction","target":{"@type":"EntryPoint","urlTemplate":"https:\/\/888starz.tips\/lv\/?s={search_term_string}"},"query-input":{"@type":"PropertyValueSpecification","valueRequired":true,"valueName":"search_term_string"}}],"inLanguage":"lv-LV"}]}},"_links":{"self":[{"href":"https:\/\/888starz.tips\/lv\/wp-json\/wp\/v2\/pages\/223","targetHints":{"allow":["GET"]}}],"collection":[{"href":"https:\/\/888starz.tips\/lv\/wp-json\/wp\/v2\/pages"}],"about":[{"href":"https:\/\/888starz.tips\/lv\/wp-json\/wp\/v2\/types\/page"}],"author":[{"embeddable":true,"href":"https:\/\/888starz.tips\/lv\/wp-json\/wp\/v2\/users\/1"}],"replies":[{"embeddable":true,"href":"https:\/\/888starz.tips\/lv\/wp-json\/wp\/v2\/comments?post=223"}],"version-history":[{"count":35,"href":"https:\/\/888starz.tips\/lv\/wp-json\/wp\/v2\/pages\/223\/revisions"}],"predecessor-version":[{"id":521,"href":"https:\/\/888starz.tips\/lv\/wp-json\/wp\/v2\/pages\/223\/revisions\/521"}],"wp:attachment":[{"href":"https:\/\/888starz.tips\/lv\/wp-json\/wp\/v2\/media?parent=223"}],"curies":[{"name":"wp","href":"https:\/\/api.w.org\/{rel}","templated":true}]}}