{"id":425,"date":"2025-01-27T08:09:38","date_gmt":"2025-01-27T08:09:38","guid":{"rendered":"https:\/\/888starz.tips\/lv\/?page_id=425"},"modified":"2025-06-29T14:39:29","modified_gmt":"2025-06-29T14:39:29","slug":"casino","status":"publish","type":"page","link":"https:\/\/888starz.tips\/lv\/casino\/","title":{"rendered":"Kazino"},"content":{"rendered":"","protected":false},"excerpt":{"rendered":"","protected":false},"author":1,"featured_media":0,"parent":0,"menu_order":0,"comment_status":"closed","ping_status":"closed","template":"","meta":{"footnotes":""},"class_list":["post-425","page","type-page","status-publish","hentry"],"yoast_head":"<!-- This site is optimized with the Yoast SEO plugin v27.4 - https:\/\/yoast.com\/product\/yoast-seo-wordpress\/ -->\n<title>888Starz Kazino\u2b50 Pieprasiet savu bonusu tagad<\/title>\n<meta name=\"description\" content=\"Iegremd\u0113jiet sevi azartsp\u0113\u013cu pasaul\u0113 ar 888Starz Kazino! Aktiviz\u0113jiet savu bonusu tagad un sa\u0146emiet l\u012bdz pat 500 \u20ac + bezmaksas griezienus. J\u016bs gaida t\u016bksto\u0161iem lab\u0101ko sp\u0113\u013cu autom\u0101tu un dz\u012bv\u0101s sp\u0113les.\" \/>\n<meta name=\"robots\" content=\"index, follow, max-snippet:-1, max-image-preview:large, max-video-preview:-1\" \/>\n<meta property=\"og:locale\" content=\"lv_LV\" \/>\n<meta property=\"og:type\" content=\"article\" \/>\n<meta property=\"og:title\" content=\"888Starz Kazino\u2b50 Pieprasiet savu bonusu tagad\" \/>\n<meta property=\"og:description\" content=\"Iegremd\u0113jiet sevi azartsp\u0113\u013cu pasaul\u0113 ar 888Starz Kazino! Aktiviz\u0113jiet savu bonusu tagad un sa\u0146emiet l\u012bdz pat 500 \u20ac + bezmaksas griezienus. J\u016bs gaida t\u016bksto\u0161iem lab\u0101ko sp\u0113\u013cu autom\u0101tu un dz\u012bv\u0101s sp\u0113les.\" \/>\n<meta property=\"og:url\" content=\"https:\/\/888starz.tips\/lv\/casino\/\" \/>\n<meta property=\"og:site_name\" content=\"888Starz Tips lv\" \/>\n<meta property=\"article:modified_time\" content=\"2025-06-29T14:39:29+00:00\" \/>\n<meta name=\"twitter:card\" content=\"summary_large_image\" \/>\n<script type=\"application\/ld+json\" class=\"yoast-schema-graph\">{\"@context\":\"https:\\\/\\\/schema.org\",\"@graph\":[{\"@type\":\"WebPage\",\"@id\":\"https:\\\/\\\/888starz.tips\\\/lv\\\/casino\\\/\",\"url\":\"https:\\\/\\\/888starz.tips\\\/lv\\\/casino\\\/\",\"name\":\"888Starz Kazino\u2b50 Pieprasiet savu bonusu tagad\",\"isPartOf\":{\"@id\":\"https:\\\/\\\/888starz.tips\\\/lv\\\/#website\"},\"datePublished\":\"2025-01-27T08:09:38+00:00\",\"dateModified\":\"2025-06-29T14:39:29+00:00\",\"description\":\"Iegremd\u0113jiet sevi azartsp\u0113\u013cu pasaul\u0113 ar 888Starz Kazino! Aktiviz\u0113jiet savu bonusu tagad un sa\u0146emiet l\u012bdz pat 500 \u20ac + bezmaksas griezienus. J\u016bs gaida t\u016bksto\u0161iem lab\u0101ko sp\u0113\u013cu autom\u0101tu un dz\u012bv\u0101s sp\u0113les.\",\"breadcrumb\":{\"@id\":\"https:\\\/\\\/888starz.tips\\\/lv\\\/casino\\\/#breadcrumb\"},\"inLanguage\":\"lv-LV\",\"potentialAction\":[{\"@type\":\"ReadAction\",\"target\":[\"https:\\\/\\\/888starz.tips\\\/lv\\\/casino\\\/\"]}]},{\"@type\":\"BreadcrumbList\",\"@id\":\"https:\\\/\\\/888starz.tips\\\/lv\\\/casino\\\/#breadcrumb\",\"itemListElement\":[{\"@type\":\"ListItem\",\"position\":1,\"name\":\"Home\",\"item\":\"https:\\\/\\\/888starz.tips\\\/lv\\\/\"},{\"@type\":\"ListItem\",\"position\":2,\"name\":\"Kazino\"}]},{\"@type\":\"WebSite\",\"@id\":\"https:\\\/\\\/888starz.tips\\\/lv\\\/#website\",\"url\":\"https:\\\/\\\/888starz.tips\\\/lv\\\/\",\"name\":\"888Starz Tips lv\",\"description\":\"My WordPress Blog\",\"potentialAction\":[{\"@type\":\"SearchAction\",\"target\":{\"@type\":\"EntryPoint\",\"urlTemplate\":\"https:\\\/\\\/888starz.tips\\\/lv\\\/?s={search_term_string}\"},\"query-input\":{\"@type\":\"PropertyValueSpecification\",\"valueRequired\":true,\"valueName\":\"search_term_string\"}}],\"inLanguage\":\"lv-LV\"}]}<\/script>\n<!-- \/ Yoast SEO plugin. -->","yoast_head_json":{"title":"888Starz Kazino\u2b50 Pieprasiet savu bonusu tagad","description":"Iegremd\u0113jiet sevi azartsp\u0113\u013cu pasaul\u0113 ar 888Starz Kazino! Aktiviz\u0113jiet savu bonusu tagad un sa\u0146emiet l\u012bdz pat 500 \u20ac + bezmaksas griezienus. J\u016bs gaida t\u016bksto\u0161iem lab\u0101ko sp\u0113\u013cu autom\u0101tu un dz\u012bv\u0101s sp\u0113les.","robots":{"index":"index","follow":"follow","max-snippet":"max-snippet:-1","max-image-preview":"max-image-preview:large","max-video-preview":"max-video-preview:-1"},"og_locale":"lv_LV","og_type":"article","og_title":"888Starz Kazino\u2b50 Pieprasiet savu bonusu tagad","og_description":"Iegremd\u0113jiet sevi azartsp\u0113\u013cu pasaul\u0113 ar 888Starz Kazino! Aktiviz\u0113jiet savu bonusu tagad un sa\u0146emiet l\u012bdz pat 500 \u20ac + bezmaksas griezienus. J\u016bs gaida t\u016bksto\u0161iem lab\u0101ko sp\u0113\u013cu autom\u0101tu un dz\u012bv\u0101s sp\u0113les.","og_url":"https:\/\/888starz.tips\/lv\/casino\/","og_site_name":"888Starz Tips lv","article_modified_time":"2025-06-29T14:39:29+00:00","twitter_card":"summary_large_image","schema":{"@context":"https:\/\/schema.org","@graph":[{"@type":"WebPage","@id":"https:\/\/888starz.tips\/lv\/casino\/","url":"https:\/\/888starz.tips\/lv\/casino\/","name":"888Starz Kazino\u2b50 Pieprasiet savu bonusu tagad","isPartOf":{"@id":"https:\/\/888starz.tips\/lv\/#website"},"datePublished":"2025-01-27T08:09:38+00:00","dateModified":"2025-06-29T14:39:29+00:00","description":"Iegremd\u0113jiet sevi azartsp\u0113\u013cu pasaul\u0113 ar 888Starz Kazino! Aktiviz\u0113jiet savu bonusu tagad un sa\u0146emiet l\u012bdz pat 500 \u20ac + bezmaksas griezienus. J\u016bs gaida t\u016bksto\u0161iem lab\u0101ko sp\u0113\u013cu autom\u0101tu un dz\u012bv\u0101s sp\u0113les.","breadcrumb":{"@id":"https:\/\/888starz.tips\/lv\/casino\/#breadcrumb"},"inLanguage":"lv-LV","potentialAction":[{"@type":"ReadAction","target":["https:\/\/888starz.tips\/lv\/casino\/"]}]},{"@type":"BreadcrumbList","@id":"https:\/\/888starz.tips\/lv\/casino\/#breadcrumb","itemListElement":[{"@type":"ListItem","position":1,"name":"Home","item":"https:\/\/888starz.tips\/lv\/"},{"@type":"ListItem","position":2,"name":"Kazino"}]},{"@type":"WebSite","@id":"https:\/\/888starz.tips\/lv\/#website","url":"https:\/\/888starz.tips\/lv\/","name":"888Starz Tips lv","description":"My WordPress Blog","potentialAction":[{"@type":"SearchAction","target":{"@type":"EntryPoint","urlTemplate":"https:\/\/888starz.tips\/lv\/?s={search_term_string}"},"query-input":{"@type":"PropertyValueSpecification","valueRequired":true,"valueName":"search_term_string"}}],"inLanguage":"lv-LV"}]}},"_links":{"self":[{"href":"https:\/\/888starz.tips\/lv\/wp-json\/wp\/v2\/pages\/425","targetHints":{"allow":["GET"]}}],"collection":[{"href":"https:\/\/888starz.tips\/lv\/wp-json\/wp\/v2\/pages"}],"about":[{"href":"https:\/\/888starz.tips\/lv\/wp-json\/wp\/v2\/types\/page"}],"author":[{"embeddable":true,"href":"https:\/\/888starz.tips\/lv\/wp-json\/wp\/v2\/users\/1"}],"replies":[{"embeddable":true,"href":"https:\/\/888starz.tips\/lv\/wp-json\/wp\/v2\/comments?post=425"}],"version-history":[{"count":9,"href":"https:\/\/888starz.tips\/lv\/wp-json\/wp\/v2\/pages\/425\/revisions"}],"predecessor-version":[{"id":525,"href":"https:\/\/888starz.tips\/lv\/wp-json\/wp\/v2\/pages\/425\/revisions\/525"}],"wp:attachment":[{"href":"https:\/\/888starz.tips\/lv\/wp-json\/wp\/v2\/media?parent=425"}],"curies":[{"name":"wp","href":"https:\/\/api.w.org\/{rel}","templated":true}]}}