{"id":425,"date":"2025-01-27T08:09:38","date_gmt":"2025-01-27T08:09:38","guid":{"rendered":"https:\/\/888starz.tips\/pl\/?page_id=425"},"modified":"2025-02-11T15:30:00","modified_gmt":"2025-02-11T15:30:00","slug":"casino","status":"publish","type":"page","link":"https:\/\/888starz.tips\/pl\/casino\/","title":{"rendered":"Kasyno"},"content":{"rendered":"","protected":false},"excerpt":{"rendered":"","protected":false},"author":1,"featured_media":0,"parent":0,"menu_order":0,"comment_status":"closed","ping_status":"closed","template":"","meta":{"footnotes":""},"class_list":["post-425","page","type-page","status-publish","hentry"],"yoast_head":"<!-- This site is optimized with the Yoast SEO plugin v27.4 - https:\/\/yoast.com\/product\/yoast-seo-wordpress\/ -->\n<title>888Starz Casino \u2b50 Odbierz sw\u00f3j bonus powitalny ju\u017c teraz<\/title>\n<meta name=\"description\" content=\"Zanurz si\u0119 w \u015bwiecie hazardu z 888Starz Casino! Aktywuj sw\u00f3j bonus powitalny ju\u017c teraz i zgarnij do 500 $ + darmowe spiny. Czekaj\u0105 na Ciebie tysi\u0105ce najlepszych slot\u00f3w i gier na \u017cywo.\" \/>\n<meta name=\"robots\" content=\"index, follow, max-snippet:-1, max-image-preview:large, max-video-preview:-1\" \/>\n<meta property=\"og:locale\" content=\"pl_PL\" \/>\n<meta property=\"og:type\" content=\"article\" \/>\n<meta property=\"og:title\" content=\"888Starz Casino \u2b50 Odbierz sw\u00f3j bonus powitalny ju\u017c teraz\" \/>\n<meta property=\"og:description\" content=\"Zanurz si\u0119 w \u015bwiecie hazardu z 888Starz Casino! Aktywuj sw\u00f3j bonus powitalny ju\u017c teraz i zgarnij do 500 $ + darmowe spiny. Czekaj\u0105 na Ciebie tysi\u0105ce najlepszych slot\u00f3w i gier na \u017cywo.\" \/>\n<meta property=\"og:url\" content=\"https:\/\/888starz.tips\/pl\/casino\/\" \/>\n<meta property=\"og:site_name\" content=\"888Starz Tips pl\" \/>\n<meta property=\"article:modified_time\" content=\"2025-02-11T15:30:00+00:00\" \/>\n<meta name=\"twitter:card\" content=\"summary_large_image\" \/>\n<script type=\"application\/ld+json\" class=\"yoast-schema-graph\">{\"@context\":\"https:\\\/\\\/schema.org\",\"@graph\":[{\"@type\":\"WebPage\",\"@id\":\"https:\\\/\\\/888starz.tips\\\/pl\\\/casino\\\/\",\"url\":\"https:\\\/\\\/888starz.tips\\\/pl\\\/casino\\\/\",\"name\":\"888Starz Casino \u2b50 Odbierz sw\u00f3j bonus powitalny ju\u017c teraz\",\"isPartOf\":{\"@id\":\"https:\\\/\\\/888starz.tips\\\/pl\\\/#website\"},\"datePublished\":\"2025-01-27T08:09:38+00:00\",\"dateModified\":\"2025-02-11T15:30:00+00:00\",\"description\":\"Zanurz si\u0119 w \u015bwiecie hazardu z 888Starz Casino! Aktywuj sw\u00f3j bonus powitalny ju\u017c teraz i zgarnij do 500 $ + darmowe spiny. Czekaj\u0105 na Ciebie tysi\u0105ce najlepszych slot\u00f3w i gier na \u017cywo.\",\"breadcrumb\":{\"@id\":\"https:\\\/\\\/888starz.tips\\\/pl\\\/casino\\\/#breadcrumb\"},\"inLanguage\":\"pl-PL\",\"potentialAction\":[{\"@type\":\"ReadAction\",\"target\":[\"https:\\\/\\\/888starz.tips\\\/pl\\\/casino\\\/\"]}]},{\"@type\":\"BreadcrumbList\",\"@id\":\"https:\\\/\\\/888starz.tips\\\/pl\\\/casino\\\/#breadcrumb\",\"itemListElement\":[{\"@type\":\"ListItem\",\"position\":1,\"name\":\"Home\",\"item\":\"https:\\\/\\\/888starz.tips\\\/pl\\\/\"},{\"@type\":\"ListItem\",\"position\":2,\"name\":\"Kasyno\"}]},{\"@type\":\"WebSite\",\"@id\":\"https:\\\/\\\/888starz.tips\\\/pl\\\/#website\",\"url\":\"https:\\\/\\\/888starz.tips\\\/pl\\\/\",\"name\":\"888Starz Tips pl\",\"description\":\"My WordPress Blog\",\"potentialAction\":[{\"@type\":\"SearchAction\",\"target\":{\"@type\":\"EntryPoint\",\"urlTemplate\":\"https:\\\/\\\/888starz.tips\\\/pl\\\/?s={search_term_string}\"},\"query-input\":{\"@type\":\"PropertyValueSpecification\",\"valueRequired\":true,\"valueName\":\"search_term_string\"}}],\"inLanguage\":\"pl-PL\"}]}<\/script>\n<!-- \/ Yoast SEO plugin. -->","yoast_head_json":{"title":"888Starz Casino \u2b50 Odbierz sw\u00f3j bonus powitalny ju\u017c teraz","description":"Zanurz si\u0119 w \u015bwiecie hazardu z 888Starz Casino! Aktywuj sw\u00f3j bonus powitalny ju\u017c teraz i zgarnij do 500 $ + darmowe spiny. Czekaj\u0105 na Ciebie tysi\u0105ce najlepszych slot\u00f3w i gier na \u017cywo.","robots":{"index":"index","follow":"follow","max-snippet":"max-snippet:-1","max-image-preview":"max-image-preview:large","max-video-preview":"max-video-preview:-1"},"og_locale":"pl_PL","og_type":"article","og_title":"888Starz Casino \u2b50 Odbierz sw\u00f3j bonus powitalny ju\u017c teraz","og_description":"Zanurz si\u0119 w \u015bwiecie hazardu z 888Starz Casino! Aktywuj sw\u00f3j bonus powitalny ju\u017c teraz i zgarnij do 500 $ + darmowe spiny. Czekaj\u0105 na Ciebie tysi\u0105ce najlepszych slot\u00f3w i gier na \u017cywo.","og_url":"https:\/\/888starz.tips\/pl\/casino\/","og_site_name":"888Starz Tips pl","article_modified_time":"2025-02-11T15:30:00+00:00","twitter_card":"summary_large_image","schema":{"@context":"https:\/\/schema.org","@graph":[{"@type":"WebPage","@id":"https:\/\/888starz.tips\/pl\/casino\/","url":"https:\/\/888starz.tips\/pl\/casino\/","name":"888Starz Casino \u2b50 Odbierz sw\u00f3j bonus powitalny ju\u017c teraz","isPartOf":{"@id":"https:\/\/888starz.tips\/pl\/#website"},"datePublished":"2025-01-27T08:09:38+00:00","dateModified":"2025-02-11T15:30:00+00:00","description":"Zanurz si\u0119 w \u015bwiecie hazardu z 888Starz Casino! Aktywuj sw\u00f3j bonus powitalny ju\u017c teraz i zgarnij do 500 $ + darmowe spiny. Czekaj\u0105 na Ciebie tysi\u0105ce najlepszych slot\u00f3w i gier na \u017cywo.","breadcrumb":{"@id":"https:\/\/888starz.tips\/pl\/casino\/#breadcrumb"},"inLanguage":"pl-PL","potentialAction":[{"@type":"ReadAction","target":["https:\/\/888starz.tips\/pl\/casino\/"]}]},{"@type":"BreadcrumbList","@id":"https:\/\/888starz.tips\/pl\/casino\/#breadcrumb","itemListElement":[{"@type":"ListItem","position":1,"name":"Home","item":"https:\/\/888starz.tips\/pl\/"},{"@type":"ListItem","position":2,"name":"Kasyno"}]},{"@type":"WebSite","@id":"https:\/\/888starz.tips\/pl\/#website","url":"https:\/\/888starz.tips\/pl\/","name":"888Starz Tips pl","description":"My WordPress Blog","potentialAction":[{"@type":"SearchAction","target":{"@type":"EntryPoint","urlTemplate":"https:\/\/888starz.tips\/pl\/?s={search_term_string}"},"query-input":{"@type":"PropertyValueSpecification","valueRequired":true,"valueName":"search_term_string"}}],"inLanguage":"pl-PL"}]}},"_links":{"self":[{"href":"https:\/\/888starz.tips\/pl\/wp-json\/wp\/v2\/pages\/425","targetHints":{"allow":["GET"]}}],"collection":[{"href":"https:\/\/888starz.tips\/pl\/wp-json\/wp\/v2\/pages"}],"about":[{"href":"https:\/\/888starz.tips\/pl\/wp-json\/wp\/v2\/types\/page"}],"author":[{"embeddable":true,"href":"https:\/\/888starz.tips\/pl\/wp-json\/wp\/v2\/users\/1"}],"replies":[{"embeddable":true,"href":"https:\/\/888starz.tips\/pl\/wp-json\/wp\/v2\/comments?post=425"}],"version-history":[{"count":10,"href":"https:\/\/888starz.tips\/pl\/wp-json\/wp\/v2\/pages\/425\/revisions"}],"predecessor-version":[{"id":573,"href":"https:\/\/888starz.tips\/pl\/wp-json\/wp\/v2\/pages\/425\/revisions\/573"}],"wp:attachment":[{"href":"https:\/\/888starz.tips\/pl\/wp-json\/wp\/v2\/media?parent=425"}],"curies":[{"name":"wp","href":"https:\/\/api.w.org\/{rel}","templated":true}]}}