{"id":152,"date":"2023-05-18T17:39:43","date_gmt":"2023-05-18T17:39:43","guid":{"rendered":"https:\/\/888starz.tips\/pt\/?page_id=152"},"modified":"2025-02-26T18:30:05","modified_gmt":"2025-02-26T18:30:05","slug":"bonus","status":"publish","type":"page","link":"https:\/\/888starz.tips\/pt\/bonus\/","title":{"rendered":"B\u00f3nus"},"content":{"rendered":"","protected":false},"excerpt":{"rendered":"","protected":false},"author":1,"featured_media":0,"parent":0,"menu_order":0,"comment_status":"closed","ping_status":"closed","template":"","meta":{"footnotes":""},"class_list":["post-152","page","type-page","status-publish","hentry"],"yoast_head":"<!-- This site is optimized with the Yoast SEO plugin v27.4 - https:\/\/yoast.com\/product\/yoast-seo-wordpress\/ -->\n<title>888Starz B\u00f3nus 2025: Oferta de Boas-vindas de at\u00e9 500 EUR + Rodadas Gr\u00e1tis<\/title>\n<meta name=\"description\" content=\"N\u00e3o perca a oportunidade de recorrer \u00e0 generosidade do 888Starz! Receba um b\u00f3nus de 100% no seu primeiro dep\u00f3sito e descubra as extraordin\u00e1rias promo\u00e7\u00f5es de 2025. Apostas gr\u00e1tis exclusivas e cashback todas as semanas est\u00e3o \u00e0 sua espera!\" \/>\n<meta name=\"robots\" content=\"index, follow, max-snippet:-1, max-image-preview:large, max-video-preview:-1\" \/>\n<meta property=\"og:locale\" content=\"pt_PT\" \/>\n<meta property=\"og:type\" content=\"article\" \/>\n<meta property=\"og:title\" content=\"888Starz B\u00f3nus 2025: Oferta de Boas-vindas de at\u00e9 500 EUR + Rodadas Gr\u00e1tis\" \/>\n<meta property=\"og:description\" content=\"N\u00e3o perca a oportunidade de recorrer \u00e0 generosidade do 888Starz! Receba um b\u00f3nus de 100% no seu primeiro dep\u00f3sito e descubra as extraordin\u00e1rias promo\u00e7\u00f5es de 2025. Apostas gr\u00e1tis exclusivas e cashback todas as semanas est\u00e3o \u00e0 sua espera!\" \/>\n<meta property=\"og:url\" content=\"https:\/\/888starz.tips\/pt\/bonus\/\" \/>\n<meta property=\"og:site_name\" content=\"Network Admin\" \/>\n<meta property=\"article:modified_time\" content=\"2025-02-26T18:30:05+00:00\" \/>\n<meta name=\"twitter:card\" content=\"summary_large_image\" \/>\n<script type=\"application\/ld+json\" class=\"yoast-schema-graph\">{\"@context\":\"https:\\\/\\\/schema.org\",\"@graph\":[{\"@type\":\"WebPage\",\"@id\":\"https:\\\/\\\/888starz.tips\\\/pt\\\/bonus\\\/\",\"url\":\"https:\\\/\\\/888starz.tips\\\/pt\\\/bonus\\\/\",\"name\":\"888Starz B\u00f3nus 2025: Oferta de Boas-vindas de at\u00e9 500 EUR + Rodadas Gr\u00e1tis\",\"isPartOf\":{\"@id\":\"https:\\\/\\\/888starz.tips\\\/pt\\\/#website\"},\"datePublished\":\"2023-05-18T17:39:43+00:00\",\"dateModified\":\"2025-02-26T18:30:05+00:00\",\"description\":\"N\u00e3o perca a oportunidade de recorrer \u00e0 generosidade do 888Starz! Receba um b\u00f3nus de 100% no seu primeiro dep\u00f3sito e descubra as extraordin\u00e1rias promo\u00e7\u00f5es de 2025. Apostas gr\u00e1tis exclusivas e cashback todas as semanas est\u00e3o \u00e0 sua espera!\",\"breadcrumb\":{\"@id\":\"https:\\\/\\\/888starz.tips\\\/pt\\\/bonus\\\/#breadcrumb\"},\"inLanguage\":\"pt-PT\",\"potentialAction\":[{\"@type\":\"ReadAction\",\"target\":[\"https:\\\/\\\/888starz.tips\\\/pt\\\/bonus\\\/\"]}]},{\"@type\":\"BreadcrumbList\",\"@id\":\"https:\\\/\\\/888starz.tips\\\/pt\\\/bonus\\\/#breadcrumb\",\"itemListElement\":[{\"@type\":\"ListItem\",\"position\":1,\"name\":\"Home\",\"item\":\"https:\\\/\\\/888starz.tips\\\/pt\\\/\"},{\"@type\":\"ListItem\",\"position\":2,\"name\":\"B\u00f3nus\"}]},{\"@type\":\"WebSite\",\"@id\":\"https:\\\/\\\/888starz.tips\\\/pt\\\/#website\",\"url\":\"https:\\\/\\\/888starz.tips\\\/pt\\\/\",\"name\":\"Network Admin\",\"description\":\"My WordPress Blog\",\"potentialAction\":[{\"@type\":\"SearchAction\",\"target\":{\"@type\":\"EntryPoint\",\"urlTemplate\":\"https:\\\/\\\/888starz.tips\\\/pt\\\/?s={search_term_string}\"},\"query-input\":{\"@type\":\"PropertyValueSpecification\",\"valueRequired\":true,\"valueName\":\"search_term_string\"}}],\"inLanguage\":\"pt-PT\"}]}<\/script>\n<!-- \/ Yoast SEO plugin. -->","yoast_head_json":{"title":"888Starz B\u00f3nus 2025: Oferta de Boas-vindas de at\u00e9 500 EUR + Rodadas Gr\u00e1tis","description":"N\u00e3o perca a oportunidade de recorrer \u00e0 generosidade do 888Starz! Receba um b\u00f3nus de 100% no seu primeiro dep\u00f3sito e descubra as extraordin\u00e1rias promo\u00e7\u00f5es de 2025. Apostas gr\u00e1tis exclusivas e cashback todas as semanas est\u00e3o \u00e0 sua espera!","robots":{"index":"index","follow":"follow","max-snippet":"max-snippet:-1","max-image-preview":"max-image-preview:large","max-video-preview":"max-video-preview:-1"},"og_locale":"pt_PT","og_type":"article","og_title":"888Starz B\u00f3nus 2025: Oferta de Boas-vindas de at\u00e9 500 EUR + Rodadas Gr\u00e1tis","og_description":"N\u00e3o perca a oportunidade de recorrer \u00e0 generosidade do 888Starz! Receba um b\u00f3nus de 100% no seu primeiro dep\u00f3sito e descubra as extraordin\u00e1rias promo\u00e7\u00f5es de 2025. Apostas gr\u00e1tis exclusivas e cashback todas as semanas est\u00e3o \u00e0 sua espera!","og_url":"https:\/\/888starz.tips\/pt\/bonus\/","og_site_name":"Network Admin","article_modified_time":"2025-02-26T18:30:05+00:00","twitter_card":"summary_large_image","schema":{"@context":"https:\/\/schema.org","@graph":[{"@type":"WebPage","@id":"https:\/\/888starz.tips\/pt\/bonus\/","url":"https:\/\/888starz.tips\/pt\/bonus\/","name":"888Starz B\u00f3nus 2025: Oferta de Boas-vindas de at\u00e9 500 EUR + Rodadas Gr\u00e1tis","isPartOf":{"@id":"https:\/\/888starz.tips\/pt\/#website"},"datePublished":"2023-05-18T17:39:43+00:00","dateModified":"2025-02-26T18:30:05+00:00","description":"N\u00e3o perca a oportunidade de recorrer \u00e0 generosidade do 888Starz! Receba um b\u00f3nus de 100% no seu primeiro dep\u00f3sito e descubra as extraordin\u00e1rias promo\u00e7\u00f5es de 2025. Apostas gr\u00e1tis exclusivas e cashback todas as semanas est\u00e3o \u00e0 sua espera!","breadcrumb":{"@id":"https:\/\/888starz.tips\/pt\/bonus\/#breadcrumb"},"inLanguage":"pt-PT","potentialAction":[{"@type":"ReadAction","target":["https:\/\/888starz.tips\/pt\/bonus\/"]}]},{"@type":"BreadcrumbList","@id":"https:\/\/888starz.tips\/pt\/bonus\/#breadcrumb","itemListElement":[{"@type":"ListItem","position":1,"name":"Home","item":"https:\/\/888starz.tips\/pt\/"},{"@type":"ListItem","position":2,"name":"B\u00f3nus"}]},{"@type":"WebSite","@id":"https:\/\/888starz.tips\/pt\/#website","url":"https:\/\/888starz.tips\/pt\/","name":"Network Admin","description":"My WordPress Blog","potentialAction":[{"@type":"SearchAction","target":{"@type":"EntryPoint","urlTemplate":"https:\/\/888starz.tips\/pt\/?s={search_term_string}"},"query-input":{"@type":"PropertyValueSpecification","valueRequired":true,"valueName":"search_term_string"}}],"inLanguage":"pt-PT"}]}},"_links":{"self":[{"href":"https:\/\/888starz.tips\/pt\/wp-json\/wp\/v2\/pages\/152","targetHints":{"allow":["GET"]}}],"collection":[{"href":"https:\/\/888starz.tips\/pt\/wp-json\/wp\/v2\/pages"}],"about":[{"href":"https:\/\/888starz.tips\/pt\/wp-json\/wp\/v2\/types\/page"}],"author":[{"embeddable":true,"href":"https:\/\/888starz.tips\/pt\/wp-json\/wp\/v2\/users\/1"}],"replies":[{"embeddable":true,"href":"https:\/\/888starz.tips\/pt\/wp-json\/wp\/v2\/comments?post=152"}],"version-history":[{"count":10,"href":"https:\/\/888starz.tips\/pt\/wp-json\/wp\/v2\/pages\/152\/revisions"}],"predecessor-version":[{"id":501,"href":"https:\/\/888starz.tips\/pt\/wp-json\/wp\/v2\/pages\/152\/revisions\/501"}],"wp:attachment":[{"href":"https:\/\/888starz.tips\/pt\/wp-json\/wp\/v2\/media?parent=152"}],"curies":[{"name":"wp","href":"https:\/\/api.w.org\/{rel}","templated":true}]}}