{"id":152,"date":"2023-05-18T17:39:43","date_gmt":"2023-05-18T17:39:43","guid":{"rendered":"https:\/\/888starz.tips\/ro\/?page_id=152"},"modified":"2025-03-12T16:50:23","modified_gmt":"2025-03-12T16:50:23","slug":"bonus","status":"publish","type":"page","link":"https:\/\/888starz.tips\/ro\/bonus\/","title":{"rendered":"Bonus"},"content":{"rendered":"","protected":false},"excerpt":{"rendered":"","protected":false},"author":1,"featured_media":0,"parent":0,"menu_order":0,"comment_status":"closed","ping_status":"closed","template":"","meta":{"footnotes":""},"class_list":["post-152","page","type-page","status-publish","hentry"],"yoast_head":"<!-- This site is optimized with the Yoast SEO plugin v25.7 - https:\/\/yoast.com\/wordpress\/plugins\/seo\/ -->\n<title>888Starz Bonus: P\u00e2n\u0103 la 2500 RON Oferta de bun venit + rotiri gratuite<\/title>\n<meta name=\"description\" content=\"Nu rata\u021bi \u0219ansa de a apela la generozitatea 888Starz! Ob\u021bine\u021bi un bonus de 100% la prima depunere \u0219i descoperi\u021bi promo\u021biile extraordinare 2025. Pariuri gratuite exclusive \u0219i cashback \u00een fiecare s\u0103pt\u0103m\u00e2n\u0103 v\u0103 a\u0219teapt\u0103!\" \/>\n<meta name=\"robots\" content=\"index, follow, max-snippet:-1, max-image-preview:large, max-video-preview:-1\" \/>\n<meta property=\"og:locale\" content=\"ro_RO\" \/>\n<meta property=\"og:type\" content=\"article\" \/>\n<meta property=\"og:title\" content=\"888Starz Bonus: P\u00e2n\u0103 la 2500 RON Oferta de bun venit + rotiri gratuite\" \/>\n<meta property=\"og:description\" content=\"Nu rata\u021bi \u0219ansa de a apela la generozitatea 888Starz! Ob\u021bine\u021bi un bonus de 100% la prima depunere \u0219i descoperi\u021bi promo\u021biile extraordinare 2025. Pariuri gratuite exclusive \u0219i cashback \u00een fiecare s\u0103pt\u0103m\u00e2n\u0103 v\u0103 a\u0219teapt\u0103!\" \/>\n<meta property=\"og:url\" content=\"https:\/\/888starz.tips\/ro\/bonus\/\" \/>\n<meta property=\"og:site_name\" content=\"888starz Tips ro\" \/>\n<meta property=\"article:modified_time\" content=\"2025-03-12T16:50:23+00:00\" \/>\n<meta name=\"twitter:card\" content=\"summary_large_image\" \/>\n<script type=\"application\/ld+json\" class=\"yoast-schema-graph\">{\"@context\":\"https:\/\/schema.org\",\"@graph\":[{\"@type\":\"WebPage\",\"@id\":\"https:\/\/888starz.tips\/ro\/bonus\/\",\"url\":\"https:\/\/888starz.tips\/ro\/bonus\/\",\"name\":\"888Starz Bonus: P\u00e2n\u0103 la 2500 RON Oferta de bun venit + rotiri gratuite\",\"isPartOf\":{\"@id\":\"https:\/\/888starz.tips\/ro\/#website\"},\"datePublished\":\"2023-05-18T17:39:43+00:00\",\"dateModified\":\"2025-03-12T16:50:23+00:00\",\"description\":\"Nu rata\u021bi \u0219ansa de a apela la generozitatea 888Starz! Ob\u021bine\u021bi un bonus de 100% la prima depunere \u0219i descoperi\u021bi promo\u021biile extraordinare 2025. Pariuri gratuite exclusive \u0219i cashback \u00een fiecare s\u0103pt\u0103m\u00e2n\u0103 v\u0103 a\u0219teapt\u0103!\",\"breadcrumb\":{\"@id\":\"https:\/\/888starz.tips\/ro\/bonus\/#breadcrumb\"},\"inLanguage\":\"ro-RO\",\"potentialAction\":[{\"@type\":\"ReadAction\",\"target\":[\"https:\/\/888starz.tips\/ro\/bonus\/\"]}]},{\"@type\":\"BreadcrumbList\",\"@id\":\"https:\/\/888starz.tips\/ro\/bonus\/#breadcrumb\",\"itemListElement\":[{\"@type\":\"ListItem\",\"position\":1,\"name\":\"Home\",\"item\":\"https:\/\/888starz.tips\/ro\/\"},{\"@type\":\"ListItem\",\"position\":2,\"name\":\"Bonus\"}]},{\"@type\":\"WebSite\",\"@id\":\"https:\/\/888starz.tips\/ro\/#website\",\"url\":\"https:\/\/888starz.tips\/ro\/\",\"name\":\"888starz Tips ro\",\"description\":\"My WordPress Blog\",\"potentialAction\":[{\"@type\":\"SearchAction\",\"target\":{\"@type\":\"EntryPoint\",\"urlTemplate\":\"https:\/\/888starz.tips\/ro\/?s={search_term_string}\"},\"query-input\":{\"@type\":\"PropertyValueSpecification\",\"valueRequired\":true,\"valueName\":\"search_term_string\"}}],\"inLanguage\":\"ro-RO\"}]}<\/script>\n<!-- \/ Yoast SEO plugin. -->","yoast_head_json":{"title":"888Starz Bonus: P\u00e2n\u0103 la 2500 RON Oferta de bun venit + rotiri gratuite","description":"Nu rata\u021bi \u0219ansa de a apela la generozitatea 888Starz! Ob\u021bine\u021bi un bonus de 100% la prima depunere \u0219i descoperi\u021bi promo\u021biile extraordinare 2025. Pariuri gratuite exclusive \u0219i cashback \u00een fiecare s\u0103pt\u0103m\u00e2n\u0103 v\u0103 a\u0219teapt\u0103!","robots":{"index":"index","follow":"follow","max-snippet":"max-snippet:-1","max-image-preview":"max-image-preview:large","max-video-preview":"max-video-preview:-1"},"og_locale":"ro_RO","og_type":"article","og_title":"888Starz Bonus: P\u00e2n\u0103 la 2500 RON Oferta de bun venit + rotiri gratuite","og_description":"Nu rata\u021bi \u0219ansa de a apela la generozitatea 888Starz! Ob\u021bine\u021bi un bonus de 100% la prima depunere \u0219i descoperi\u021bi promo\u021biile extraordinare 2025. Pariuri gratuite exclusive \u0219i cashback \u00een fiecare s\u0103pt\u0103m\u00e2n\u0103 v\u0103 a\u0219teapt\u0103!","og_url":"https:\/\/888starz.tips\/ro\/bonus\/","og_site_name":"888starz Tips ro","article_modified_time":"2025-03-12T16:50:23+00:00","twitter_card":"summary_large_image","schema":{"@context":"https:\/\/schema.org","@graph":[{"@type":"WebPage","@id":"https:\/\/888starz.tips\/ro\/bonus\/","url":"https:\/\/888starz.tips\/ro\/bonus\/","name":"888Starz Bonus: P\u00e2n\u0103 la 2500 RON Oferta de bun venit + rotiri gratuite","isPartOf":{"@id":"https:\/\/888starz.tips\/ro\/#website"},"datePublished":"2023-05-18T17:39:43+00:00","dateModified":"2025-03-12T16:50:23+00:00","description":"Nu rata\u021bi \u0219ansa de a apela la generozitatea 888Starz! Ob\u021bine\u021bi un bonus de 100% la prima depunere \u0219i descoperi\u021bi promo\u021biile extraordinare 2025. Pariuri gratuite exclusive \u0219i cashback \u00een fiecare s\u0103pt\u0103m\u00e2n\u0103 v\u0103 a\u0219teapt\u0103!","breadcrumb":{"@id":"https:\/\/888starz.tips\/ro\/bonus\/#breadcrumb"},"inLanguage":"ro-RO","potentialAction":[{"@type":"ReadAction","target":["https:\/\/888starz.tips\/ro\/bonus\/"]}]},{"@type":"BreadcrumbList","@id":"https:\/\/888starz.tips\/ro\/bonus\/#breadcrumb","itemListElement":[{"@type":"ListItem","position":1,"name":"Home","item":"https:\/\/888starz.tips\/ro\/"},{"@type":"ListItem","position":2,"name":"Bonus"}]},{"@type":"WebSite","@id":"https:\/\/888starz.tips\/ro\/#website","url":"https:\/\/888starz.tips\/ro\/","name":"888starz Tips ro","description":"My WordPress Blog","potentialAction":[{"@type":"SearchAction","target":{"@type":"EntryPoint","urlTemplate":"https:\/\/888starz.tips\/ro\/?s={search_term_string}"},"query-input":{"@type":"PropertyValueSpecification","valueRequired":true,"valueName":"search_term_string"}}],"inLanguage":"ro-RO"}]}},"_links":{"self":[{"href":"https:\/\/888starz.tips\/ro\/wp-json\/wp\/v2\/pages\/152","targetHints":{"allow":["GET"]}}],"collection":[{"href":"https:\/\/888starz.tips\/ro\/wp-json\/wp\/v2\/pages"}],"about":[{"href":"https:\/\/888starz.tips\/ro\/wp-json\/wp\/v2\/types\/page"}],"author":[{"embeddable":true,"href":"https:\/\/888starz.tips\/ro\/wp-json\/wp\/v2\/users\/1"}],"replies":[{"embeddable":true,"href":"https:\/\/888starz.tips\/ro\/wp-json\/wp\/v2\/comments?post=152"}],"version-history":[{"count":10,"href":"https:\/\/888starz.tips\/ro\/wp-json\/wp\/v2\/pages\/152\/revisions"}],"predecessor-version":[{"id":513,"href":"https:\/\/888starz.tips\/ro\/wp-json\/wp\/v2\/pages\/152\/revisions\/513"}],"wp:attachment":[{"href":"https:\/\/888starz.tips\/ro\/wp-json\/wp\/v2\/media?parent=152"}],"curies":[{"name":"wp","href":"https:\/\/api.w.org\/{rel}","templated":true}]}}