{"id":292,"date":"2024-09-05T06:02:09","date_gmt":"2024-09-05T06:02:09","guid":{"rendered":"https:\/\/888starz.tips\/ro\/?page_id=292"},"modified":"2025-03-12T17:56:04","modified_gmt":"2025-03-12T17:56:04","slug":"registration","status":"publish","type":"page","link":"https:\/\/888starz.tips\/ro\/registration\/","title":{"rendered":"\u00cenregistrare"},"content":{"rendered":"","protected":false},"excerpt":{"rendered":"","protected":false},"author":1,"featured_media":0,"parent":0,"menu_order":0,"comment_status":"closed","ping_status":"closed","template":"","meta":{"footnotes":""},"class_list":["post-292","page","type-page","status-publish","hentry"],"yoast_head":"<!-- This site is optimized with the Yoast SEO plugin v27.4 - https:\/\/yoast.com\/product\/yoast-seo-wordpress\/ -->\n<title>\u00cenregistrare 888Starz \u1409 Ghid de \u00eenregistrare 888Starz<\/title>\n<meta name=\"description\" content=\"\u00cenregistrare pe site-ul oficial 888Starz \u2714\ufe0f \u00cenregistrare \u00een aplica\u021bia 888Starz \u1409 Cum s\u0103 v\u0103 al\u0103tura\u021bi 888starz \u0219i s\u0103 crea\u021bi un cont \u2b50\ufe0f \u00censcrie\u021bi-v\u0103 \u0219i primi\u021bi 100% Bonus la primul depozit\" \/>\n<meta name=\"robots\" content=\"index, follow, max-snippet:-1, max-image-preview:large, max-video-preview:-1\" \/>\n<meta property=\"og:locale\" content=\"ro_RO\" \/>\n<meta property=\"og:type\" content=\"article\" \/>\n<meta property=\"og:title\" content=\"\u00cenregistrare 888Starz \u1409 Ghid de \u00eenregistrare 888Starz\" \/>\n<meta property=\"og:description\" content=\"\u00cenregistrare pe site-ul oficial 888Starz \u2714\ufe0f \u00cenregistrare \u00een aplica\u021bia 888Starz \u1409 Cum s\u0103 v\u0103 al\u0103tura\u021bi 888starz \u0219i s\u0103 crea\u021bi un cont \u2b50\ufe0f \u00censcrie\u021bi-v\u0103 \u0219i primi\u021bi 100% Bonus la primul depozit\" \/>\n<meta property=\"og:url\" content=\"https:\/\/888starz.tips\/ro\/registration\/\" \/>\n<meta property=\"og:site_name\" content=\"888starz Tips ro\" \/>\n<meta property=\"article:modified_time\" content=\"2025-03-12T17:56:04+00:00\" \/>\n<meta name=\"twitter:card\" content=\"summary_large_image\" \/>\n<script type=\"application\/ld+json\" class=\"yoast-schema-graph\">{\"@context\":\"https:\\\/\\\/schema.org\",\"@graph\":[{\"@type\":\"WebPage\",\"@id\":\"https:\\\/\\\/888starz.tips\\\/ro\\\/registration\\\/\",\"url\":\"https:\\\/\\\/888starz.tips\\\/ro\\\/registration\\\/\",\"name\":\"\u00cenregistrare 888Starz \u1409 Ghid de \u00eenregistrare 888Starz\",\"isPartOf\":{\"@id\":\"https:\\\/\\\/888starz.tips\\\/ro\\\/#website\"},\"datePublished\":\"2024-09-05T06:02:09+00:00\",\"dateModified\":\"2025-03-12T17:56:04+00:00\",\"description\":\"\u00cenregistrare pe site-ul oficial 888Starz \u2714\ufe0f \u00cenregistrare \u00een aplica\u021bia 888Starz \u1409 Cum s\u0103 v\u0103 al\u0103tura\u021bi 888starz \u0219i s\u0103 crea\u021bi un cont \u2b50\ufe0f \u00censcrie\u021bi-v\u0103 \u0219i primi\u021bi 100% Bonus la primul depozit\",\"breadcrumb\":{\"@id\":\"https:\\\/\\\/888starz.tips\\\/ro\\\/registration\\\/#breadcrumb\"},\"inLanguage\":\"ro-RO\",\"potentialAction\":[{\"@type\":\"ReadAction\",\"target\":[\"https:\\\/\\\/888starz.tips\\\/ro\\\/registration\\\/\"]}]},{\"@type\":\"BreadcrumbList\",\"@id\":\"https:\\\/\\\/888starz.tips\\\/ro\\\/registration\\\/#breadcrumb\",\"itemListElement\":[{\"@type\":\"ListItem\",\"position\":1,\"name\":\"Home\",\"item\":\"https:\\\/\\\/888starz.tips\\\/ro\\\/\"},{\"@type\":\"ListItem\",\"position\":2,\"name\":\"\u00cenregistrare\"}]},{\"@type\":\"WebSite\",\"@id\":\"https:\\\/\\\/888starz.tips\\\/ro\\\/#website\",\"url\":\"https:\\\/\\\/888starz.tips\\\/ro\\\/\",\"name\":\"888starz Tips ro\",\"description\":\"My WordPress Blog\",\"potentialAction\":[{\"@type\":\"SearchAction\",\"target\":{\"@type\":\"EntryPoint\",\"urlTemplate\":\"https:\\\/\\\/888starz.tips\\\/ro\\\/?s={search_term_string}\"},\"query-input\":{\"@type\":\"PropertyValueSpecification\",\"valueRequired\":true,\"valueName\":\"search_term_string\"}}],\"inLanguage\":\"ro-RO\"}]}<\/script>\n<!-- \/ Yoast SEO plugin. -->","yoast_head_json":{"title":"\u00cenregistrare 888Starz \u1409 Ghid de \u00eenregistrare 888Starz","description":"\u00cenregistrare pe site-ul oficial 888Starz \u2714\ufe0f \u00cenregistrare \u00een aplica\u021bia 888Starz \u1409 Cum s\u0103 v\u0103 al\u0103tura\u021bi 888starz \u0219i s\u0103 crea\u021bi un cont \u2b50\ufe0f \u00censcrie\u021bi-v\u0103 \u0219i primi\u021bi 100% Bonus la primul depozit","robots":{"index":"index","follow":"follow","max-snippet":"max-snippet:-1","max-image-preview":"max-image-preview:large","max-video-preview":"max-video-preview:-1"},"og_locale":"ro_RO","og_type":"article","og_title":"\u00cenregistrare 888Starz \u1409 Ghid de \u00eenregistrare 888Starz","og_description":"\u00cenregistrare pe site-ul oficial 888Starz \u2714\ufe0f \u00cenregistrare \u00een aplica\u021bia 888Starz \u1409 Cum s\u0103 v\u0103 al\u0103tura\u021bi 888starz \u0219i s\u0103 crea\u021bi un cont \u2b50\ufe0f \u00censcrie\u021bi-v\u0103 \u0219i primi\u021bi 100% Bonus la primul depozit","og_url":"https:\/\/888starz.tips\/ro\/registration\/","og_site_name":"888starz Tips ro","article_modified_time":"2025-03-12T17:56:04+00:00","twitter_card":"summary_large_image","schema":{"@context":"https:\/\/schema.org","@graph":[{"@type":"WebPage","@id":"https:\/\/888starz.tips\/ro\/registration\/","url":"https:\/\/888starz.tips\/ro\/registration\/","name":"\u00cenregistrare 888Starz \u1409 Ghid de \u00eenregistrare 888Starz","isPartOf":{"@id":"https:\/\/888starz.tips\/ro\/#website"},"datePublished":"2024-09-05T06:02:09+00:00","dateModified":"2025-03-12T17:56:04+00:00","description":"\u00cenregistrare pe site-ul oficial 888Starz \u2714\ufe0f \u00cenregistrare \u00een aplica\u021bia 888Starz \u1409 Cum s\u0103 v\u0103 al\u0103tura\u021bi 888starz \u0219i s\u0103 crea\u021bi un cont \u2b50\ufe0f \u00censcrie\u021bi-v\u0103 \u0219i primi\u021bi 100% Bonus la primul depozit","breadcrumb":{"@id":"https:\/\/888starz.tips\/ro\/registration\/#breadcrumb"},"inLanguage":"ro-RO","potentialAction":[{"@type":"ReadAction","target":["https:\/\/888starz.tips\/ro\/registration\/"]}]},{"@type":"BreadcrumbList","@id":"https:\/\/888starz.tips\/ro\/registration\/#breadcrumb","itemListElement":[{"@type":"ListItem","position":1,"name":"Home","item":"https:\/\/888starz.tips\/ro\/"},{"@type":"ListItem","position":2,"name":"\u00cenregistrare"}]},{"@type":"WebSite","@id":"https:\/\/888starz.tips\/ro\/#website","url":"https:\/\/888starz.tips\/ro\/","name":"888starz Tips ro","description":"My WordPress Blog","potentialAction":[{"@type":"SearchAction","target":{"@type":"EntryPoint","urlTemplate":"https:\/\/888starz.tips\/ro\/?s={search_term_string}"},"query-input":{"@type":"PropertyValueSpecification","valueRequired":true,"valueName":"search_term_string"}}],"inLanguage":"ro-RO"}]}},"_links":{"self":[{"href":"https:\/\/888starz.tips\/ro\/wp-json\/wp\/v2\/pages\/292","targetHints":{"allow":["GET"]}}],"collection":[{"href":"https:\/\/888starz.tips\/ro\/wp-json\/wp\/v2\/pages"}],"about":[{"href":"https:\/\/888starz.tips\/ro\/wp-json\/wp\/v2\/types\/page"}],"author":[{"embeddable":true,"href":"https:\/\/888starz.tips\/ro\/wp-json\/wp\/v2\/users\/1"}],"replies":[{"embeddable":true,"href":"https:\/\/888starz.tips\/ro\/wp-json\/wp\/v2\/comments?post=292"}],"version-history":[{"count":23,"href":"https:\/\/888starz.tips\/ro\/wp-json\/wp\/v2\/pages\/292\/revisions"}],"predecessor-version":[{"id":523,"href":"https:\/\/888starz.tips\/ro\/wp-json\/wp\/v2\/pages\/292\/revisions\/523"}],"wp:attachment":[{"href":"https:\/\/888starz.tips\/ro\/wp-json\/wp\/v2\/media?parent=292"}],"curies":[{"name":"wp","href":"https:\/\/api.w.org\/{rel}","templated":true}]}}