{"id":425,"date":"2025-01-27T08:09:38","date_gmt":"2025-01-27T08:09:38","guid":{"rendered":"https:\/\/888starz.tips\/ro\/?page_id=425"},"modified":"2025-03-12T17:03:08","modified_gmt":"2025-03-12T17:03:08","slug":"casino","status":"publish","type":"page","link":"https:\/\/888starz.tips\/ro\/casino\/","title":{"rendered":"Cazinou"},"content":{"rendered":"","protected":false},"excerpt":{"rendered":"","protected":false},"author":1,"featured_media":0,"parent":0,"menu_order":0,"comment_status":"closed","ping_status":"closed","template":"","meta":{"footnotes":""},"class_list":["post-425","page","type-page","status-publish","hentry"],"yoast_head":"<!-- This site is optimized with the Yoast SEO plugin v27.4 - https:\/\/yoast.com\/product\/yoast-seo-wordpress\/ -->\n<title>888Starz Casino \u2b50 Cere\u021bi acum bonusul de bun venit<\/title>\n<meta name=\"description\" content=\"Cufund\u0103-te \u00een lumea jocurilor de noroc cu 888Starz Casino! Activeaz\u0103-\u021bi acum bonusul de bun venit \u0219i prime\u0219te p\u00e2n\u0103 la 2500 RON + rotiri gratuite. Mii de sloturi de top \u0219i jocuri live te a\u0219teapt\u0103.\" \/>\n<meta name=\"robots\" content=\"index, follow, max-snippet:-1, max-image-preview:large, max-video-preview:-1\" \/>\n<meta property=\"og:locale\" content=\"ro_RO\" \/>\n<meta property=\"og:type\" content=\"article\" \/>\n<meta property=\"og:title\" content=\"888Starz Casino \u2b50 Cere\u021bi acum bonusul de bun venit\" \/>\n<meta property=\"og:description\" content=\"Cufund\u0103-te \u00een lumea jocurilor de noroc cu 888Starz Casino! Activeaz\u0103-\u021bi acum bonusul de bun venit \u0219i prime\u0219te p\u00e2n\u0103 la 2500 RON + rotiri gratuite. Mii de sloturi de top \u0219i jocuri live te a\u0219teapt\u0103.\" \/>\n<meta property=\"og:url\" content=\"https:\/\/888starz.tips\/ro\/casino\/\" \/>\n<meta property=\"og:site_name\" content=\"888starz Tips ro\" \/>\n<meta property=\"article:modified_time\" content=\"2025-03-12T17:03:08+00:00\" \/>\n<meta name=\"twitter:card\" content=\"summary_large_image\" \/>\n<script type=\"application\/ld+json\" class=\"yoast-schema-graph\">{\"@context\":\"https:\\\/\\\/schema.org\",\"@graph\":[{\"@type\":\"WebPage\",\"@id\":\"https:\\\/\\\/888starz.tips\\\/ro\\\/casino\\\/\",\"url\":\"https:\\\/\\\/888starz.tips\\\/ro\\\/casino\\\/\",\"name\":\"888Starz Casino \u2b50 Cere\u021bi acum bonusul de bun venit\",\"isPartOf\":{\"@id\":\"https:\\\/\\\/888starz.tips\\\/ro\\\/#website\"},\"datePublished\":\"2025-01-27T08:09:38+00:00\",\"dateModified\":\"2025-03-12T17:03:08+00:00\",\"description\":\"Cufund\u0103-te \u00een lumea jocurilor de noroc cu 888Starz Casino! Activeaz\u0103-\u021bi acum bonusul de bun venit \u0219i prime\u0219te p\u00e2n\u0103 la 2500 RON + rotiri gratuite. Mii de sloturi de top \u0219i jocuri live te a\u0219teapt\u0103.\",\"breadcrumb\":{\"@id\":\"https:\\\/\\\/888starz.tips\\\/ro\\\/casino\\\/#breadcrumb\"},\"inLanguage\":\"ro-RO\",\"potentialAction\":[{\"@type\":\"ReadAction\",\"target\":[\"https:\\\/\\\/888starz.tips\\\/ro\\\/casino\\\/\"]}]},{\"@type\":\"BreadcrumbList\",\"@id\":\"https:\\\/\\\/888starz.tips\\\/ro\\\/casino\\\/#breadcrumb\",\"itemListElement\":[{\"@type\":\"ListItem\",\"position\":1,\"name\":\"Home\",\"item\":\"https:\\\/\\\/888starz.tips\\\/ro\\\/\"},{\"@type\":\"ListItem\",\"position\":2,\"name\":\"Cazinou\"}]},{\"@type\":\"WebSite\",\"@id\":\"https:\\\/\\\/888starz.tips\\\/ro\\\/#website\",\"url\":\"https:\\\/\\\/888starz.tips\\\/ro\\\/\",\"name\":\"888starz Tips ro\",\"description\":\"My WordPress Blog\",\"potentialAction\":[{\"@type\":\"SearchAction\",\"target\":{\"@type\":\"EntryPoint\",\"urlTemplate\":\"https:\\\/\\\/888starz.tips\\\/ro\\\/?s={search_term_string}\"},\"query-input\":{\"@type\":\"PropertyValueSpecification\",\"valueRequired\":true,\"valueName\":\"search_term_string\"}}],\"inLanguage\":\"ro-RO\"}]}<\/script>\n<!-- \/ Yoast SEO plugin. -->","yoast_head_json":{"title":"888Starz Casino \u2b50 Cere\u021bi acum bonusul de bun venit","description":"Cufund\u0103-te \u00een lumea jocurilor de noroc cu 888Starz Casino! Activeaz\u0103-\u021bi acum bonusul de bun venit \u0219i prime\u0219te p\u00e2n\u0103 la 2500 RON + rotiri gratuite. Mii de sloturi de top \u0219i jocuri live te a\u0219teapt\u0103.","robots":{"index":"index","follow":"follow","max-snippet":"max-snippet:-1","max-image-preview":"max-image-preview:large","max-video-preview":"max-video-preview:-1"},"og_locale":"ro_RO","og_type":"article","og_title":"888Starz Casino \u2b50 Cere\u021bi acum bonusul de bun venit","og_description":"Cufund\u0103-te \u00een lumea jocurilor de noroc cu 888Starz Casino! Activeaz\u0103-\u021bi acum bonusul de bun venit \u0219i prime\u0219te p\u00e2n\u0103 la 2500 RON + rotiri gratuite. Mii de sloturi de top \u0219i jocuri live te a\u0219teapt\u0103.","og_url":"https:\/\/888starz.tips\/ro\/casino\/","og_site_name":"888starz Tips ro","article_modified_time":"2025-03-12T17:03:08+00:00","twitter_card":"summary_large_image","schema":{"@context":"https:\/\/schema.org","@graph":[{"@type":"WebPage","@id":"https:\/\/888starz.tips\/ro\/casino\/","url":"https:\/\/888starz.tips\/ro\/casino\/","name":"888Starz Casino \u2b50 Cere\u021bi acum bonusul de bun venit","isPartOf":{"@id":"https:\/\/888starz.tips\/ro\/#website"},"datePublished":"2025-01-27T08:09:38+00:00","dateModified":"2025-03-12T17:03:08+00:00","description":"Cufund\u0103-te \u00een lumea jocurilor de noroc cu 888Starz Casino! Activeaz\u0103-\u021bi acum bonusul de bun venit \u0219i prime\u0219te p\u00e2n\u0103 la 2500 RON + rotiri gratuite. Mii de sloturi de top \u0219i jocuri live te a\u0219teapt\u0103.","breadcrumb":{"@id":"https:\/\/888starz.tips\/ro\/casino\/#breadcrumb"},"inLanguage":"ro-RO","potentialAction":[{"@type":"ReadAction","target":["https:\/\/888starz.tips\/ro\/casino\/"]}]},{"@type":"BreadcrumbList","@id":"https:\/\/888starz.tips\/ro\/casino\/#breadcrumb","itemListElement":[{"@type":"ListItem","position":1,"name":"Home","item":"https:\/\/888starz.tips\/ro\/"},{"@type":"ListItem","position":2,"name":"Cazinou"}]},{"@type":"WebSite","@id":"https:\/\/888starz.tips\/ro\/#website","url":"https:\/\/888starz.tips\/ro\/","name":"888starz Tips ro","description":"My WordPress Blog","potentialAction":[{"@type":"SearchAction","target":{"@type":"EntryPoint","urlTemplate":"https:\/\/888starz.tips\/ro\/?s={search_term_string}"},"query-input":{"@type":"PropertyValueSpecification","valueRequired":true,"valueName":"search_term_string"}}],"inLanguage":"ro-RO"}]}},"_links":{"self":[{"href":"https:\/\/888starz.tips\/ro\/wp-json\/wp\/v2\/pages\/425","targetHints":{"allow":["GET"]}}],"collection":[{"href":"https:\/\/888starz.tips\/ro\/wp-json\/wp\/v2\/pages"}],"about":[{"href":"https:\/\/888starz.tips\/ro\/wp-json\/wp\/v2\/types\/page"}],"author":[{"embeddable":true,"href":"https:\/\/888starz.tips\/ro\/wp-json\/wp\/v2\/users\/1"}],"replies":[{"embeddable":true,"href":"https:\/\/888starz.tips\/ro\/wp-json\/wp\/v2\/comments?post=425"}],"version-history":[{"count":8,"href":"https:\/\/888starz.tips\/ro\/wp-json\/wp\/v2\/pages\/425\/revisions"}],"predecessor-version":[{"id":515,"href":"https:\/\/888starz.tips\/ro\/wp-json\/wp\/v2\/pages\/425\/revisions\/515"}],"wp:attachment":[{"href":"https:\/\/888starz.tips\/ro\/wp-json\/wp\/v2\/media?parent=425"}],"curies":[{"name":"wp","href":"https:\/\/api.w.org\/{rel}","templated":true}]}}