{"id":471,"date":"2025-01-28T05:38:45","date_gmt":"2025-01-28T05:38:45","guid":{"rendered":"https:\/\/888starz.tips\/ro\/?page_id=471"},"modified":"2025-03-20T10:36:29","modified_gmt":"2025-03-20T10:36:29","slug":"affiliate","status":"publish","type":"page","link":"https:\/\/888starz.tips\/ro\/affiliate\/","title":{"rendered":"Afilia\u021bi"},"content":{"rendered":"","protected":false},"excerpt":{"rendered":"","protected":false},"author":1,"featured_media":0,"parent":0,"menu_order":0,"comment_status":"closed","ping_status":"closed","template":"","meta":{"footnotes":""},"class_list":["post-471","page","type-page","status-publish","hentry"],"yoast_head":"<!-- This site is optimized with the Yoast SEO plugin v27.4 - https:\/\/yoast.com\/product\/yoast-seo-wordpress\/ -->\n<title>Afiliat 888Starz: \u2705Program de parteneriat Premium iGaming<\/title>\n<meta name=\"description\" content=\"Al\u0103tura\u021bi-v\u0103 ast\u0103zi programului de afiliere 888Starz! \ud83d\ude80 Debloca\u021bi oportunit\u0103\u021bi interesante de venit, avantaje uimitoare \u0219i asisten\u021b\u0103 premium. Nu v\u0103 uita\u021bi doar la joc - juca\u021bi pentru a c\u00e2\u0219tiga cu noi! \ud83d\udcb0 Optimizeaz\u0103-\u021bi c\u00e2\u0219tigurile \u0219i \u00eencepe s\u0103 c\u00e2\u0219tigi bani REALI acum!\" \/>\n<meta name=\"robots\" content=\"index, follow, max-snippet:-1, max-image-preview:large, max-video-preview:-1\" \/>\n<meta property=\"og:locale\" content=\"ro_RO\" \/>\n<meta property=\"og:type\" content=\"article\" \/>\n<meta property=\"og:title\" content=\"Afiliat 888Starz: \u2705Program de parteneriat Premium iGaming\" \/>\n<meta property=\"og:description\" content=\"Al\u0103tura\u021bi-v\u0103 ast\u0103zi programului de afiliere 888Starz! \ud83d\ude80 Debloca\u021bi oportunit\u0103\u021bi interesante de venit, avantaje uimitoare \u0219i asisten\u021b\u0103 premium. Nu v\u0103 uita\u021bi doar la joc - juca\u021bi pentru a c\u00e2\u0219tiga cu noi! \ud83d\udcb0 Optimizeaz\u0103-\u021bi c\u00e2\u0219tigurile \u0219i \u00eencepe s\u0103 c\u00e2\u0219tigi bani REALI acum!\" \/>\n<meta property=\"og:url\" content=\"https:\/\/888starz.tips\/ro\/affiliate\/\" \/>\n<meta property=\"og:site_name\" content=\"888starz Tips ro\" \/>\n<meta property=\"article:modified_time\" content=\"2025-03-20T10:36:29+00:00\" \/>\n<meta name=\"twitter:card\" content=\"summary_large_image\" \/>\n<script type=\"application\/ld+json\" class=\"yoast-schema-graph\">{\"@context\":\"https:\\\/\\\/schema.org\",\"@graph\":[{\"@type\":\"WebPage\",\"@id\":\"https:\\\/\\\/888starz.tips\\\/ro\\\/affiliate\\\/\",\"url\":\"https:\\\/\\\/888starz.tips\\\/ro\\\/affiliate\\\/\",\"name\":\"Afiliat 888Starz: \u2705Program de parteneriat Premium iGaming\",\"isPartOf\":{\"@id\":\"https:\\\/\\\/888starz.tips\\\/ro\\\/#website\"},\"datePublished\":\"2025-01-28T05:38:45+00:00\",\"dateModified\":\"2025-03-20T10:36:29+00:00\",\"description\":\"Al\u0103tura\u021bi-v\u0103 ast\u0103zi programului de afiliere 888Starz! \ud83d\ude80 Debloca\u021bi oportunit\u0103\u021bi interesante de venit, avantaje uimitoare \u0219i asisten\u021b\u0103 premium. Nu v\u0103 uita\u021bi doar la joc - juca\u021bi pentru a c\u00e2\u0219tiga cu noi! \ud83d\udcb0 Optimizeaz\u0103-\u021bi c\u00e2\u0219tigurile \u0219i \u00eencepe s\u0103 c\u00e2\u0219tigi bani REALI acum!\",\"breadcrumb\":{\"@id\":\"https:\\\/\\\/888starz.tips\\\/ro\\\/affiliate\\\/#breadcrumb\"},\"inLanguage\":\"ro-RO\",\"potentialAction\":[{\"@type\":\"ReadAction\",\"target\":[\"https:\\\/\\\/888starz.tips\\\/ro\\\/affiliate\\\/\"]}]},{\"@type\":\"BreadcrumbList\",\"@id\":\"https:\\\/\\\/888starz.tips\\\/ro\\\/affiliate\\\/#breadcrumb\",\"itemListElement\":[{\"@type\":\"ListItem\",\"position\":1,\"name\":\"Home\",\"item\":\"https:\\\/\\\/888starz.tips\\\/ro\\\/\"},{\"@type\":\"ListItem\",\"position\":2,\"name\":\"Afilia\u021bi\"}]},{\"@type\":\"WebSite\",\"@id\":\"https:\\\/\\\/888starz.tips\\\/ro\\\/#website\",\"url\":\"https:\\\/\\\/888starz.tips\\\/ro\\\/\",\"name\":\"888starz Tips ro\",\"description\":\"My WordPress Blog\",\"potentialAction\":[{\"@type\":\"SearchAction\",\"target\":{\"@type\":\"EntryPoint\",\"urlTemplate\":\"https:\\\/\\\/888starz.tips\\\/ro\\\/?s={search_term_string}\"},\"query-input\":{\"@type\":\"PropertyValueSpecification\",\"valueRequired\":true,\"valueName\":\"search_term_string\"}}],\"inLanguage\":\"ro-RO\"}]}<\/script>\n<!-- \/ Yoast SEO plugin. -->","yoast_head_json":{"title":"Afiliat 888Starz: \u2705Program de parteneriat Premium iGaming","description":"Al\u0103tura\u021bi-v\u0103 ast\u0103zi programului de afiliere 888Starz! \ud83d\ude80 Debloca\u021bi oportunit\u0103\u021bi interesante de venit, avantaje uimitoare \u0219i asisten\u021b\u0103 premium. Nu v\u0103 uita\u021bi doar la joc - juca\u021bi pentru a c\u00e2\u0219tiga cu noi! \ud83d\udcb0 Optimizeaz\u0103-\u021bi c\u00e2\u0219tigurile \u0219i \u00eencepe s\u0103 c\u00e2\u0219tigi bani REALI acum!","robots":{"index":"index","follow":"follow","max-snippet":"max-snippet:-1","max-image-preview":"max-image-preview:large","max-video-preview":"max-video-preview:-1"},"og_locale":"ro_RO","og_type":"article","og_title":"Afiliat 888Starz: \u2705Program de parteneriat Premium iGaming","og_description":"Al\u0103tura\u021bi-v\u0103 ast\u0103zi programului de afiliere 888Starz! \ud83d\ude80 Debloca\u021bi oportunit\u0103\u021bi interesante de venit, avantaje uimitoare \u0219i asisten\u021b\u0103 premium. Nu v\u0103 uita\u021bi doar la joc - juca\u021bi pentru a c\u00e2\u0219tiga cu noi! \ud83d\udcb0 Optimizeaz\u0103-\u021bi c\u00e2\u0219tigurile \u0219i \u00eencepe s\u0103 c\u00e2\u0219tigi bani REALI acum!","og_url":"https:\/\/888starz.tips\/ro\/affiliate\/","og_site_name":"888starz Tips ro","article_modified_time":"2025-03-20T10:36:29+00:00","twitter_card":"summary_large_image","schema":{"@context":"https:\/\/schema.org","@graph":[{"@type":"WebPage","@id":"https:\/\/888starz.tips\/ro\/affiliate\/","url":"https:\/\/888starz.tips\/ro\/affiliate\/","name":"Afiliat 888Starz: \u2705Program de parteneriat Premium iGaming","isPartOf":{"@id":"https:\/\/888starz.tips\/ro\/#website"},"datePublished":"2025-01-28T05:38:45+00:00","dateModified":"2025-03-20T10:36:29+00:00","description":"Al\u0103tura\u021bi-v\u0103 ast\u0103zi programului de afiliere 888Starz! \ud83d\ude80 Debloca\u021bi oportunit\u0103\u021bi interesante de venit, avantaje uimitoare \u0219i asisten\u021b\u0103 premium. Nu v\u0103 uita\u021bi doar la joc - juca\u021bi pentru a c\u00e2\u0219tiga cu noi! \ud83d\udcb0 Optimizeaz\u0103-\u021bi c\u00e2\u0219tigurile \u0219i \u00eencepe s\u0103 c\u00e2\u0219tigi bani REALI acum!","breadcrumb":{"@id":"https:\/\/888starz.tips\/ro\/affiliate\/#breadcrumb"},"inLanguage":"ro-RO","potentialAction":[{"@type":"ReadAction","target":["https:\/\/888starz.tips\/ro\/affiliate\/"]}]},{"@type":"BreadcrumbList","@id":"https:\/\/888starz.tips\/ro\/affiliate\/#breadcrumb","itemListElement":[{"@type":"ListItem","position":1,"name":"Home","item":"https:\/\/888starz.tips\/ro\/"},{"@type":"ListItem","position":2,"name":"Afilia\u021bi"}]},{"@type":"WebSite","@id":"https:\/\/888starz.tips\/ro\/#website","url":"https:\/\/888starz.tips\/ro\/","name":"888starz Tips ro","description":"My WordPress Blog","potentialAction":[{"@type":"SearchAction","target":{"@type":"EntryPoint","urlTemplate":"https:\/\/888starz.tips\/ro\/?s={search_term_string}"},"query-input":{"@type":"PropertyValueSpecification","valueRequired":true,"valueName":"search_term_string"}}],"inLanguage":"ro-RO"}]}},"_links":{"self":[{"href":"https:\/\/888starz.tips\/ro\/wp-json\/wp\/v2\/pages\/471","targetHints":{"allow":["GET"]}}],"collection":[{"href":"https:\/\/888starz.tips\/ro\/wp-json\/wp\/v2\/pages"}],"about":[{"href":"https:\/\/888starz.tips\/ro\/wp-json\/wp\/v2\/types\/page"}],"author":[{"embeddable":true,"href":"https:\/\/888starz.tips\/ro\/wp-json\/wp\/v2\/users\/1"}],"replies":[{"embeddable":true,"href":"https:\/\/888starz.tips\/ro\/wp-json\/wp\/v2\/comments?post=471"}],"version-history":[{"count":6,"href":"https:\/\/888starz.tips\/ro\/wp-json\/wp\/v2\/pages\/471\/revisions"}],"predecessor-version":[{"id":525,"href":"https:\/\/888starz.tips\/ro\/wp-json\/wp\/v2\/pages\/471\/revisions\/525"}],"wp:attachment":[{"href":"https:\/\/888starz.tips\/ro\/wp-json\/wp\/v2\/media?parent=471"}],"curies":[{"name":"wp","href":"https:\/\/api.w.org\/{rel}","templated":true}]}}