{"id":292,"date":"2024-09-05T06:02:09","date_gmt":"2024-09-05T06:02:09","guid":{"rendered":"https:\/\/888starz.tips\/sk\/?page_id=292"},"modified":"2025-06-25T18:33:46","modified_gmt":"2025-06-25T18:33:46","slug":"registration","status":"publish","type":"page","link":"https:\/\/888starz.tips\/sk\/registration\/","title":{"rendered":"Registr\u00e1cia"},"content":{"rendered":"","protected":false},"excerpt":{"rendered":"","protected":false},"author":1,"featured_media":0,"parent":0,"menu_order":0,"comment_status":"closed","ping_status":"closed","template":"","meta":{"footnotes":""},"class_list":["post-292","page","type-page","status-publish","hentry"],"yoast_head":"<!-- This site is optimized with the Yoast SEO plugin v25.7 - https:\/\/yoast.com\/wordpress\/plugins\/seo\/ -->\n<title>888Starz Registr\u00e1cia \u1409 888Starz Sprievodca registr\u00e1ciou<\/title>\n<meta name=\"description\" content=\"Registr\u00e1cia na ofici\u00e1lnej webovej str\u00e1nke 888Starz \u2714\ufe0f Registr\u00e1cia v aplik\u00e1cii 888Starz \u1409 Ako sa pripoji\u0165 k 888starz a vytvori\u0165 si \u00fa\u010det \u2b50\ufe0f Zaregistrujte sa a z\u00edskajte 100% bonus za prv\u00fd vklad\" \/>\n<meta name=\"robots\" content=\"index, follow, max-snippet:-1, max-image-preview:large, max-video-preview:-1\" \/>\n<meta property=\"og:locale\" content=\"sk_SK\" \/>\n<meta property=\"og:type\" content=\"article\" \/>\n<meta property=\"og:title\" content=\"888Starz Registr\u00e1cia \u1409 888Starz Sprievodca registr\u00e1ciou\" \/>\n<meta property=\"og:description\" content=\"Registr\u00e1cia na ofici\u00e1lnej webovej str\u00e1nke 888Starz \u2714\ufe0f Registr\u00e1cia v aplik\u00e1cii 888Starz \u1409 Ako sa pripoji\u0165 k 888starz a vytvori\u0165 si \u00fa\u010det \u2b50\ufe0f Zaregistrujte sa a z\u00edskajte 100% bonus za prv\u00fd vklad\" \/>\n<meta property=\"og:url\" content=\"https:\/\/888starz.tips\/sk\/registration\/\" \/>\n<meta property=\"og:site_name\" content=\"888Starz Tips sk\" \/>\n<meta property=\"article:modified_time\" content=\"2025-06-25T18:33:46+00:00\" \/>\n<meta name=\"twitter:card\" content=\"summary_large_image\" \/>\n<script type=\"application\/ld+json\" class=\"yoast-schema-graph\">{\"@context\":\"https:\/\/schema.org\",\"@graph\":[{\"@type\":\"WebPage\",\"@id\":\"https:\/\/888starz.tips\/sk\/registration\/\",\"url\":\"https:\/\/888starz.tips\/sk\/registration\/\",\"name\":\"888Starz Registr\u00e1cia \u1409 888Starz Sprievodca registr\u00e1ciou\",\"isPartOf\":{\"@id\":\"https:\/\/888starz.tips\/sk\/#website\"},\"datePublished\":\"2024-09-05T06:02:09+00:00\",\"dateModified\":\"2025-06-25T18:33:46+00:00\",\"description\":\"Registr\u00e1cia na ofici\u00e1lnej webovej str\u00e1nke 888Starz \u2714\ufe0f Registr\u00e1cia v aplik\u00e1cii 888Starz \u1409 Ako sa pripoji\u0165 k 888starz a vytvori\u0165 si \u00fa\u010det \u2b50\ufe0f Zaregistrujte sa a z\u00edskajte 100% bonus za prv\u00fd vklad\",\"breadcrumb\":{\"@id\":\"https:\/\/888starz.tips\/sk\/registration\/#breadcrumb\"},\"inLanguage\":\"sk-SK\",\"potentialAction\":[{\"@type\":\"ReadAction\",\"target\":[\"https:\/\/888starz.tips\/sk\/registration\/\"]}]},{\"@type\":\"BreadcrumbList\",\"@id\":\"https:\/\/888starz.tips\/sk\/registration\/#breadcrumb\",\"itemListElement\":[{\"@type\":\"ListItem\",\"position\":1,\"name\":\"Home\",\"item\":\"https:\/\/888starz.tips\/sk\/\"},{\"@type\":\"ListItem\",\"position\":2,\"name\":\"Registr\u00e1cia\"}]},{\"@type\":\"WebSite\",\"@id\":\"https:\/\/888starz.tips\/sk\/#website\",\"url\":\"https:\/\/888starz.tips\/sk\/\",\"name\":\"888Starz Tips sk\",\"description\":\"My WordPress Blog\",\"potentialAction\":[{\"@type\":\"SearchAction\",\"target\":{\"@type\":\"EntryPoint\",\"urlTemplate\":\"https:\/\/888starz.tips\/sk\/?s={search_term_string}\"},\"query-input\":{\"@type\":\"PropertyValueSpecification\",\"valueRequired\":true,\"valueName\":\"search_term_string\"}}],\"inLanguage\":\"sk-SK\"}]}<\/script>\n<!-- \/ Yoast SEO plugin. -->","yoast_head_json":{"title":"888Starz Registr\u00e1cia \u1409 888Starz Sprievodca registr\u00e1ciou","description":"Registr\u00e1cia na ofici\u00e1lnej webovej str\u00e1nke 888Starz \u2714\ufe0f Registr\u00e1cia v aplik\u00e1cii 888Starz \u1409 Ako sa pripoji\u0165 k 888starz a vytvori\u0165 si \u00fa\u010det \u2b50\ufe0f Zaregistrujte sa a z\u00edskajte 100% bonus za prv\u00fd vklad","robots":{"index":"index","follow":"follow","max-snippet":"max-snippet:-1","max-image-preview":"max-image-preview:large","max-video-preview":"max-video-preview:-1"},"og_locale":"sk_SK","og_type":"article","og_title":"888Starz Registr\u00e1cia \u1409 888Starz Sprievodca registr\u00e1ciou","og_description":"Registr\u00e1cia na ofici\u00e1lnej webovej str\u00e1nke 888Starz \u2714\ufe0f Registr\u00e1cia v aplik\u00e1cii 888Starz \u1409 Ako sa pripoji\u0165 k 888starz a vytvori\u0165 si \u00fa\u010det \u2b50\ufe0f Zaregistrujte sa a z\u00edskajte 100% bonus za prv\u00fd vklad","og_url":"https:\/\/888starz.tips\/sk\/registration\/","og_site_name":"888Starz Tips sk","article_modified_time":"2025-06-25T18:33:46+00:00","twitter_card":"summary_large_image","schema":{"@context":"https:\/\/schema.org","@graph":[{"@type":"WebPage","@id":"https:\/\/888starz.tips\/sk\/registration\/","url":"https:\/\/888starz.tips\/sk\/registration\/","name":"888Starz Registr\u00e1cia \u1409 888Starz Sprievodca registr\u00e1ciou","isPartOf":{"@id":"https:\/\/888starz.tips\/sk\/#website"},"datePublished":"2024-09-05T06:02:09+00:00","dateModified":"2025-06-25T18:33:46+00:00","description":"Registr\u00e1cia na ofici\u00e1lnej webovej str\u00e1nke 888Starz \u2714\ufe0f Registr\u00e1cia v aplik\u00e1cii 888Starz \u1409 Ako sa pripoji\u0165 k 888starz a vytvori\u0165 si \u00fa\u010det \u2b50\ufe0f Zaregistrujte sa a z\u00edskajte 100% bonus za prv\u00fd vklad","breadcrumb":{"@id":"https:\/\/888starz.tips\/sk\/registration\/#breadcrumb"},"inLanguage":"sk-SK","potentialAction":[{"@type":"ReadAction","target":["https:\/\/888starz.tips\/sk\/registration\/"]}]},{"@type":"BreadcrumbList","@id":"https:\/\/888starz.tips\/sk\/registration\/#breadcrumb","itemListElement":[{"@type":"ListItem","position":1,"name":"Home","item":"https:\/\/888starz.tips\/sk\/"},{"@type":"ListItem","position":2,"name":"Registr\u00e1cia"}]},{"@type":"WebSite","@id":"https:\/\/888starz.tips\/sk\/#website","url":"https:\/\/888starz.tips\/sk\/","name":"888Starz Tips sk","description":"My WordPress Blog","potentialAction":[{"@type":"SearchAction","target":{"@type":"EntryPoint","urlTemplate":"https:\/\/888starz.tips\/sk\/?s={search_term_string}"},"query-input":{"@type":"PropertyValueSpecification","valueRequired":true,"valueName":"search_term_string"}}],"inLanguage":"sk-SK"}]}},"_links":{"self":[{"href":"https:\/\/888starz.tips\/sk\/wp-json\/wp\/v2\/pages\/292","targetHints":{"allow":["GET"]}}],"collection":[{"href":"https:\/\/888starz.tips\/sk\/wp-json\/wp\/v2\/pages"}],"about":[{"href":"https:\/\/888starz.tips\/sk\/wp-json\/wp\/v2\/types\/page"}],"author":[{"embeddable":true,"href":"https:\/\/888starz.tips\/sk\/wp-json\/wp\/v2\/users\/1"}],"replies":[{"embeddable":true,"href":"https:\/\/888starz.tips\/sk\/wp-json\/wp\/v2\/comments?post=292"}],"version-history":[{"count":25,"href":"https:\/\/888starz.tips\/sk\/wp-json\/wp\/v2\/pages\/292\/revisions"}],"predecessor-version":[{"id":582,"href":"https:\/\/888starz.tips\/sk\/wp-json\/wp\/v2\/pages\/292\/revisions\/582"}],"wp:attachment":[{"href":"https:\/\/888starz.tips\/sk\/wp-json\/wp\/v2\/media?parent=292"}],"curies":[{"name":"wp","href":"https:\/\/api.w.org\/{rel}","templated":true}]}}