{"id":451,"date":"2025-01-27T13:46:18","date_gmt":"2025-01-27T13:46:18","guid":{"rendered":"https:\/\/888starz.tips\/sk\/?page_id=451"},"modified":"2025-06-25T18:23:54","modified_gmt":"2025-06-25T18:23:54","slug":"promo-code","status":"publish","type":"page","link":"https:\/\/888starz.tips\/sk\/promo-code\/","title":{"rendered":"Propaga\u010dn\u00fd k\u00f3d"},"content":{"rendered":"","protected":false},"excerpt":{"rendered":"","protected":false},"author":1,"featured_media":0,"parent":0,"menu_order":0,"comment_status":"closed","ping_status":"closed","template":"","meta":{"footnotes":""},"class_list":["post-451","page","type-page","status-publish","hentry"],"yoast_head":"<!-- This site is optimized with the Yoast SEO plugin v27.4 - https:\/\/yoast.com\/product\/yoast-seo-wordpress\/ -->\n<title>888Starz Promo k\u00f3d 2025 \u2705 N\u00e1rok na 100% bonus!<\/title>\n<meta name=\"description\" content=\"Chcete zv\u00fd\u0161i\u0165 svoje v\u00fdhry? \ud83d\udd25Odomknite si exkluz\u00edvny promo k\u00f3d 888Starz 2025 a z\u00edskajte mas\u00edvny 100% bonus e\u0161te dnes! Ne\u010dakajte - va\u0161a cesta za jackpotom za\u010d\u00edna pr\u00e1ve teraz!\" \/>\n<meta name=\"robots\" content=\"index, follow, max-snippet:-1, max-image-preview:large, max-video-preview:-1\" \/>\n<meta property=\"og:locale\" content=\"sk_SK\" \/>\n<meta property=\"og:type\" content=\"article\" \/>\n<meta property=\"og:title\" content=\"888Starz Promo k\u00f3d 2025 \u2705 N\u00e1rok na 100% bonus!\" \/>\n<meta property=\"og:description\" content=\"Chcete zv\u00fd\u0161i\u0165 svoje v\u00fdhry? \ud83d\udd25Odomknite si exkluz\u00edvny promo k\u00f3d 888Starz 2025 a z\u00edskajte mas\u00edvny 100% bonus e\u0161te dnes! Ne\u010dakajte - va\u0161a cesta za jackpotom za\u010d\u00edna pr\u00e1ve teraz!\" \/>\n<meta property=\"og:url\" content=\"https:\/\/888starz.tips\/sk\/promo-code\/\" \/>\n<meta property=\"og:site_name\" content=\"888Starz Tips sk\" \/>\n<meta property=\"article:modified_time\" content=\"2025-06-25T18:23:54+00:00\" \/>\n<meta name=\"twitter:card\" content=\"summary_large_image\" \/>\n<script type=\"application\/ld+json\" class=\"yoast-schema-graph\">{\"@context\":\"https:\\\/\\\/schema.org\",\"@graph\":[{\"@type\":\"WebPage\",\"@id\":\"https:\\\/\\\/888starz.tips\\\/sk\\\/promo-code\\\/\",\"url\":\"https:\\\/\\\/888starz.tips\\\/sk\\\/promo-code\\\/\",\"name\":\"888Starz Promo k\u00f3d 2025 \u2705 N\u00e1rok na 100% bonus!\",\"isPartOf\":{\"@id\":\"https:\\\/\\\/888starz.tips\\\/sk\\\/#website\"},\"datePublished\":\"2025-01-27T13:46:18+00:00\",\"dateModified\":\"2025-06-25T18:23:54+00:00\",\"description\":\"Chcete zv\u00fd\u0161i\u0165 svoje v\u00fdhry? \ud83d\udd25Odomknite si exkluz\u00edvny promo k\u00f3d 888Starz 2025 a z\u00edskajte mas\u00edvny 100% bonus e\u0161te dnes! Ne\u010dakajte - va\u0161a cesta za jackpotom za\u010d\u00edna pr\u00e1ve teraz!\",\"breadcrumb\":{\"@id\":\"https:\\\/\\\/888starz.tips\\\/sk\\\/promo-code\\\/#breadcrumb\"},\"inLanguage\":\"sk-SK\",\"potentialAction\":[{\"@type\":\"ReadAction\",\"target\":[\"https:\\\/\\\/888starz.tips\\\/sk\\\/promo-code\\\/\"]}]},{\"@type\":\"BreadcrumbList\",\"@id\":\"https:\\\/\\\/888starz.tips\\\/sk\\\/promo-code\\\/#breadcrumb\",\"itemListElement\":[{\"@type\":\"ListItem\",\"position\":1,\"name\":\"Home\",\"item\":\"https:\\\/\\\/888starz.tips\\\/sk\\\/\"},{\"@type\":\"ListItem\",\"position\":2,\"name\":\"Propaga\u010dn\u00fd k\u00f3d\"}]},{\"@type\":\"WebSite\",\"@id\":\"https:\\\/\\\/888starz.tips\\\/sk\\\/#website\",\"url\":\"https:\\\/\\\/888starz.tips\\\/sk\\\/\",\"name\":\"888Starz Tips sk\",\"description\":\"My WordPress Blog\",\"potentialAction\":[{\"@type\":\"SearchAction\",\"target\":{\"@type\":\"EntryPoint\",\"urlTemplate\":\"https:\\\/\\\/888starz.tips\\\/sk\\\/?s={search_term_string}\"},\"query-input\":{\"@type\":\"PropertyValueSpecification\",\"valueRequired\":true,\"valueName\":\"search_term_string\"}}],\"inLanguage\":\"sk-SK\"}]}<\/script>\n<!-- \/ Yoast SEO plugin. -->","yoast_head_json":{"title":"888Starz Promo k\u00f3d 2025 \u2705 N\u00e1rok na 100% bonus!","description":"Chcete zv\u00fd\u0161i\u0165 svoje v\u00fdhry? \ud83d\udd25Odomknite si exkluz\u00edvny promo k\u00f3d 888Starz 2025 a z\u00edskajte mas\u00edvny 100% bonus e\u0161te dnes! Ne\u010dakajte - va\u0161a cesta za jackpotom za\u010d\u00edna pr\u00e1ve teraz!","robots":{"index":"index","follow":"follow","max-snippet":"max-snippet:-1","max-image-preview":"max-image-preview:large","max-video-preview":"max-video-preview:-1"},"og_locale":"sk_SK","og_type":"article","og_title":"888Starz Promo k\u00f3d 2025 \u2705 N\u00e1rok na 100% bonus!","og_description":"Chcete zv\u00fd\u0161i\u0165 svoje v\u00fdhry? \ud83d\udd25Odomknite si exkluz\u00edvny promo k\u00f3d 888Starz 2025 a z\u00edskajte mas\u00edvny 100% bonus e\u0161te dnes! Ne\u010dakajte - va\u0161a cesta za jackpotom za\u010d\u00edna pr\u00e1ve teraz!","og_url":"https:\/\/888starz.tips\/sk\/promo-code\/","og_site_name":"888Starz Tips sk","article_modified_time":"2025-06-25T18:23:54+00:00","twitter_card":"summary_large_image","schema":{"@context":"https:\/\/schema.org","@graph":[{"@type":"WebPage","@id":"https:\/\/888starz.tips\/sk\/promo-code\/","url":"https:\/\/888starz.tips\/sk\/promo-code\/","name":"888Starz Promo k\u00f3d 2025 \u2705 N\u00e1rok na 100% bonus!","isPartOf":{"@id":"https:\/\/888starz.tips\/sk\/#website"},"datePublished":"2025-01-27T13:46:18+00:00","dateModified":"2025-06-25T18:23:54+00:00","description":"Chcete zv\u00fd\u0161i\u0165 svoje v\u00fdhry? \ud83d\udd25Odomknite si exkluz\u00edvny promo k\u00f3d 888Starz 2025 a z\u00edskajte mas\u00edvny 100% bonus e\u0161te dnes! Ne\u010dakajte - va\u0161a cesta za jackpotom za\u010d\u00edna pr\u00e1ve teraz!","breadcrumb":{"@id":"https:\/\/888starz.tips\/sk\/promo-code\/#breadcrumb"},"inLanguage":"sk-SK","potentialAction":[{"@type":"ReadAction","target":["https:\/\/888starz.tips\/sk\/promo-code\/"]}]},{"@type":"BreadcrumbList","@id":"https:\/\/888starz.tips\/sk\/promo-code\/#breadcrumb","itemListElement":[{"@type":"ListItem","position":1,"name":"Home","item":"https:\/\/888starz.tips\/sk\/"},{"@type":"ListItem","position":2,"name":"Propaga\u010dn\u00fd k\u00f3d"}]},{"@type":"WebSite","@id":"https:\/\/888starz.tips\/sk\/#website","url":"https:\/\/888starz.tips\/sk\/","name":"888Starz Tips sk","description":"My WordPress Blog","potentialAction":[{"@type":"SearchAction","target":{"@type":"EntryPoint","urlTemplate":"https:\/\/888starz.tips\/sk\/?s={search_term_string}"},"query-input":{"@type":"PropertyValueSpecification","valueRequired":true,"valueName":"search_term_string"}}],"inLanguage":"sk-SK"}]}},"_links":{"self":[{"href":"https:\/\/888starz.tips\/sk\/wp-json\/wp\/v2\/pages\/451","targetHints":{"allow":["GET"]}}],"collection":[{"href":"https:\/\/888starz.tips\/sk\/wp-json\/wp\/v2\/pages"}],"about":[{"href":"https:\/\/888starz.tips\/sk\/wp-json\/wp\/v2\/types\/page"}],"author":[{"embeddable":true,"href":"https:\/\/888starz.tips\/sk\/wp-json\/wp\/v2\/users\/1"}],"replies":[{"embeddable":true,"href":"https:\/\/888starz.tips\/sk\/wp-json\/wp\/v2\/comments?post=451"}],"version-history":[{"count":7,"href":"https:\/\/888starz.tips\/sk\/wp-json\/wp\/v2\/pages\/451\/revisions"}],"predecessor-version":[{"id":578,"href":"https:\/\/888starz.tips\/sk\/wp-json\/wp\/v2\/pages\/451\/revisions\/578"}],"wp:attachment":[{"href":"https:\/\/888starz.tips\/sk\/wp-json\/wp\/v2\/media?parent=451"}],"curies":[{"name":"wp","href":"https:\/\/api.w.org\/{rel}","templated":true}]}}